{"id":226,"date":"2020-05-17T18:24:01","date_gmt":"2020-05-17T18:24:01","guid":{"rendered":"https:\/\/jquijano.com\/espa%C3%B1a\/?page_id=226"},"modified":"2024-05-17T20:39:25","modified_gmt":"2024-05-18T01:39:25","slug":"derecho-corporativo","status":"publish","type":"page","link":"https:\/\/jquijano.com\/espana\/derecho-corporativo\/","title":{"rendered":"Derecho Corporativo"},"content":{"rendered":"\t\t<div data-elementor-type=\"wp-page\" data-elementor-id=\"226\" class=\"elementor elementor-226\" data-elementor-post-type=\"page\">\n\t\t\t\t\t\t<section class=\"elementor-section elementor-top-section elementor-element elementor-element-fbf5936 elementor-section-full_width elementor-section-content-middle elementor-section-stretched elementor-section-height-default elementor-section-height-default\" data-id=\"fbf5936\" data-element_type=\"section\" data-settings=\"{&quot;animation&quot;:&quot;none&quot;,&quot;stretch_section&quot;:&quot;section-stretched&quot;,&quot;background_background&quot;:&quot;classic&quot;}\">\n\t\t\t\t\t\t\t<div class=\"elementor-background-overlay\"><\/div>\n\t\t\t\t\t\t\t<div class=\"elementor-container elementor-column-gap-default\">\n\t\t\t\t\t<div class=\"elementor-column elementor-col-100 elementor-top-column elementor-element elementor-element-1a485e9\" data-id=\"1a485e9\" data-element_type=\"column\">\n\t\t\t<div class=\"elementor-widget-wrap elementor-element-populated\">\n\t\t\t\t\t\t<section class=\"elementor-section elementor-inner-section elementor-element elementor-element-2e2aa39 elementor-section-boxed elementor-section-height-default elementor-section-height-default\" data-id=\"2e2aa39\" data-element_type=\"section\">\n\t\t\t\t\t\t<div class=\"elementor-container elementor-column-gap-default\">\n\t\t\t\t\t<div class=\"elementor-column elementor-col-50 elementor-inner-column elementor-element elementor-element-6703eea\" data-id=\"6703eea\" data-element_type=\"column\">\n\t\t\t<div class=\"elementor-widget-wrap elementor-element-populated\">\n\t\t\t\t\t\t<div class=\"elementor-element elementor-element-7b6cee6 elementor-widget elementor-widget-heading\" data-id=\"7b6cee6\" data-element_type=\"widget\" data-settings=\"{&quot;_animation&quot;:&quot;none&quot;}\" data-widget_type=\"heading.default\">\n\t\t\t\t<div class=\"elementor-widget-container\">\n\t\t\t\t\t<h3 class=\"elementor-heading-title elementor-size-default\">Derecho Corporativo en Panam\u00e1<\/h3>\t\t\t\t<\/div>\n\t\t\t\t<\/div>\n\t\t\t\t<div class=\"elementor-element elementor-element-cd6167a elementor-widget__width-auto elementor-widget elementor-widget-heading\" data-id=\"cd6167a\" data-element_type=\"widget\" data-settings=\"{&quot;_animation&quot;:&quot;none&quot;,&quot;_animation_tablet&quot;:&quot;none&quot;,&quot;_animation_delay&quot;:200}\" data-widget_type=\"heading.default\">\n\t\t\t\t<div class=\"elementor-widget-container\">\n\t\t\t\t\t<h1 class=\"elementor-heading-title elementor-size-default\">Derecho Corporativo<\/h1>\t\t\t\t<\/div>\n\t\t\t\t<\/div>\n\t\t\t\t\t<\/div>\n\t\t<\/div>\n\t\t\t\t<div class=\"elementor-column elementor-col-50 elementor-inner-column elementor-element elementor-element-33bda4c\" data-id=\"33bda4c\" data-element_type=\"column\">\n\t\t\t<div class=\"elementor-widget-wrap\">\n\t\t\t\t\t\t\t<\/div>\n\t\t<\/div>\n\t\t\t\t\t<\/div>\n\t\t<\/section>\n\t\t\t\t\t<\/div>\n\t\t<\/div>\n\t\t\t\t\t<\/div>\n\t\t<\/section>\n\t\t\t\t<section class=\"elementor-section elementor-top-section elementor-element elementor-element-ca994b2 elementor-section-boxed elementor-section-height-default elementor-section-height-default\" data-id=\"ca994b2\" data-element_type=\"section\">\n\t\t\t\t\t\t<div class=\"elementor-container elementor-column-gap-default\">\n\t\t\t\t\t<div class=\"elementor-column elementor-col-50 elementor-top-column elementor-element elementor-element-49955bd\" data-id=\"49955bd\" data-element_type=\"column\">\n\t\t\t<div class=\"elementor-widget-wrap elementor-element-populated\">\n\t\t\t\t\t\t<div class=\"vamtam-has-theme-widget-styles elementor-element elementor-element-5f4361b elementor-widget elementor-widget-image\" data-id=\"5f4361b\" data-element_type=\"widget\" data-widget_type=\"image.default\">\n\t\t\t\t<div class=\"elementor-widget-container\">\n\t\t\t\t\t\t\t\t\t<div class=\"elementor-image\">\n\t\t\t\t\t\t\t\t\t\t\t\t\t\t\t\t\t\t\t\t\t<img fetchpriority=\"high\" decoding=\"async\" width=\"2560\" height=\"1707\" src=\"https:\/\/jquijano.com\/espana\/wp-content\/uploads\/2024\/04\/sign-the-agreement-the-concept-of-legal-procedure-2023-11-27-05-23-58-utc-min-scaled.jpg\" class=\"attachment-full size-full wp-image-990022\" alt=\"\" srcset=\"https:\/\/jquijano.com\/espana\/wp-content\/uploads\/2024\/04\/sign-the-agreement-the-concept-of-legal-procedure-2023-11-27-05-23-58-utc-min-scaled.jpg 2560w, https:\/\/jquijano.com\/espana\/wp-content\/uploads\/2024\/04\/sign-the-agreement-the-concept-of-legal-procedure-2023-11-27-05-23-58-utc-min-300x200.jpg 300w, https:\/\/jquijano.com\/espana\/wp-content\/uploads\/2024\/04\/sign-the-agreement-the-concept-of-legal-procedure-2023-11-27-05-23-58-utc-min-1024x683.jpg 1024w, https:\/\/jquijano.com\/espana\/wp-content\/uploads\/2024\/04\/sign-the-agreement-the-concept-of-legal-procedure-2023-11-27-05-23-58-utc-min-768x512.jpg 768w, https:\/\/jquijano.com\/espana\/wp-content\/uploads\/2024\/04\/sign-the-agreement-the-concept-of-legal-procedure-2023-11-27-05-23-58-utc-min-1536x1024.jpg 1536w, https:\/\/jquijano.com\/espana\/wp-content\/uploads\/2024\/04\/sign-the-agreement-the-concept-of-legal-procedure-2023-11-27-05-23-58-utc-min-2048x1365.jpg 2048w\" sizes=\"(max-width: 2560px) 100vw, 2560px\" title=\"\">\t\t\t\t\t\t\t\t\t\t\t\t\t\t\t\t\t\t\t\t\t\t\t\t<\/div>\n\t\t\t\t\t\t\t\t<\/div>\n\t\t\t\t<\/div>\n\t\t\t\t<div class=\"elementor-element elementor-element-246f420 elementor-widget__width-auto elementor-widget elementor-widget-heading\" data-id=\"246f420\" data-element_type=\"widget\" data-settings=\"{&quot;_animation&quot;:&quot;none&quot;,&quot;_animation_tablet&quot;:&quot;none&quot;,&quot;_animation_delay&quot;:200}\" data-widget_type=\"heading.default\">\n\t\t\t\t<div class=\"elementor-widget-container\">\n\t\t\t\t\t<h2 class=\"elementor-heading-title elementor-size-default\">Servicio de Derecho Corporativo<\/h2>\t\t\t\t<\/div>\n\t\t\t\t<\/div>\n\t\t\t\t<div class=\"elementor-element elementor-element-bb7d1ec elementor-widget elementor-widget-text-editor\" data-id=\"bb7d1ec\" data-element_type=\"widget\" data-settings=\"{&quot;_animation&quot;:&quot;none&quot;,&quot;_animation_delay&quot;:&quot;200&quot;}\" data-widget_type=\"text-editor.default\">\n\t\t\t\t<div class=\"elementor-widget-container\">\n\t\t\t\t\t\t\t\t\t<p>Nuestra firma de abogados ofrece toda la asesor\u00eda requerida en el proceso de constituci\u00f3n y organizaci\u00f3n de Sociedades offshore y Fundaciones de Inter\u00e9s Privado (FIP) offshore utilizadas ampliamente en todo momento mediante estructuras jur\u00eddicas necesarias a fin de llevar a cabo la adecuada planeaci\u00f3n fiscal y patrimonial de nuestros clientes.<\/p><p>Dentro de esta \u00e1rea de pr\u00e1ctica asistimos a nuestros clientes en la adquisici\u00f3n y mantenimiento de sociedades offshore en Panam\u00e1, Islas V\u00edrgenes Brit\u00e1nicas (BVI), Belice, Delaware, Florida y Uruguay con la finalidad de mantener la confidencialidad y protecci\u00f3n de activos requerida en todo momento.<\/p><p>De la misma manera brindamos el soporte requerido en la emisi\u00f3n de mandatos o poderes especiales y generales, confecci\u00f3n de actas de junta directivas o de accionistas, aumento de capital social, disoluciones, y dem\u00e1s gestiones relacionadas con el gobierno corporativo de dichas estructuras.<\/p>\t\t\t\t\t\t\t\t<\/div>\n\t\t\t\t<\/div>\n\t\t\t\t\t<\/div>\n\t\t<\/div>\n\t\t\t\t<div class=\"elementor-column elementor-col-50 elementor-top-column elementor-element elementor-element-8b90e86\" data-id=\"8b90e86\" data-element_type=\"column\">\n\t\t\t<div class=\"elementor-widget-wrap elementor-element-populated\">\n\t\t\t\t\t\t<section class=\"elementor-section elementor-inner-section elementor-element elementor-element-6a44f76 elementor-section-boxed elementor-section-height-default elementor-section-height-default\" data-id=\"6a44f76\" data-element_type=\"section\" data-settings=\"{&quot;background_background&quot;:&quot;classic&quot;}\">\n\t\t\t\t\t\t<div class=\"elementor-container elementor-column-gap-default\">\n\t\t\t\t\t<div class=\"elementor-column elementor-col-100 elementor-inner-column elementor-element elementor-element-15dfc5e\" data-id=\"15dfc5e\" data-element_type=\"column\">\n\t\t\t<div class=\"elementor-widget-wrap elementor-element-populated\">\n\t\t\t\t\t\t<div class=\"elementor-element elementor-element-938a95d elementor-widget elementor-widget-heading\" data-id=\"938a95d\" data-element_type=\"widget\" data-widget_type=\"heading.default\">\n\t\t\t\t<div class=\"elementor-widget-container\">\n\t\t\t\t\t<h3 class=\"elementor-heading-title elementor-size-default\">Consulte con nosotros<\/h3>\t\t\t\t<\/div>\n\t\t\t\t<\/div>\n\t\t\t\t<div class=\"elementor-element elementor-element-cc9cfc9 elementor-widget-divider--view-line elementor-widget elementor-widget-divider\" data-id=\"cc9cfc9\" data-element_type=\"widget\" data-widget_type=\"divider.default\">\n\t\t\t\t<div class=\"elementor-widget-container\">\n\t\t\t\t\t\t\t<div class=\"elementor-divider\">\n\t\t\t<span class=\"elementor-divider-separator\">\n\t\t\t\t\t\t<\/span>\n\t\t<\/div>\n\t\t\t\t\t\t<\/div>\n\t\t\t\t<\/div>\n\t\t\t\t<div class=\"elementor-element elementor-element-c2c5e35 elementor-widget elementor-widget-html\" data-id=\"c2c5e35\" data-element_type=\"widget\" data-widget_type=\"html.default\">\n\t\t\t\t<div class=\"elementor-widget-container\">\n\t\t\t\t\t<script charset=\"utf-8\" type=\"text\/javascript\" src=\"\/\/js.hsforms.net\/forms\/embed\/v2.js\"><\/script>\n<script>\n  hbspt.forms.create({\n    region: \"na1\",\n    portalId: \"23533289\",\n    formId: \"766b90b3-4093-49f5-839a-c27edeca6ae1\"\n  });\n<\/script>\t\t\t\t<\/div>\n\t\t\t\t<\/div>\n\t\t\t\t\t<\/div>\n\t\t<\/div>\n\t\t\t\t\t<\/div>\n\t\t<\/section>\n\t\t\t\t\t<\/div>\n\t\t<\/div>\n\t\t\t\t\t<\/div>\n\t\t<\/section>\n\t\t\t\t<\/div>\n\t\t","protected":false},"excerpt":{"rendered":"<p>Derecho Corporativo en Panam\u00e1 Derecho Corporativo Servicio de Derecho Corporativo Nuestra firma de abogados ofrece toda la asesor\u00eda requerida en el proceso de constituci\u00f3n y organizaci\u00f3n de Sociedades offshore y Fundaciones de Inter\u00e9s Privado (FIP) offshore utilizadas ampliamente en todo momento mediante estructuras jur\u00eddicas necesarias a fin de llevar a cabo la adecuada planeaci\u00f3n fiscal&#8230;<\/p>\n","protected":false},"author":1,"featured_media":0,"parent":0,"menu_order":0,"comment_status":"closed","ping_status":"closed","template":"","meta":{"content-type":"","footnotes":""},"class_list":["post-226","page","type-page","status-publish","hentry"],"_links":{"self":[{"href":"https:\/\/jquijano.com\/espana\/wp-json\/wp\/v2\/pages\/226","targetHints":{"allow":["GET"]}}],"collection":[{"href":"https:\/\/jquijano.com\/espana\/wp-json\/wp\/v2\/pages"}],"about":[{"href":"https:\/\/jquijano.com\/espana\/wp-json\/wp\/v2\/types\/page"}],"author":[{"embeddable":true,"href":"https:\/\/jquijano.com\/espana\/wp-json\/wp\/v2\/users\/1"}],"replies":[{"embeddable":true,"href":"https:\/\/jquijano.com\/espana\/wp-json\/wp\/v2\/comments?post=226"}],"version-history":[{"count":45,"href":"https:\/\/jquijano.com\/espana\/wp-json\/wp\/v2\/pages\/226\/revisions"}],"predecessor-version":[{"id":992651,"href":"https:\/\/jquijano.com\/espana\/wp-json\/wp\/v2\/pages\/226\/revisions\/992651"}],"wp:attachment":[{"href":"https:\/\/jquijano.com\/espana\/wp-json\/wp\/v2\/media?parent=226"}],"curies":[{"name":"wp","href":"https:\/\/api.w.org\/{rel}","templated":true}]}}