{"id":4035,"date":"2022-08-10T18:50:54","date_gmt":"2022-08-10T23:50:54","guid":{"rendered":"https:\/\/jquijano.com\/espa%C3%B1a\/?page_id=4035"},"modified":"2025-02-06T18:08:20","modified_gmt":"2025-02-06T23:08:20","slug":"jorge-quijano","status":"publish","type":"page","link":"https:\/\/jquijano.com\/espana\/jorge-quijano\/","title":{"rendered":"Jorge Quijano"},"content":{"rendered":"\t\t<div data-elementor-type=\"wp-page\" data-elementor-id=\"4035\" class=\"elementor elementor-4035\" data-elementor-post-type=\"page\">\n\t\t\t\t\t\t<section class=\"elementor-section elementor-top-section elementor-element elementor-element-4a1ad7a elementor-section-boxed elementor-section-height-default elementor-section-height-default\" data-id=\"4a1ad7a\" data-element_type=\"section\" data-settings=\"{&quot;background_background&quot;:&quot;classic&quot;}\">\n\t\t\t\t\t\t\t<div class=\"elementor-background-overlay\"><\/div>\n\t\t\t\t\t\t\t<div class=\"elementor-container elementor-column-gap-default\">\n\t\t\t\t\t<div class=\"elementor-column elementor-col-50 elementor-top-column elementor-element elementor-element-fa9b03b\" data-id=\"fa9b03b\" data-element_type=\"column\" data-settings=\"{&quot;background_background&quot;:&quot;classic&quot;}\">\n\t\t\t<div class=\"elementor-widget-wrap elementor-element-populated\">\n\t\t\t\t\t\t<div class=\"elementor-element elementor-element-22b6c7b elementor-widget elementor-widget-heading\" data-id=\"22b6c7b\" data-element_type=\"widget\" data-widget_type=\"heading.default\">\n\t\t\t\t<div class=\"elementor-widget-container\">\n\t\t\t\t\t<h2 class=\"elementor-heading-title elementor-size-large\">Jorge A. Quijano R.<\/h2>\t\t\t\t<\/div>\n\t\t\t\t<\/div>\n\t\t\t\t<div class=\"elementor-element elementor-element-950a099 elementor-widget elementor-widget-heading\" data-id=\"950a099\" data-element_type=\"widget\" data-widget_type=\"heading.default\">\n\t\t\t\t<div class=\"elementor-widget-container\">\n\t\t\t\t\t<h3 class=\"elementor-heading-title elementor-size-default\">SOCIO FUNDADOR<\/h3>\t\t\t\t<\/div>\n\t\t\t\t<\/div>\n\t\t\t\t<div class=\"vamtam-has-theme-widget-styles elementor-element elementor-element-73f32f9 elementor-widget elementor-widget-image\" data-id=\"73f32f9\" data-element_type=\"widget\" data-widget_type=\"image.default\">\n\t\t\t\t<div class=\"elementor-widget-container\">\n\t\t\t\t\t\t\t\t\t<div class=\"elementor-image\">\n\t\t\t\t\t\t\t\t\t\t\t\t\t\t\t\t\t\t\t\t\t<img fetchpriority=\"high\" decoding=\"async\" width=\"300\" height=\"300\" src=\"https:\/\/jquijano.com\/espana\/wp-content\/uploads\/2022\/08\/jorge-quijano-300x300.jpg\" class=\"attachment-medium size-medium wp-image-4960\" alt=\"jorge quijano\" srcset=\"https:\/\/jquijano.com\/espana\/wp-content\/uploads\/2022\/08\/jorge-quijano-300x300.jpg 300w, https:\/\/jquijano.com\/espana\/wp-content\/uploads\/2022\/08\/jorge-quijano-150x150.jpg 150w, https:\/\/jquijano.com\/espana\/wp-content\/uploads\/2022\/08\/jorge-quijano-768x768.jpg 768w, https:\/\/jquijano.com\/espana\/wp-content\/uploads\/2022\/08\/jorge-quijano.jpg 1000w\" sizes=\"(max-width: 300px) 100vw, 300px\" title=\"\">\t\t\t\t\t\t\t\t\t\t\t\t\t\t\t\t\t\t\t\t\t\t\t\t<\/div>\n\t\t\t\t\t\t\t\t<\/div>\n\t\t\t\t<\/div>\n\t\t\t\t<div class=\"elementor-element elementor-element-0a59d7d elementor-icon-list--layout-inline elementor-align-center elementor-list-item-link-full_width elementor-widget elementor-widget-icon-list\" data-id=\"0a59d7d\" data-element_type=\"widget\" data-widget_type=\"icon-list.default\">\n\t\t\t\t<div class=\"elementor-widget-container\">\n\t\t\t\t\t\t\t<ul class=\"elementor-icon-list-items elementor-inline-items\">\n\t\t\t\t\t\t\t<li class=\"elementor-icon-list-item elementor-inline-item\">\n\t\t\t\t\t\t\t\t\t\t\t<a href=\"mailto:jorge@jquijano.com\">\n\n\t\t\t\t\t\t\t\t\t\t\t\t<span class=\"elementor-icon-list-icon\">\n\t\t\t\t\t\t\t<i aria-hidden=\"true\" class=\"fas fa-envelope\"><\/i>\t\t\t\t\t\t<\/span>\n\t\t\t\t\t\t\t\t\t\t<span class=\"elementor-icon-list-text\">jorge@jquijano.com<\/span>\n\t\t\t\t\t\t\t\t\t\t\t<\/a>\n\t\t\t\t\t\t\t\t\t<\/li>\n\t\t\t\t\t\t<\/ul>\n\t\t\t\t\t\t<\/div>\n\t\t\t\t<\/div>\n\t\t\t\t\t<\/div>\n\t\t<\/div>\n\t\t\t\t<div class=\"elementor-column elementor-col-50 elementor-top-column elementor-element elementor-element-80879e4\" data-id=\"80879e4\" data-element_type=\"column\" data-settings=\"{&quot;background_background&quot;:&quot;classic&quot;}\">\n\t\t\t<div class=\"elementor-widget-wrap elementor-element-populated\">\n\t\t\t\t\t\t<div class=\"elementor-element elementor-element-60ec2ee elementor-widget elementor-widget-text-editor\" data-id=\"60ec2ee\" data-element_type=\"widget\" data-widget_type=\"text-editor.default\">\n\t\t\t\t<div class=\"elementor-widget-container\">\n\t\t\t\t\t\t\t\t\t<h3>\u00c1reas de Pr\u00e1ctica<\/h3><p>Corporativa, Laboral, Empresaria, Migratoria y Mar\u00edtima<\/p>\t\t\t\t\t\t\t\t<\/div>\n\t\t\t\t<\/div>\n\t\t\t\t<div class=\"elementor-element elementor-element-19e9394 elementor-widget elementor-widget-text-editor\" data-id=\"19e9394\" data-element_type=\"widget\" data-widget_type=\"text-editor.default\">\n\t\t\t\t<div class=\"elementor-widget-container\">\n\t\t\t\t\t\t\t\t\t<p style=\"text-align: justify;\">Ha representado a clientes en transacciones comerciales y mar\u00edtimas a nivel internacional y regional.<\/p>\n<p style=\"text-align: justify;\">Su pr\u00e1ctica incluye la estructuraci\u00f3n de veh\u00edculos jur\u00eddicos a fin de lograr una \u00f3ptima planificaci\u00f3n tributaria y patrimonial de activos.<\/p>\n<p style=\"text-align: justify;\">Ha servido como \u00e1rbitro en controversias mar\u00edtimas y est\u00e1 certificado como Instructor de Derecho Mar\u00edtimo Paname\u00f1o en diversos centros de entrenamientos en la ciudad de Manila, Filipinas.<\/p>\n<p style=\"text-align: justify;\">Adicionalmente, ha asesorado Centros de Colocaci\u00f3n de Marinos, Centros de Formaci\u00f3n Mar\u00edtima, Sociedades Clasificadoras y Armadores ante la Autoridad Mar\u00edtima de Panam\u00e1.<\/p>\t\t\t\t\t\t\t\t<\/div>\n\t\t\t\t<\/div>\n\t\t\t\t\t<\/div>\n\t\t<\/div>\n\t\t\t\t\t<\/div>\n\t\t<\/section>\n\t\t\t\t<section class=\"elementor-section elementor-top-section elementor-element elementor-element-3a8949b elementor-hidden-tablet elementor-hidden-mobile elementor-section-boxed elementor-section-height-default elementor-section-height-default\" data-id=\"3a8949b\" data-element_type=\"section\">\n\t\t\t\t\t\t<div class=\"elementor-container elementor-column-gap-default\">\n\t\t\t\t\t<div class=\"elementor-column elementor-col-100 elementor-top-column elementor-element elementor-element-8d229c1\" data-id=\"8d229c1\" data-element_type=\"column\">\n\t\t\t<div class=\"elementor-widget-wrap elementor-element-populated\">\n\t\t\t\t\t\t<div class=\"elementor-element elementor-element-17ee916 elementor-widget elementor-widget-elementskit-simple-tab\" data-id=\"17ee916\" data-element_type=\"widget\" data-widget_type=\"elementskit-simple-tab.default\">\n\t\t\t\t<div class=\"elementor-widget-container\">\n\t\t\t\t\t<div class=\"ekit-wid-con\" >        <div class=\"elementkit-tab-wraper  \">\n            <ul class=\"nav nav-tabs elementkit-tab-nav  elementskit-fullwidth-tab\">\n                                    <li class=\"elementkit-nav-item elementor-repeater-item-6de514f\">\n                        <a class=\"elementkit-nav-link  active show bottom-pos\" id=\"content-6de514f69ec456c51092-tab\" data-ekit-handler-id=\"educaci-n\" data-ekit-toggle=\"tab\" data-target=\"#content-6de514f69ec456c51092\" href=\"#Content-6de514f69ec456c51092\"\n                            data-ekit-toggle-trigger=\"click\"\n                            aria-describedby=\"Content-6de514f69ec456c51092\">\n                            <span class=\" elementskit-tab-icon\"><\/span>                            <span class=\"elementskit-tab-title\"> EDUCACI\u00d3N<\/span>\n                        <\/a>\n                    <\/li>\n                                        <li class=\"elementkit-nav-item elementor-repeater-item-2a8daaa\">\n                        <a class=\"elementkit-nav-link  bottom-pos\" id=\"content-2a8daaa69ec456c51092-tab\" data-ekit-handler-id=\"membres-as\" data-ekit-toggle=\"tab\" data-target=\"#content-2a8daaa69ec456c51092\" href=\"#Content-2a8daaa69ec456c51092\"\n                            data-ekit-toggle-trigger=\"click\"\n                            aria-describedby=\"Content-2a8daaa69ec456c51092\">\n                            <span class=\" elementskit-tab-icon\"><\/span>                            <span class=\"elementskit-tab-title\"> MEMBRES\u00cdAS<\/span>\n                        <\/a>\n                    <\/li>\n                                        <li class=\"elementkit-nav-item elementor-repeater-item-167b8ea\">\n                        <a class=\"elementkit-nav-link  bottom-pos\" id=\"content-167b8ea69ec456c51092-tab\" data-ekit-handler-id=\"licencias\" data-ekit-toggle=\"tab\" data-target=\"#content-167b8ea69ec456c51092\" href=\"#Content-167b8ea69ec456c51092\"\n                            data-ekit-toggle-trigger=\"click\"\n                            aria-describedby=\"Content-167b8ea69ec456c51092\">\n                            <span class=\" elementskit-tab-icon\"><\/span>                            <span class=\"elementskit-tab-title\"> LICENCIAS<\/span>\n                        <\/a>\n                    <\/li>\n                                        <li class=\"elementkit-nav-item elementor-repeater-item-c08f1fa\">\n                        <a class=\"elementkit-nav-link  bottom-pos\" id=\"content-c08f1fa69ec456c51092-tab\" data-ekit-handler-id=\"publicaciones\" data-ekit-toggle=\"tab\" data-target=\"#content-c08f1fa69ec456c51092\" href=\"#Content-c08f1fa69ec456c51092\"\n                            data-ekit-toggle-trigger=\"click\"\n                            aria-describedby=\"Content-c08f1fa69ec456c51092\">\n                            <span class=\" elementskit-tab-icon\"><\/span>                            <span class=\"elementskit-tab-title\"> PUBLICACIONES<\/span>\n                        <\/a>\n                    <\/li>\n                                        <li class=\"elementkit-nav-item elementor-repeater-item-cf30421\">\n                        <a class=\"elementkit-nav-link  bottom-pos\" id=\"content-cf3042169ec456c51092-tab\" data-ekit-handler-id=\"idiomas\" data-ekit-toggle=\"tab\" data-target=\"#content-cf3042169ec456c51092\" href=\"#Content-cf3042169ec456c51092\"\n                            data-ekit-toggle-trigger=\"click\"\n                            aria-describedby=\"Content-cf3042169ec456c51092\">\n                                                        <span class=\"elementskit-tab-title\"> IDIOMAS<\/span>\n                        <\/a>\n                    <\/li>\n                                <\/ul>\n\n            <div class=\"tab-content elementkit-tab-content\">\n                                    <div class=\"tab-pane elementkit-tab-pane elementor-repeater-item-6de514f  active show\" id=\"content-6de514f69ec456c51092\" role=\"tabpanel\"\n                         aria-labelledby=\"content-6de514f69ec456c51092-tab\">\n                        <div class=\"animated fadeIn\">\n                            Universidad Santa Mar\u00eda La Antigua, Licenciatura en Derecho y Ciencias Pol\u00edticas, 2001.\n<br><br>\nCardiff University, Gales, Reino Unido, Maestr\u00eda en Derecho Mar\u00edtimo, 2002.\n<br><br>\n\nUniversidad de Panam\u00e1. Maestr\u00eda en Derecho del Trabajo, 2007                        <\/div>\n                    <\/div>\n                                    <div class=\"tab-pane elementkit-tab-pane elementor-repeater-item-2a8daaa \" id=\"content-2a8daaa69ec456c51092\" role=\"tabpanel\"\n                         aria-labelledby=\"content-2a8daaa69ec456c51092-tab\">\n                        <div class=\"animated fadeIn\">\n                            Colegio Nacional de Abogados\n<br><br>\nAsociaci\u00f3n Paname\u00f1a de Derecho Mar\u00edtimo\n<br><br>\n\nShip Arrested\n<br><br>\n\nC\u00e1mara Oficial de Comercio de Espa\u00f1a en Panam\u00e1\u00a0                        <\/div>\n                    <\/div>\n                                    <div class=\"tab-pane elementkit-tab-pane elementor-repeater-item-167b8ea \" id=\"content-167b8ea69ec456c51092\" role=\"tabpanel\"\n                         aria-labelledby=\"content-167b8ea69ec456c51092-tab\">\n                        <div class=\"animated fadeIn\">\n                            <p>Instructor de Derecho Mar\u00edtimo en Panam\u00e1, Direcci\u00f3n General de Gente de Mar de la Autoridad Mar\u00edtima de Panam\u00e1, 2006<\/p><p>Traductor P\u00fablico Autorizado, Ministerio de Educaci\u00f3n, 2001<\/p><p>Licencia de Corredor de Bienes Ra\u00edces, Ministerio de Comercio e Industrias, 2008<\/p>                        <\/div>\n                    <\/div>\n                                    <div class=\"tab-pane elementkit-tab-pane elementor-repeater-item-c08f1fa \" id=\"content-c08f1fa69ec456c51092\" role=\"tabpanel\"\n                         aria-labelledby=\"content-c08f1fa69ec456c51092-tab\">\n                        <div class=\"animated fadeIn\">\n                            <p>\u00ab<b>El nuevo r\u00e9gimen jur\u00eddico de empresas multinacionales en Panam\u00e1 y su impacto en las relaciones laborales<\/b>\u201d Universidad de Panam\u00e1. Facultad de Derecho y Ciencias Pol\u00edticas. Diciembre 2023. Panam\u00e1.<br \/><br \/><br \/><\/p><p>\u201c<b>Maritime Injunctions: An Alternative to Ship Arrest in Panama<\/b>.\u201d\u00a0The Arrest News, Ship Arrested, Julio 2021. Malaga, Espa\u00f1a.<br \/><br \/><br \/><\/p><p>\u201c<b>La suspensi\u00f3n de los efectos de los contratos de trabajo y sus implicaciones<\/b>\u201d Revista Mundo Social.\u00a0Febrero 2021.<br \/><br \/><br \/><\/p><p>\u201c<b>Frequently Asked Questions on Ship Arrest<\/b>\u201d Paradigm Magazine (Primerus). 2019, EE. UU.<br \/><br \/><br \/><\/p><p>\u201c<b>Raising the Flag for Ship Efficiency<\/b>\u201d Ship Efficiency Review Magazine. Marzo 2016, Reino Unido.<br \/><br \/><br \/><\/p><p>\u201c<b>International Insurance Law and Regulation<\/b>\u201d Center for International Legal Studies. Salzburgo, Austria. Septiembre 2012.<br \/><br \/><br \/><\/p><p>\u201c<b>New Headquarters of Multinational Companies Law in Panama<\/b>\u201d Inter-Pacific Association (IPBA) Journal. September 2010.<\/p><p><br \/><br \/><\/p><p>\u201c<b>Labour and Employee Benefits Handbook (Panama) 2010\/2011<\/b>\u201d Revista Practical Law Company (PLC), Reino Unido.<\/p>                        <\/div>\n                    <\/div>\n                                    <div class=\"tab-pane elementkit-tab-pane elementor-repeater-item-cf30421 \" id=\"content-cf3042169ec456c51092\" role=\"tabpanel\"\n                         aria-labelledby=\"content-cf3042169ec456c51092-tab\">\n                        <div class=\"animated fadeIn\">\n                            <p>Ingl\u00e9s y Espa\u00f1ol<\/p>                        <\/div>\n                    <\/div>\n                                \n            <\/div>\n                    <\/div>\n    <\/div>\t\t\t\t<\/div>\n\t\t\t\t<\/div>\n\t\t\t\t\t<\/div>\n\t\t<\/div>\n\t\t\t\t\t<\/div>\n\t\t<\/section>\n\t\t\t\t<section class=\"elementor-section elementor-top-section elementor-element elementor-element-2b34fa9 elementor-hidden-desktop elementor-section-boxed elementor-section-height-default elementor-section-height-default\" data-id=\"2b34fa9\" data-element_type=\"section\">\n\t\t\t\t\t\t<div class=\"elementor-container elementor-column-gap-default\">\n\t\t\t\t\t<div class=\"elementor-column elementor-col-100 elementor-top-column elementor-element elementor-element-ff95c7c\" data-id=\"ff95c7c\" data-element_type=\"column\">\n\t\t\t<div class=\"elementor-widget-wrap elementor-element-populated\">\n\t\t\t\t\t\t<div class=\"elementor-element elementor-element-c297142 elementor-widget elementor-widget-elementskit-simple-tab\" data-id=\"c297142\" data-element_type=\"widget\" data-widget_type=\"elementskit-simple-tab.default\">\n\t\t\t\t<div class=\"elementor-widget-container\">\n\t\t\t\t\t<div class=\"ekit-wid-con\" >        <div class=\"elementkit-tab-wraper vertical  elementskit-fitcontent-tab \">\n            <ul class=\"nav nav-tabs elementkit-tab-nav \">\n                                    <li class=\"elementkit-nav-item elementor-repeater-item-6de514f\">\n                        <a class=\"elementkit-nav-link  active show bottom-pos\" id=\"content-6de514f69ec456c52b83-tab\" data-ekit-handler-id=\"educaci-n\" data-ekit-toggle=\"tab\" data-target=\"#content-6de514f69ec456c52b83\" href=\"#Content-6de514f69ec456c52b83\"\n                            data-ekit-toggle-trigger=\"click\"\n                            aria-describedby=\"Content-6de514f69ec456c52b83\">\n                            <span class=\" elementskit-tab-icon\"><\/span>                            <span class=\"elementskit-tab-title\"> EDUCACI\u00d3N<\/span>\n                        <\/a>\n                    <\/li>\n                                        <li class=\"elementkit-nav-item elementor-repeater-item-2a8daaa\">\n                        <a class=\"elementkit-nav-link  bottom-pos\" id=\"content-2a8daaa69ec456c52b83-tab\" data-ekit-handler-id=\"membres-as\" data-ekit-toggle=\"tab\" data-target=\"#content-2a8daaa69ec456c52b83\" href=\"#Content-2a8daaa69ec456c52b83\"\n                            data-ekit-toggle-trigger=\"click\"\n                            aria-describedby=\"Content-2a8daaa69ec456c52b83\">\n                            <span class=\" elementskit-tab-icon\"><\/span>                            <span class=\"elementskit-tab-title\"> MEMBRES\u00cdAS<\/span>\n                        <\/a>\n                    <\/li>\n                                        <li class=\"elementkit-nav-item elementor-repeater-item-167b8ea\">\n                        <a class=\"elementkit-nav-link  bottom-pos\" id=\"content-167b8ea69ec456c52b83-tab\" data-ekit-handler-id=\"licencias\" data-ekit-toggle=\"tab\" data-target=\"#content-167b8ea69ec456c52b83\" href=\"#Content-167b8ea69ec456c52b83\"\n                            data-ekit-toggle-trigger=\"click\"\n                            aria-describedby=\"Content-167b8ea69ec456c52b83\">\n                            <span class=\" elementskit-tab-icon\"><\/span>                            <span class=\"elementskit-tab-title\"> LICENCIAS<\/span>\n                        <\/a>\n                    <\/li>\n                                        <li class=\"elementkit-nav-item elementor-repeater-item-c08f1fa\">\n                        <a class=\"elementkit-nav-link  bottom-pos\" id=\"content-c08f1fa69ec456c52b83-tab\" data-ekit-handler-id=\"publicaciones\" data-ekit-toggle=\"tab\" data-target=\"#content-c08f1fa69ec456c52b83\" href=\"#Content-c08f1fa69ec456c52b83\"\n                            data-ekit-toggle-trigger=\"click\"\n                            aria-describedby=\"Content-c08f1fa69ec456c52b83\">\n                            <span class=\" elementskit-tab-icon\"><\/span>                            <span class=\"elementskit-tab-title\"> PUBLICACIONES<\/span>\n                        <\/a>\n                    <\/li>\n                                        <li class=\"elementkit-nav-item elementor-repeater-item-cbe448f\">\n                        <a class=\"elementkit-nav-link  bottom-pos\" id=\"content-cbe448f69ec456c52b83-tab\" data-ekit-handler-id=\"idiomas\" data-ekit-toggle=\"tab\" data-target=\"#content-cbe448f69ec456c52b83\" href=\"#Content-cbe448f69ec456c52b83\"\n                            data-ekit-toggle-trigger=\"click\"\n                            aria-describedby=\"Content-cbe448f69ec456c52b83\">\n                            <span class=\" elementskit-tab-icon\"><\/span>                            <span class=\"elementskit-tab-title\"> IDIOMAS<\/span>\n                        <\/a>\n                    <\/li>\n                                <\/ul>\n\n            <div class=\"tab-content elementkit-tab-content\">\n                                    <div class=\"tab-pane elementkit-tab-pane elementor-repeater-item-6de514f  active show\" id=\"content-6de514f69ec456c52b83\" role=\"tabpanel\"\n                         aria-labelledby=\"content-6de514f69ec456c52b83-tab\">\n                        <div class=\"animated fadeIn\">\n                            <p><span style=\"font-family: pandisplay-regular;\">Universidad Santa Mar\u00eda La Antigua, Licenciatura en Derecho y Ciencias Pol\u00edticas, 2001.<\/span><\/p><p><span style=\"font-family: pandisplay-regular;\">Cardiff University, Gales, Reino Unido, Maestr\u00eda en Derecho Mar\u00edtimo, 2002.<\/span><\/p><p><span style=\"font-family: pandisplay-regular;\">Universidad de Panam\u00e1. Maestr\u00eda en Derecho del Trabajo, 2007<\/span><\/p>                        <\/div>\n                    <\/div>\n                                    <div class=\"tab-pane elementkit-tab-pane elementor-repeater-item-2a8daaa \" id=\"content-2a8daaa69ec456c52b83\" role=\"tabpanel\"\n                         aria-labelledby=\"content-2a8daaa69ec456c52b83-tab\">\n                        <div class=\"animated fadeIn\">\n                            <p><span style=\"font-family: pandisplay-regular;\">Colegio Nacional de Abogados<\/span><\/p><p><span style=\"font-family: pandisplay-regular;\">Asociaci\u00f3n Paname\u00f1a de Derecho Mar\u00edtimo<\/span><\/p><p><span style=\"font-family: pandisplay-regular;\">Ship Arrested<\/span><\/p><p><span style=\"font-family: pandisplay-regular;\">C\u00e1mara Oficial de Comercio de Espa\u00f1a en Panam\u00e1\u00a0<\/span><\/p>                        <\/div>\n                    <\/div>\n                                    <div class=\"tab-pane elementkit-tab-pane elementor-repeater-item-167b8ea \" id=\"content-167b8ea69ec456c52b83\" role=\"tabpanel\"\n                         aria-labelledby=\"content-167b8ea69ec456c52b83-tab\">\n                        <div class=\"animated fadeIn\">\n                            <p><span style=\"font-family: pandisplay-regular;\">Instructor de Derecho Mar\u00edtimo en Panam\u00e1, Direcci\u00f3n General de Gente de Mar de la Autoridad Mar\u00edtima de Panam\u00e1, 2006<\/span><\/p><p><span style=\"font-family: pandisplay-regular;\">Traductor P\u00fablico Autorizado, Ministerio de Educaci\u00f3n, 2001<\/span><\/p>                        <\/div>\n                    <\/div>\n                                    <div class=\"tab-pane elementkit-tab-pane elementor-repeater-item-c08f1fa \" id=\"content-c08f1fa69ec456c52b83\" role=\"tabpanel\"\n                         aria-labelledby=\"content-c08f1fa69ec456c52b83-tab\">\n                        <div class=\"animated fadeIn\">\n                            <span style=\"font-family: pandisplay-regular;\">\n<div>\u201c<b>El nuevo r\u00e9gimen jur\u00eddico de empresas multinacionales en Panam\u00e1 y su impacto en las relaciones laborales<\/b>\u201d Universidad de Panam\u00e1. Facultad de Derecho y Ciencias Pol\u00edticas. Diciembre 2023. Panam\u00e1.<\/div>\n<div><\/div>\n<div>\u201c<b>Maritime Injunctions: An Alternative to Ship Arrest in Panama<\/b>.\u201d\u00a0The Arrest News, Ship Arrested, Julio 2021. Malaga, Espa\u00f1a.<\/div>\n<div><\/div>\n<div>\u201c<b>La suspensi\u00f3n de los efectos de los contratos de trabajo y sus implicaciones<\/b>\u201d Revista Mundo Social.\u00a0Febrero 2021.<\/div>\n<div><\/div>\n<div>\n\n\u201c<b>Frequently Asked Questions on Ship Arrest<\/b>\u201d Paradigm Magazine (Primerus). 2019, EE. UU.\n<div>\u201c<b>Raising the Flag for Ship Efficiency<\/b>\u201d Ship Efficiency Review Magazine. Marzo 2016, Reino Unido.<\/div>\n<div><\/div>\n<div>\u201c<b>International Insurance Law and Regulation<\/b>\u201d Center for International Legal Studies. Salzburgo, Austria. Septiembre 2012.<\/div>\n<div><\/div>\n<div>\u201c<b>New Headquarters of Multinational Companies Law in Panama<\/b>\u201d Inter-Pacific Association (IPBA) Journal. September 2010.<\/div>\n\u201c<b>Labour and Employee Benefits Handbook (Panama) 2010\/2011<\/b>\u201d Revista Practical Law Company (PLC), Reino Unido.\n\n<\/div>                        <\/div>\n                    <\/div>\n                                    <div class=\"tab-pane elementkit-tab-pane elementor-repeater-item-cbe448f \" id=\"content-cbe448f69ec456c52b83\" role=\"tabpanel\"\n                         aria-labelledby=\"content-cbe448f69ec456c52b83-tab\">\n                        <div class=\"animated fadeIn\">\n                            <p><span style=\"font-family: pandisplay-regular;\">Ingl\u00e9s y Espa\u00f1ol<\/span><\/p>                        <\/div>\n                    <\/div>\n                                \n            <\/div>\n                    <\/div>\n    <\/div>\t\t\t\t<\/div>\n\t\t\t\t<\/div>\n\t\t\t\t\t<\/div>\n\t\t<\/div>\n\t\t\t\t\t<\/div>\n\t\t<\/section>\n\t\t\t\t<\/div>\n\t\t","protected":false},"excerpt":{"rendered":"<p>Jorge A. Quijano R. SOCIO FUNDADOR jorge@jquijano.com \u00c1reas de Pr\u00e1ctica Corporativa, Laboral, Empresaria, Migratoria y Mar\u00edtima Ha representado a clientes en transacciones comerciales y mar\u00edtimas a nivel internacional y regional. Su pr\u00e1ctica incluye la estructuraci\u00f3n de veh\u00edculos jur\u00eddicos a fin de lograr una \u00f3ptima planificaci\u00f3n tributaria y patrimonial de activos. Ha servido como \u00e1rbitro en&#8230;<\/p>\n","protected":false},"author":1,"featured_media":0,"parent":0,"menu_order":0,"comment_status":"closed","ping_status":"closed","template":"","meta":{"content-type":"","footnotes":""},"class_list":["post-4035","page","type-page","status-publish","hentry"],"_links":{"self":[{"href":"https:\/\/jquijano.com\/espana\/wp-json\/wp\/v2\/pages\/4035","targetHints":{"allow":["GET"]}}],"collection":[{"href":"https:\/\/jquijano.com\/espana\/wp-json\/wp\/v2\/pages"}],"about":[{"href":"https:\/\/jquijano.com\/espana\/wp-json\/wp\/v2\/types\/page"}],"author":[{"embeddable":true,"href":"https:\/\/jquijano.com\/espana\/wp-json\/wp\/v2\/users\/1"}],"replies":[{"embeddable":true,"href":"https:\/\/jquijano.com\/espana\/wp-json\/wp\/v2\/comments?post=4035"}],"version-history":[{"count":199,"href":"https:\/\/jquijano.com\/espana\/wp-json\/wp\/v2\/pages\/4035\/revisions"}],"predecessor-version":[{"id":994976,"href":"https:\/\/jquijano.com\/espana\/wp-json\/wp\/v2\/pages\/4035\/revisions\/994976"}],"wp:attachment":[{"href":"https:\/\/jquijano.com\/espana\/wp-json\/wp\/v2\/media?parent=4035"}],"curies":[{"name":"wp","href":"https:\/\/api.w.org\/{rel}","templated":true}]}}