{"id":449,"date":"2020-05-19T18:54:49","date_gmt":"2020-05-19T18:54:49","guid":{"rendered":"https:\/\/jquijano.com\/espa%C3%B1a\/?page_id=449"},"modified":"2024-05-28T12:24:19","modified_gmt":"2024-05-28T17:24:19","slug":"derecho-maritimo","status":"publish","type":"page","link":"https:\/\/jquijano.com\/espana\/derecho-maritimo\/","title":{"rendered":"Derecho Mar\u00edtimo"},"content":{"rendered":"\t\t<div data-elementor-type=\"wp-page\" data-elementor-id=\"449\" class=\"elementor elementor-449\" data-elementor-post-type=\"page\">\n\t\t\t\t\t\t<section class=\"elementor-section elementor-top-section elementor-element elementor-element-3123ded elementor-section-full_width elementor-section-content-middle elementor-section-stretched elementor-section-height-default elementor-section-height-default\" data-id=\"3123ded\" data-element_type=\"section\" data-settings=\"{&quot;animation&quot;:&quot;none&quot;,&quot;stretch_section&quot;:&quot;section-stretched&quot;,&quot;background_background&quot;:&quot;classic&quot;}\">\n\t\t\t\t\t\t\t<div class=\"elementor-background-overlay\"><\/div>\n\t\t\t\t\t\t\t<div class=\"elementor-container elementor-column-gap-default\">\n\t\t\t\t\t<div class=\"elementor-column elementor-col-100 elementor-top-column elementor-element elementor-element-6be7b28\" data-id=\"6be7b28\" data-element_type=\"column\">\n\t\t\t<div class=\"elementor-widget-wrap elementor-element-populated\">\n\t\t\t\t\t\t<section class=\"elementor-section elementor-inner-section elementor-element elementor-element-5f0ea00 elementor-section-boxed elementor-section-height-default elementor-section-height-default\" data-id=\"5f0ea00\" data-element_type=\"section\">\n\t\t\t\t\t\t<div class=\"elementor-container elementor-column-gap-default\">\n\t\t\t\t\t<div class=\"elementor-column elementor-col-50 elementor-inner-column elementor-element elementor-element-bd3ccd1\" data-id=\"bd3ccd1\" data-element_type=\"column\">\n\t\t\t<div class=\"elementor-widget-wrap elementor-element-populated\">\n\t\t\t\t\t\t<div class=\"elementor-element elementor-element-8790eac elementor-widget elementor-widget-heading\" data-id=\"8790eac\" data-element_type=\"widget\" data-settings=\"{&quot;_animation&quot;:&quot;none&quot;}\" data-widget_type=\"heading.default\">\n\t\t\t\t<div class=\"elementor-widget-container\">\n\t\t\t\t\t<h3 class=\"elementor-heading-title elementor-size-default\">Derecho Mar\u00edtimo en Panam\u00e1<\/h3>\t\t\t\t<\/div>\n\t\t\t\t<\/div>\n\t\t\t\t<div class=\"elementor-element elementor-element-c928d7b elementor-widget__width-auto elementor-widget elementor-widget-heading\" data-id=\"c928d7b\" data-element_type=\"widget\" data-settings=\"{&quot;_animation&quot;:&quot;none&quot;,&quot;_animation_tablet&quot;:&quot;none&quot;,&quot;_animation_delay&quot;:200}\" data-widget_type=\"heading.default\">\n\t\t\t\t<div class=\"elementor-widget-container\">\n\t\t\t\t\t<h1 class=\"elementor-heading-title elementor-size-default\">Derecho Mar\u00edtimo <\/h1>\t\t\t\t<\/div>\n\t\t\t\t<\/div>\n\t\t\t\t\t<\/div>\n\t\t<\/div>\n\t\t\t\t<div class=\"elementor-column elementor-col-50 elementor-inner-column elementor-element elementor-element-d7c40a9\" data-id=\"d7c40a9\" data-element_type=\"column\">\n\t\t\t<div class=\"elementor-widget-wrap\">\n\t\t\t\t\t\t\t<\/div>\n\t\t<\/div>\n\t\t\t\t\t<\/div>\n\t\t<\/section>\n\t\t\t\t\t<\/div>\n\t\t<\/div>\n\t\t\t\t\t<\/div>\n\t\t<\/section>\n\t\t\t\t<section class=\"elementor-section elementor-top-section elementor-element elementor-element-6bff47a elementor-section-boxed elementor-section-height-default elementor-section-height-default\" data-id=\"6bff47a\" data-element_type=\"section\">\n\t\t\t\t\t\t<div class=\"elementor-container elementor-column-gap-default\">\n\t\t\t\t\t<div class=\"elementor-column elementor-col-50 elementor-top-column elementor-element elementor-element-3ecb708\" data-id=\"3ecb708\" data-element_type=\"column\">\n\t\t\t<div class=\"elementor-widget-wrap elementor-element-populated\">\n\t\t\t\t\t\t<div class=\"vamtam-has-theme-widget-styles elementor-element elementor-element-de826f4 elementor-widget elementor-widget-image\" data-id=\"de826f4\" data-element_type=\"widget\" data-widget_type=\"image.default\">\n\t\t\t\t<div class=\"elementor-widget-container\">\n\t\t\t\t\t\t\t\t\t<div class=\"elementor-image\">\n\t\t\t\t\t\t\t\t\t\t\t\t\t\t\t\t\t\t\t\t\t<img fetchpriority=\"high\" decoding=\"async\" width=\"2048\" height=\"1365\" src=\"https:\/\/jquijano.com\/espana\/wp-content\/uploads\/2020\/09\/slide8.jpg\" class=\"attachment-full size-full wp-image-1072\" alt=\"servicio de derecho mar\u00edtimo en Panam\u00e1\" srcset=\"https:\/\/jquijano.com\/espana\/wp-content\/uploads\/2020\/09\/slide8.jpg 2048w, https:\/\/jquijano.com\/espana\/wp-content\/uploads\/2020\/09\/slide8-300x200.jpg 300w, https:\/\/jquijano.com\/espana\/wp-content\/uploads\/2020\/09\/slide8-1024x683.jpg 1024w, https:\/\/jquijano.com\/espana\/wp-content\/uploads\/2020\/09\/slide8-768x512.jpg 768w, https:\/\/jquijano.com\/espana\/wp-content\/uploads\/2020\/09\/slide8-1536x1024.jpg 1536w\" sizes=\"(max-width: 2048px) 100vw, 2048px\" title=\"\">\t\t\t\t\t\t\t\t\t\t\t\t\t\t\t\t\t\t\t\t\t\t\t\t<\/div>\n\t\t\t\t\t\t\t\t<\/div>\n\t\t\t\t<\/div>\n\t\t\t\t<div class=\"elementor-element elementor-element-73ce6ba elementor-widget__width-auto elementor-widget elementor-widget-heading\" data-id=\"73ce6ba\" data-element_type=\"widget\" data-settings=\"{&quot;_animation&quot;:&quot;none&quot;,&quot;_animation_tablet&quot;:&quot;none&quot;,&quot;_animation_delay&quot;:200}\" data-widget_type=\"heading.default\">\n\t\t\t\t<div class=\"elementor-widget-container\">\n\t\t\t\t\t<h2 class=\"elementor-heading-title elementor-size-default\">Derecho Mar\u00edtimo  en Panam\u00e1<\/h2>\t\t\t\t<\/div>\n\t\t\t\t<\/div>\n\t\t\t\t<section class=\"elementor-section elementor-inner-section elementor-element elementor-element-a005773 elementor-section-boxed elementor-section-height-default elementor-section-height-default\" data-id=\"a005773\" data-element_type=\"section\" data-settings=\"{&quot;background_background&quot;:&quot;classic&quot;}\">\n\t\t\t\t\t\t<div class=\"elementor-container elementor-column-gap-default\">\n\t\t\t\t\t<div class=\"elementor-column elementor-col-100 elementor-inner-column elementor-element elementor-element-eb2ac57\" data-id=\"eb2ac57\" data-element_type=\"column\">\n\t\t\t<div class=\"elementor-widget-wrap elementor-element-populated\">\n\t\t\t\t\t\t<div class=\"elementor-element elementor-element-03b6fc9 elementor-widget elementor-widget-heading\" data-id=\"03b6fc9\" data-element_type=\"widget\" data-widget_type=\"heading.default\">\n\t\t\t\t<div class=\"elementor-widget-container\">\n\t\t\t\t\t<h2 class=\"elementor-heading-title elementor-size-default\">J. Quijano asesora a armadores, agencias navieras, bancos, aseguradoras, clubes de protecci\u00f3n e indemnizaci\u00f3n (P &amp; I Clubs), sociedades clasificadoras y una gran diversidad de empresas del sector mar\u00edtimo a nivel mundial. Nuestro asesoramiento dentro de esta \u00e1rea de pr\u00e1ctica alcanza los siguientes servicios:\n\n<\/h2>\t\t\t\t<\/div>\n\t\t\t\t<\/div>\n\t\t\t\t\t<\/div>\n\t\t<\/div>\n\t\t\t\t\t<\/div>\n\t\t<\/section>\n\t\t\t\t<section class=\"elementor-section elementor-inner-section elementor-element elementor-element-f878982 elementor-section-boxed elementor-section-height-default elementor-section-height-default\" data-id=\"f878982\" data-element_type=\"section\">\n\t\t\t\t\t\t<div class=\"elementor-container elementor-column-gap-no\">\n\t\t\t\t\t<div class=\"elementor-column elementor-col-100 elementor-inner-column elementor-element elementor-element-34c4b17\" data-id=\"34c4b17\" data-element_type=\"column\">\n\t\t\t<div class=\"elementor-widget-wrap elementor-element-populated\">\n\t\t\t\t\t\t<div class=\"elementor-element elementor-element-ae86e6c elementor-widget elementor-widget-text-editor\" data-id=\"ae86e6c\" data-element_type=\"widget\" data-widget_type=\"text-editor.default\">\n\t\t\t\t<div class=\"elementor-widget-container\">\n\t\t\t\t\t\t\t\t\t<ul>\n \t<li>Registro de buques<\/li><BR>\n \t<li>Registro de Yates de Placer<\/li><BR>\n \t<li>Renovaci\u00f3n de patentes de navegaci\u00f3n<\/li><BR>\n \t<li>Certificados Estatuarios<\/li><BR>\n \t<li>Revisi\u00f3n e inscripci\u00f3n de hipotecas navales y sus adendas<\/li><BR>\n \t<li>Elaboraci\u00f3n y Revisi\u00f3n de Contrato de compraventa<\/li><BR>\n \t<li>Elaboraci\u00f3n y revisi\u00f3n de contratos de fletamento por tiempo o casco desnudo<\/li><BR>\n \t<li>Licencias de Operaci\u00f3n ante la Direcci\u00f3n General de Puertos de la Autoridad Mar\u00edtima de Panam\u00e1<\/li><BR>\n \t<li>Licencias de Pesca y gestiones relacionadas ante la Autoridad de Recursos Acu\u00e1ticos de Panam\u00e1<\/li><BR>\n \t<li>Opiniones legales<\/li><BR>\n \t<li>Reconocimiento de Centro de Formaci\u00f3n Mar\u00edtima ante la Direcci\u00f3n General de Gente de Mar de la Autoridad Mar\u00edtima de Panam\u00e1.<\/li><BR>\n \t<li>Reconocimiento de Sociedades Clasificadoras ante la Direcci\u00f3n General de Marina Mercante de la Autoridad Mar\u00edtima de Panam\u00e1.<\/li><BR>\n \t<li>Elaboraci\u00f3n y Presentaci\u00f3n de Recursos de Reconsideraci\u00f3n y Apelaci\u00f3n contra Resoluciones emitidas por la Autoridad Mar\u00edtima de Panam\u00e1<\/li><BR>\n \t<li>Secuestro de Buques y Representaci\u00f3n judicial en Procesos de Ejecuci\u00f3n de Cr\u00e9ditos Mar\u00edtimos privilegiados, Procesos Ordinarios Mar\u00edtimos e interposici\u00f3n de solicitudes de medidas conservatorias o de protecci\u00f3n general.<\/li>\n<\/ul>\t\t\t\t\t\t\t\t<\/div>\n\t\t\t\t<\/div>\n\t\t\t\t\t<\/div>\n\t\t<\/div>\n\t\t\t\t\t<\/div>\n\t\t<\/section>\n\t\t\t\t\t<\/div>\n\t\t<\/div>\n\t\t\t\t<div class=\"elementor-column elementor-col-50 elementor-top-column elementor-element elementor-element-99fdac5\" data-id=\"99fdac5\" data-element_type=\"column\">\n\t\t\t<div class=\"elementor-widget-wrap elementor-element-populated\">\n\t\t\t\t\t\t<section class=\"elementor-section elementor-inner-section elementor-element elementor-element-be6c711 elementor-section-boxed elementor-section-height-default elementor-section-height-default\" data-id=\"be6c711\" data-element_type=\"section\" data-settings=\"{&quot;background_background&quot;:&quot;classic&quot;}\">\n\t\t\t\t\t\t<div class=\"elementor-container elementor-column-gap-default\">\n\t\t\t\t\t<div class=\"elementor-column elementor-col-100 elementor-inner-column elementor-element elementor-element-4f5532d\" data-id=\"4f5532d\" data-element_type=\"column\">\n\t\t\t<div class=\"elementor-widget-wrap elementor-element-populated\">\n\t\t\t\t\t\t<div class=\"elementor-element elementor-element-d204924 elementor-widget elementor-widget-heading\" data-id=\"d204924\" data-element_type=\"widget\" data-widget_type=\"heading.default\">\n\t\t\t\t<div class=\"elementor-widget-container\">\n\t\t\t\t\t<h3 class=\"elementor-heading-title elementor-size-default\">Consulte con nosotros<\/h3>\t\t\t\t<\/div>\n\t\t\t\t<\/div>\n\t\t\t\t<div class=\"elementor-element elementor-element-73e32bd elementor-widget-divider--view-line elementor-widget elementor-widget-divider\" data-id=\"73e32bd\" data-element_type=\"widget\" data-widget_type=\"divider.default\">\n\t\t\t\t<div class=\"elementor-widget-container\">\n\t\t\t\t\t\t\t<div class=\"elementor-divider\">\n\t\t\t<span class=\"elementor-divider-separator\">\n\t\t\t\t\t\t<\/span>\n\t\t<\/div>\n\t\t\t\t\t\t<\/div>\n\t\t\t\t<\/div>\n\t\t\t\t<div class=\"elementor-element elementor-element-c638a1a elementor-widget elementor-widget-html\" data-id=\"c638a1a\" data-element_type=\"widget\" data-widget_type=\"html.default\">\n\t\t\t\t<div class=\"elementor-widget-container\">\n\t\t\t\t\t<script charset=\"utf-8\" type=\"text\/javascript\" src=\"\/\/js.hsforms.net\/forms\/embed\/v2.js\"><\/script>\n<script>\n  hbspt.forms.create({\n    region: \"na1\",\n    portalId: \"23533289\",\n    formId: \"766b90b3-4093-49f5-839a-c27edeca6ae1\"\n  });\n<\/script>\t\t\t\t<\/div>\n\t\t\t\t<\/div>\n\t\t\t\t\t<\/div>\n\t\t<\/div>\n\t\t\t\t\t<\/div>\n\t\t<\/section>\n\t\t\t\t<section class=\"elementor-section elementor-inner-section elementor-element elementor-element-c8a2119 elementor-section-boxed elementor-section-height-default elementor-section-height-default\" data-id=\"c8a2119\" data-element_type=\"section\" data-settings=\"{&quot;background_background&quot;:&quot;classic&quot;}\">\n\t\t\t\t\t\t<div class=\"elementor-container elementor-column-gap-default\">\n\t\t\t\t\t<div class=\"elementor-column elementor-col-100 elementor-inner-column elementor-element elementor-element-4a2362b\" data-id=\"4a2362b\" data-element_type=\"column\">\n\t\t\t<div class=\"elementor-widget-wrap elementor-element-populated\">\n\t\t\t\t\t\t<div class=\"elementor-element elementor-element-1f19c33 elementor-widget elementor-widget-heading\" data-id=\"1f19c33\" data-element_type=\"widget\" data-widget_type=\"heading.default\">\n\t\t\t\t<div class=\"elementor-widget-container\">\n\t\t\t\t\t<h3 class=\"elementor-heading-title elementor-size-default\">Otros Servicios <\/h3>\t\t\t\t<\/div>\n\t\t\t\t<\/div>\n\t\t\t\t<div class=\"elementor-element elementor-element-5793360 elementor-widget-divider--view-line elementor-widget elementor-widget-divider\" data-id=\"5793360\" data-element_type=\"widget\" data-widget_type=\"divider.default\">\n\t\t\t\t<div class=\"elementor-widget-container\">\n\t\t\t\t\t\t\t<div class=\"elementor-divider\">\n\t\t\t<span class=\"elementor-divider-separator\">\n\t\t\t\t\t\t<\/span>\n\t\t<\/div>\n\t\t\t\t\t\t<\/div>\n\t\t\t\t<\/div>\n\t\t\t\t<div class=\"elementor-element elementor-element-6ab8a04 elementor-position-left elementor-vertical-align-middle elementor-position-left elementor-vertical-align-middle elementor-widget elementor-widget-image-box\" data-id=\"6ab8a04\" data-element_type=\"widget\" data-widget_type=\"image-box.default\">\n\t\t\t\t<div class=\"elementor-widget-container\">\n\t\t\t\t\t<div class=\"elementor-image-box-wrapper\"><figure class=\"elementor-image-box-img\"><a href=\"https:\/\/jquijano.com\/espana\/derecho-corporativo\/\" tabindex=\"-1\"><img decoding=\"async\" width=\"600\" height=\"600\" src=\"https:\/\/jquijano.com\/espana\/wp-content\/uploads\/2024\/03\/ICONOS-en-dorado-1.png\" class=\"attachment-full size-full wp-image-989124\" alt=\"\" title=\"\" srcset=\"https:\/\/jquijano.com\/espana\/wp-content\/uploads\/2024\/03\/ICONOS-en-dorado-1.png 600w, https:\/\/jquijano.com\/espana\/wp-content\/uploads\/2024\/03\/ICONOS-en-dorado-1-300x300.png 300w, https:\/\/jquijano.com\/espana\/wp-content\/uploads\/2024\/03\/ICONOS-en-dorado-1-150x150.png 150w\" sizes=\"(max-width: 600px) 100vw, 600px\" \/><\/a><\/figure><div class=\"elementor-image-box-content\"><h3 class=\"elementor-image-box-title\"><a href=\"https:\/\/jquijano.com\/espana\/derecho-corporativo\/\">Derecho Corporativo<\/a><\/h3><\/div><\/div>\t\t\t\t<\/div>\n\t\t\t\t<\/div>\n\t\t\t\t<div class=\"elementor-element elementor-element-8afe636 elementor-position-left elementor-vertical-align-middle elementor-widget elementor-widget-image-box\" data-id=\"8afe636\" data-element_type=\"widget\" data-widget_type=\"image-box.default\">\n\t\t\t\t<div class=\"elementor-widget-container\">\n\t\t\t\t\t<div class=\"elementor-image-box-wrapper\"><figure class=\"elementor-image-box-img\"><a href=\"https:\/\/jquijano.com\/espana\/derecho-tributario\/\" tabindex=\"-1\"><img decoding=\"async\" width=\"600\" height=\"600\" src=\"https:\/\/jquijano.com\/espana\/wp-content\/uploads\/2024\/03\/ICONOS-en-dorado2-1.png\" class=\"attachment-full size-full wp-image-989126\" alt=\"\" title=\"\" srcset=\"https:\/\/jquijano.com\/espana\/wp-content\/uploads\/2024\/03\/ICONOS-en-dorado2-1.png 600w, https:\/\/jquijano.com\/espana\/wp-content\/uploads\/2024\/03\/ICONOS-en-dorado2-1-300x300.png 300w, https:\/\/jquijano.com\/espana\/wp-content\/uploads\/2024\/03\/ICONOS-en-dorado2-1-150x150.png 150w\" sizes=\"(max-width: 600px) 100vw, 600px\" \/><\/a><\/figure><div class=\"elementor-image-box-content\"><h3 class=\"elementor-image-box-title\"><a href=\"https:\/\/jquijano.com\/espana\/derecho-tributario\/\">Derecho Tributario<\/a><\/h3><\/div><\/div>\t\t\t\t<\/div>\n\t\t\t\t<\/div>\n\t\t\t\t<div class=\"elementor-element elementor-element-4331af4 elementor-position-left elementor-vertical-align-middle elementor-widget elementor-widget-image-box\" data-id=\"4331af4\" data-element_type=\"widget\" data-widget_type=\"image-box.default\">\n\t\t\t\t<div class=\"elementor-widget-container\">\n\t\t\t\t\t<div class=\"elementor-image-box-wrapper\"><figure class=\"elementor-image-box-img\"><a href=\"https:\/\/jquijano.com\/espana\/derecho-migratorio\/\" tabindex=\"-1\"><img loading=\"lazy\" decoding=\"async\" width=\"600\" height=\"600\" src=\"https:\/\/jquijano.com\/espana\/wp-content\/uploads\/2024\/03\/ICONOS-en-dorado5-1.png\" class=\"attachment-full size-full wp-image-989129\" alt=\"\" title=\"\" srcset=\"https:\/\/jquijano.com\/espana\/wp-content\/uploads\/2024\/03\/ICONOS-en-dorado5-1.png 600w, https:\/\/jquijano.com\/espana\/wp-content\/uploads\/2024\/03\/ICONOS-en-dorado5-1-300x300.png 300w, https:\/\/jquijano.com\/espana\/wp-content\/uploads\/2024\/03\/ICONOS-en-dorado5-1-150x150.png 150w\" sizes=\"(max-width: 600px) 100vw, 600px\" \/><\/a><\/figure><div class=\"elementor-image-box-content\"><h3 class=\"elementor-image-box-title\"><a href=\"https:\/\/jquijano.com\/espana\/derecho-migratorio\/\">Derecho Migratorio<\/a><\/h3><\/div><\/div>\t\t\t\t<\/div>\n\t\t\t\t<\/div>\n\t\t\t\t<div class=\"elementor-element elementor-element-7faa5d6 elementor-position-left elementor-vertical-align-middle elementor-widget elementor-widget-image-box\" data-id=\"7faa5d6\" data-element_type=\"widget\" data-widget_type=\"image-box.default\">\n\t\t\t\t<div class=\"elementor-widget-container\">\n\t\t\t\t\t<div class=\"elementor-image-box-wrapper\"><figure class=\"elementor-image-box-img\"><a href=\"https:\/\/jquijano.com\/espana\/derecho-maritimo\/\" tabindex=\"-1\"><img loading=\"lazy\" decoding=\"async\" width=\"600\" height=\"600\" src=\"https:\/\/jquijano.com\/espana\/wp-content\/uploads\/2024\/03\/ICONOS-en-dorado4-1.png\" class=\"attachment-full size-full wp-image-989128\" alt=\"\" title=\"\" srcset=\"https:\/\/jquijano.com\/espana\/wp-content\/uploads\/2024\/03\/ICONOS-en-dorado4-1.png 600w, https:\/\/jquijano.com\/espana\/wp-content\/uploads\/2024\/03\/ICONOS-en-dorado4-1-300x300.png 300w, https:\/\/jquijano.com\/espana\/wp-content\/uploads\/2024\/03\/ICONOS-en-dorado4-1-150x150.png 150w\" sizes=\"(max-width: 600px) 100vw, 600px\" \/><\/a><\/figure><div class=\"elementor-image-box-content\"><h3 class=\"elementor-image-box-title\"><a href=\"https:\/\/jquijano.com\/espana\/derecho-maritimo\/\">Derecho Mar\u00edtimo <\/a><\/h3><\/div><\/div>\t\t\t\t<\/div>\n\t\t\t\t<\/div>\n\t\t\t\t<div class=\"elementor-element elementor-element-3e4c500 elementor-position-left elementor-vertical-align-middle elementor-widget elementor-widget-image-box\" data-id=\"3e4c500\" data-element_type=\"widget\" data-widget_type=\"image-box.default\">\n\t\t\t\t<div class=\"elementor-widget-container\">\n\t\t\t\t\t<div class=\"elementor-image-box-wrapper\"><figure class=\"elementor-image-box-img\"><a href=\"https:\/\/jquijano.com\/espana\/derecho-laboral\/\" tabindex=\"-1\"><img loading=\"lazy\" decoding=\"async\" width=\"600\" height=\"600\" src=\"https:\/\/jquijano.com\/espana\/wp-content\/uploads\/2024\/03\/ICONOS-en-dorado3-1.png\" class=\"attachment-full size-full wp-image-989127\" alt=\"\" title=\"\" srcset=\"https:\/\/jquijano.com\/espana\/wp-content\/uploads\/2024\/03\/ICONOS-en-dorado3-1.png 600w, https:\/\/jquijano.com\/espana\/wp-content\/uploads\/2024\/03\/ICONOS-en-dorado3-1-300x300.png 300w, https:\/\/jquijano.com\/espana\/wp-content\/uploads\/2024\/03\/ICONOS-en-dorado3-1-150x150.png 150w\" sizes=\"(max-width: 600px) 100vw, 600px\" \/><\/a><\/figure><div class=\"elementor-image-box-content\"><h3 class=\"elementor-image-box-title\"><a href=\"https:\/\/jquijano.com\/espana\/derecho-laboral\/\">Derecho Laboral<\/a><\/h3><\/div><\/div>\t\t\t\t<\/div>\n\t\t\t\t<\/div>\n\t\t\t\t<div class=\"elementor-element elementor-element-d0e5cb2 elementor-position-left elementor-vertical-align-middle elementor-widget elementor-widget-image-box\" data-id=\"d0e5cb2\" data-element_type=\"widget\" data-widget_type=\"image-box.default\">\n\t\t\t\t<div class=\"elementor-widget-container\">\n\t\t\t\t\t<div class=\"elementor-image-box-wrapper\"><figure class=\"elementor-image-box-img\"><a href=\"https:\/\/jquijano.com\/espana\/propiedad-intelectual\/\" tabindex=\"-1\"><img loading=\"lazy\" decoding=\"async\" width=\"600\" height=\"600\" src=\"https:\/\/jquijano.com\/espana\/wp-content\/uploads\/2024\/03\/ICONOS-en-dorado7-1.png\" class=\"attachment-full size-full wp-image-989131\" alt=\"\" title=\"\" srcset=\"https:\/\/jquijano.com\/espana\/wp-content\/uploads\/2024\/03\/ICONOS-en-dorado7-1.png 600w, https:\/\/jquijano.com\/espana\/wp-content\/uploads\/2024\/03\/ICONOS-en-dorado7-1-300x300.png 300w, https:\/\/jquijano.com\/espana\/wp-content\/uploads\/2024\/03\/ICONOS-en-dorado7-1-150x150.png 150w\" sizes=\"(max-width: 600px) 100vw, 600px\" \/><\/a><\/figure><div class=\"elementor-image-box-content\"><h3 class=\"elementor-image-box-title\"><a href=\"https:\/\/jquijano.com\/espana\/propiedad-intelectual\/\">Propiedad Intelectual<\/a><\/h3><\/div><\/div>\t\t\t\t<\/div>\n\t\t\t\t<\/div>\n\t\t\t\t<div class=\"elementor-element elementor-element-f6fe9e3 elementor-position-left elementor-vertical-align-middle elementor-widget elementor-widget-image-box\" data-id=\"f6fe9e3\" data-element_type=\"widget\" data-widget_type=\"image-box.default\">\n\t\t\t\t<div class=\"elementor-widget-container\">\n\t\t\t\t\t<div class=\"elementor-image-box-wrapper\"><figure class=\"elementor-image-box-img\"><a href=\"https:\/\/jquijano.com\/espana\/bienes-raices\/\" tabindex=\"-1\"><img loading=\"lazy\" decoding=\"async\" width=\"600\" height=\"600\" src=\"https:\/\/jquijano.com\/espana\/wp-content\/uploads\/2024\/03\/ICONOS-en-dorado6-1.png\" class=\"attachment-full size-full wp-image-989130\" alt=\"\" title=\"\" srcset=\"https:\/\/jquijano.com\/espana\/wp-content\/uploads\/2024\/03\/ICONOS-en-dorado6-1.png 600w, https:\/\/jquijano.com\/espana\/wp-content\/uploads\/2024\/03\/ICONOS-en-dorado6-1-300x300.png 300w, https:\/\/jquijano.com\/espana\/wp-content\/uploads\/2024\/03\/ICONOS-en-dorado6-1-150x150.png 150w\" sizes=\"(max-width: 600px) 100vw, 600px\" \/><\/a><\/figure><div class=\"elementor-image-box-content\"><h3 class=\"elementor-image-box-title\"><a href=\"https:\/\/jquijano.com\/espana\/bienes-raices\/\">Bienes Ra\u00edces <\/a><\/h3><\/div><\/div>\t\t\t\t<\/div>\n\t\t\t\t<\/div>\n\t\t\t\t<div class=\"elementor-element elementor-element-e2ef498 elementor-position-left elementor-vertical-align-middle elementor-widget elementor-widget-image-box\" data-id=\"e2ef498\" data-element_type=\"widget\" data-widget_type=\"image-box.default\">\n\t\t\t\t<div class=\"elementor-widget-container\">\n\t\t\t\t\t<div class=\"elementor-image-box-wrapper\"><figure class=\"elementor-image-box-img\"><a href=\"https:\/\/jquijano.com\/espana\/litigio-y-resolucion-de-disputas\/\" tabindex=\"-1\"><img loading=\"lazy\" decoding=\"async\" width=\"600\" height=\"600\" src=\"https:\/\/jquijano.com\/espana\/wp-content\/uploads\/2024\/03\/ICONOS-en-dorado9-1.png\" class=\"attachment-full size-full wp-image-989133\" alt=\"\" title=\"\" srcset=\"https:\/\/jquijano.com\/espana\/wp-content\/uploads\/2024\/03\/ICONOS-en-dorado9-1.png 600w, https:\/\/jquijano.com\/espana\/wp-content\/uploads\/2024\/03\/ICONOS-en-dorado9-1-300x300.png 300w, https:\/\/jquijano.com\/espana\/wp-content\/uploads\/2024\/03\/ICONOS-en-dorado9-1-150x150.png 150w\" sizes=\"(max-width: 600px) 100vw, 600px\" \/><\/a><\/figure><div class=\"elementor-image-box-content\"><h3 class=\"elementor-image-box-title\"><a href=\"https:\/\/jquijano.com\/espana\/litigio-y-resolucion-de-disputas\/\">Litigio y Resoluci\u00f3n de Disputas <\/a><\/h3><\/div><\/div>\t\t\t\t<\/div>\n\t\t\t\t<\/div>\n\t\t\t\t<div class=\"elementor-element elementor-element-84316b2 elementor-position-left elementor-vertical-align-middle elementor-position-top elementor-widget elementor-widget-image-box\" data-id=\"84316b2\" data-element_type=\"widget\" data-widget_type=\"image-box.default\">\n\t\t\t\t<div class=\"elementor-widget-container\">\n\t\t\t\t\t<div class=\"elementor-image-box-wrapper\"><figure class=\"elementor-image-box-img\"><a href=\"https:\/\/jquijano.com\/espana\/registro-sanitario\/\" tabindex=\"-1\"><img loading=\"lazy\" decoding=\"async\" width=\"600\" height=\"600\" src=\"https:\/\/jquijano.com\/espana\/wp-content\/uploads\/2024\/03\/ICONOS-en-dorado8-1.png\" class=\"attachment-full size-full wp-image-989132\" alt=\"\" title=\"\" srcset=\"https:\/\/jquijano.com\/espana\/wp-content\/uploads\/2024\/03\/ICONOS-en-dorado8-1.png 600w, https:\/\/jquijano.com\/espana\/wp-content\/uploads\/2024\/03\/ICONOS-en-dorado8-1-300x300.png 300w, https:\/\/jquijano.com\/espana\/wp-content\/uploads\/2024\/03\/ICONOS-en-dorado8-1-150x150.png 150w\" sizes=\"(max-width: 600px) 100vw, 600px\" \/><\/a><\/figure><div class=\"elementor-image-box-content\"><h3 class=\"elementor-image-box-title\"><a href=\"https:\/\/jquijano.com\/espana\/registro-sanitario\/\">Registro Sanitario <\/a><\/h3><\/div><\/div>\t\t\t\t<\/div>\n\t\t\t\t<\/div>\n\t\t\t\t\t<\/div>\n\t\t<\/div>\n\t\t\t\t\t<\/div>\n\t\t<\/section>\n\t\t\t\t\t<\/div>\n\t\t<\/div>\n\t\t\t\t\t<\/div>\n\t\t<\/section>\n\t\t\t\t<\/div>\n\t\t","protected":false},"excerpt":{"rendered":"<p>Derecho Mar\u00edtimo en Panam\u00e1 Derecho Mar\u00edtimo Derecho Mar\u00edtimo en Panam\u00e1 J. Quijano asesora a armadores, agencias navieras, bancos, aseguradoras, clubes de protecci\u00f3n e indemnizaci\u00f3n (P &#038; I Clubs), sociedades clasificadoras y una gran diversidad de empresas del sector mar\u00edtimo a nivel mundial. Nuestro asesoramiento dentro de esta \u00e1rea de pr\u00e1ctica alcanza los siguientes servicios: Registro&#8230;<\/p>\n","protected":false},"author":1,"featured_media":0,"parent":0,"menu_order":0,"comment_status":"closed","ping_status":"closed","template":"","meta":{"content-type":"","footnotes":""},"class_list":["post-449","page","type-page","status-publish","hentry"],"_links":{"self":[{"href":"https:\/\/jquijano.com\/espana\/wp-json\/wp\/v2\/pages\/449","targetHints":{"allow":["GET"]}}],"collection":[{"href":"https:\/\/jquijano.com\/espana\/wp-json\/wp\/v2\/pages"}],"about":[{"href":"https:\/\/jquijano.com\/espana\/wp-json\/wp\/v2\/types\/page"}],"author":[{"embeddable":true,"href":"https:\/\/jquijano.com\/espana\/wp-json\/wp\/v2\/users\/1"}],"replies":[{"embeddable":true,"href":"https:\/\/jquijano.com\/espana\/wp-json\/wp\/v2\/comments?post=449"}],"version-history":[{"count":28,"href":"https:\/\/jquijano.com\/espana\/wp-json\/wp\/v2\/pages\/449\/revisions"}],"predecessor-version":[{"id":993334,"href":"https:\/\/jquijano.com\/espana\/wp-json\/wp\/v2\/pages\/449\/revisions\/993334"}],"wp:attachment":[{"href":"https:\/\/jquijano.com\/espana\/wp-json\/wp\/v2\/media?parent=449"}],"curies":[{"name":"wp","href":"https:\/\/api.w.org\/{rel}","templated":true}]}}