{"id":4517,"date":"2022-08-11T09:14:21","date_gmt":"2022-08-11T14:14:21","guid":{"rendered":"https:\/\/jquijano.com\/espa%C3%B1a\/?page_id=4517"},"modified":"2024-05-28T20:13:46","modified_gmt":"2024-05-29T01:13:46","slug":"raul-soto","status":"publish","type":"page","link":"https:\/\/jquijano.com\/espana\/raul-soto\/","title":{"rendered":"Ra\u00fal Soto"},"content":{"rendered":"\t\t<div data-elementor-type=\"wp-page\" data-elementor-id=\"4517\" class=\"elementor elementor-4517\" data-elementor-post-type=\"page\">\n\t\t\t\t\t\t<section class=\"elementor-section elementor-top-section elementor-element elementor-element-4a1ad7a elementor-section-content-middle elementor-section-boxed elementor-section-height-default elementor-section-height-default\" data-id=\"4a1ad7a\" data-element_type=\"section\" data-settings=\"{&quot;background_background&quot;:&quot;classic&quot;}\">\n\t\t\t\t\t\t\t<div class=\"elementor-background-overlay\"><\/div>\n\t\t\t\t\t\t\t<div class=\"elementor-container elementor-column-gap-default\">\n\t\t\t\t\t<div class=\"elementor-column elementor-col-50 elementor-top-column elementor-element elementor-element-fa9b03b\" data-id=\"fa9b03b\" data-element_type=\"column\" data-settings=\"{&quot;background_background&quot;:&quot;classic&quot;}\">\n\t\t\t<div class=\"elementor-widget-wrap elementor-element-populated\">\n\t\t\t\t\t\t<div class=\"elementor-element elementor-element-22b6c7b elementor-widget elementor-widget-heading\" data-id=\"22b6c7b\" data-element_type=\"widget\" data-widget_type=\"heading.default\">\n\t\t\t\t<div class=\"elementor-widget-container\">\n\t\t\t\t\t<h2 class=\"elementor-heading-title elementor-size-large\">Ra\u00fal soto<\/h2>\t\t\t\t<\/div>\n\t\t\t\t<\/div>\n\t\t\t\t<div class=\"elementor-element elementor-element-950a099 elementor-widget elementor-widget-heading\" data-id=\"950a099\" data-element_type=\"widget\" data-widget_type=\"heading.default\">\n\t\t\t\t<div class=\"elementor-widget-container\">\n\t\t\t\t\t<h3 class=\"elementor-heading-title elementor-size-default\">Socio<\/h3>\t\t\t\t<\/div>\n\t\t\t\t<\/div>\n\t\t\t\t<div class=\"vamtam-has-theme-widget-styles elementor-element elementor-element-73f32f9 elementor-widget elementor-widget-image\" data-id=\"73f32f9\" data-element_type=\"widget\" data-widget_type=\"image.default\">\n\t\t\t\t<div class=\"elementor-widget-container\">\n\t\t\t\t\t\t\t\t\t<div class=\"elementor-image\">\n\t\t\t\t\t\t\t\t\t\t\t\t\t\t\t\t\t\t\t\t\t<img fetchpriority=\"high\" decoding=\"async\" width=\"300\" height=\"300\" src=\"https:\/\/jquijano.com\/espana\/wp-content\/uploads\/2022\/08\/raul-soto-300x300.jpg\" class=\"attachment-medium size-medium wp-image-4961\" alt=\"raul soto\" srcset=\"https:\/\/jquijano.com\/espana\/wp-content\/uploads\/2022\/08\/raul-soto-300x300.jpg 300w, https:\/\/jquijano.com\/espana\/wp-content\/uploads\/2022\/08\/raul-soto-150x150.jpg 150w, https:\/\/jquijano.com\/espana\/wp-content\/uploads\/2022\/08\/raul-soto-768x768.jpg 768w, https:\/\/jquijano.com\/espana\/wp-content\/uploads\/2022\/08\/raul-soto.jpg 1000w\" sizes=\"(max-width: 300px) 100vw, 300px\" title=\"\">\t\t\t\t\t\t\t\t\t\t\t\t\t\t\t\t\t\t\t\t\t\t\t\t<\/div>\n\t\t\t\t\t\t\t\t<\/div>\n\t\t\t\t<\/div>\n\t\t\t\t<div class=\"elementor-element elementor-element-0a59d7d elementor-icon-list--layout-inline elementor-align-center elementor-list-item-link-full_width elementor-widget elementor-widget-icon-list\" data-id=\"0a59d7d\" data-element_type=\"widget\" data-widget_type=\"icon-list.default\">\n\t\t\t\t<div class=\"elementor-widget-container\">\n\t\t\t\t\t\t\t<ul class=\"elementor-icon-list-items elementor-inline-items\">\n\t\t\t\t\t\t\t<li class=\"elementor-icon-list-item elementor-inline-item\">\n\t\t\t\t\t\t\t\t\t\t\t<span class=\"elementor-icon-list-icon\">\n\t\t\t\t\t\t\t<i aria-hidden=\"true\" class=\"fas fa-envelope\"><\/i>\t\t\t\t\t\t<\/span>\n\t\t\t\t\t\t\t\t\t\t<span class=\"elementor-icon-list-text\">rsoto@jquijano.com<\/span>\n\t\t\t\t\t\t\t\t\t<\/li>\n\t\t\t\t\t\t<\/ul>\n\t\t\t\t\t\t<\/div>\n\t\t\t\t<\/div>\n\t\t\t\t\t<\/div>\n\t\t<\/div>\n\t\t\t\t<div class=\"elementor-column elementor-col-50 elementor-top-column elementor-element elementor-element-80879e4\" data-id=\"80879e4\" data-element_type=\"column\" data-settings=\"{&quot;background_background&quot;:&quot;classic&quot;}\">\n\t\t\t<div class=\"elementor-widget-wrap elementor-element-populated\">\n\t\t\t\t\t\t<div class=\"elementor-element elementor-element-60ec2ee elementor-widget elementor-widget-text-editor\" data-id=\"60ec2ee\" data-element_type=\"widget\" data-widget_type=\"text-editor.default\">\n\t\t\t\t<div class=\"elementor-widget-container\">\n\t\t\t\t\t\t\t\t\t<h3>\u00c1REAS DE PR\u00c1CTICA<\/h3>\n\nCivil, Penal, Familia, Laboral y Procesos Judiciales \t\t\t\t\t\t\t\t<\/div>\n\t\t\t\t<\/div>\n\t\t\t\t<div class=\"elementor-element elementor-element-19e9394 elementor-widget elementor-widget-text-editor\" data-id=\"19e9394\" data-element_type=\"widget\" data-widget_type=\"text-editor.default\">\n\t\t\t\t<div class=\"elementor-widget-container\">\n\t\t\t\t\t\t\t\t\t<p>Mantiene una amplia pr\u00e1ctica en Propiedad Intelectual que abarca el registro de marcas, patentes de invenci\u00f3n y la representaci\u00f3n judicial en juicios de oposici\u00f3n, incluyendo recursos de apelaci\u00f3n ante el Tribunal Superior. <br \/>Asiste a clientes en la revisi\u00f3n exhaustiva de documentos requeridos en los pliegos de cargos de licitaciones p\u00fablicas y reclamos ante el Tribunal Administrativo de Contrataciones P\u00fablicas.<\/p>\t\t\t\t\t\t\t\t<\/div>\n\t\t\t\t<\/div>\n\t\t\t\t\t<\/div>\n\t\t<\/div>\n\t\t\t\t\t<\/div>\n\t\t<\/section>\n\t\t\t\t<section class=\"elementor-section elementor-top-section elementor-element elementor-element-a328298 elementor-section-boxed elementor-section-height-default elementor-section-height-default\" data-id=\"a328298\" data-element_type=\"section\">\n\t\t\t\t\t\t<div class=\"elementor-container elementor-column-gap-default\">\n\t\t\t\t\t<div class=\"elementor-column elementor-col-100 elementor-top-column elementor-element elementor-element-307ff61\" data-id=\"307ff61\" data-element_type=\"column\">\n\t\t\t<div class=\"elementor-widget-wrap elementor-element-populated\">\n\t\t\t\t\t\t<div class=\"elementor-element elementor-element-d91f3e9 elementor-widget elementor-widget-elementskit-simple-tab\" data-id=\"d91f3e9\" data-element_type=\"widget\" data-widget_type=\"elementskit-simple-tab.default\">\n\t\t\t\t<div class=\"elementor-widget-container\">\n\t\t\t\t\t<div class=\"ekit-wid-con\" >        <div class=\"elementkit-tab-wraper  \">\n            <ul class=\"nav nav-tabs elementkit-tab-nav  elementskit-fullwidth-tab\">\n                                    <li class=\"elementkit-nav-item elementor-repeater-item-6de514f\">\n                        <a class=\"elementkit-nav-link  active show left-pos\" id=\"content-6de514f69ec452b5a657-tab\" data-ekit-handler-id=\"educaci-n\" data-ekit-toggle=\"tab\" data-target=\"#content-6de514f69ec452b5a657\" href=\"#Content-6de514f69ec452b5a657\"\n                            data-ekit-toggle-trigger=\"click\"\n                            aria-describedby=\"Content-6de514f69ec452b5a657\">\n                            <span class=\" elementskit-tab-icon\"><\/span>                            <span class=\"elementskit-tab-title\"> EDUCACI\u00d3N<\/span>\n                        <\/a>\n                    <\/li>\n                                        <li class=\"elementkit-nav-item elementor-repeater-item-2a8daaa\">\n                        <a class=\"elementkit-nav-link  left-pos\" id=\"content-2a8daaa69ec452b5a657-tab\" data-ekit-handler-id=\"asociaciones\" data-ekit-toggle=\"tab\" data-target=\"#content-2a8daaa69ec452b5a657\" href=\"#Content-2a8daaa69ec452b5a657\"\n                            data-ekit-toggle-trigger=\"click\"\n                            aria-describedby=\"Content-2a8daaa69ec452b5a657\">\n                            <span class=\" elementskit-tab-icon\"><\/span>                            <span class=\"elementskit-tab-title\"> ASOCIACIONES<\/span>\n                        <\/a>\n                    <\/li>\n                                        <li class=\"elementkit-nav-item elementor-repeater-item-c08f1fa\">\n                        <a class=\"elementkit-nav-link  left-pos\" id=\"content-c08f1fa69ec452b5a657-tab\" data-ekit-handler-id=\"publicaciones\" data-ekit-toggle=\"tab\" data-target=\"#content-c08f1fa69ec452b5a657\" href=\"#Content-c08f1fa69ec452b5a657\"\n                            data-ekit-toggle-trigger=\"click\"\n                            aria-describedby=\"Content-c08f1fa69ec452b5a657\">\n                            <span class=\" elementskit-tab-icon\"><\/span>                            <span class=\"elementskit-tab-title\"> PUBLICACIONES<\/span>\n                        <\/a>\n                    <\/li>\n                                        <li class=\"elementkit-nav-item elementor-repeater-item-cbe448f\">\n                        <a class=\"elementkit-nav-link  left-pos\" id=\"content-cbe448f69ec452b5a657-tab\" data-ekit-handler-id=\"idiomas\" data-ekit-toggle=\"tab\" data-target=\"#content-cbe448f69ec452b5a657\" href=\"#Content-cbe448f69ec452b5a657\"\n                            data-ekit-toggle-trigger=\"click\"\n                            aria-describedby=\"Content-cbe448f69ec452b5a657\">\n                            <span class=\" elementskit-tab-icon\"><\/span>                            <span class=\"elementskit-tab-title\"> IDIOMAS<\/span>\n                        <\/a>\n                    <\/li>\n                                <\/ul>\n\n            <div class=\"tab-content elementkit-tab-content\">\n                                    <div class=\"tab-pane elementkit-tab-pane elementor-repeater-item-6de514f  active show\" id=\"content-6de514f69ec452b5a657\" role=\"tabpanel\"\n                         aria-labelledby=\"content-6de514f69ec452b5a657-tab\">\n                        <div class=\"animated fadeIn\">\n                            Universidad del Istmo. Postgrado en Mediaci\u00f3n y Conciliaci\u00f3n. 2014\n<br>\n\nUniversidad del Istmo. Licenciatura en Derecho y Ciencias Pol\u00edticas. Diciembre 2008                        <\/div>\n                    <\/div>\n                                    <div class=\"tab-pane elementkit-tab-pane elementor-repeater-item-2a8daaa \" id=\"content-2a8daaa69ec452b5a657\" role=\"tabpanel\"\n                         aria-labelledby=\"content-2a8daaa69ec452b5a657-tab\">\n                        <div class=\"animated fadeIn\">\n                            Colegio Nacional de Abogados\n<br>\nCamara Oficial de Comercio de Espa\u00f1a en Panam\u00e1                        <\/div>\n                    <\/div>\n                                    <div class=\"tab-pane elementkit-tab-pane elementor-repeater-item-c08f1fa \" id=\"content-c08f1fa69ec452b5a657\" role=\"tabpanel\"\n                         aria-labelledby=\"content-c08f1fa69ec452b5a657-tab\">\n                        <div class=\"animated fadeIn\">\n                            Ha colaborado para \u201cDoing Business\u201d en las publicaciones de los a\u00f1os 2012 a 2014                        <\/div>\n                    <\/div>\n                                    <div class=\"tab-pane elementkit-tab-pane elementor-repeater-item-cbe448f \" id=\"content-cbe448f69ec452b5a657\" role=\"tabpanel\"\n                         aria-labelledby=\"content-cbe448f69ec452b5a657-tab\">\n                        <div class=\"animated fadeIn\">\n                            Ingl\u00e9s y Espa\u00f1ol                        <\/div>\n                    <\/div>\n                                \n            <\/div>\n                    <\/div>\n    <\/div>\t\t\t\t<\/div>\n\t\t\t\t<\/div>\n\t\t\t\t\t<\/div>\n\t\t<\/div>\n\t\t\t\t\t<\/div>\n\t\t<\/section>\n\t\t\t\t<\/div>\n\t\t","protected":false},"excerpt":{"rendered":"<p>Ra\u00fal soto Socio rsoto@jquijano.com \u00c1REAS DE PR\u00c1CTICA Civil, Penal, Familia, Laboral y Procesos Judiciales Mantiene una amplia pr\u00e1ctica en Propiedad Intelectual que abarca el registro de marcas, patentes de invenci\u00f3n y la representaci\u00f3n judicial en juicios de oposici\u00f3n, incluyendo recursos de apelaci\u00f3n ante el Tribunal Superior. Asiste a clientes en la revisi\u00f3n exhaustiva de documentos&#8230;<\/p>\n","protected":false},"author":1,"featured_media":0,"parent":0,"menu_order":0,"comment_status":"closed","ping_status":"closed","template":"","meta":{"content-type":"","footnotes":""},"class_list":["post-4517","page","type-page","status-publish","hentry"],"_links":{"self":[{"href":"https:\/\/jquijano.com\/espana\/wp-json\/wp\/v2\/pages\/4517","targetHints":{"allow":["GET"]}}],"collection":[{"href":"https:\/\/jquijano.com\/espana\/wp-json\/wp\/v2\/pages"}],"about":[{"href":"https:\/\/jquijano.com\/espana\/wp-json\/wp\/v2\/types\/page"}],"author":[{"embeddable":true,"href":"https:\/\/jquijano.com\/espana\/wp-json\/wp\/v2\/users\/1"}],"replies":[{"embeddable":true,"href":"https:\/\/jquijano.com\/espana\/wp-json\/wp\/v2\/comments?post=4517"}],"version-history":[{"count":20,"href":"https:\/\/jquijano.com\/espana\/wp-json\/wp\/v2\/pages\/4517\/revisions"}],"predecessor-version":[{"id":993552,"href":"https:\/\/jquijano.com\/espana\/wp-json\/wp\/v2\/pages\/4517\/revisions\/993552"}],"wp:attachment":[{"href":"https:\/\/jquijano.com\/espana\/wp-json\/wp\/v2\/media?parent=4517"}],"curies":[{"name":"wp","href":"https:\/\/api.w.org\/{rel}","templated":true}]}}