{"id":453,"date":"2020-05-19T19:07:50","date_gmt":"2020-05-19T19:07:50","guid":{"rendered":"https:\/\/jquijano.com\/espa%C3%B1a\/?page_id=453"},"modified":"2024-05-28T11:57:57","modified_gmt":"2024-05-28T16:57:57","slug":"propiedad-intelectual","status":"publish","type":"page","link":"https:\/\/jquijano.com\/espana\/propiedad-intelectual\/","title":{"rendered":"Propiedad Intelectual"},"content":{"rendered":"\t\t<div data-elementor-type=\"wp-page\" data-elementor-id=\"453\" class=\"elementor elementor-453\" data-elementor-post-type=\"page\">\n\t\t\t\t\t\t<section class=\"elementor-section elementor-top-section elementor-element elementor-element-7945655 elementor-section-full_width elementor-section-content-middle elementor-section-stretched elementor-section-height-default elementor-section-height-default\" data-id=\"7945655\" data-element_type=\"section\" data-settings=\"{&quot;animation&quot;:&quot;none&quot;,&quot;stretch_section&quot;:&quot;section-stretched&quot;,&quot;background_background&quot;:&quot;classic&quot;}\">\n\t\t\t\t\t\t\t<div class=\"elementor-background-overlay\"><\/div>\n\t\t\t\t\t\t\t<div class=\"elementor-container elementor-column-gap-default\">\n\t\t\t\t\t<div class=\"elementor-column elementor-col-100 elementor-top-column elementor-element elementor-element-003f84e\" data-id=\"003f84e\" data-element_type=\"column\">\n\t\t\t<div class=\"elementor-widget-wrap elementor-element-populated\">\n\t\t\t\t\t\t<section class=\"elementor-section elementor-inner-section elementor-element elementor-element-e381c73 elementor-section-boxed elementor-section-height-default elementor-section-height-default\" data-id=\"e381c73\" data-element_type=\"section\">\n\t\t\t\t\t\t<div class=\"elementor-container elementor-column-gap-default\">\n\t\t\t\t\t<div class=\"elementor-column elementor-col-50 elementor-inner-column elementor-element elementor-element-46e8b74\" data-id=\"46e8b74\" data-element_type=\"column\">\n\t\t\t<div class=\"elementor-widget-wrap elementor-element-populated\">\n\t\t\t\t\t\t<div class=\"elementor-element elementor-element-552c5de elementor-widget elementor-widget-heading\" data-id=\"552c5de\" data-element_type=\"widget\" data-settings=\"{&quot;_animation&quot;:&quot;none&quot;}\" data-widget_type=\"heading.default\">\n\t\t\t\t<div class=\"elementor-widget-container\">\n\t\t\t\t\t<h3 class=\"elementor-heading-title elementor-size-default\">Propiedad Intelectual en Panam\u00e1<\/h3>\t\t\t\t<\/div>\n\t\t\t\t<\/div>\n\t\t\t\t<div class=\"elementor-element elementor-element-e42b05e elementor-widget__width-auto elementor-widget elementor-widget-heading\" data-id=\"e42b05e\" data-element_type=\"widget\" data-settings=\"{&quot;_animation&quot;:&quot;none&quot;,&quot;_animation_tablet&quot;:&quot;none&quot;,&quot;_animation_delay&quot;:200}\" data-widget_type=\"heading.default\">\n\t\t\t\t<div class=\"elementor-widget-container\">\n\t\t\t\t\t<h1 class=\"elementor-heading-title elementor-size-default\">Propiedad Intelectual <\/h1>\t\t\t\t<\/div>\n\t\t\t\t<\/div>\n\t\t\t\t\t<\/div>\n\t\t<\/div>\n\t\t\t\t<div class=\"elementor-column elementor-col-50 elementor-inner-column elementor-element elementor-element-1bef266\" data-id=\"1bef266\" data-element_type=\"column\">\n\t\t\t<div class=\"elementor-widget-wrap\">\n\t\t\t\t\t\t\t<\/div>\n\t\t<\/div>\n\t\t\t\t\t<\/div>\n\t\t<\/section>\n\t\t\t\t\t<\/div>\n\t\t<\/div>\n\t\t\t\t\t<\/div>\n\t\t<\/section>\n\t\t\t\t<section class=\"elementor-section elementor-top-section elementor-element elementor-element-4fe1cc9 elementor-section-boxed elementor-section-height-default elementor-section-height-default\" data-id=\"4fe1cc9\" data-element_type=\"section\">\n\t\t\t\t\t\t<div class=\"elementor-container elementor-column-gap-default\">\n\t\t\t\t\t<div class=\"elementor-column elementor-col-50 elementor-top-column elementor-element elementor-element-2906a86\" data-id=\"2906a86\" data-element_type=\"column\">\n\t\t\t<div class=\"elementor-widget-wrap elementor-element-populated\">\n\t\t\t\t\t\t<div class=\"vamtam-has-theme-widget-styles elementor-element elementor-element-7992643 elementor-hidden-tablet elementor-hidden-mobile elementor-widget elementor-widget-image\" data-id=\"7992643\" data-element_type=\"widget\" data-widget_type=\"image.default\">\n\t\t\t\t<div class=\"elementor-widget-container\">\n\t\t\t\t\t\t\t\t\t<div class=\"elementor-image\">\n\t\t\t\t\t\t\t\t\t\t\t\t\t\t\t\t\t\t\t\t\t<img fetchpriority=\"high\" decoding=\"async\" width=\"2560\" height=\"1709\" src=\"https:\/\/jquijano.com\/espana\/wp-content\/uploads\/2024\/04\/cropped-view-of-businessman-showing-protection-ges-2023-11-27-04-59-36-utc-min-scaled.jpg\" class=\"attachment-full size-full wp-image-990131\" alt=\"\" srcset=\"https:\/\/jquijano.com\/espana\/wp-content\/uploads\/2024\/04\/cropped-view-of-businessman-showing-protection-ges-2023-11-27-04-59-36-utc-min-scaled.jpg 2560w, https:\/\/jquijano.com\/espana\/wp-content\/uploads\/2024\/04\/cropped-view-of-businessman-showing-protection-ges-2023-11-27-04-59-36-utc-min-300x200.jpg 300w, https:\/\/jquijano.com\/espana\/wp-content\/uploads\/2024\/04\/cropped-view-of-businessman-showing-protection-ges-2023-11-27-04-59-36-utc-min-1024x683.jpg 1024w, https:\/\/jquijano.com\/espana\/wp-content\/uploads\/2024\/04\/cropped-view-of-businessman-showing-protection-ges-2023-11-27-04-59-36-utc-min-768x513.jpg 768w, https:\/\/jquijano.com\/espana\/wp-content\/uploads\/2024\/04\/cropped-view-of-businessman-showing-protection-ges-2023-11-27-04-59-36-utc-min-1536x1025.jpg 1536w, https:\/\/jquijano.com\/espana\/wp-content\/uploads\/2024\/04\/cropped-view-of-businessman-showing-protection-ges-2023-11-27-04-59-36-utc-min-2048x1367.jpg 2048w\" sizes=\"(max-width: 2560px) 100vw, 2560px\" title=\"\">\t\t\t\t\t\t\t\t\t\t\t\t\t\t\t\t\t\t\t\t\t\t\t\t<\/div>\n\t\t\t\t\t\t\t\t<\/div>\n\t\t\t\t<\/div>\n\t\t\t\t<div class=\"elementor-element elementor-element-cbcf8d3 elementor-widget__width-auto elementor-widget elementor-widget-heading\" data-id=\"cbcf8d3\" data-element_type=\"widget\" data-settings=\"{&quot;_animation&quot;:&quot;none&quot;,&quot;_animation_tablet&quot;:&quot;none&quot;,&quot;_animation_delay&quot;:200}\" data-widget_type=\"heading.default\">\n\t\t\t\t<div class=\"elementor-widget-container\">\n\t\t\t\t\t<h2 class=\"elementor-heading-title elementor-size-default\">Servicios de Propiedad Intelectual <\/h2>\t\t\t\t<\/div>\n\t\t\t\t<\/div>\n\t\t\t\t<section class=\"elementor-section elementor-inner-section elementor-element elementor-element-a57d9e2 elementor-section-boxed elementor-section-height-default elementor-section-height-default\" data-id=\"a57d9e2\" data-element_type=\"section\" data-settings=\"{&quot;background_background&quot;:&quot;classic&quot;}\">\n\t\t\t\t\t\t<div class=\"elementor-container elementor-column-gap-default\">\n\t\t\t\t\t<div class=\"elementor-column elementor-col-100 elementor-inner-column elementor-element elementor-element-29fc4a8\" data-id=\"29fc4a8\" data-element_type=\"column\">\n\t\t\t<div class=\"elementor-widget-wrap elementor-element-populated\">\n\t\t\t\t\t\t<div class=\"elementor-element elementor-element-7209e1f elementor-widget elementor-widget-heading\" data-id=\"7209e1f\" data-element_type=\"widget\" data-widget_type=\"heading.default\">\n\t\t\t\t<div class=\"elementor-widget-container\">\n\t\t\t\t\t<h2 class=\"elementor-heading-title elementor-size-default\">Nuestra firma de abogados brinda todo el soporte legal necesario en materia de protecci\u00f3n y defensa de propiedad intelectual cubriendo tanto el  derecho de autor como el registro de marcas y patentes, desde el aspecto administrativo hasta la esfera judicial.\nEn esta pr\u00e1ctica contamos con una extensa gama de clientes incluyendo a empresas nacionales y extranjeras, desarrolladores y particulares.\n<\/h2>\t\t\t\t<\/div>\n\t\t\t\t<\/div>\n\t\t\t\t\t<\/div>\n\t\t<\/div>\n\t\t\t\t\t<\/div>\n\t\t<\/section>\n\t\t\t\t<section class=\"elementor-section elementor-inner-section elementor-element elementor-element-4fcd822 elementor-section-boxed elementor-section-height-default elementor-section-height-default\" data-id=\"4fcd822\" data-element_type=\"section\">\n\t\t\t\t\t\t<div class=\"elementor-container elementor-column-gap-no\">\n\t\t\t\t\t<div class=\"elementor-column elementor-col-100 elementor-inner-column elementor-element elementor-element-cdd5f3e\" data-id=\"cdd5f3e\" data-element_type=\"column\">\n\t\t\t<div class=\"elementor-widget-wrap elementor-element-populated\">\n\t\t\t\t\t\t<div class=\"elementor-element elementor-element-9960daa elementor-widget elementor-widget-text-editor\" data-id=\"9960daa\" data-element_type=\"widget\" data-widget_type=\"text-editor.default\">\n\t\t\t\t<div class=\"elementor-widget-container\">\n\t\t\t\t\t\t\t\t\tDentro de esta especialidad ofrecemos los siguientes servicios:\n\n\t\t\t\t\t\t\t\t<\/div>\n\t\t\t\t<\/div>\n\t\t\t\t<div class=\"elementor-element elementor-element-1cdef93 elementor-widget elementor-widget-text-editor\" data-id=\"1cdef93\" data-element_type=\"widget\" data-widget_type=\"text-editor.default\">\n\t\t\t\t<div class=\"elementor-widget-container\">\n\t\t\t\t\t\t\t\t\t<ul>\n \t<li>Registro de marcas de productos y servicios, marcas colectivas y de garant\u00eda, nombres comerciales y expresiones o se\u00f1ales de propaganda<\/li><br>\n \t<li>Renovaci\u00f3n de marcas<\/li><br>\n \t<li>Cesi\u00f3n o Traspaso de registro o de solicitud<\/li><br>\n \t<li>Cambio de nombre y domicilio de titular<\/li><br>\n \t<li>Registro de Fusi\u00f3n<\/li><br>\n \t<li>Copia certificada de Registro<\/li><br>\n \t<li>B\u00fasqueda de marca por clase<\/li><br>\n \t<li>Registro de Contrato de Licencia de Uso<\/li><br>\n \t<li>Solicitud de Gestor\u00eda Oficiosa<\/li><br>\n \t<li>Registro de Contrato de Licencia de Uso<\/li><br>\n \t<li>Correcci\u00f3n de solicitud despu\u00e9s de presentada (no reivindicaci\u00f3n, limitaci\u00f3n, correcci\u00f3n de productos \/ servicios)<\/li><br>\n \t<li>Desistimiento de una solicitud o de un registro<\/li><br>\n \t<li>Confecci\u00f3n y presentaci\u00f3n de Recurso administrativo de Reconsideraci\u00f3n<\/li><br>\n \t<li>Confecci\u00f3n y presentaci\u00f3n de Recurso administrativo de Apelaci\u00f3n<\/li>\n<\/ul>\t\t\t\t\t\t\t\t<\/div>\n\t\t\t\t<\/div>\n\t\t\t\t\t<\/div>\n\t\t<\/div>\n\t\t\t\t\t<\/div>\n\t\t<\/section>\n\t\t\t\t\t<\/div>\n\t\t<\/div>\n\t\t\t\t<div class=\"elementor-column elementor-col-50 elementor-top-column elementor-element elementor-element-0f5aadb\" data-id=\"0f5aadb\" data-element_type=\"column\">\n\t\t\t<div class=\"elementor-widget-wrap elementor-element-populated\">\n\t\t\t\t\t\t<section class=\"elementor-section elementor-inner-section elementor-element elementor-element-66799ee elementor-section-boxed elementor-section-height-default elementor-section-height-default\" data-id=\"66799ee\" data-element_type=\"section\" data-settings=\"{&quot;background_background&quot;:&quot;classic&quot;}\">\n\t\t\t\t\t\t<div class=\"elementor-container elementor-column-gap-default\">\n\t\t\t\t\t<div class=\"elementor-column elementor-col-100 elementor-inner-column elementor-element elementor-element-a4df4f9\" data-id=\"a4df4f9\" data-element_type=\"column\">\n\t\t\t<div class=\"elementor-widget-wrap elementor-element-populated\">\n\t\t\t\t\t\t<div class=\"elementor-element elementor-element-847f108 elementor-widget elementor-widget-heading\" data-id=\"847f108\" data-element_type=\"widget\" data-widget_type=\"heading.default\">\n\t\t\t\t<div class=\"elementor-widget-container\">\n\t\t\t\t\t<h3 class=\"elementor-heading-title elementor-size-default\">Consulte con nosotros<\/h3>\t\t\t\t<\/div>\n\t\t\t\t<\/div>\n\t\t\t\t<div class=\"elementor-element elementor-element-14071c6 elementor-widget-divider--view-line elementor-widget elementor-widget-divider\" data-id=\"14071c6\" data-element_type=\"widget\" data-widget_type=\"divider.default\">\n\t\t\t\t<div class=\"elementor-widget-container\">\n\t\t\t\t\t\t\t<div class=\"elementor-divider\">\n\t\t\t<span class=\"elementor-divider-separator\">\n\t\t\t\t\t\t<\/span>\n\t\t<\/div>\n\t\t\t\t\t\t<\/div>\n\t\t\t\t<\/div>\n\t\t\t\t<div class=\"elementor-element elementor-element-5cb4bda elementor-widget elementor-widget-html\" data-id=\"5cb4bda\" data-element_type=\"widget\" data-widget_type=\"html.default\">\n\t\t\t\t<div class=\"elementor-widget-container\">\n\t\t\t\t\t<script charset=\"utf-8\" type=\"text\/javascript\" src=\"\/\/js.hsforms.net\/forms\/embed\/v2.js\"><\/script>\n<script>\n  hbspt.forms.create({\n    region: \"na1\",\n    portalId: \"23533289\",\n    formId: \"766b90b3-4093-49f5-839a-c27edeca6ae1\"\n  });\n<\/script>\t\t\t\t<\/div>\n\t\t\t\t<\/div>\n\t\t\t\t\t<\/div>\n\t\t<\/div>\n\t\t\t\t\t<\/div>\n\t\t<\/section>\n\t\t\t\t<section class=\"elementor-section elementor-inner-section elementor-element elementor-element-68098de elementor-section-boxed elementor-section-height-default elementor-section-height-default\" data-id=\"68098de\" data-element_type=\"section\" data-settings=\"{&quot;background_background&quot;:&quot;classic&quot;}\">\n\t\t\t\t\t\t<div class=\"elementor-container elementor-column-gap-default\">\n\t\t\t\t\t<div class=\"elementor-column elementor-col-100 elementor-inner-column elementor-element elementor-element-a9ed311\" data-id=\"a9ed311\" data-element_type=\"column\">\n\t\t\t<div class=\"elementor-widget-wrap elementor-element-populated\">\n\t\t\t\t\t\t<div class=\"elementor-element elementor-element-5ebb7b3 elementor-widget elementor-widget-heading\" data-id=\"5ebb7b3\" data-element_type=\"widget\" data-widget_type=\"heading.default\">\n\t\t\t\t<div class=\"elementor-widget-container\">\n\t\t\t\t\t<h3 class=\"elementor-heading-title elementor-size-default\">Otros Servicios <\/h3>\t\t\t\t<\/div>\n\t\t\t\t<\/div>\n\t\t\t\t<div class=\"elementor-element elementor-element-e7520a2 elementor-widget-divider--view-line elementor-widget elementor-widget-divider\" data-id=\"e7520a2\" data-element_type=\"widget\" data-widget_type=\"divider.default\">\n\t\t\t\t<div class=\"elementor-widget-container\">\n\t\t\t\t\t\t\t<div class=\"elementor-divider\">\n\t\t\t<span class=\"elementor-divider-separator\">\n\t\t\t\t\t\t<\/span>\n\t\t<\/div>\n\t\t\t\t\t\t<\/div>\n\t\t\t\t<\/div>\n\t\t\t\t<div class=\"elementor-element elementor-element-dc5104c elementor-position-left elementor-vertical-align-middle elementor-position-left elementor-vertical-align-middle elementor-widget elementor-widget-image-box\" data-id=\"dc5104c\" data-element_type=\"widget\" data-widget_type=\"image-box.default\">\n\t\t\t\t<div class=\"elementor-widget-container\">\n\t\t\t\t\t<div class=\"elementor-image-box-wrapper\"><figure class=\"elementor-image-box-img\"><a href=\"https:\/\/jquijano.com\/espana\/derecho-corporativo\/\" tabindex=\"-1\"><img decoding=\"async\" width=\"600\" height=\"600\" src=\"https:\/\/jquijano.com\/espana\/wp-content\/uploads\/2024\/03\/ICONOS-en-dorado-1.png\" class=\"attachment-full size-full wp-image-989124\" alt=\"\" title=\"\" srcset=\"https:\/\/jquijano.com\/espana\/wp-content\/uploads\/2024\/03\/ICONOS-en-dorado-1.png 600w, https:\/\/jquijano.com\/espana\/wp-content\/uploads\/2024\/03\/ICONOS-en-dorado-1-300x300.png 300w, https:\/\/jquijano.com\/espana\/wp-content\/uploads\/2024\/03\/ICONOS-en-dorado-1-150x150.png 150w\" sizes=\"(max-width: 600px) 100vw, 600px\" \/><\/a><\/figure><div class=\"elementor-image-box-content\"><h3 class=\"elementor-image-box-title\"><a href=\"https:\/\/jquijano.com\/espana\/derecho-corporativo\/\">Derecho Corporativo<\/a><\/h3><\/div><\/div>\t\t\t\t<\/div>\n\t\t\t\t<\/div>\n\t\t\t\t<div class=\"elementor-element elementor-element-3793f61 elementor-position-left elementor-vertical-align-middle elementor-widget elementor-widget-image-box\" data-id=\"3793f61\" data-element_type=\"widget\" data-widget_type=\"image-box.default\">\n\t\t\t\t<div class=\"elementor-widget-container\">\n\t\t\t\t\t<div class=\"elementor-image-box-wrapper\"><figure class=\"elementor-image-box-img\"><a href=\"https:\/\/jquijano.com\/espana\/derecho-tributario\/\" tabindex=\"-1\"><img decoding=\"async\" width=\"600\" height=\"600\" src=\"https:\/\/jquijano.com\/espana\/wp-content\/uploads\/2024\/03\/ICONOS-en-dorado2-1.png\" class=\"attachment-full size-full wp-image-989126\" alt=\"\" title=\"\" srcset=\"https:\/\/jquijano.com\/espana\/wp-content\/uploads\/2024\/03\/ICONOS-en-dorado2-1.png 600w, https:\/\/jquijano.com\/espana\/wp-content\/uploads\/2024\/03\/ICONOS-en-dorado2-1-300x300.png 300w, https:\/\/jquijano.com\/espana\/wp-content\/uploads\/2024\/03\/ICONOS-en-dorado2-1-150x150.png 150w\" sizes=\"(max-width: 600px) 100vw, 600px\" \/><\/a><\/figure><div class=\"elementor-image-box-content\"><h3 class=\"elementor-image-box-title\"><a href=\"https:\/\/jquijano.com\/espana\/derecho-tributario\/\">Derecho Tributario<\/a><\/h3><\/div><\/div>\t\t\t\t<\/div>\n\t\t\t\t<\/div>\n\t\t\t\t<div class=\"elementor-element elementor-element-e5d43a1 elementor-position-left elementor-vertical-align-middle elementor-widget elementor-widget-image-box\" data-id=\"e5d43a1\" data-element_type=\"widget\" data-widget_type=\"image-box.default\">\n\t\t\t\t<div class=\"elementor-widget-container\">\n\t\t\t\t\t<div class=\"elementor-image-box-wrapper\"><figure class=\"elementor-image-box-img\"><a href=\"https:\/\/jquijano.com\/espana\/derecho-migratorio\/\" tabindex=\"-1\"><img loading=\"lazy\" decoding=\"async\" width=\"600\" height=\"600\" src=\"https:\/\/jquijano.com\/espana\/wp-content\/uploads\/2024\/03\/ICONOS-en-dorado5-1.png\" class=\"attachment-full size-full wp-image-989129\" alt=\"\" title=\"\" srcset=\"https:\/\/jquijano.com\/espana\/wp-content\/uploads\/2024\/03\/ICONOS-en-dorado5-1.png 600w, https:\/\/jquijano.com\/espana\/wp-content\/uploads\/2024\/03\/ICONOS-en-dorado5-1-300x300.png 300w, https:\/\/jquijano.com\/espana\/wp-content\/uploads\/2024\/03\/ICONOS-en-dorado5-1-150x150.png 150w\" sizes=\"(max-width: 600px) 100vw, 600px\" \/><\/a><\/figure><div class=\"elementor-image-box-content\"><h3 class=\"elementor-image-box-title\"><a href=\"https:\/\/jquijano.com\/espana\/derecho-migratorio\/\">Derecho Migratorio<\/a><\/h3><\/div><\/div>\t\t\t\t<\/div>\n\t\t\t\t<\/div>\n\t\t\t\t<div class=\"elementor-element elementor-element-3a393dd elementor-position-left elementor-vertical-align-middle elementor-widget elementor-widget-image-box\" data-id=\"3a393dd\" data-element_type=\"widget\" data-widget_type=\"image-box.default\">\n\t\t\t\t<div class=\"elementor-widget-container\">\n\t\t\t\t\t<div class=\"elementor-image-box-wrapper\"><figure class=\"elementor-image-box-img\"><a href=\"https:\/\/jquijano.com\/espana\/derecho-maritimo\/\" tabindex=\"-1\"><img loading=\"lazy\" decoding=\"async\" width=\"600\" height=\"600\" src=\"https:\/\/jquijano.com\/espana\/wp-content\/uploads\/2024\/03\/ICONOS-en-dorado4-1.png\" class=\"attachment-full size-full wp-image-989128\" alt=\"\" title=\"\" srcset=\"https:\/\/jquijano.com\/espana\/wp-content\/uploads\/2024\/03\/ICONOS-en-dorado4-1.png 600w, https:\/\/jquijano.com\/espana\/wp-content\/uploads\/2024\/03\/ICONOS-en-dorado4-1-300x300.png 300w, https:\/\/jquijano.com\/espana\/wp-content\/uploads\/2024\/03\/ICONOS-en-dorado4-1-150x150.png 150w\" sizes=\"(max-width: 600px) 100vw, 600px\" \/><\/a><\/figure><div class=\"elementor-image-box-content\"><h3 class=\"elementor-image-box-title\"><a href=\"https:\/\/jquijano.com\/espana\/derecho-maritimo\/\">Derecho Mar\u00edtimo <\/a><\/h3><\/div><\/div>\t\t\t\t<\/div>\n\t\t\t\t<\/div>\n\t\t\t\t<div class=\"elementor-element elementor-element-7312a75 elementor-position-left elementor-vertical-align-middle elementor-widget elementor-widget-image-box\" data-id=\"7312a75\" data-element_type=\"widget\" data-widget_type=\"image-box.default\">\n\t\t\t\t<div class=\"elementor-widget-container\">\n\t\t\t\t\t<div class=\"elementor-image-box-wrapper\"><figure class=\"elementor-image-box-img\"><a href=\"https:\/\/jquijano.com\/espana\/derecho-laboral\/\" tabindex=\"-1\"><img loading=\"lazy\" decoding=\"async\" width=\"600\" height=\"600\" src=\"https:\/\/jquijano.com\/espana\/wp-content\/uploads\/2024\/03\/ICONOS-en-dorado3-1.png\" class=\"attachment-full size-full wp-image-989127\" alt=\"\" title=\"\" srcset=\"https:\/\/jquijano.com\/espana\/wp-content\/uploads\/2024\/03\/ICONOS-en-dorado3-1.png 600w, https:\/\/jquijano.com\/espana\/wp-content\/uploads\/2024\/03\/ICONOS-en-dorado3-1-300x300.png 300w, https:\/\/jquijano.com\/espana\/wp-content\/uploads\/2024\/03\/ICONOS-en-dorado3-1-150x150.png 150w\" sizes=\"(max-width: 600px) 100vw, 600px\" \/><\/a><\/figure><div class=\"elementor-image-box-content\"><h3 class=\"elementor-image-box-title\"><a href=\"https:\/\/jquijano.com\/espana\/derecho-laboral\/\">Derecho Laboral<\/a><\/h3><\/div><\/div>\t\t\t\t<\/div>\n\t\t\t\t<\/div>\n\t\t\t\t<div class=\"elementor-element elementor-element-eeb9fd4 elementor-position-left elementor-vertical-align-middle elementor-widget elementor-widget-image-box\" data-id=\"eeb9fd4\" data-element_type=\"widget\" data-widget_type=\"image-box.default\">\n\t\t\t\t<div class=\"elementor-widget-container\">\n\t\t\t\t\t<div class=\"elementor-image-box-wrapper\"><figure class=\"elementor-image-box-img\"><a href=\"https:\/\/jquijano.com\/espana\/propiedad-intelectual\/\" tabindex=\"-1\"><img loading=\"lazy\" decoding=\"async\" width=\"600\" height=\"600\" src=\"https:\/\/jquijano.com\/espana\/wp-content\/uploads\/2024\/03\/ICONOS-en-dorado7-1.png\" class=\"attachment-full size-full wp-image-989131\" alt=\"\" title=\"\" srcset=\"https:\/\/jquijano.com\/espana\/wp-content\/uploads\/2024\/03\/ICONOS-en-dorado7-1.png 600w, https:\/\/jquijano.com\/espana\/wp-content\/uploads\/2024\/03\/ICONOS-en-dorado7-1-300x300.png 300w, https:\/\/jquijano.com\/espana\/wp-content\/uploads\/2024\/03\/ICONOS-en-dorado7-1-150x150.png 150w\" sizes=\"(max-width: 600px) 100vw, 600px\" \/><\/a><\/figure><div class=\"elementor-image-box-content\"><h3 class=\"elementor-image-box-title\"><a href=\"https:\/\/jquijano.com\/espana\/propiedad-intelectual\/\">Propiedad Intelectual<\/a><\/h3><\/div><\/div>\t\t\t\t<\/div>\n\t\t\t\t<\/div>\n\t\t\t\t<div class=\"elementor-element elementor-element-3bd1994 elementor-position-left elementor-vertical-align-middle elementor-widget elementor-widget-image-box\" data-id=\"3bd1994\" data-element_type=\"widget\" data-widget_type=\"image-box.default\">\n\t\t\t\t<div class=\"elementor-widget-container\">\n\t\t\t\t\t<div class=\"elementor-image-box-wrapper\"><figure class=\"elementor-image-box-img\"><a href=\"https:\/\/jquijano.com\/espana\/bienes-raices\/\" tabindex=\"-1\"><img loading=\"lazy\" decoding=\"async\" width=\"600\" height=\"600\" src=\"https:\/\/jquijano.com\/espana\/wp-content\/uploads\/2024\/03\/ICONOS-en-dorado6-1.png\" class=\"attachment-full size-full wp-image-989130\" alt=\"\" title=\"\" srcset=\"https:\/\/jquijano.com\/espana\/wp-content\/uploads\/2024\/03\/ICONOS-en-dorado6-1.png 600w, https:\/\/jquijano.com\/espana\/wp-content\/uploads\/2024\/03\/ICONOS-en-dorado6-1-300x300.png 300w, https:\/\/jquijano.com\/espana\/wp-content\/uploads\/2024\/03\/ICONOS-en-dorado6-1-150x150.png 150w\" sizes=\"(max-width: 600px) 100vw, 600px\" \/><\/a><\/figure><div class=\"elementor-image-box-content\"><h3 class=\"elementor-image-box-title\"><a href=\"https:\/\/jquijano.com\/espana\/bienes-raices\/\">Bienes Ra\u00edces <\/a><\/h3><\/div><\/div>\t\t\t\t<\/div>\n\t\t\t\t<\/div>\n\t\t\t\t<div class=\"elementor-element elementor-element-44f91d2 elementor-position-left elementor-vertical-align-middle elementor-widget elementor-widget-image-box\" data-id=\"44f91d2\" data-element_type=\"widget\" data-widget_type=\"image-box.default\">\n\t\t\t\t<div class=\"elementor-widget-container\">\n\t\t\t\t\t<div class=\"elementor-image-box-wrapper\"><figure class=\"elementor-image-box-img\"><a href=\"https:\/\/jquijano.com\/espana\/litigio-y-resolucion-de-disputas\/\" tabindex=\"-1\"><img loading=\"lazy\" decoding=\"async\" width=\"600\" height=\"600\" src=\"https:\/\/jquijano.com\/espana\/wp-content\/uploads\/2024\/03\/ICONOS-en-dorado9-1.png\" class=\"attachment-full size-full wp-image-989133\" alt=\"\" title=\"\" srcset=\"https:\/\/jquijano.com\/espana\/wp-content\/uploads\/2024\/03\/ICONOS-en-dorado9-1.png 600w, https:\/\/jquijano.com\/espana\/wp-content\/uploads\/2024\/03\/ICONOS-en-dorado9-1-300x300.png 300w, https:\/\/jquijano.com\/espana\/wp-content\/uploads\/2024\/03\/ICONOS-en-dorado9-1-150x150.png 150w\" sizes=\"(max-width: 600px) 100vw, 600px\" \/><\/a><\/figure><div class=\"elementor-image-box-content\"><h3 class=\"elementor-image-box-title\"><a href=\"https:\/\/jquijano.com\/espana\/litigio-y-resolucion-de-disputas\/\">Litigio y Resoluci\u00f3n de Disputas <\/a><\/h3><\/div><\/div>\t\t\t\t<\/div>\n\t\t\t\t<\/div>\n\t\t\t\t<div class=\"elementor-element elementor-element-19d47cc elementor-position-left elementor-vertical-align-middle elementor-position-top elementor-widget elementor-widget-image-box\" data-id=\"19d47cc\" data-element_type=\"widget\" data-widget_type=\"image-box.default\">\n\t\t\t\t<div class=\"elementor-widget-container\">\n\t\t\t\t\t<div class=\"elementor-image-box-wrapper\"><figure class=\"elementor-image-box-img\"><a href=\"https:\/\/jquijano.com\/espana\/registro-sanitario\/\" tabindex=\"-1\"><img loading=\"lazy\" decoding=\"async\" width=\"600\" height=\"600\" src=\"https:\/\/jquijano.com\/espana\/wp-content\/uploads\/2024\/03\/ICONOS-en-dorado8-1.png\" class=\"attachment-full size-full wp-image-989132\" alt=\"\" title=\"\" srcset=\"https:\/\/jquijano.com\/espana\/wp-content\/uploads\/2024\/03\/ICONOS-en-dorado8-1.png 600w, https:\/\/jquijano.com\/espana\/wp-content\/uploads\/2024\/03\/ICONOS-en-dorado8-1-300x300.png 300w, https:\/\/jquijano.com\/espana\/wp-content\/uploads\/2024\/03\/ICONOS-en-dorado8-1-150x150.png 150w\" sizes=\"(max-width: 600px) 100vw, 600px\" \/><\/a><\/figure><div class=\"elementor-image-box-content\"><h3 class=\"elementor-image-box-title\"><a href=\"https:\/\/jquijano.com\/espana\/registro-sanitario\/\">Registro Sanitario <\/a><\/h3><\/div><\/div>\t\t\t\t<\/div>\n\t\t\t\t<\/div>\n\t\t\t\t\t<\/div>\n\t\t<\/div>\n\t\t\t\t\t<\/div>\n\t\t<\/section>\n\t\t\t\t\t<\/div>\n\t\t<\/div>\n\t\t\t\t\t<\/div>\n\t\t<\/section>\n\t\t\t\t<\/div>\n\t\t","protected":false},"excerpt":{"rendered":"<p>Propiedad Intelectual en Panam\u00e1 Propiedad Intelectual Servicios de Propiedad Intelectual Nuestra firma de abogados brinda todo el soporte legal necesario en materia de protecci\u00f3n y defensa de propiedad intelectual cubriendo tanto el derecho de autor como el registro de marcas y patentes, desde el aspecto administrativo hasta la esfera judicial. En esta pr\u00e1ctica contamos con&#8230;<\/p>\n","protected":false},"author":1,"featured_media":0,"parent":0,"menu_order":0,"comment_status":"closed","ping_status":"closed","template":"","meta":{"content-type":"","footnotes":""},"class_list":["post-453","page","type-page","status-publish","hentry"],"_links":{"self":[{"href":"https:\/\/jquijano.com\/espana\/wp-json\/wp\/v2\/pages\/453","targetHints":{"allow":["GET"]}}],"collection":[{"href":"https:\/\/jquijano.com\/espana\/wp-json\/wp\/v2\/pages"}],"about":[{"href":"https:\/\/jquijano.com\/espana\/wp-json\/wp\/v2\/types\/page"}],"author":[{"embeddable":true,"href":"https:\/\/jquijano.com\/espana\/wp-json\/wp\/v2\/users\/1"}],"replies":[{"embeddable":true,"href":"https:\/\/jquijano.com\/espana\/wp-json\/wp\/v2\/comments?post=453"}],"version-history":[{"count":24,"href":"https:\/\/jquijano.com\/espana\/wp-json\/wp\/v2\/pages\/453\/revisions"}],"predecessor-version":[{"id":993243,"href":"https:\/\/jquijano.com\/espana\/wp-json\/wp\/v2\/pages\/453\/revisions\/993243"}],"wp:attachment":[{"href":"https:\/\/jquijano.com\/espana\/wp-json\/wp\/v2\/media?parent=453"}],"curies":[{"name":"wp","href":"https:\/\/api.w.org\/{rel}","templated":true}]}}