{"id":4574,"date":"2022-08-11T09:43:47","date_gmt":"2022-08-11T14:43:47","guid":{"rendered":"https:\/\/jquijano.com\/espa%C3%B1a\/?page_id=4574"},"modified":"2025-02-08T13:09:41","modified_gmt":"2025-02-08T18:09:41","slug":"ana-cristina-gomez-serracin","status":"publish","type":"page","link":"https:\/\/jquijano.com\/espana\/ana-cristina-gomez-serracin\/","title":{"rendered":"Ana Cristina Gomez Serracin"},"content":{"rendered":"\t\t<div data-elementor-type=\"wp-page\" data-elementor-id=\"4574\" class=\"elementor elementor-4574\" data-elementor-post-type=\"page\">\n\t\t\t\t\t\t<section class=\"elementor-section elementor-top-section elementor-element elementor-element-4a1ad7a elementor-section-boxed elementor-section-height-default elementor-section-height-default\" data-id=\"4a1ad7a\" data-element_type=\"section\" data-settings=\"{&quot;background_background&quot;:&quot;classic&quot;}\">\n\t\t\t\t\t\t\t<div class=\"elementor-background-overlay\"><\/div>\n\t\t\t\t\t\t\t<div class=\"elementor-container elementor-column-gap-default\">\n\t\t\t\t\t<div class=\"elementor-column elementor-col-50 elementor-top-column elementor-element elementor-element-fa9b03b\" data-id=\"fa9b03b\" data-element_type=\"column\" data-settings=\"{&quot;background_background&quot;:&quot;classic&quot;}\">\n\t\t\t<div class=\"elementor-widget-wrap elementor-element-populated\">\n\t\t\t\t\t\t<div class=\"elementor-element elementor-element-22b6c7b elementor-widget elementor-widget-heading\" data-id=\"22b6c7b\" data-element_type=\"widget\" data-widget_type=\"heading.default\">\n\t\t\t\t<div class=\"elementor-widget-container\">\n\t\t\t\t\t<h2 class=\"elementor-heading-title elementor-size-large\">Ana Cristina G\u00f3mez Serrac\u00edn<\/h2>\t\t\t\t<\/div>\n\t\t\t\t<\/div>\n\t\t\t\t<div class=\"elementor-element elementor-element-950a099 elementor-widget elementor-widget-heading\" data-id=\"950a099\" data-element_type=\"widget\" data-widget_type=\"heading.default\">\n\t\t\t\t<div class=\"elementor-widget-container\">\n\t\t\t\t\t<h3 class=\"elementor-heading-title elementor-size-default\">Asociada<\/h3>\t\t\t\t<\/div>\n\t\t\t\t<\/div>\n\t\t\t\t<div class=\"vamtam-has-theme-widget-styles elementor-element elementor-element-73f32f9 elementor-widget elementor-widget-image\" data-id=\"73f32f9\" data-element_type=\"widget\" data-widget_type=\"image.default\">\n\t\t\t\t<div class=\"elementor-widget-container\">\n\t\t\t\t\t\t\t\t\t<div class=\"elementor-image\">\n\t\t\t\t\t\t\t\t\t\t\t\t\t\t\t\t\t\t\t\t\t<img fetchpriority=\"high\" decoding=\"async\" width=\"300\" height=\"300\" src=\"https:\/\/jquijano.com\/espana\/wp-content\/uploads\/2025\/02\/WhatsApp-Image-2025-02-06-at-11.32.44-1-300x300.jpeg\" class=\"attachment-medium size-medium wp-image-994892\" alt=\"\" srcset=\"https:\/\/jquijano.com\/espana\/wp-content\/uploads\/2025\/02\/WhatsApp-Image-2025-02-06-at-11.32.44-1-300x300.jpeg 300w, https:\/\/jquijano.com\/espana\/wp-content\/uploads\/2025\/02\/WhatsApp-Image-2025-02-06-at-11.32.44-1-1024x1024.jpeg 1024w, https:\/\/jquijano.com\/espana\/wp-content\/uploads\/2025\/02\/WhatsApp-Image-2025-02-06-at-11.32.44-1-150x150.jpeg 150w, https:\/\/jquijano.com\/espana\/wp-content\/uploads\/2025\/02\/WhatsApp-Image-2025-02-06-at-11.32.44-1-768x768.jpeg 768w, https:\/\/jquijano.com\/espana\/wp-content\/uploads\/2025\/02\/WhatsApp-Image-2025-02-06-at-11.32.44-1.jpeg 1280w\" sizes=\"(max-width: 300px) 100vw, 300px\" title=\"\">\t\t\t\t\t\t\t\t\t\t\t\t\t\t\t\t\t\t\t\t\t\t\t\t<\/div>\n\t\t\t\t\t\t\t\t<\/div>\n\t\t\t\t<\/div>\n\t\t\t\t<div class=\"elementor-element elementor-element-0a59d7d elementor-icon-list--layout-inline elementor-align-center elementor-list-item-link-full_width elementor-widget elementor-widget-icon-list\" data-id=\"0a59d7d\" data-element_type=\"widget\" data-widget_type=\"icon-list.default\">\n\t\t\t\t<div class=\"elementor-widget-container\">\n\t\t\t\t\t\t\t<ul class=\"elementor-icon-list-items elementor-inline-items\">\n\t\t\t\t\t\t\t<li class=\"elementor-icon-list-item elementor-inline-item\">\n\t\t\t\t\t\t\t\t\t\t\t<a href=\"mailto:agomez@jquijano.com\">\n\n\t\t\t\t\t\t\t\t\t\t\t\t<span class=\"elementor-icon-list-icon\">\n\t\t\t\t\t\t\t<i aria-hidden=\"true\" class=\"fas fa-envelope\"><\/i>\t\t\t\t\t\t<\/span>\n\t\t\t\t\t\t\t\t\t\t<span class=\"elementor-icon-list-text\">agomez@jquijano.com<\/span>\n\t\t\t\t\t\t\t\t\t\t\t<\/a>\n\t\t\t\t\t\t\t\t\t<\/li>\n\t\t\t\t\t\t<\/ul>\n\t\t\t\t\t\t<\/div>\n\t\t\t\t<\/div>\n\t\t\t\t\t<\/div>\n\t\t<\/div>\n\t\t\t\t<div class=\"elementor-column elementor-col-50 elementor-top-column elementor-element elementor-element-80879e4\" data-id=\"80879e4\" data-element_type=\"column\" data-settings=\"{&quot;background_background&quot;:&quot;classic&quot;}\">\n\t\t\t<div class=\"elementor-widget-wrap elementor-element-populated\">\n\t\t\t\t\t\t<div class=\"elementor-element elementor-element-60ec2ee elementor-widget elementor-widget-text-editor\" data-id=\"60ec2ee\" data-element_type=\"widget\" data-widget_type=\"text-editor.default\">\n\t\t\t\t<div class=\"elementor-widget-container\">\n\t\t\t\t\t\t\t\t\t<h3>\u00c1REAS DE PR\u00c1CTICA<\/h3>\nEMPRESARIAL, MIGRATORIA, SANITARIA Y JUDICIAL\t\t\t\t\t\t\t\t<\/div>\n\t\t\t\t<\/div>\n\t\t\t\t<div class=\"elementor-element elementor-element-19e9394 elementor-widget elementor-widget-text-editor\" data-id=\"19e9394\" data-element_type=\"widget\" data-widget_type=\"text-editor.default\">\n\t\t\t\t<div class=\"elementor-widget-container\">\n\t\t\t\t\t\t\t\t\t<p>Cuenta con amplia experiencia en la planificaci\u00f3n de estructuras empresariales, ofreciendo soluciones integrales que incluyen la incorporaci\u00f3n de sociedades, la gesti\u00f3n de avisos de operaci\u00f3n, y la inscripci\u00f3n de empresas ante el Municipio de Panam\u00e1, la Direcci\u00f3n General de Ingresos (DGI) y la Caja de Seguro Social (CSS). Se especializa en registros de marcas ante Direcci\u00f3n General de Propiedad Intelectual (DIGERPI) del Ministerio de Comercio e Industrias, as\u00ed como los procesos necesarios para obtener registros sanitarios y licencias sanitarias, garantizando que sus clientes operen con plena confianza y en cumplimiento de todas las regulaciones.<br \/><br \/>Tambi\u00e9n brinda asesor\u00eda y representaci\u00f3n experta en asuntos migratorios y laborales, asegurando un servicio personalizado y eficiente en cada etapa.<\/p><p>Ejerci\u00f3 distintos cargos dentro de la Jurisdicci\u00f3n Civil, del \u00d3rgano Judicial de Panam\u00e1, desde oficial mayor de Juzgado de Circuito y Municipal Civil, Secretaria Ejecutiva de Magistrado del Tribunal Superior Civil de la Corte Suprema de Justicia y Secretaria Judicial del Juzgado S\u00e9ptimo Municipal de Asuntos al Consumidor.<\/p>\t\t\t\t\t\t\t\t<\/div>\n\t\t\t\t<\/div>\n\t\t\t\t\t<\/div>\n\t\t<\/div>\n\t\t\t\t\t<\/div>\n\t\t<\/section>\n\t\t\t\t<section class=\"elementor-section elementor-top-section elementor-element elementor-element-9e9ba08 elementor-section-boxed elementor-section-height-default elementor-section-height-default\" data-id=\"9e9ba08\" data-element_type=\"section\">\n\t\t\t\t\t\t<div class=\"elementor-container elementor-column-gap-default\">\n\t\t\t\t\t<div class=\"elementor-column elementor-col-100 elementor-top-column elementor-element elementor-element-1fa94ed\" data-id=\"1fa94ed\" data-element_type=\"column\">\n\t\t\t<div class=\"elementor-widget-wrap elementor-element-populated\">\n\t\t\t\t\t\t<div class=\"elementor-element elementor-element-b0e3c26 elementor-widget elementor-widget-elementskit-simple-tab\" data-id=\"b0e3c26\" data-element_type=\"widget\" data-widget_type=\"elementskit-simple-tab.default\">\n\t\t\t\t<div class=\"elementor-widget-container\">\n\t\t\t\t\t<div class=\"ekit-wid-con\" >        <div class=\"elementkit-tab-wraper  \">\n            <ul class=\"nav nav-tabs elementkit-tab-nav  elementskit-fullwidth-tab\">\n                                    <li class=\"elementkit-nav-item elementor-repeater-item-6de514f\">\n                        <a class=\"elementkit-nav-link  active show left-pos\" id=\"content-6de514f69ebfb514b392-tab\" data-ekit-handler-id=\"educaci-n\" data-ekit-toggle=\"tab\" data-target=\"#content-6de514f69ebfb514b392\" href=\"#Content-6de514f69ebfb514b392\"\n                            data-ekit-toggle-trigger=\"click\"\n                            aria-describedby=\"Content-6de514f69ebfb514b392\">\n                            <span class=\" elementskit-tab-icon\"><\/span>                            <span class=\"elementskit-tab-title\"> EDUCACI\u00d3N<\/span>\n                        <\/a>\n                    <\/li>\n                                        <li class=\"elementkit-nav-item elementor-repeater-item-cbe448f\">\n                        <a class=\"elementkit-nav-link  left-pos\" id=\"content-cbe448f69ebfb514b392-tab\" data-ekit-handler-id=\"idiomas\" data-ekit-toggle=\"tab\" data-target=\"#content-cbe448f69ebfb514b392\" href=\"#Content-cbe448f69ebfb514b392\"\n                            data-ekit-toggle-trigger=\"click\"\n                            aria-describedby=\"Content-cbe448f69ebfb514b392\">\n                            <span class=\" elementskit-tab-icon\"><\/span>                            <span class=\"elementskit-tab-title\"> IDIOMAS<\/span>\n                        <\/a>\n                    <\/li>\n                                <\/ul>\n\n            <div class=\"tab-content elementkit-tab-content\">\n                                    <div class=\"tab-pane elementkit-tab-pane elementor-repeater-item-6de514f  active show\" id=\"content-6de514f69ebfb514b392\" role=\"tabpanel\"\n                         aria-labelledby=\"content-6de514f69ebfb514b392-tab\">\n                        <div class=\"animated fadeIn\">\n                            Universidad Latina de Panam\u00e1, Licenciatura en Derecho y Ciencias Pol\u00edticas, 2007.                        <\/div>\n                    <\/div>\n                                    <div class=\"tab-pane elementkit-tab-pane elementor-repeater-item-cbe448f \" id=\"content-cbe448f69ebfb514b392\" role=\"tabpanel\"\n                         aria-labelledby=\"content-cbe448f69ebfb514b392-tab\">\n                        <div class=\"animated fadeIn\">\n                            <p><span style=\"font-family: pandisplay-regular;\">Ingl\u00e9s y Espa\u00f1ol<\/span><\/p>                        <\/div>\n                    <\/div>\n                                \n            <\/div>\n                    <\/div>\n    <\/div>\t\t\t\t<\/div>\n\t\t\t\t<\/div>\n\t\t\t\t\t<\/div>\n\t\t<\/div>\n\t\t\t\t\t<\/div>\n\t\t<\/section>\n\t\t\t\t<\/div>\n\t\t","protected":false},"excerpt":{"rendered":"<p>Ana Cristina G\u00f3mez Serrac\u00edn Asociada agomez@jquijano.com \u00c1REAS DE PR\u00c1CTICA EMPRESARIAL, MIGRATORIA, SANITARIA Y JUDICIAL Cuenta con amplia experiencia en la planificaci\u00f3n de estructuras empresariales, ofreciendo soluciones integrales que incluyen la incorporaci\u00f3n de sociedades, la gesti\u00f3n de avisos de operaci\u00f3n, y la inscripci\u00f3n de empresas ante el Municipio de Panam\u00e1, la Direcci\u00f3n General de Ingresos (DGI)&#8230;<\/p>\n","protected":false},"author":1,"featured_media":0,"parent":0,"menu_order":0,"comment_status":"closed","ping_status":"closed","template":"","meta":{"content-type":"","footnotes":""},"class_list":["post-4574","page","type-page","status-publish","hentry"],"_links":{"self":[{"href":"https:\/\/jquijano.com\/espana\/wp-json\/wp\/v2\/pages\/4574","targetHints":{"allow":["GET"]}}],"collection":[{"href":"https:\/\/jquijano.com\/espana\/wp-json\/wp\/v2\/pages"}],"about":[{"href":"https:\/\/jquijano.com\/espana\/wp-json\/wp\/v2\/types\/page"}],"author":[{"embeddable":true,"href":"https:\/\/jquijano.com\/espana\/wp-json\/wp\/v2\/users\/1"}],"replies":[{"embeddable":true,"href":"https:\/\/jquijano.com\/espana\/wp-json\/wp\/v2\/comments?post=4574"}],"version-history":[{"count":32,"href":"https:\/\/jquijano.com\/espana\/wp-json\/wp\/v2\/pages\/4574\/revisions"}],"predecessor-version":[{"id":995020,"href":"https:\/\/jquijano.com\/espana\/wp-json\/wp\/v2\/pages\/4574\/revisions\/995020"}],"wp:attachment":[{"href":"https:\/\/jquijano.com\/espana\/wp-json\/wp\/v2\/media?parent=4574"}],"curies":[{"name":"wp","href":"https:\/\/api.w.org\/{rel}","templated":true}]}}