{"id":478,"date":"2020-05-19T19:54:23","date_gmt":"2020-05-19T19:54:23","guid":{"rendered":"https:\/\/jquijano.com\/espa%C3%B1a\/?page_id=478"},"modified":"2024-05-17T20:55:45","modified_gmt":"2024-05-18T01:55:45","slug":"litigio-y-resolucion-de-disputas","status":"publish","type":"page","link":"https:\/\/jquijano.com\/espana\/litigio-y-resolucion-de-disputas\/","title":{"rendered":"Disputas y Resoluci\u00f3n de Conflictos"},"content":{"rendered":"\t\t<div data-elementor-type=\"wp-page\" data-elementor-id=\"478\" class=\"elementor elementor-478\" data-elementor-post-type=\"page\">\n\t\t\t\t\t\t<section class=\"elementor-section elementor-top-section elementor-element elementor-element-fd85ba1 elementor-section-full_width elementor-section-content-middle elementor-section-stretched elementor-section-height-default elementor-section-height-default\" data-id=\"fd85ba1\" data-element_type=\"section\" data-settings=\"{&quot;animation&quot;:&quot;none&quot;,&quot;stretch_section&quot;:&quot;section-stretched&quot;,&quot;background_background&quot;:&quot;classic&quot;}\">\n\t\t\t\t\t\t\t<div class=\"elementor-background-overlay\"><\/div>\n\t\t\t\t\t\t\t<div class=\"elementor-container elementor-column-gap-default\">\n\t\t\t\t\t<div class=\"elementor-column elementor-col-100 elementor-top-column elementor-element elementor-element-643cd45\" data-id=\"643cd45\" data-element_type=\"column\">\n\t\t\t<div class=\"elementor-widget-wrap elementor-element-populated\">\n\t\t\t\t\t\t<section class=\"elementor-section elementor-inner-section elementor-element elementor-element-0e51772 elementor-section-boxed elementor-section-height-default elementor-section-height-default\" data-id=\"0e51772\" data-element_type=\"section\">\n\t\t\t\t\t\t<div class=\"elementor-container elementor-column-gap-default\">\n\t\t\t\t\t<div class=\"elementor-column elementor-col-50 elementor-inner-column elementor-element elementor-element-3dd2c8a\" data-id=\"3dd2c8a\" data-element_type=\"column\">\n\t\t\t<div class=\"elementor-widget-wrap elementor-element-populated\">\n\t\t\t\t\t\t<div class=\"elementor-element elementor-element-fbf9679 elementor-widget elementor-widget-heading\" data-id=\"fbf9679\" data-element_type=\"widget\" data-settings=\"{&quot;_animation&quot;:&quot;none&quot;}\" data-widget_type=\"heading.default\">\n\t\t\t\t<div class=\"elementor-widget-container\">\n\t\t\t\t\t<h3 class=\"elementor-heading-title elementor-size-default\">Disputas y Resoluci\u00f3n de Conflictos<\/h3>\t\t\t\t<\/div>\n\t\t\t\t<\/div>\n\t\t\t\t<div class=\"elementor-element elementor-element-e620251 elementor-widget__width-auto elementor-widget elementor-widget-heading\" data-id=\"e620251\" data-element_type=\"widget\" data-settings=\"{&quot;_animation&quot;:&quot;none&quot;,&quot;_animation_tablet&quot;:&quot;none&quot;,&quot;_animation_delay&quot;:200}\" data-widget_type=\"heading.default\">\n\t\t\t\t<div class=\"elementor-widget-container\">\n\t\t\t\t\t<h1 class=\"elementor-heading-title elementor-size-default\">Litigios y Resoluci\u00f3n de Disputas<\/h1>\t\t\t\t<\/div>\n\t\t\t\t<\/div>\n\t\t\t\t\t<\/div>\n\t\t<\/div>\n\t\t\t\t<div class=\"elementor-column elementor-col-50 elementor-inner-column elementor-element elementor-element-23276cc\" data-id=\"23276cc\" data-element_type=\"column\">\n\t\t\t<div class=\"elementor-widget-wrap\">\n\t\t\t\t\t\t\t<\/div>\n\t\t<\/div>\n\t\t\t\t\t<\/div>\n\t\t<\/section>\n\t\t\t\t\t<\/div>\n\t\t<\/div>\n\t\t\t\t\t<\/div>\n\t\t<\/section>\n\t\t\t\t<section class=\"elementor-section elementor-top-section elementor-element elementor-element-0afc7e5 elementor-section-boxed elementor-section-height-default elementor-section-height-default\" data-id=\"0afc7e5\" data-element_type=\"section\">\n\t\t\t\t\t\t<div class=\"elementor-container elementor-column-gap-default\">\n\t\t\t\t\t<div class=\"elementor-column elementor-col-50 elementor-top-column elementor-element elementor-element-f46c7ac\" data-id=\"f46c7ac\" data-element_type=\"column\">\n\t\t\t<div class=\"elementor-widget-wrap elementor-element-populated\">\n\t\t\t\t\t\t<div class=\"vamtam-has-theme-widget-styles elementor-element elementor-element-6903b52 elementor-hidden-tablet elementor-hidden-mobile elementor-widget elementor-widget-image\" data-id=\"6903b52\" data-element_type=\"widget\" data-widget_type=\"image.default\">\n\t\t\t\t<div class=\"elementor-widget-container\">\n\t\t\t\t\t\t\t\t\t<div class=\"elementor-image\">\n\t\t\t\t\t\t\t\t\t\t\t\t\t\t\t\t\t\t\t\t\t<img fetchpriority=\"high\" decoding=\"async\" width=\"2560\" height=\"1707\" src=\"https:\/\/jquijano.com\/espana\/wp-content\/uploads\/2024\/04\/lawyer-singing-in-documents-filling-court-records-2023-11-27-04-57-51-utc-min-scaled.jpg\" class=\"attachment-full size-full wp-image-990094\" alt=\"\" srcset=\"https:\/\/jquijano.com\/espana\/wp-content\/uploads\/2024\/04\/lawyer-singing-in-documents-filling-court-records-2023-11-27-04-57-51-utc-min-scaled.jpg 2560w, https:\/\/jquijano.com\/espana\/wp-content\/uploads\/2024\/04\/lawyer-singing-in-documents-filling-court-records-2023-11-27-04-57-51-utc-min-300x200.jpg 300w, https:\/\/jquijano.com\/espana\/wp-content\/uploads\/2024\/04\/lawyer-singing-in-documents-filling-court-records-2023-11-27-04-57-51-utc-min-1024x683.jpg 1024w, https:\/\/jquijano.com\/espana\/wp-content\/uploads\/2024\/04\/lawyer-singing-in-documents-filling-court-records-2023-11-27-04-57-51-utc-min-768x512.jpg 768w, https:\/\/jquijano.com\/espana\/wp-content\/uploads\/2024\/04\/lawyer-singing-in-documents-filling-court-records-2023-11-27-04-57-51-utc-min-1536x1024.jpg 1536w, https:\/\/jquijano.com\/espana\/wp-content\/uploads\/2024\/04\/lawyer-singing-in-documents-filling-court-records-2023-11-27-04-57-51-utc-min-2048x1365.jpg 2048w\" sizes=\"(max-width: 2560px) 100vw, 2560px\" title=\"\">\t\t\t\t\t\t\t\t\t\t\t\t\t\t\t\t\t\t\t\t\t\t\t\t<\/div>\n\t\t\t\t\t\t\t\t<\/div>\n\t\t\t\t<\/div>\n\t\t\t\t<div class=\"elementor-element elementor-element-b77d5e5 elementor-widget__width-auto elementor-widget elementor-widget-heading\" data-id=\"b77d5e5\" data-element_type=\"widget\" data-settings=\"{&quot;_animation&quot;:&quot;none&quot;,&quot;_animation_tablet&quot;:&quot;none&quot;,&quot;_animation_delay&quot;:200}\" data-widget_type=\"heading.default\">\n\t\t\t\t<div class=\"elementor-widget-container\">\n\t\t\t\t\t<h2 class=\"elementor-heading-title elementor-size-default\">Litigios y Resoluci\u00f3n de Disputas\n en Panam\u00e1\n<\/h2>\t\t\t\t<\/div>\n\t\t\t\t<\/div>\n\t\t\t\t<div class=\"elementor-element elementor-element-c2e1aba elementor-widget elementor-widget-text-editor\" data-id=\"c2e1aba\" data-element_type=\"widget\" data-widget_type=\"text-editor.default\">\n\t\t\t\t<div class=\"elementor-widget-container\">\n\t\t\t\t\t\t\t\t\tNuestra firma de abogados ofrece asesor\u00eda y asistencia en la presentaci\u00f3n de reclamos, demandas judiciales con medidas cautelares de secuestro o aseguramiento de pruebas ante los Tribunales de Justicia en Panam\u00e1.\n<br><br>\n\nDentro de dicha pr\u00e1ctica realizamos el estudio preliminar del caso con la finalidad de determinar la viabilidad del proceso judicial para alcanzar el resultado deseado, as\u00ed como el t\u00e9rmino aproximado de la controversia.\n<br><br>\nRepresentamos a nuestros clientes en calidad de demandantes o demandados en la esfera civil, mercantil, mar\u00edtima, propiedad intelectual y penal en todas las fases del proceso, en primera y segunda instancia, apelaci\u00f3n y en grado de casaci\u00f3n.\n\n\t\t\t\t\t\t\t\t<\/div>\n\t\t\t\t<\/div>\n\t\t\t\t\t<\/div>\n\t\t<\/div>\n\t\t\t\t<div class=\"elementor-column elementor-col-50 elementor-top-column elementor-element elementor-element-61e811d\" data-id=\"61e811d\" data-element_type=\"column\">\n\t\t\t<div class=\"elementor-widget-wrap elementor-element-populated\">\n\t\t\t\t\t\t<section class=\"elementor-section elementor-inner-section elementor-element elementor-element-227d150 elementor-section-boxed elementor-section-height-default elementor-section-height-default\" data-id=\"227d150\" data-element_type=\"section\" data-settings=\"{&quot;background_background&quot;:&quot;classic&quot;}\">\n\t\t\t\t\t\t<div class=\"elementor-container elementor-column-gap-default\">\n\t\t\t\t\t<div class=\"elementor-column elementor-col-100 elementor-inner-column elementor-element elementor-element-50c1362\" data-id=\"50c1362\" data-element_type=\"column\">\n\t\t\t<div class=\"elementor-widget-wrap elementor-element-populated\">\n\t\t\t\t\t\t<div class=\"elementor-element elementor-element-039bcae elementor-widget elementor-widget-heading\" data-id=\"039bcae\" data-element_type=\"widget\" data-widget_type=\"heading.default\">\n\t\t\t\t<div class=\"elementor-widget-container\">\n\t\t\t\t\t<h3 class=\"elementor-heading-title elementor-size-default\">Consulte con nosotros<\/h3>\t\t\t\t<\/div>\n\t\t\t\t<\/div>\n\t\t\t\t<div class=\"elementor-element elementor-element-cb40ba9 elementor-widget-divider--view-line elementor-widget elementor-widget-divider\" data-id=\"cb40ba9\" data-element_type=\"widget\" data-widget_type=\"divider.default\">\n\t\t\t\t<div class=\"elementor-widget-container\">\n\t\t\t\t\t\t\t<div class=\"elementor-divider\">\n\t\t\t<span class=\"elementor-divider-separator\">\n\t\t\t\t\t\t<\/span>\n\t\t<\/div>\n\t\t\t\t\t\t<\/div>\n\t\t\t\t<\/div>\n\t\t\t\t<div class=\"elementor-element elementor-element-88a5df3 elementor-widget elementor-widget-html\" data-id=\"88a5df3\" data-element_type=\"widget\" data-widget_type=\"html.default\">\n\t\t\t\t<div class=\"elementor-widget-container\">\n\t\t\t\t\t<script charset=\"utf-8\" type=\"text\/javascript\" src=\"\/\/js.hsforms.net\/forms\/embed\/v2.js\"><\/script>\n<script>\n  hbspt.forms.create({\n    region: \"na1\",\n    portalId: \"23533289\",\n    formId: \"766b90b3-4093-49f5-839a-c27edeca6ae1\"\n  });\n<\/script>\t\t\t\t<\/div>\n\t\t\t\t<\/div>\n\t\t\t\t\t<\/div>\n\t\t<\/div>\n\t\t\t\t\t<\/div>\n\t\t<\/section>\n\t\t\t\t\t<\/div>\n\t\t<\/div>\n\t\t\t\t\t<\/div>\n\t\t<\/section>\n\t\t\t\t<\/div>\n\t\t","protected":false},"excerpt":{"rendered":"<p>Disputas y Resoluci\u00f3n de Conflictos Litigios y Resoluci\u00f3n de Disputas Litigios y Resoluci\u00f3n de Disputas en Panam\u00e1 Nuestra firma de abogados ofrece asesor\u00eda y asistencia en la presentaci\u00f3n de reclamos, demandas judiciales con medidas cautelares de secuestro o aseguramiento de pruebas ante los Tribunales de Justicia en Panam\u00e1. Dentro de dicha pr\u00e1ctica realizamos el estudio&#8230;<\/p>\n","protected":false},"author":1,"featured_media":0,"parent":0,"menu_order":0,"comment_status":"closed","ping_status":"closed","template":"","meta":{"content-type":"","footnotes":""},"class_list":["post-478","page","type-page","status-publish","hentry"],"_links":{"self":[{"href":"https:\/\/jquijano.com\/espana\/wp-json\/wp\/v2\/pages\/478","targetHints":{"allow":["GET"]}}],"collection":[{"href":"https:\/\/jquijano.com\/espana\/wp-json\/wp\/v2\/pages"}],"about":[{"href":"https:\/\/jquijano.com\/espana\/wp-json\/wp\/v2\/types\/page"}],"author":[{"embeddable":true,"href":"https:\/\/jquijano.com\/espana\/wp-json\/wp\/v2\/users\/1"}],"replies":[{"embeddable":true,"href":"https:\/\/jquijano.com\/espana\/wp-json\/wp\/v2\/comments?post=478"}],"version-history":[{"count":32,"href":"https:\/\/jquijano.com\/espana\/wp-json\/wp\/v2\/pages\/478\/revisions"}],"predecessor-version":[{"id":992738,"href":"https:\/\/jquijano.com\/espana\/wp-json\/wp\/v2\/pages\/478\/revisions\/992738"}],"wp:attachment":[{"href":"https:\/\/jquijano.com\/espana\/wp-json\/wp\/v2\/media?parent=478"}],"curies":[{"name":"wp","href":"https:\/\/api.w.org\/{rel}","templated":true}]}}