{"id":4938,"date":"2022-08-12T18:18:23","date_gmt":"2022-08-12T23:18:23","guid":{"rendered":"https:\/\/jquijano.com\/espa%C3%B1a\/?page_id=4938"},"modified":"2025-11-12T18:08:23","modified_gmt":"2025-11-12T23:08:23","slug":"monica-effio","status":"publish","type":"page","link":"https:\/\/jquijano.com\/espana\/monica-effio\/","title":{"rendered":"M\u00f3nica Effio"},"content":{"rendered":"\t\t<div data-elementor-type=\"wp-page\" data-elementor-id=\"4938\" class=\"elementor elementor-4938\" data-elementor-post-type=\"page\">\n\t\t\t\t\t\t<section class=\"elementor-section elementor-top-section elementor-element elementor-element-2a03584 elementor-section-boxed elementor-section-height-default elementor-section-height-default\" data-id=\"2a03584\" data-element_type=\"section\" data-settings=\"{&quot;background_background&quot;:&quot;classic&quot;}\">\n\t\t\t\t\t\t\t<div class=\"elementor-background-overlay\"><\/div>\n\t\t\t\t\t\t\t<div class=\"elementor-container elementor-column-gap-default\">\n\t\t\t\t\t<div class=\"elementor-column elementor-col-50 elementor-top-column elementor-element elementor-element-a1f5127\" data-id=\"a1f5127\" data-element_type=\"column\" data-settings=\"{&quot;background_background&quot;:&quot;classic&quot;}\">\n\t\t\t<div class=\"elementor-widget-wrap elementor-element-populated\">\n\t\t\t\t\t\t<div class=\"elementor-element elementor-element-d6eb08b elementor-widget elementor-widget-heading\" data-id=\"d6eb08b\" data-element_type=\"widget\" data-widget_type=\"heading.default\">\n\t\t\t\t<div class=\"elementor-widget-container\">\n\t\t\t\t\t<h2 class=\"elementor-heading-title elementor-size-large\">M\u00f3nica Effio<\/h2>\t\t\t\t<\/div>\n\t\t\t\t<\/div>\n\t\t\t\t<div class=\"elementor-element elementor-element-88d5cdf elementor-widget elementor-widget-heading\" data-id=\"88d5cdf\" data-element_type=\"widget\" data-widget_type=\"heading.default\">\n\t\t\t\t<div class=\"elementor-widget-container\">\n\t\t\t\t\t<h3 class=\"elementor-heading-title elementor-size-default\">asociada<\/h3>\t\t\t\t<\/div>\n\t\t\t\t<\/div>\n\t\t\t\t<div class=\"vamtam-has-theme-widget-styles elementor-element elementor-element-73f32f9 elementor-widget elementor-widget-image\" data-id=\"73f32f9\" data-element_type=\"widget\" data-widget_type=\"image.default\">\n\t\t\t\t<div class=\"elementor-widget-container\">\n\t\t\t\t\t\t\t\t\t<div class=\"elementor-image\">\n\t\t\t\t\t\t\t\t\t\t\t\t\t\t\t\t\t\t\t\t\t<img fetchpriority=\"high\" decoding=\"async\" width=\"300\" height=\"300\" src=\"https:\/\/jquijano.com\/espana\/wp-content\/uploads\/2022\/08\/monica-effio-300x300.jpg\" class=\"attachment-medium size-medium wp-image-4965\" alt=\"monica effio\" srcset=\"https:\/\/jquijano.com\/espana\/wp-content\/uploads\/2022\/08\/monica-effio-300x300.jpg 300w, https:\/\/jquijano.com\/espana\/wp-content\/uploads\/2022\/08\/monica-effio-150x150.jpg 150w, https:\/\/jquijano.com\/espana\/wp-content\/uploads\/2022\/08\/monica-effio-768x768.jpg 768w, https:\/\/jquijano.com\/espana\/wp-content\/uploads\/2022\/08\/monica-effio.jpg 1000w\" sizes=\"(max-width: 300px) 100vw, 300px\" title=\"\">\t\t\t\t\t\t\t\t\t\t\t\t\t\t\t\t\t\t\t\t\t\t\t\t<\/div>\n\t\t\t\t\t\t\t\t<\/div>\n\t\t\t\t<\/div>\n\t\t\t\t<div class=\"elementor-element elementor-element-0a59d7d elementor-icon-list--layout-inline elementor-align-center elementor-list-item-link-full_width elementor-widget elementor-widget-icon-list\" data-id=\"0a59d7d\" data-element_type=\"widget\" data-widget_type=\"icon-list.default\">\n\t\t\t\t<div class=\"elementor-widget-container\">\n\t\t\t\t\t\t\t<ul class=\"elementor-icon-list-items elementor-inline-items\">\n\t\t\t\t\t\t\t<li class=\"elementor-icon-list-item elementor-inline-item\">\n\t\t\t\t\t\t\t\t\t\t\t<span class=\"elementor-icon-list-icon\">\n\t\t\t\t\t\t\t<i aria-hidden=\"true\" class=\"fas fa-envelope\"><\/i>\t\t\t\t\t\t<\/span>\n\t\t\t\t\t\t\t\t\t\t<span class=\"elementor-icon-list-text\">meffio@jquijano.com<\/span>\n\t\t\t\t\t\t\t\t\t<\/li>\n\t\t\t\t\t\t<\/ul>\n\t\t\t\t\t\t<\/div>\n\t\t\t\t<\/div>\n\t\t\t\t\t<\/div>\n\t\t<\/div>\n\t\t\t\t<div class=\"elementor-column elementor-col-50 elementor-top-column elementor-element elementor-element-ba1a986\" data-id=\"ba1a986\" data-element_type=\"column\" data-settings=\"{&quot;background_background&quot;:&quot;classic&quot;}\">\n\t\t\t<div class=\"elementor-widget-wrap elementor-element-populated\">\n\t\t\t\t\t\t<div class=\"elementor-element elementor-element-0e5d0ce elementor-widget elementor-widget-text-editor\" data-id=\"0e5d0ce\" data-element_type=\"widget\" data-widget_type=\"text-editor.default\">\n\t\t\t\t<div class=\"elementor-widget-container\">\n\t\t\t\t\t\t\t\t\t<h3>\u00c1reas de Pr\u00e1ctica<\/h3>\nDerecho de la Construcci\u00f3n, Reclamaciones de Construcci\u00f3n, Gesti\u00f3n de proyectos, Contratos Comerciales, Quiebra &#8211; Liquidaci\u00f3n, Litigios Civiles y Comerciales, Resoluci\u00f3n Alternativa de Disputas, Arbitraje Internacional, Negociaci\u00f3n de contratos, Aviaci\u00f3n Comercial (operaciones asistencia en tierra aeroportuarias).\t\t\t\t\t\t\t\t<\/div>\n\t\t\t\t<\/div>\n\t\t\t\t<div class=\"elementor-element elementor-element-5ff097d elementor-widget elementor-widget-text-editor\" data-id=\"5ff097d\" data-element_type=\"widget\" data-widget_type=\"text-editor.default\">\n\t\t\t\t<div class=\"elementor-widget-container\">\n\t\t\t\t\t\t\t\t\t<p style=\"text-align: justify;\"><\/p>\n\nAbogada calificada y registrada en New York con m\u00e1s de 17 a\u00f1os de experiencia en derecho de la construcci\u00f3n y resoluci\u00f3n de disputas en grandes proyectos de infraestructura, transporte e ingenier\u00eda a nivel mundial. Asesor Legal Senior para proyectos de infraestructura a gran escala, como el Tercer Juego de Esclusas del Canal de Panam\u00e1, Tercer puente sobre el Canal de Panam\u00e1, Metro de Doha, Sistema de transporte para la Copa Mundial de la FIFA 2022 en Qatar y desarrollos importantes en los Emiratos \u00c1rabes Unidos como el Museo del Futuro, la sede de Beeah, Al Maryah Central, One at Palm, Dubai Mall, entre otros. Asesora legal de The Emirates Group en operaciones de asistencia en tierra aeroportuarias en los Emiratos \u00c1rabes Unidos e internacionalmente (Dubai\/Emiratos Arabes Unidos, Australia, Zanzibar, Suiza, Singapore, Gran Breta\u00f1a, Espa\u00f1a, Italia).\t\t\t\t\t\t\t\t<\/div>\n\t\t\t\t<\/div>\n\t\t\t\t\t<\/div>\n\t\t<\/div>\n\t\t\t\t\t<\/div>\n\t\t<\/section>\n\t\t\t\t<section class=\"elementor-section elementor-top-section elementor-element elementor-element-b078560 elementor-section-boxed elementor-section-height-default elementor-section-height-default\" data-id=\"b078560\" data-element_type=\"section\">\n\t\t\t\t\t\t<div class=\"elementor-container elementor-column-gap-default\">\n\t\t\t\t\t<div class=\"elementor-column elementor-col-100 elementor-top-column elementor-element elementor-element-8e9f98a\" data-id=\"8e9f98a\" data-element_type=\"column\">\n\t\t\t<div class=\"elementor-widget-wrap elementor-element-populated\">\n\t\t\t\t\t\t<div class=\"elementor-element elementor-element-0fa06e6 elementor-widget elementor-widget-elementskit-simple-tab\" data-id=\"0fa06e6\" data-element_type=\"widget\" data-widget_type=\"elementskit-simple-tab.default\">\n\t\t\t\t<div class=\"elementor-widget-container\">\n\t\t\t\t\t<div class=\"ekit-wid-con\" >        <div class=\"elementkit-tab-wraper  \">\n            <ul class=\"nav nav-tabs elementkit-tab-nav  elementskit-fullwidth-tab\">\n                                    <li class=\"elementkit-nav-item elementor-repeater-item-6de514f\">\n                        <a class=\"elementkit-nav-link  active show left-pos\" id=\"content-6de514f69ec2b0024eba-tab\" data-ekit-handler-id=\"-reas-de-pr-ctica\" data-ekit-toggle=\"tab\" data-target=\"#content-6de514f69ec2b0024eba\" href=\"#Content-6de514f69ec2b0024eba\"\n                            data-ekit-toggle-trigger=\"click\"\n                            aria-describedby=\"Content-6de514f69ec2b0024eba\">\n                            <span class=\" elementskit-tab-icon\"><\/span>                            <span class=\"elementskit-tab-title\"> \u00c1REAS DE PR\u00c1CTICA<\/span>\n                        <\/a>\n                    <\/li>\n                                        <li class=\"elementkit-nav-item elementor-repeater-item-2a8daaa\">\n                        <a class=\"elementkit-nav-link  left-pos\" id=\"content-2a8daaa69ec2b0024eba-tab\" data-ekit-handler-id=\"educaci-n\" data-ekit-toggle=\"tab\" data-target=\"#content-2a8daaa69ec2b0024eba\" href=\"#Content-2a8daaa69ec2b0024eba\"\n                            data-ekit-toggle-trigger=\"click\"\n                            aria-describedby=\"Content-2a8daaa69ec2b0024eba\">\n                            <span class=\" elementskit-tab-icon\"><\/span>                            <span class=\"elementskit-tab-title\"> EDUCACI\u00d3N<\/span>\n                        <\/a>\n                    <\/li>\n                                        <li class=\"elementkit-nav-item elementor-repeater-item-167b8ea\">\n                        <a class=\"elementkit-nav-link  left-pos\" id=\"content-167b8ea69ec2b0024eba-tab\" data-ekit-handler-id=\"calificaciones\" data-ekit-toggle=\"tab\" data-target=\"#content-167b8ea69ec2b0024eba\" href=\"#Content-167b8ea69ec2b0024eba\"\n                            data-ekit-toggle-trigger=\"click\"\n                            aria-describedby=\"Content-167b8ea69ec2b0024eba\">\n                            <span class=\" elementskit-tab-icon\"><\/span>                            <span class=\"elementskit-tab-title\"> CALIFICACIONES<\/span>\n                        <\/a>\n                    <\/li>\n                                <\/ul>\n\n            <div class=\"tab-content elementkit-tab-content\">\n                                    <div class=\"tab-pane elementkit-tab-pane elementor-repeater-item-6de514f  active show\" id=\"content-6de514f69ec2b0024eba\" role=\"tabpanel\"\n                         aria-labelledby=\"content-6de514f69ec2b0024eba-tab\">\n                        <div class=\"animated fadeIn\">\n                            <p style=\"text-align: justify;\">\u00a0<\/p><p style=\"text-align: justify;\">Las \u00e1reas de pr\u00e1ctica abarcan contratos de dise\u00f1o y construcci\u00f3n, mar\u00edtimos, transporte, ferrocarriles, t\u00faneles, reclamaciones y disputas de construcci\u00f3n, asuntos contenciosos y no contenciosos, derecho de construcci\u00f3n y contratos, resoluci\u00f3n de disputas y adjudicaci\u00f3n, mediaci\u00f3n y litigios (DAB, DRB), arbitraje internacional, gesti\u00f3n de contratos internacionales, aviaci\u00f3n comercial. Posee la doble distinci\u00f3n de estar calificada en los sistemas legales de derecho civil y derecho com\u00fan en Panam\u00e1 y en Nueva York respectivamente.<\/p><p>\u00a0<\/p>                        <\/div>\n                    <\/div>\n                                    <div class=\"tab-pane elementkit-tab-pane elementor-repeater-item-2a8daaa \" id=\"content-2a8daaa69ec2b0024eba\" role=\"tabpanel\"\n                         aria-labelledby=\"content-2a8daaa69ec2b0024eba-tab\">\n                        <div class=\"animated fadeIn\">\n                            <p><span style=\"font-family: pandisplay-regular;\">Indiana University-Purdue University at IndianapolisUniversidad Cat\u00f3lica Santa Mar\u00eda la Antigua \u2013 Juris Doctor (2002)<\/span><\/p><p><span style=\"font-family: pandisplay-regular;\">Universidad Externado de Colombia \u2013 Especialidad en Responsabilidad Civil y Da\u00f1os (2002)<\/span><\/p><p><span style=\"font-family: pandisplay-regular;\">Indiana University-Purdue University at Indianapolis &#8211; LLM, American Legal System, (2005)<\/span><\/p><p><span style=\"font-family: pandisplay-regular;\">Universidad de Harvard &#8211; Programa de Negociaciones (2014)<\/span><\/p><p><span style=\"font-family: pandisplay-regular;\">Heggen Videregaende, Noruega \u2013 Artes (1992) &#8211; LLM, American Legal System, (2005)<\/span><\/p><p><span style=\"font-family: pandisplay-regular;\">Universidad Externado de Colombia \u2013 Liability and Torts (2002)<\/span><\/p><p><span style=\"font-family: pandisplay-regular;\">Universidad Cat\u00f3lica Santa Maria la Antigua \u2013 Juris Doctor (2002)\u00a0<\/span><\/p><p><span style=\"font-family: pandisplay-regular;\">Heggen Videregaende, Norway \u2013 Arts (1992)<\/span><\/p><p><span style=\"font-family: pandisplay-regular;\">Harvard University &#8211; Program on Negotiations (2014)<\/span><\/p>                        <\/div>\n                    <\/div>\n                                    <div class=\"tab-pane elementkit-tab-pane elementor-repeater-item-167b8ea \" id=\"content-167b8ea69ec2b0024eba\" role=\"tabpanel\"\n                         aria-labelledby=\"content-167b8ea69ec2b0024eba-tab\">\n                        <div class=\"animated fadeIn\">\n                            <p>Abogada admitida en el estado de Nueva York, Estados Unidos de Am\u00e9rica \u2013 No de Registro 5646740<\/p><p>Abogada admitida en la Rep\u00fablica de Panam\u00e1 \u2013 No de Registro 5347<\/p>                        <\/div>\n                    <\/div>\n                                \n            <\/div>\n                    <\/div>\n    <\/div>\t\t\t\t<\/div>\n\t\t\t\t<\/div>\n\t\t\t\t\t<\/div>\n\t\t<\/div>\n\t\t\t\t\t<\/div>\n\t\t<\/section>\n\t\t\t\t<\/div>\n\t\t","protected":false},"excerpt":{"rendered":"<p>M\u00f3nica Effio asociada meffio@jquijano.com \u00c1reas de Pr\u00e1ctica Derecho de la Construcci\u00f3n, Reclamaciones de Construcci\u00f3n, Gesti\u00f3n de proyectos, Contratos Comerciales, Quiebra &#8211; Liquidaci\u00f3n, Litigios Civiles y Comerciales, Resoluci\u00f3n Alternativa de Disputas, Arbitraje Internacional, Negociaci\u00f3n de contratos, Aviaci\u00f3n Comercial (operaciones asistencia en tierra aeroportuarias). Abogada calificada y registrada en New York con m\u00e1s de 17 a\u00f1os de&#8230;<\/p>\n","protected":false},"author":1,"featured_media":0,"parent":0,"menu_order":0,"comment_status":"closed","ping_status":"closed","template":"","meta":{"content-type":"","footnotes":""},"class_list":["post-4938","page","type-page","status-publish","hentry"],"_links":{"self":[{"href":"https:\/\/jquijano.com\/espana\/wp-json\/wp\/v2\/pages\/4938","targetHints":{"allow":["GET"]}}],"collection":[{"href":"https:\/\/jquijano.com\/espana\/wp-json\/wp\/v2\/pages"}],"about":[{"href":"https:\/\/jquijano.com\/espana\/wp-json\/wp\/v2\/types\/page"}],"author":[{"embeddable":true,"href":"https:\/\/jquijano.com\/espana\/wp-json\/wp\/v2\/users\/1"}],"replies":[{"embeddable":true,"href":"https:\/\/jquijano.com\/espana\/wp-json\/wp\/v2\/comments?post=4938"}],"version-history":[{"count":17,"href":"https:\/\/jquijano.com\/espana\/wp-json\/wp\/v2\/pages\/4938\/revisions"}],"predecessor-version":[{"id":995339,"href":"https:\/\/jquijano.com\/espana\/wp-json\/wp\/v2\/pages\/4938\/revisions\/995339"}],"wp:attachment":[{"href":"https:\/\/jquijano.com\/espana\/wp-json\/wp\/v2\/media?parent=4938"}],"curies":[{"name":"wp","href":"https:\/\/api.w.org\/{rel}","templated":true}]}}