{"id":6095,"date":"2023-06-04T23:26:47","date_gmt":"2023-06-05T04:26:47","guid":{"rendered":"https:\/\/jquijano.com\/espa%C3%B1a\/?page_id=6095"},"modified":"2024-07-09T17:22:04","modified_gmt":"2024-07-09T22:22:04","slug":"demandas-ejecutivas","status":"publish","type":"page","link":"https:\/\/jquijano.com\/espana\/litigio-y-resolucion-de-disputas\/demandas-ejecutivas\/","title":{"rendered":"Demandas Ejecutivas"},"content":{"rendered":"\t\t<div data-elementor-type=\"wp-page\" data-elementor-id=\"6095\" class=\"elementor elementor-6095\" data-elementor-post-type=\"page\">\n\t\t\t\t\t\t<section class=\"elementor-section elementor-top-section elementor-element elementor-element-d369869 elementor-section-full_width elementor-section-content-middle elementor-section-stretched elementor-section-height-default elementor-section-height-default\" data-id=\"d369869\" data-element_type=\"section\" data-settings=\"{&quot;animation&quot;:&quot;none&quot;,&quot;stretch_section&quot;:&quot;section-stretched&quot;,&quot;background_background&quot;:&quot;classic&quot;}\">\n\t\t\t\t\t\t\t<div class=\"elementor-background-overlay\"><\/div>\n\t\t\t\t\t\t\t<div class=\"elementor-container elementor-column-gap-default\">\n\t\t\t\t\t<div class=\"elementor-column elementor-col-100 elementor-top-column elementor-element elementor-element-a1b0564\" data-id=\"a1b0564\" data-element_type=\"column\">\n\t\t\t<div class=\"elementor-widget-wrap elementor-element-populated\">\n\t\t\t\t\t\t<section class=\"elementor-section elementor-inner-section elementor-element elementor-element-bae30b9 elementor-section-boxed elementor-section-height-default elementor-section-height-default\" data-id=\"bae30b9\" data-element_type=\"section\">\n\t\t\t\t\t\t<div class=\"elementor-container elementor-column-gap-default\">\n\t\t\t\t\t<div class=\"elementor-column elementor-col-50 elementor-inner-column elementor-element elementor-element-a3f1157\" data-id=\"a3f1157\" data-element_type=\"column\">\n\t\t\t<div class=\"elementor-widget-wrap elementor-element-populated\">\n\t\t\t\t\t\t<div class=\"elementor-element elementor-element-e1a187f elementor-widget elementor-widget-heading\" data-id=\"e1a187f\" data-element_type=\"widget\" data-settings=\"{&quot;_animation&quot;:&quot;none&quot;}\" data-widget_type=\"heading.default\">\n\t\t\t\t<div class=\"elementor-widget-container\">\n\t\t\t\t\t<h3 class=\"elementor-heading-title elementor-size-default\">Disputas y Resoluci\u00f3n de Conflictos<\/h3>\t\t\t\t<\/div>\n\t\t\t\t<\/div>\n\t\t\t\t<div class=\"elementor-element elementor-element-00a8137 elementor-widget__width-auto elementor-widget elementor-widget-heading\" data-id=\"00a8137\" data-element_type=\"widget\" data-settings=\"{&quot;_animation&quot;:&quot;none&quot;,&quot;_animation_tablet&quot;:&quot;none&quot;,&quot;_animation_delay&quot;:200}\" data-widget_type=\"heading.default\">\n\t\t\t\t<div class=\"elementor-widget-container\">\n\t\t\t\t\t<h1 class=\"elementor-heading-title elementor-size-default\">Demandas Ejecutivas\n<\/h1>\t\t\t\t<\/div>\n\t\t\t\t<\/div>\n\t\t\t\t\t<\/div>\n\t\t<\/div>\n\t\t\t\t<div class=\"elementor-column elementor-col-50 elementor-inner-column elementor-element elementor-element-7235305\" data-id=\"7235305\" data-element_type=\"column\">\n\t\t\t<div class=\"elementor-widget-wrap\">\n\t\t\t\t\t\t\t<\/div>\n\t\t<\/div>\n\t\t\t\t\t<\/div>\n\t\t<\/section>\n\t\t\t\t\t<\/div>\n\t\t<\/div>\n\t\t\t\t\t<\/div>\n\t\t<\/section>\n\t\t\t\t<section class=\"elementor-section elementor-top-section elementor-element elementor-element-88b7683 elementor-section-boxed elementor-section-height-default elementor-section-height-default\" data-id=\"88b7683\" data-element_type=\"section\">\n\t\t\t\t\t\t<div class=\"elementor-container elementor-column-gap-default\">\n\t\t\t\t\t<div class=\"elementor-column elementor-col-50 elementor-top-column elementor-element elementor-element-acf6bd8\" data-id=\"acf6bd8\" data-element_type=\"column\">\n\t\t\t<div class=\"elementor-widget-wrap elementor-element-populated\">\n\t\t\t\t\t\t<div class=\"vamtam-has-theme-widget-styles elementor-element elementor-element-ad78a11 elementor-hidden-tablet elementor-hidden-mobile elementor-widget elementor-widget-image\" data-id=\"ad78a11\" data-element_type=\"widget\" data-widget_type=\"image.default\">\n\t\t\t\t<div class=\"elementor-widget-container\">\n\t\t\t\t\t\t\t\t\t<div class=\"elementor-image\">\n\t\t\t\t\t\t\t\t\t\t\t\t\t\t\t\t\t\t\t\t\t<img fetchpriority=\"high\" decoding=\"async\" width=\"740\" height=\"436\" src=\"https:\/\/jquijano.com\/espana\/wp-content\/uploads\/2024\/04\/DEMANDAS-EJECUTIVAS.jpg\" class=\"attachment-full size-full wp-image-990029\" alt=\"\" srcset=\"https:\/\/jquijano.com\/espana\/wp-content\/uploads\/2024\/04\/DEMANDAS-EJECUTIVAS.jpg 740w, https:\/\/jquijano.com\/espana\/wp-content\/uploads\/2024\/04\/DEMANDAS-EJECUTIVAS-300x177.jpg 300w\" sizes=\"(max-width: 740px) 100vw, 740px\" title=\"\">\t\t\t\t\t\t\t\t\t\t\t\t\t\t\t\t\t\t\t\t\t\t\t\t<\/div>\n\t\t\t\t\t\t\t\t<\/div>\n\t\t\t\t<\/div>\n\t\t\t\t<div class=\"elementor-element elementor-element-dbdd73b elementor-widget__width-auto elementor-widget elementor-widget-heading\" data-id=\"dbdd73b\" data-element_type=\"widget\" data-settings=\"{&quot;_animation&quot;:&quot;none&quot;,&quot;_animation_tablet&quot;:&quot;none&quot;,&quot;_animation_delay&quot;:200}\" data-widget_type=\"heading.default\">\n\t\t\t\t<div class=\"elementor-widget-container\">\n\t\t\t\t\t<h2 class=\"elementor-heading-title elementor-size-default\">Demandas Ejecutivas\n en Panam\u00e1\n<\/h2>\t\t\t\t<\/div>\n\t\t\t\t<\/div>\n\t\t\t\t<section class=\"elementor-section elementor-inner-section elementor-element elementor-element-403f7e6 elementor-section-boxed elementor-section-height-default elementor-section-height-default\" data-id=\"403f7e6\" data-element_type=\"section\" data-settings=\"{&quot;background_background&quot;:&quot;classic&quot;}\">\n\t\t\t\t\t\t<div class=\"elementor-container elementor-column-gap-default\">\n\t\t\t\t\t<div class=\"elementor-column elementor-col-100 elementor-inner-column elementor-element elementor-element-40c059b\" data-id=\"40c059b\" data-element_type=\"column\">\n\t\t\t<div class=\"elementor-widget-wrap elementor-element-populated\">\n\t\t\t\t\t\t<div class=\"elementor-element elementor-element-cb254f9 elementor-widget elementor-widget-heading\" data-id=\"cb254f9\" data-element_type=\"widget\" data-widget_type=\"heading.default\">\n\t\t\t\t<div class=\"elementor-widget-container\">\n\t\t\t\t\t<h2 class=\"elementor-heading-title elementor-size-default\">Asesoramos a nuestros clientes con la presentaci\u00f3n y seguimiento continuo de demandas ejecutivas ante los Juzgados Civiles, Apelaciones ante los Tribunales Superiores y Recursos de Casaci\u00f3n en las siguientes materias:\n\n<\/h2>\t\t\t\t<\/div>\n\t\t\t\t<\/div>\n\t\t\t\t\t<\/div>\n\t\t<\/div>\n\t\t\t\t\t<\/div>\n\t\t<\/section>\n\t\t\t\t<section class=\"elementor-section elementor-inner-section elementor-element elementor-element-669133d elementor-section-boxed elementor-section-height-default elementor-section-height-default\" data-id=\"669133d\" data-element_type=\"section\">\n\t\t\t\t\t\t<div class=\"elementor-container elementor-column-gap-no\">\n\t\t\t\t\t<div class=\"elementor-column elementor-col-100 elementor-inner-column elementor-element elementor-element-06c0275\" data-id=\"06c0275\" data-element_type=\"column\">\n\t\t\t<div class=\"elementor-widget-wrap elementor-element-populated\">\n\t\t\t\t\t\t<div class=\"elementor-element elementor-element-124024e elementor-widget elementor-widget-text-editor\" data-id=\"124024e\" data-element_type=\"widget\" data-widget_type=\"text-editor.default\">\n\t\t\t\t<div class=\"elementor-widget-container\">\n\t\t\t\t\t\t\t\t\t<ul>\n \t<li>Procesos Ejecutivos Simples (Pagar\u00e9s, Letras de Cambio, Cheques)<\/li><br>\n \t<li>Procesos Ejecutivos Hipotecarios<\/li><br>\n \t<li>Procesos Ejecutivos Prendarios<\/li><br>\n \t<li>Procesos Ejecutivos por c\u00e1nones de arrendamiento adeudados<\/li><br>\n \t<li>Procesos Ejecutivos Laborales<\/li><br>\n \t<li>Tercer\u00edas Excluyente y Coadyuvante<\/li>\n<\/ul>\t\t\t\t\t\t\t\t<\/div>\n\t\t\t\t<\/div>\n\t\t\t\t\t<\/div>\n\t\t<\/div>\n\t\t\t\t\t<\/div>\n\t\t<\/section>\n\t\t\t\t<div class=\"elementor-element elementor-element-a47d603 elementor-widget elementor-widget-text-editor\" data-id=\"a47d603\" data-element_type=\"widget\" data-widget_type=\"text-editor.default\">\n\t\t\t\t<div class=\"elementor-widget-container\">\n\t\t\t\t\t\t\t\t\t<p><strong>Estos tipos de procesos conllevan las siguientes etapas procesales:<\/strong><\/p>\t\t\t\t\t\t\t\t<\/div>\n\t\t\t\t<\/div>\n\t\t\t\t<div class=\"elementor-element elementor-element-102bc01 elementor-widget elementor-widget-text-editor\" data-id=\"102bc01\" data-element_type=\"widget\" data-widget_type=\"text-editor.default\">\n\t\t\t\t<div class=\"elementor-widget-container\">\n\t\t\t\t\t\t\t\t\t<ul>\n \t<li>Presentaci\u00f3n de la Demanda<\/li><br>\n \t<li>Emisi\u00f3n del Auto o Resoluci\u00f3n que libra Mandamiento de Pago<\/li><br>\n \t<li>Notificaci\u00f3n del Auto al Deudor<\/li><br>\n \t<li>Cancelaci\u00f3n de la obligaci\u00f3n por parte del Deudor o Excepci\u00f3n de Pago en caso de haberla cancelado.<\/li><br>\n \t<li>Embargo de bienes muebles e inmuebles del deudor (cuentas bancarias, cuentas por cobrar, fincas, veh\u00edculos, certificados de acciones, etc.)<\/li>\n<\/ul>\t\t\t\t\t\t\t\t<\/div>\n\t\t\t\t<\/div>\n\t\t\t\t\t<\/div>\n\t\t<\/div>\n\t\t\t\t<div class=\"elementor-column elementor-col-50 elementor-top-column elementor-element elementor-element-a6b2bd6\" data-id=\"a6b2bd6\" data-element_type=\"column\">\n\t\t\t<div class=\"elementor-widget-wrap elementor-element-populated\">\n\t\t\t\t\t\t<section class=\"elementor-section elementor-inner-section elementor-element elementor-element-f229d48 elementor-section-boxed elementor-section-height-default elementor-section-height-default\" data-id=\"f229d48\" data-element_type=\"section\" data-settings=\"{&quot;background_background&quot;:&quot;classic&quot;}\">\n\t\t\t\t\t\t<div class=\"elementor-container elementor-column-gap-default\">\n\t\t\t\t\t<div class=\"elementor-column elementor-col-100 elementor-inner-column elementor-element elementor-element-28a07cf\" data-id=\"28a07cf\" data-element_type=\"column\">\n\t\t\t<div class=\"elementor-widget-wrap elementor-element-populated\">\n\t\t\t\t\t\t<div class=\"elementor-element elementor-element-f708ec5 elementor-widget elementor-widget-heading\" data-id=\"f708ec5\" data-element_type=\"widget\" data-widget_type=\"heading.default\">\n\t\t\t\t<div class=\"elementor-widget-container\">\n\t\t\t\t\t<h3 class=\"elementor-heading-title elementor-size-default\">Consulte con nosotros<\/h3>\t\t\t\t<\/div>\n\t\t\t\t<\/div>\n\t\t\t\t<div class=\"elementor-element elementor-element-e609667 elementor-widget-divider--view-line elementor-widget elementor-widget-divider\" data-id=\"e609667\" data-element_type=\"widget\" data-widget_type=\"divider.default\">\n\t\t\t\t<div class=\"elementor-widget-container\">\n\t\t\t\t\t\t\t<div class=\"elementor-divider\">\n\t\t\t<span class=\"elementor-divider-separator\">\n\t\t\t\t\t\t<\/span>\n\t\t<\/div>\n\t\t\t\t\t\t<\/div>\n\t\t\t\t<\/div>\n\t\t\t\t<div class=\"elementor-element elementor-element-0b06952 elementor-widget elementor-widget-html\" data-id=\"0b06952\" data-element_type=\"widget\" data-widget_type=\"html.default\">\n\t\t\t\t<div class=\"elementor-widget-container\">\n\t\t\t\t\t<script charset=\"utf-8\" type=\"text\/javascript\" src=\"\/\/js.hsforms.net\/forms\/embed\/v2.js\"><\/script>\n<script>\n  hbspt.forms.create({\n    region: \"na1\",\n    portalId: \"23533289\",\n    formId: \"766b90b3-4093-49f5-839a-c27edeca6ae1\"\n  });\n<\/script>\t\t\t\t<\/div>\n\t\t\t\t<\/div>\n\t\t\t\t\t<\/div>\n\t\t<\/div>\n\t\t\t\t\t<\/div>\n\t\t<\/section>\n\t\t\t\t<section class=\"elementor-section elementor-inner-section elementor-element elementor-element-7a9c6e7 elementor-section-boxed elementor-section-height-default elementor-section-height-default\" data-id=\"7a9c6e7\" data-element_type=\"section\" data-settings=\"{&quot;background_background&quot;:&quot;classic&quot;}\">\n\t\t\t\t\t\t<div class=\"elementor-container elementor-column-gap-default\">\n\t\t\t\t\t<div class=\"elementor-column elementor-col-100 elementor-inner-column elementor-element elementor-element-23820cc\" data-id=\"23820cc\" data-element_type=\"column\">\n\t\t\t<div class=\"elementor-widget-wrap elementor-element-populated\">\n\t\t\t\t\t\t<div class=\"elementor-element elementor-element-da1fb30 elementor-widget elementor-widget-heading\" data-id=\"da1fb30\" data-element_type=\"widget\" data-widget_type=\"heading.default\">\n\t\t\t\t<div class=\"elementor-widget-container\">\n\t\t\t\t\t<h3 class=\"elementor-heading-title elementor-size-default\">Otros Servicios <\/h3>\t\t\t\t<\/div>\n\t\t\t\t<\/div>\n\t\t\t\t<div class=\"elementor-element elementor-element-221fe9b elementor-widget-divider--view-line elementor-widget elementor-widget-divider\" data-id=\"221fe9b\" data-element_type=\"widget\" data-widget_type=\"divider.default\">\n\t\t\t\t<div class=\"elementor-widget-container\">\n\t\t\t\t\t\t\t<div class=\"elementor-divider\">\n\t\t\t<span class=\"elementor-divider-separator\">\n\t\t\t\t\t\t<\/span>\n\t\t<\/div>\n\t\t\t\t\t\t<\/div>\n\t\t\t\t<\/div>\n\t\t\t\t<div class=\"elementor-element elementor-element-d1da625 elementor-position-left elementor-vertical-align-middle elementor-position-left elementor-vertical-align-middle elementor-widget elementor-widget-image-box\" data-id=\"d1da625\" data-element_type=\"widget\" data-widget_type=\"image-box.default\">\n\t\t\t\t<div class=\"elementor-widget-container\">\n\t\t\t\t\t<div class=\"elementor-image-box-wrapper\"><figure class=\"elementor-image-box-img\"><a href=\"https:\/\/jquijano.com\/espana\/derecho-corporativo\/\" tabindex=\"-1\"><img decoding=\"async\" width=\"600\" height=\"600\" src=\"https:\/\/jquijano.com\/espana\/wp-content\/uploads\/2024\/03\/ICONOS-en-dorado-1.png\" class=\"attachment-full size-full wp-image-989124\" alt=\"\" title=\"\" srcset=\"https:\/\/jquijano.com\/espana\/wp-content\/uploads\/2024\/03\/ICONOS-en-dorado-1.png 600w, https:\/\/jquijano.com\/espana\/wp-content\/uploads\/2024\/03\/ICONOS-en-dorado-1-300x300.png 300w, https:\/\/jquijano.com\/espana\/wp-content\/uploads\/2024\/03\/ICONOS-en-dorado-1-150x150.png 150w\" sizes=\"(max-width: 600px) 100vw, 600px\" \/><\/a><\/figure><div class=\"elementor-image-box-content\"><h3 class=\"elementor-image-box-title\"><a href=\"https:\/\/jquijano.com\/espana\/derecho-corporativo\/\">Derecho Corporativo<\/a><\/h3><\/div><\/div>\t\t\t\t<\/div>\n\t\t\t\t<\/div>\n\t\t\t\t<div class=\"elementor-element elementor-element-bb8c9c9 elementor-position-left elementor-vertical-align-middle elementor-widget elementor-widget-image-box\" data-id=\"bb8c9c9\" data-element_type=\"widget\" data-widget_type=\"image-box.default\">\n\t\t\t\t<div class=\"elementor-widget-container\">\n\t\t\t\t\t<div class=\"elementor-image-box-wrapper\"><figure class=\"elementor-image-box-img\"><a href=\"https:\/\/jquijano.com\/espana\/derecho-tributario\/\" tabindex=\"-1\"><img decoding=\"async\" width=\"600\" height=\"600\" src=\"https:\/\/jquijano.com\/espana\/wp-content\/uploads\/2024\/03\/ICONOS-en-dorado2-1.png\" class=\"attachment-full size-full wp-image-989126\" alt=\"\" title=\"\" srcset=\"https:\/\/jquijano.com\/espana\/wp-content\/uploads\/2024\/03\/ICONOS-en-dorado2-1.png 600w, https:\/\/jquijano.com\/espana\/wp-content\/uploads\/2024\/03\/ICONOS-en-dorado2-1-300x300.png 300w, https:\/\/jquijano.com\/espana\/wp-content\/uploads\/2024\/03\/ICONOS-en-dorado2-1-150x150.png 150w\" sizes=\"(max-width: 600px) 100vw, 600px\" \/><\/a><\/figure><div class=\"elementor-image-box-content\"><h3 class=\"elementor-image-box-title\"><a href=\"https:\/\/jquijano.com\/espana\/derecho-tributario\/\">Derecho Tributario<\/a><\/h3><\/div><\/div>\t\t\t\t<\/div>\n\t\t\t\t<\/div>\n\t\t\t\t<div class=\"elementor-element elementor-element-b05883b elementor-position-left elementor-vertical-align-middle elementor-widget elementor-widget-image-box\" data-id=\"b05883b\" data-element_type=\"widget\" data-widget_type=\"image-box.default\">\n\t\t\t\t<div class=\"elementor-widget-container\">\n\t\t\t\t\t<div class=\"elementor-image-box-wrapper\"><figure class=\"elementor-image-box-img\"><a href=\"https:\/\/jquijano.com\/espana\/derecho-migratorio\/\" tabindex=\"-1\"><img loading=\"lazy\" decoding=\"async\" width=\"600\" height=\"600\" src=\"https:\/\/jquijano.com\/espana\/wp-content\/uploads\/2024\/03\/ICONOS-en-dorado5-1.png\" class=\"attachment-full size-full wp-image-989129\" alt=\"\" title=\"\" srcset=\"https:\/\/jquijano.com\/espana\/wp-content\/uploads\/2024\/03\/ICONOS-en-dorado5-1.png 600w, https:\/\/jquijano.com\/espana\/wp-content\/uploads\/2024\/03\/ICONOS-en-dorado5-1-300x300.png 300w, https:\/\/jquijano.com\/espana\/wp-content\/uploads\/2024\/03\/ICONOS-en-dorado5-1-150x150.png 150w\" sizes=\"(max-width: 600px) 100vw, 600px\" \/><\/a><\/figure><div class=\"elementor-image-box-content\"><h3 class=\"elementor-image-box-title\"><a href=\"https:\/\/jquijano.com\/espana\/derecho-migratorio\/\">Derecho Migratorio<\/a><\/h3><\/div><\/div>\t\t\t\t<\/div>\n\t\t\t\t<\/div>\n\t\t\t\t<div class=\"elementor-element elementor-element-7b7414e elementor-position-left elementor-vertical-align-middle elementor-widget elementor-widget-image-box\" data-id=\"7b7414e\" data-element_type=\"widget\" data-widget_type=\"image-box.default\">\n\t\t\t\t<div class=\"elementor-widget-container\">\n\t\t\t\t\t<div class=\"elementor-image-box-wrapper\"><figure class=\"elementor-image-box-img\"><a href=\"https:\/\/jquijano.com\/espana\/derecho-maritimo\/\" tabindex=\"-1\"><img loading=\"lazy\" decoding=\"async\" width=\"600\" height=\"600\" src=\"https:\/\/jquijano.com\/espana\/wp-content\/uploads\/2024\/03\/ICONOS-en-dorado4-1.png\" class=\"attachment-full size-full wp-image-989128\" alt=\"\" title=\"\" srcset=\"https:\/\/jquijano.com\/espana\/wp-content\/uploads\/2024\/03\/ICONOS-en-dorado4-1.png 600w, https:\/\/jquijano.com\/espana\/wp-content\/uploads\/2024\/03\/ICONOS-en-dorado4-1-300x300.png 300w, https:\/\/jquijano.com\/espana\/wp-content\/uploads\/2024\/03\/ICONOS-en-dorado4-1-150x150.png 150w\" sizes=\"(max-width: 600px) 100vw, 600px\" \/><\/a><\/figure><div class=\"elementor-image-box-content\"><h3 class=\"elementor-image-box-title\"><a href=\"https:\/\/jquijano.com\/espana\/derecho-maritimo\/\">Derecho Mar\u00edtimo <\/a><\/h3><\/div><\/div>\t\t\t\t<\/div>\n\t\t\t\t<\/div>\n\t\t\t\t<div class=\"elementor-element elementor-element-6c6cc14 elementor-position-left elementor-vertical-align-middle elementor-widget elementor-widget-image-box\" data-id=\"6c6cc14\" data-element_type=\"widget\" data-widget_type=\"image-box.default\">\n\t\t\t\t<div class=\"elementor-widget-container\">\n\t\t\t\t\t<div class=\"elementor-image-box-wrapper\"><figure class=\"elementor-image-box-img\"><a href=\"https:\/\/jquijano.com\/espana\/derecho-laboral\/\" tabindex=\"-1\"><img loading=\"lazy\" decoding=\"async\" width=\"600\" height=\"600\" src=\"https:\/\/jquijano.com\/espana\/wp-content\/uploads\/2024\/03\/ICONOS-en-dorado3-1.png\" class=\"attachment-full size-full wp-image-989127\" alt=\"\" title=\"\" srcset=\"https:\/\/jquijano.com\/espana\/wp-content\/uploads\/2024\/03\/ICONOS-en-dorado3-1.png 600w, https:\/\/jquijano.com\/espana\/wp-content\/uploads\/2024\/03\/ICONOS-en-dorado3-1-300x300.png 300w, https:\/\/jquijano.com\/espana\/wp-content\/uploads\/2024\/03\/ICONOS-en-dorado3-1-150x150.png 150w\" sizes=\"(max-width: 600px) 100vw, 600px\" \/><\/a><\/figure><div class=\"elementor-image-box-content\"><h3 class=\"elementor-image-box-title\"><a href=\"https:\/\/jquijano.com\/espana\/derecho-laboral\/\">Derecho Laboral<\/a><\/h3><\/div><\/div>\t\t\t\t<\/div>\n\t\t\t\t<\/div>\n\t\t\t\t<div class=\"elementor-element elementor-element-c176f5a elementor-position-left elementor-vertical-align-middle elementor-widget elementor-widget-image-box\" data-id=\"c176f5a\" data-element_type=\"widget\" data-widget_type=\"image-box.default\">\n\t\t\t\t<div class=\"elementor-widget-container\">\n\t\t\t\t\t<div class=\"elementor-image-box-wrapper\"><figure class=\"elementor-image-box-img\"><a href=\"https:\/\/jquijano.com\/espana\/propiedad-intelectual\/\" tabindex=\"-1\"><img loading=\"lazy\" decoding=\"async\" width=\"600\" height=\"600\" src=\"https:\/\/jquijano.com\/espana\/wp-content\/uploads\/2024\/03\/ICONOS-en-dorado7-1.png\" class=\"attachment-full size-full wp-image-989131\" alt=\"\" title=\"\" srcset=\"https:\/\/jquijano.com\/espana\/wp-content\/uploads\/2024\/03\/ICONOS-en-dorado7-1.png 600w, https:\/\/jquijano.com\/espana\/wp-content\/uploads\/2024\/03\/ICONOS-en-dorado7-1-300x300.png 300w, https:\/\/jquijano.com\/espana\/wp-content\/uploads\/2024\/03\/ICONOS-en-dorado7-1-150x150.png 150w\" sizes=\"(max-width: 600px) 100vw, 600px\" \/><\/a><\/figure><div class=\"elementor-image-box-content\"><h3 class=\"elementor-image-box-title\"><a href=\"https:\/\/jquijano.com\/espana\/propiedad-intelectual\/\">Propiedad Intelectual<\/a><\/h3><\/div><\/div>\t\t\t\t<\/div>\n\t\t\t\t<\/div>\n\t\t\t\t<div class=\"elementor-element elementor-element-3dd3f32 elementor-position-left elementor-vertical-align-middle elementor-widget elementor-widget-image-box\" data-id=\"3dd3f32\" data-element_type=\"widget\" data-widget_type=\"image-box.default\">\n\t\t\t\t<div class=\"elementor-widget-container\">\n\t\t\t\t\t<div class=\"elementor-image-box-wrapper\"><figure class=\"elementor-image-box-img\"><a href=\"https:\/\/jquijano.com\/espana\/bienes-raices\/\" tabindex=\"-1\"><img loading=\"lazy\" decoding=\"async\" width=\"600\" height=\"600\" src=\"https:\/\/jquijano.com\/espana\/wp-content\/uploads\/2024\/03\/ICONOS-en-dorado6-1.png\" class=\"attachment-full size-full wp-image-989130\" alt=\"\" title=\"\" srcset=\"https:\/\/jquijano.com\/espana\/wp-content\/uploads\/2024\/03\/ICONOS-en-dorado6-1.png 600w, https:\/\/jquijano.com\/espana\/wp-content\/uploads\/2024\/03\/ICONOS-en-dorado6-1-300x300.png 300w, https:\/\/jquijano.com\/espana\/wp-content\/uploads\/2024\/03\/ICONOS-en-dorado6-1-150x150.png 150w\" sizes=\"(max-width: 600px) 100vw, 600px\" \/><\/a><\/figure><div class=\"elementor-image-box-content\"><h3 class=\"elementor-image-box-title\"><a href=\"https:\/\/jquijano.com\/espana\/bienes-raices\/\">Bienes Ra\u00edces <\/a><\/h3><\/div><\/div>\t\t\t\t<\/div>\n\t\t\t\t<\/div>\n\t\t\t\t<div class=\"elementor-element elementor-element-c366487 elementor-position-left elementor-vertical-align-middle elementor-widget elementor-widget-image-box\" data-id=\"c366487\" data-element_type=\"widget\" data-widget_type=\"image-box.default\">\n\t\t\t\t<div class=\"elementor-widget-container\">\n\t\t\t\t\t<div class=\"elementor-image-box-wrapper\"><figure class=\"elementor-image-box-img\"><a href=\"https:\/\/jquijano.com\/espana\/litigio-y-resolucion-de-disputas\/\" tabindex=\"-1\"><img loading=\"lazy\" decoding=\"async\" width=\"600\" height=\"600\" src=\"https:\/\/jquijano.com\/espana\/wp-content\/uploads\/2024\/03\/ICONOS-en-dorado9-1.png\" class=\"attachment-full size-full wp-image-989133\" alt=\"\" title=\"\" srcset=\"https:\/\/jquijano.com\/espana\/wp-content\/uploads\/2024\/03\/ICONOS-en-dorado9-1.png 600w, https:\/\/jquijano.com\/espana\/wp-content\/uploads\/2024\/03\/ICONOS-en-dorado9-1-300x300.png 300w, https:\/\/jquijano.com\/espana\/wp-content\/uploads\/2024\/03\/ICONOS-en-dorado9-1-150x150.png 150w\" sizes=\"(max-width: 600px) 100vw, 600px\" \/><\/a><\/figure><div class=\"elementor-image-box-content\"><h3 class=\"elementor-image-box-title\"><a href=\"https:\/\/jquijano.com\/espana\/litigio-y-resolucion-de-disputas\/\">Litigio y Resoluci\u00f3n de Disputas <\/a><\/h3><\/div><\/div>\t\t\t\t<\/div>\n\t\t\t\t<\/div>\n\t\t\t\t<div class=\"elementor-element elementor-element-0e52a1e elementor-position-left elementor-vertical-align-middle elementor-position-top elementor-widget elementor-widget-image-box\" data-id=\"0e52a1e\" data-element_type=\"widget\" data-widget_type=\"image-box.default\">\n\t\t\t\t<div class=\"elementor-widget-container\">\n\t\t\t\t\t<div class=\"elementor-image-box-wrapper\"><figure class=\"elementor-image-box-img\"><a href=\"https:\/\/jquijano.com\/espana\/registro-sanitario\/\" tabindex=\"-1\"><img loading=\"lazy\" decoding=\"async\" width=\"600\" height=\"600\" src=\"https:\/\/jquijano.com\/espana\/wp-content\/uploads\/2024\/03\/ICONOS-en-dorado8-1.png\" class=\"attachment-full size-full wp-image-989132\" alt=\"\" title=\"\" srcset=\"https:\/\/jquijano.com\/espana\/wp-content\/uploads\/2024\/03\/ICONOS-en-dorado8-1.png 600w, https:\/\/jquijano.com\/espana\/wp-content\/uploads\/2024\/03\/ICONOS-en-dorado8-1-300x300.png 300w, https:\/\/jquijano.com\/espana\/wp-content\/uploads\/2024\/03\/ICONOS-en-dorado8-1-150x150.png 150w\" sizes=\"(max-width: 600px) 100vw, 600px\" \/><\/a><\/figure><div class=\"elementor-image-box-content\"><h3 class=\"elementor-image-box-title\"><a href=\"https:\/\/jquijano.com\/espana\/registro-sanitario\/\">Registro Sanitario <\/a><\/h3><\/div><\/div>\t\t\t\t<\/div>\n\t\t\t\t<\/div>\n\t\t\t\t\t<\/div>\n\t\t<\/div>\n\t\t\t\t\t<\/div>\n\t\t<\/section>\n\t\t\t\t\t<\/div>\n\t\t<\/div>\n\t\t\t\t\t<\/div>\n\t\t<\/section>\n\t\t\t\t<\/div>\n\t\t","protected":false},"excerpt":{"rendered":"<p>Disputas y Resoluci\u00f3n de Conflictos Demandas Ejecutivas Demandas Ejecutivas en Panam\u00e1 Asesoramos a nuestros clientes con la presentaci\u00f3n y seguimiento continuo de demandas ejecutivas ante los Juzgados Civiles, Apelaciones ante los Tribunales Superiores y Recursos de Casaci\u00f3n en las siguientes materias: Procesos Ejecutivos Simples (Pagar\u00e9s, Letras de Cambio, Cheques) Procesos Ejecutivos Hipotecarios Procesos Ejecutivos Prendarios&#8230;<\/p>\n","protected":false},"author":1,"featured_media":0,"parent":478,"menu_order":0,"comment_status":"closed","ping_status":"closed","template":"","meta":{"content-type":"","footnotes":""},"class_list":["post-6095","page","type-page","status-publish","hentry"],"_links":{"self":[{"href":"https:\/\/jquijano.com\/espana\/wp-json\/wp\/v2\/pages\/6095","targetHints":{"allow":["GET"]}}],"collection":[{"href":"https:\/\/jquijano.com\/espana\/wp-json\/wp\/v2\/pages"}],"about":[{"href":"https:\/\/jquijano.com\/espana\/wp-json\/wp\/v2\/types\/page"}],"author":[{"embeddable":true,"href":"https:\/\/jquijano.com\/espana\/wp-json\/wp\/v2\/users\/1"}],"replies":[{"embeddable":true,"href":"https:\/\/jquijano.com\/espana\/wp-json\/wp\/v2\/comments?post=6095"}],"version-history":[{"count":43,"href":"https:\/\/jquijano.com\/espana\/wp-json\/wp\/v2\/pages\/6095\/revisions"}],"predecessor-version":[{"id":994506,"href":"https:\/\/jquijano.com\/espana\/wp-json\/wp\/v2\/pages\/6095\/revisions\/994506"}],"up":[{"embeddable":true,"href":"https:\/\/jquijano.com\/espana\/wp-json\/wp\/v2\/pages\/478"}],"wp:attachment":[{"href":"https:\/\/jquijano.com\/espana\/wp-json\/wp\/v2\/media?parent=6095"}],"curies":[{"name":"wp","href":"https:\/\/api.w.org\/{rel}","templated":true}]}}