{"id":6099,"date":"2023-06-04T23:37:19","date_gmt":"2023-06-05T04:37:19","guid":{"rendered":"https:\/\/jquijano.com\/espa%C3%B1a\/?page_id=6099"},"modified":"2024-07-15T17:12:18","modified_gmt":"2024-07-15T22:12:18","slug":"pagares-y-acuerdos-de-pago","status":"publish","type":"page","link":"https:\/\/jquijano.com\/espana\/litigio-y-resolucion-de-disputas\/pagares-y-acuerdos-de-pago\/","title":{"rendered":"Pagar\u00e9s y Acuerdos de Pago"},"content":{"rendered":"\t\t<div data-elementor-type=\"wp-page\" data-elementor-id=\"6099\" class=\"elementor elementor-6099\" data-elementor-post-type=\"page\">\n\t\t\t\t\t\t<section class=\"elementor-section elementor-top-section elementor-element elementor-element-6204023 elementor-section-full_width elementor-section-content-middle elementor-section-stretched elementor-section-height-default elementor-section-height-default\" data-id=\"6204023\" data-element_type=\"section\" data-settings=\"{&quot;animation&quot;:&quot;none&quot;,&quot;stretch_section&quot;:&quot;section-stretched&quot;,&quot;background_background&quot;:&quot;classic&quot;}\">\n\t\t\t\t\t\t\t<div class=\"elementor-background-overlay\"><\/div>\n\t\t\t\t\t\t\t<div class=\"elementor-container elementor-column-gap-default\">\n\t\t\t\t\t<div class=\"elementor-column elementor-col-100 elementor-top-column elementor-element elementor-element-024413d\" data-id=\"024413d\" data-element_type=\"column\">\n\t\t\t<div class=\"elementor-widget-wrap elementor-element-populated\">\n\t\t\t\t\t\t<section class=\"elementor-section elementor-inner-section elementor-element elementor-element-9b8c11f elementor-section-boxed elementor-section-height-default elementor-section-height-default\" data-id=\"9b8c11f\" data-element_type=\"section\">\n\t\t\t\t\t\t<div class=\"elementor-container elementor-column-gap-default\">\n\t\t\t\t\t<div class=\"elementor-column elementor-col-50 elementor-inner-column elementor-element elementor-element-22a90d7\" data-id=\"22a90d7\" data-element_type=\"column\">\n\t\t\t<div class=\"elementor-widget-wrap elementor-element-populated\">\n\t\t\t\t\t\t<div class=\"elementor-element elementor-element-dfc454c elementor-widget elementor-widget-heading\" data-id=\"dfc454c\" data-element_type=\"widget\" data-settings=\"{&quot;_animation&quot;:&quot;none&quot;}\" data-widget_type=\"heading.default\">\n\t\t\t\t<div class=\"elementor-widget-container\">\n\t\t\t\t\t<h3 class=\"elementor-heading-title elementor-size-default\">Disputas y Resoluci\u00f3n de Conflictos<\/h3>\t\t\t\t<\/div>\n\t\t\t\t<\/div>\n\t\t\t\t<div class=\"elementor-element elementor-element-0f289f5 elementor-widget__width-auto elementor-widget elementor-widget-heading\" data-id=\"0f289f5\" data-element_type=\"widget\" data-settings=\"{&quot;_animation&quot;:&quot;none&quot;,&quot;_animation_tablet&quot;:&quot;none&quot;,&quot;_animation_delay&quot;:200}\" data-widget_type=\"heading.default\">\n\t\t\t\t<div class=\"elementor-widget-container\">\n\t\t\t\t\t<h1 class=\"elementor-heading-title elementor-size-default\">Pagar\u00e9s y Acuerdos de Pago<\/h1>\t\t\t\t<\/div>\n\t\t\t\t<\/div>\n\t\t\t\t\t<\/div>\n\t\t<\/div>\n\t\t\t\t<div class=\"elementor-column elementor-col-50 elementor-inner-column elementor-element elementor-element-1fcb4e0\" data-id=\"1fcb4e0\" data-element_type=\"column\">\n\t\t\t<div class=\"elementor-widget-wrap\">\n\t\t\t\t\t\t\t<\/div>\n\t\t<\/div>\n\t\t\t\t\t<\/div>\n\t\t<\/section>\n\t\t\t\t\t<\/div>\n\t\t<\/div>\n\t\t\t\t\t<\/div>\n\t\t<\/section>\n\t\t\t\t<section class=\"elementor-section elementor-top-section elementor-element elementor-element-3800c07 elementor-section-boxed elementor-section-height-default elementor-section-height-default\" data-id=\"3800c07\" data-element_type=\"section\">\n\t\t\t\t\t\t<div class=\"elementor-container elementor-column-gap-default\">\n\t\t\t\t\t<div class=\"elementor-column elementor-col-50 elementor-top-column elementor-element elementor-element-f9d3d61\" data-id=\"f9d3d61\" data-element_type=\"column\">\n\t\t\t<div class=\"elementor-widget-wrap elementor-element-populated\">\n\t\t\t\t\t\t<div class=\"vamtam-has-theme-widget-styles elementor-element elementor-element-3e4fadf elementor-hidden-tablet elementor-hidden-mobile elementor-widget elementor-widget-image\" data-id=\"3e4fadf\" data-element_type=\"widget\" data-widget_type=\"image.default\">\n\t\t\t\t<div class=\"elementor-widget-container\">\n\t\t\t\t\t\t\t\t\t<div class=\"elementor-image\">\n\t\t\t\t\t\t\t\t\t\t\t\t\t\t\t\t\t\t\t\t\t<img fetchpriority=\"high\" decoding=\"async\" width=\"2560\" height=\"1707\" src=\"https:\/\/jquijano.com\/espana\/wp-content\/uploads\/2024\/04\/PAGARES-Y-ACUERDOS-DE-PAGO-scaled.jpg\" class=\"attachment-full size-full wp-image-990038\" alt=\"\" srcset=\"https:\/\/jquijano.com\/espana\/wp-content\/uploads\/2024\/04\/PAGARES-Y-ACUERDOS-DE-PAGO-scaled.jpg 2560w, https:\/\/jquijano.com\/espana\/wp-content\/uploads\/2024\/04\/PAGARES-Y-ACUERDOS-DE-PAGO-300x200.jpg 300w, https:\/\/jquijano.com\/espana\/wp-content\/uploads\/2024\/04\/PAGARES-Y-ACUERDOS-DE-PAGO-1024x683.jpg 1024w, https:\/\/jquijano.com\/espana\/wp-content\/uploads\/2024\/04\/PAGARES-Y-ACUERDOS-DE-PAGO-768x512.jpg 768w, https:\/\/jquijano.com\/espana\/wp-content\/uploads\/2024\/04\/PAGARES-Y-ACUERDOS-DE-PAGO-1536x1024.jpg 1536w, https:\/\/jquijano.com\/espana\/wp-content\/uploads\/2024\/04\/PAGARES-Y-ACUERDOS-DE-PAGO-2048x1365.jpg 2048w\" sizes=\"(max-width: 2560px) 100vw, 2560px\" title=\"\">\t\t\t\t\t\t\t\t\t\t\t\t\t\t\t\t\t\t\t\t\t\t\t\t<\/div>\n\t\t\t\t\t\t\t\t<\/div>\n\t\t\t\t<\/div>\n\t\t\t\t<div class=\"elementor-element elementor-element-528ac32 elementor-widget__width-auto elementor-widget elementor-widget-heading\" data-id=\"528ac32\" data-element_type=\"widget\" data-settings=\"{&quot;_animation&quot;:&quot;none&quot;,&quot;_animation_tablet&quot;:&quot;none&quot;,&quot;_animation_delay&quot;:200}\" data-widget_type=\"heading.default\">\n\t\t\t\t<div class=\"elementor-widget-container\">\n\t\t\t\t\t<h2 class=\"elementor-heading-title elementor-size-default\">Servicio de Pagar\u00e9s y Acuerdos de Pago\n<\/h2>\t\t\t\t<\/div>\n\t\t\t\t<\/div>\n\t\t\t\t<section class=\"elementor-section elementor-inner-section elementor-element elementor-element-4975684 elementor-section-boxed elementor-section-height-default elementor-section-height-default\" data-id=\"4975684\" data-element_type=\"section\" data-settings=\"{&quot;background_background&quot;:&quot;classic&quot;}\">\n\t\t\t\t\t\t<div class=\"elementor-container elementor-column-gap-default\">\n\t\t\t\t\t<div class=\"elementor-column elementor-col-100 elementor-inner-column elementor-element elementor-element-b7c9835\" data-id=\"b7c9835\" data-element_type=\"column\">\n\t\t\t<div class=\"elementor-widget-wrap elementor-element-populated\">\n\t\t\t\t\t\t<div class=\"elementor-element elementor-element-7385a91 elementor-widget elementor-widget-heading\" data-id=\"7385a91\" data-element_type=\"widget\" data-widget_type=\"heading.default\">\n\t\t\t\t<div class=\"elementor-widget-container\">\n\t\t\t\t\t<h2 class=\"elementor-heading-title elementor-size-default\">Asesoramos a nuestros clientes en la confecci\u00f3n de todo tipo de documentos negociable como t\u00edtulo ejecutivo como garant\u00eda de un pr\u00e9stamo o deuda, ya sea un Pagar\u00e9, Letra de Cambio o acuerdo de pago con cl\u00e1usulas de reconocimiento de la obligaci\u00f3n.<\/h2>\t\t\t\t<\/div>\n\t\t\t\t<\/div>\n\t\t\t\t\t<\/div>\n\t\t<\/div>\n\t\t\t\t\t<\/div>\n\t\t<\/section>\n\t\t\t\t<div class=\"elementor-element elementor-element-8c80dff elementor-widget elementor-widget-text-editor\" data-id=\"8c80dff\" data-element_type=\"widget\" data-widget_type=\"text-editor.default\">\n\t\t\t\t<div class=\"elementor-widget-container\">\n\t\t\t\t\t\t\t\t\tEs importante que el acreedor del pagar\u00e9, letra de cambio o acuerdo de pago comprenda claramente que estos documentos negociables tienen un per\u00edodo de prescripci\u00f3n para su ejecuci\u00f3n ante los Juzgados Civiles en Panam\u00e1. De no ejercer su acci\u00f3n judicial en tiempo oportuno dentro del t\u00e9rmino que contempla nuestra legislaci\u00f3n perder\u00eda el derecho a recuperar el pago de la deuda.<br><br>\nNuestra firma de abogados brinda todo el respaldo necesario en materia comercial y judicial a fin de obtener el reconocimiento del t\u00edtulo ejecutivo mediante proceso ejecutivos en los Tribunales de Justicia. \n\t\t\t\t\t\t\t\t<\/div>\n\t\t\t\t<\/div>\n\t\t\t\t\t<\/div>\n\t\t<\/div>\n\t\t\t\t<div class=\"elementor-column elementor-col-50 elementor-top-column elementor-element elementor-element-39f87dd\" data-id=\"39f87dd\" data-element_type=\"column\">\n\t\t\t<div class=\"elementor-widget-wrap elementor-element-populated\">\n\t\t\t\t\t\t<section class=\"elementor-section elementor-inner-section elementor-element elementor-element-71f292b elementor-section-boxed elementor-section-height-default elementor-section-height-default\" data-id=\"71f292b\" data-element_type=\"section\" data-settings=\"{&quot;background_background&quot;:&quot;classic&quot;}\">\n\t\t\t\t\t\t<div class=\"elementor-container elementor-column-gap-default\">\n\t\t\t\t\t<div class=\"elementor-column elementor-col-100 elementor-inner-column elementor-element elementor-element-370f7ef\" data-id=\"370f7ef\" data-element_type=\"column\">\n\t\t\t<div class=\"elementor-widget-wrap elementor-element-populated\">\n\t\t\t\t\t\t<div class=\"elementor-element elementor-element-68198a5 elementor-widget elementor-widget-heading\" data-id=\"68198a5\" data-element_type=\"widget\" data-widget_type=\"heading.default\">\n\t\t\t\t<div class=\"elementor-widget-container\">\n\t\t\t\t\t<h3 class=\"elementor-heading-title elementor-size-default\">Consulte con nosotros<\/h3>\t\t\t\t<\/div>\n\t\t\t\t<\/div>\n\t\t\t\t<div class=\"elementor-element elementor-element-40a3563 elementor-widget-divider--view-line elementor-widget elementor-widget-divider\" data-id=\"40a3563\" data-element_type=\"widget\" data-widget_type=\"divider.default\">\n\t\t\t\t<div class=\"elementor-widget-container\">\n\t\t\t\t\t\t\t<div class=\"elementor-divider\">\n\t\t\t<span class=\"elementor-divider-separator\">\n\t\t\t\t\t\t<\/span>\n\t\t<\/div>\n\t\t\t\t\t\t<\/div>\n\t\t\t\t<\/div>\n\t\t\t\t<div class=\"elementor-element elementor-element-1008922 elementor-widget elementor-widget-html\" data-id=\"1008922\" data-element_type=\"widget\" data-widget_type=\"html.default\">\n\t\t\t\t<div class=\"elementor-widget-container\">\n\t\t\t\t\t<script charset=\"utf-8\" type=\"text\/javascript\" src=\"\/\/js.hsforms.net\/forms\/embed\/v2.js\"><\/script>\n<script>\n  hbspt.forms.create({\n    region: \"na1\",\n    portalId: \"23533289\",\n    formId: \"766b90b3-4093-49f5-839a-c27edeca6ae1\"\n  });\n<\/script>\t\t\t\t<\/div>\n\t\t\t\t<\/div>\n\t\t\t\t\t<\/div>\n\t\t<\/div>\n\t\t\t\t\t<\/div>\n\t\t<\/section>\n\t\t\t\t\t<\/div>\n\t\t<\/div>\n\t\t\t\t\t<\/div>\n\t\t<\/section>\n\t\t\t\t<\/div>\n\t\t","protected":false},"excerpt":{"rendered":"<p>Disputas y Resoluci\u00f3n de Conflictos Pagar\u00e9s y Acuerdos de Pago Servicio de Pagar\u00e9s y Acuerdos de Pago Asesoramos a nuestros clientes en la confecci\u00f3n de todo tipo de documentos negociable como t\u00edtulo ejecutivo como garant\u00eda de un pr\u00e9stamo o deuda, ya sea un Pagar\u00e9, Letra de Cambio o acuerdo de pago con cl\u00e1usulas de reconocimiento&#8230;<\/p>\n","protected":false},"author":1,"featured_media":0,"parent":478,"menu_order":0,"comment_status":"closed","ping_status":"closed","template":"","meta":{"content-type":"","footnotes":""},"class_list":["post-6099","page","type-page","status-publish","hentry"],"_links":{"self":[{"href":"https:\/\/jquijano.com\/espana\/wp-json\/wp\/v2\/pages\/6099","targetHints":{"allow":["GET"]}}],"collection":[{"href":"https:\/\/jquijano.com\/espana\/wp-json\/wp\/v2\/pages"}],"about":[{"href":"https:\/\/jquijano.com\/espana\/wp-json\/wp\/v2\/types\/page"}],"author":[{"embeddable":true,"href":"https:\/\/jquijano.com\/espana\/wp-json\/wp\/v2\/users\/1"}],"replies":[{"embeddable":true,"href":"https:\/\/jquijano.com\/espana\/wp-json\/wp\/v2\/comments?post=6099"}],"version-history":[{"count":22,"href":"https:\/\/jquijano.com\/espana\/wp-json\/wp\/v2\/pages\/6099\/revisions"}],"predecessor-version":[{"id":994579,"href":"https:\/\/jquijano.com\/espana\/wp-json\/wp\/v2\/pages\/6099\/revisions\/994579"}],"up":[{"embeddable":true,"href":"https:\/\/jquijano.com\/espana\/wp-json\/wp\/v2\/pages\/478"}],"wp:attachment":[{"href":"https:\/\/jquijano.com\/espana\/wp-json\/wp\/v2\/media?parent=6099"}],"curies":[{"name":"wp","href":"https:\/\/api.w.org\/{rel}","templated":true}]}}