{"id":6103,"date":"2023-06-05T10:40:05","date_gmt":"2023-06-05T15:40:05","guid":{"rendered":"https:\/\/jquijano.com\/espa%C3%B1a\/?page_id=6103"},"modified":"2024-05-28T13:13:15","modified_gmt":"2024-05-28T18:13:15","slug":"procesos-de-ejecucion-de-sentencias-extranjeras-o-exequatur","status":"publish","type":"page","link":"https:\/\/jquijano.com\/espana\/litigio-y-resolucion-de-disputas\/procesos-de-ejecucion-de-sentencias-extranjeras-o-exequatur\/","title":{"rendered":"Reconocimiento y ejecuci\u00f3n de sentencias extranjeras (Exequatur)"},"content":{"rendered":"\t\t<div data-elementor-type=\"wp-page\" data-elementor-id=\"6103\" class=\"elementor elementor-6103\" data-elementor-post-type=\"page\">\n\t\t\t\t\t\t<section class=\"elementor-section elementor-top-section elementor-element elementor-element-ca1f0a4 elementor-section-full_width elementor-section-content-middle elementor-section-stretched elementor-section-height-default elementor-section-height-default\" data-id=\"ca1f0a4\" data-element_type=\"section\" data-settings=\"{&quot;animation&quot;:&quot;none&quot;,&quot;stretch_section&quot;:&quot;section-stretched&quot;,&quot;background_background&quot;:&quot;classic&quot;}\">\n\t\t\t\t\t\t\t<div class=\"elementor-background-overlay\"><\/div>\n\t\t\t\t\t\t\t<div class=\"elementor-container elementor-column-gap-default\">\n\t\t\t\t\t<div class=\"elementor-column elementor-col-100 elementor-top-column elementor-element elementor-element-f2192f7\" data-id=\"f2192f7\" data-element_type=\"column\">\n\t\t\t<div class=\"elementor-widget-wrap elementor-element-populated\">\n\t\t\t\t\t\t<section class=\"elementor-section elementor-inner-section elementor-element elementor-element-28c0882 elementor-section-boxed elementor-section-height-default elementor-section-height-default\" data-id=\"28c0882\" data-element_type=\"section\">\n\t\t\t\t\t\t<div class=\"elementor-container elementor-column-gap-default\">\n\t\t\t\t\t<div class=\"elementor-column elementor-col-50 elementor-inner-column elementor-element elementor-element-a57756f\" data-id=\"a57756f\" data-element_type=\"column\">\n\t\t\t<div class=\"elementor-widget-wrap elementor-element-populated\">\n\t\t\t\t\t\t<div class=\"elementor-element elementor-element-8f3cd40 elementor-widget elementor-widget-heading\" data-id=\"8f3cd40\" data-element_type=\"widget\" data-settings=\"{&quot;_animation&quot;:&quot;none&quot;}\" data-widget_type=\"heading.default\">\n\t\t\t\t<div class=\"elementor-widget-container\">\n\t\t\t\t\t<h3 class=\"elementor-heading-title elementor-size-default\">Disputas y Resoluci\u00f3n de Conflictos<\/h3>\t\t\t\t<\/div>\n\t\t\t\t<\/div>\n\t\t\t\t<div class=\"elementor-element elementor-element-96774de elementor-widget__width-auto elementor-widget elementor-widget-heading\" data-id=\"96774de\" data-element_type=\"widget\" data-settings=\"{&quot;_animation&quot;:&quot;none&quot;,&quot;_animation_tablet&quot;:&quot;none&quot;,&quot;_animation_delay&quot;:200}\" data-widget_type=\"heading.default\">\n\t\t\t\t<div class=\"elementor-widget-container\">\n\t\t\t\t\t<h1 class=\"elementor-heading-title elementor-size-default\">Reconocimiento y Ejecuci\u00f3n de Sentencias Extranjeras (Exequatur)<\/h1>\t\t\t\t<\/div>\n\t\t\t\t<\/div>\n\t\t\t\t\t<\/div>\n\t\t<\/div>\n\t\t\t\t<div class=\"elementor-column elementor-col-50 elementor-inner-column elementor-element elementor-element-aa11b29\" data-id=\"aa11b29\" data-element_type=\"column\">\n\t\t\t<div class=\"elementor-widget-wrap\">\n\t\t\t\t\t\t\t<\/div>\n\t\t<\/div>\n\t\t\t\t\t<\/div>\n\t\t<\/section>\n\t\t\t\t\t<\/div>\n\t\t<\/div>\n\t\t\t\t\t<\/div>\n\t\t<\/section>\n\t\t\t\t<section class=\"elementor-section elementor-top-section elementor-element elementor-element-0694225 elementor-section-boxed elementor-section-height-default elementor-section-height-default\" data-id=\"0694225\" data-element_type=\"section\">\n\t\t\t\t\t\t<div class=\"elementor-container elementor-column-gap-default\">\n\t\t\t\t\t<div class=\"elementor-column elementor-col-50 elementor-top-column elementor-element elementor-element-8dff569\" data-id=\"8dff569\" data-element_type=\"column\">\n\t\t\t<div class=\"elementor-widget-wrap elementor-element-populated\">\n\t\t\t\t\t\t<div class=\"vamtam-has-theme-widget-styles elementor-element elementor-element-550ac5b elementor-hidden-tablet elementor-hidden-mobile elementor-widget elementor-widget-image\" data-id=\"550ac5b\" data-element_type=\"widget\" data-widget_type=\"image.default\">\n\t\t\t\t<div class=\"elementor-widget-container\">\n\t\t\t\t\t\t\t\t\t<div class=\"elementor-image\">\n\t\t\t\t\t\t\t\t\t\t\t\t\t\t\t\t\t\t\t\t\t<img fetchpriority=\"high\" decoding=\"async\" width=\"2560\" height=\"1440\" src=\"https:\/\/jquijano.com\/espana\/wp-content\/uploads\/2024\/04\/RECONOCIMIENTO-Y-EJECUCION-DE-SENTENCIAS-EXTRANJERAS-EXEQUATUR-scaled.jpg\" class=\"attachment-full size-full wp-image-990048\" alt=\"\" srcset=\"https:\/\/jquijano.com\/espana\/wp-content\/uploads\/2024\/04\/RECONOCIMIENTO-Y-EJECUCION-DE-SENTENCIAS-EXTRANJERAS-EXEQUATUR-scaled.jpg 2560w, https:\/\/jquijano.com\/espana\/wp-content\/uploads\/2024\/04\/RECONOCIMIENTO-Y-EJECUCION-DE-SENTENCIAS-EXTRANJERAS-EXEQUATUR-300x169.jpg 300w, https:\/\/jquijano.com\/espana\/wp-content\/uploads\/2024\/04\/RECONOCIMIENTO-Y-EJECUCION-DE-SENTENCIAS-EXTRANJERAS-EXEQUATUR-1024x576.jpg 1024w, https:\/\/jquijano.com\/espana\/wp-content\/uploads\/2024\/04\/RECONOCIMIENTO-Y-EJECUCION-DE-SENTENCIAS-EXTRANJERAS-EXEQUATUR-768x432.jpg 768w, https:\/\/jquijano.com\/espana\/wp-content\/uploads\/2024\/04\/RECONOCIMIENTO-Y-EJECUCION-DE-SENTENCIAS-EXTRANJERAS-EXEQUATUR-1536x864.jpg 1536w, https:\/\/jquijano.com\/espana\/wp-content\/uploads\/2024\/04\/RECONOCIMIENTO-Y-EJECUCION-DE-SENTENCIAS-EXTRANJERAS-EXEQUATUR-2048x1152.jpg 2048w\" sizes=\"(max-width: 2560px) 100vw, 2560px\" title=\"\">\t\t\t\t\t\t\t\t\t\t\t\t\t\t\t\t\t\t\t\t\t\t\t\t<\/div>\n\t\t\t\t\t\t\t\t<\/div>\n\t\t\t\t<\/div>\n\t\t\t\t<div class=\"elementor-element elementor-element-24b51bf elementor-widget__width-auto elementor-widget elementor-widget-heading\" data-id=\"24b51bf\" data-element_type=\"widget\" data-settings=\"{&quot;_animation&quot;:&quot;none&quot;,&quot;_animation_tablet&quot;:&quot;none&quot;,&quot;_animation_delay&quot;:200}\" data-widget_type=\"heading.default\">\n\t\t\t\t<div class=\"elementor-widget-container\">\n\t\t\t\t\t<h2 class=\"elementor-heading-title elementor-size-default\">Reconocimiento y Ejecuci\u00f3n de Sentencias <\/h2>\t\t\t\t<\/div>\n\t\t\t\t<\/div>\n\t\t\t\t<section class=\"elementor-section elementor-inner-section elementor-element elementor-element-fbba711 elementor-section-boxed elementor-section-height-default elementor-section-height-default\" data-id=\"fbba711\" data-element_type=\"section\">\n\t\t\t\t\t\t<div class=\"elementor-container elementor-column-gap-no\">\n\t\t\t\t\t<div class=\"elementor-column elementor-col-100 elementor-inner-column elementor-element elementor-element-405b2d3\" data-id=\"405b2d3\" data-element_type=\"column\">\n\t\t\t<div class=\"elementor-widget-wrap elementor-element-populated\">\n\t\t\t\t\t\t<div class=\"elementor-element elementor-element-3d57e90 elementor-widget elementor-widget-text-editor\" data-id=\"3d57e90\" data-element_type=\"widget\" data-widget_type=\"text-editor.default\">\n\t\t\t\t<div class=\"elementor-widget-container\">\n\t\t\t\t\t\t\t\t\tNuestro departamento de litigio cuenta con expertos en el an\u00e1lisis de sentencias extranjeras que ser\u00e1n objeto de reconocimiento ante la Corte Suprema de Justicia en Panam\u00e1 y su posterior ejecuci\u00f3n ante los Juzgados de Circuito. <br><br>\nA fin de poder brindarles la asesor\u00eda requerida en la materia se hace estrictamente necesaria que dicha sentencia cumpla con las condiciones taxativas descritas en el Art\u00edculo 1419 del C\u00f3digo Judicial:<br><br>\n\u201cLas sentencias pronunciadas por Tribunales extranjeros y los fallos arbitrales extranjeros tendr\u00e1n en la Rep\u00fablica de Panam\u00e1 la fuerza que establezcan los convenios o tratados respectivos.<br><br>\nSi no hubiere tratados especiales con el Estado en que se haya pronunciado la sentencia, \u00e9sta podr\u00e1 ser ejecutada en Panam\u00e1, salvo prueba de que en dicho Estado no se da cumplimiento a las dictadas por los Tribunales paname\u00f1os.<br><br>\nSi la sentencia procediere de un Estado en que no se d\u00e9 cumplimiento a las dictadas por los Tribunales paname\u00f1os no tendr\u00e1 fuerza en Panam\u00e1.<br><br>\nSin perjuicio de lo que se dispone en tratados especiales, ninguna sentencia dictada en pa\u00eds extranjero podr\u00e1 ser ejecutada en Panam\u00e1, si no re\u00fane los siguientes requisitos:\n\t\t\t\t\t\t\t\t<\/div>\n\t\t\t\t<\/div>\n\t\t\t\t<div class=\"elementor-element elementor-element-61b4268 elementor-widget elementor-widget-text-editor\" data-id=\"61b4268\" data-element_type=\"widget\" data-widget_type=\"text-editor.default\">\n\t\t\t\t<div class=\"elementor-widget-container\">\n\t\t\t\t\t\t\t\t\t<ul>\n \t<li>Que la sentencia haya sido dictada a consecuencia del ejercicio de una pretensi\u00f3n personal, salvo lo que la ley disponga especialmente en materia de sucesiones abiertas en pa\u00edses extranjeros;<\/li><br>\n \t<li>Que no haya sido dictada en rebeld\u00eda, entendi\u00e9ndose por tal, para los efectos de este art\u00edculo, el caso en que la demanda no haya sido personalmente notificada al demandado, dentro de la jurisdicci\u00f3n del Tribunal de la causa, a menos que el demandado rebelde solicite la ejecuci\u00f3n;<\/li><br>\n \t<li>Que la obligaci\u00f3n para cuyo cumplimiento se haya procedido sea l\u00edcita en Panam\u00e1; y,<\/li><br>\n \t<li>Que la copia de la sentencia sea aut\u00e9ntica.\nSe entiende por sentencia la decisi\u00f3n que decide la pretensi\u00f3n.\u201d<\/li>\n<\/ul>\t\t\t\t\t\t\t\t<\/div>\n\t\t\t\t<\/div>\n\t\t\t\t\t<\/div>\n\t\t<\/div>\n\t\t\t\t\t<\/div>\n\t\t<\/section>\n\t\t\t\t\t<\/div>\n\t\t<\/div>\n\t\t\t\t<div class=\"elementor-column elementor-col-50 elementor-top-column elementor-element elementor-element-bb03698\" data-id=\"bb03698\" data-element_type=\"column\">\n\t\t\t<div class=\"elementor-widget-wrap elementor-element-populated\">\n\t\t\t\t\t\t<section class=\"elementor-section elementor-inner-section elementor-element elementor-element-9ed4743 elementor-section-boxed elementor-section-height-default elementor-section-height-default\" data-id=\"9ed4743\" data-element_type=\"section\" data-settings=\"{&quot;background_background&quot;:&quot;classic&quot;}\">\n\t\t\t\t\t\t<div class=\"elementor-container elementor-column-gap-default\">\n\t\t\t\t\t<div class=\"elementor-column elementor-col-100 elementor-inner-column elementor-element elementor-element-badcb93\" data-id=\"badcb93\" data-element_type=\"column\">\n\t\t\t<div class=\"elementor-widget-wrap elementor-element-populated\">\n\t\t\t\t\t\t<div class=\"elementor-element elementor-element-612d808 elementor-widget elementor-widget-heading\" data-id=\"612d808\" data-element_type=\"widget\" data-widget_type=\"heading.default\">\n\t\t\t\t<div class=\"elementor-widget-container\">\n\t\t\t\t\t<h3 class=\"elementor-heading-title elementor-size-default\">Consulte con nosotros<\/h3>\t\t\t\t<\/div>\n\t\t\t\t<\/div>\n\t\t\t\t<div class=\"elementor-element elementor-element-9ec7588 elementor-widget-divider--view-line elementor-widget elementor-widget-divider\" data-id=\"9ec7588\" data-element_type=\"widget\" data-widget_type=\"divider.default\">\n\t\t\t\t<div class=\"elementor-widget-container\">\n\t\t\t\t\t\t\t<div class=\"elementor-divider\">\n\t\t\t<span class=\"elementor-divider-separator\">\n\t\t\t\t\t\t<\/span>\n\t\t<\/div>\n\t\t\t\t\t\t<\/div>\n\t\t\t\t<\/div>\n\t\t\t\t<div class=\"elementor-element elementor-element-a98ba62 elementor-widget elementor-widget-html\" data-id=\"a98ba62\" data-element_type=\"widget\" data-widget_type=\"html.default\">\n\t\t\t\t<div class=\"elementor-widget-container\">\n\t\t\t\t\t<script charset=\"utf-8\" type=\"text\/javascript\" src=\"\/\/js.hsforms.net\/forms\/embed\/v2.js\"><\/script>\n<script>\n  hbspt.forms.create({\n    region: \"na1\",\n    portalId: \"23533289\",\n    formId: \"766b90b3-4093-49f5-839a-c27edeca6ae1\"\n  });\n<\/script>\t\t\t\t<\/div>\n\t\t\t\t<\/div>\n\t\t\t\t\t<\/div>\n\t\t<\/div>\n\t\t\t\t\t<\/div>\n\t\t<\/section>\n\t\t\t\t\t<\/div>\n\t\t<\/div>\n\t\t\t\t\t<\/div>\n\t\t<\/section>\n\t\t\t\t<\/div>\n\t\t","protected":false},"excerpt":{"rendered":"<p>Disputas y Resoluci\u00f3n de Conflictos Reconocimiento y Ejecuci\u00f3n de Sentencias Extranjeras (Exequatur) Reconocimiento y Ejecuci\u00f3n de Sentencias Nuestro departamento de litigio cuenta con expertos en el an\u00e1lisis de sentencias extranjeras que ser\u00e1n objeto de reconocimiento ante la Corte Suprema de Justicia en Panam\u00e1 y su posterior ejecuci\u00f3n ante los Juzgados de Circuito. A fin de&#8230;<\/p>\n","protected":false},"author":1,"featured_media":0,"parent":478,"menu_order":0,"comment_status":"closed","ping_status":"closed","template":"","meta":{"content-type":"","footnotes":""},"class_list":["post-6103","page","type-page","status-publish","hentry"],"_links":{"self":[{"href":"https:\/\/jquijano.com\/espana\/wp-json\/wp\/v2\/pages\/6103","targetHints":{"allow":["GET"]}}],"collection":[{"href":"https:\/\/jquijano.com\/espana\/wp-json\/wp\/v2\/pages"}],"about":[{"href":"https:\/\/jquijano.com\/espana\/wp-json\/wp\/v2\/types\/page"}],"author":[{"embeddable":true,"href":"https:\/\/jquijano.com\/espana\/wp-json\/wp\/v2\/users\/1"}],"replies":[{"embeddable":true,"href":"https:\/\/jquijano.com\/espana\/wp-json\/wp\/v2\/comments?post=6103"}],"version-history":[{"count":30,"href":"https:\/\/jquijano.com\/espana\/wp-json\/wp\/v2\/pages\/6103\/revisions"}],"predecessor-version":[{"id":993358,"href":"https:\/\/jquijano.com\/espana\/wp-json\/wp\/v2\/pages\/6103\/revisions\/993358"}],"up":[{"embeddable":true,"href":"https:\/\/jquijano.com\/espana\/wp-json\/wp\/v2\/pages\/478"}],"wp:attachment":[{"href":"https:\/\/jquijano.com\/espana\/wp-json\/wp\/v2\/media?parent=6103"}],"curies":[{"name":"wp","href":"https:\/\/api.w.org\/{rel}","templated":true}]}}