{"id":6130,"date":"2023-06-05T00:48:37","date_gmt":"2023-06-05T05:48:37","guid":{"rendered":"https:\/\/jquijano.com\/espa%C3%B1a\/?page_id=6130"},"modified":"2024-07-15T17:18:06","modified_gmt":"2024-07-15T22:18:06","slug":"contrato-de-arrendamiento-de-propiedad","status":"publish","type":"page","link":"https:\/\/jquijano.com\/espana\/bienes-raices\/contrato-de-arrendamiento-de-propiedad\/","title":{"rendered":"Contrato de Arrendamiento de Propiedad"},"content":{"rendered":"\t\t<div data-elementor-type=\"wp-page\" data-elementor-id=\"6130\" class=\"elementor elementor-6130\" data-elementor-post-type=\"page\">\n\t\t\t\t\t\t<section class=\"elementor-section elementor-top-section elementor-element elementor-element-876a864 elementor-section-full_width elementor-section-content-middle elementor-section-stretched elementor-section-height-default elementor-section-height-default\" data-id=\"876a864\" data-element_type=\"section\" data-settings=\"{&quot;animation&quot;:&quot;none&quot;,&quot;stretch_section&quot;:&quot;section-stretched&quot;,&quot;background_background&quot;:&quot;classic&quot;}\">\n\t\t\t\t\t\t\t<div class=\"elementor-background-overlay\"><\/div>\n\t\t\t\t\t\t\t<div class=\"elementor-container elementor-column-gap-default\">\n\t\t\t\t\t<div class=\"elementor-column elementor-col-100 elementor-top-column elementor-element elementor-element-034d094\" data-id=\"034d094\" data-element_type=\"column\">\n\t\t\t<div class=\"elementor-widget-wrap elementor-element-populated\">\n\t\t\t\t\t\t<section class=\"elementor-section elementor-inner-section elementor-element elementor-element-cbd8ba9 elementor-section-boxed elementor-section-height-default elementor-section-height-default\" data-id=\"cbd8ba9\" data-element_type=\"section\">\n\t\t\t\t\t\t<div class=\"elementor-container elementor-column-gap-default\">\n\t\t\t\t\t<div class=\"elementor-column elementor-col-50 elementor-inner-column elementor-element elementor-element-581d1d2\" data-id=\"581d1d2\" data-element_type=\"column\">\n\t\t\t<div class=\"elementor-widget-wrap elementor-element-populated\">\n\t\t\t\t\t\t<div class=\"elementor-element elementor-element-a44c226 elementor-widget elementor-widget-heading\" data-id=\"a44c226\" data-element_type=\"widget\" data-settings=\"{&quot;_animation&quot;:&quot;none&quot;}\" data-widget_type=\"heading.default\">\n\t\t\t\t<div class=\"elementor-widget-container\">\n\t\t\t\t\t<h3 class=\"elementor-heading-title elementor-size-default\">Contratos en Panam\u00e1<\/h3>\t\t\t\t<\/div>\n\t\t\t\t<\/div>\n\t\t\t\t<div class=\"elementor-element elementor-element-dc79904 elementor-widget__width-auto elementor-widget elementor-widget-heading\" data-id=\"dc79904\" data-element_type=\"widget\" data-settings=\"{&quot;_animation&quot;:&quot;none&quot;,&quot;_animation_tablet&quot;:&quot;none&quot;,&quot;_animation_delay&quot;:200}\" data-widget_type=\"heading.default\">\n\t\t\t\t<div class=\"elementor-widget-container\">\n\t\t\t\t\t<h1 class=\"elementor-heading-title elementor-size-default\">Contrato de Arrendamiento de Propiedad y Adendas<\/h1>\t\t\t\t<\/div>\n\t\t\t\t<\/div>\n\t\t\t\t\t<\/div>\n\t\t<\/div>\n\t\t\t\t<div class=\"elementor-column elementor-col-50 elementor-inner-column elementor-element elementor-element-9c96b1f\" data-id=\"9c96b1f\" data-element_type=\"column\">\n\t\t\t<div class=\"elementor-widget-wrap\">\n\t\t\t\t\t\t\t<\/div>\n\t\t<\/div>\n\t\t\t\t\t<\/div>\n\t\t<\/section>\n\t\t\t\t\t<\/div>\n\t\t<\/div>\n\t\t\t\t\t<\/div>\n\t\t<\/section>\n\t\t\t\t<section class=\"elementor-section elementor-top-section elementor-element elementor-element-e4c5008 elementor-section-boxed elementor-section-height-default elementor-section-height-default\" data-id=\"e4c5008\" data-element_type=\"section\">\n\t\t\t\t\t\t<div class=\"elementor-container elementor-column-gap-default\">\n\t\t\t\t\t<div class=\"elementor-column elementor-col-50 elementor-top-column elementor-element elementor-element-102ab40\" data-id=\"102ab40\" data-element_type=\"column\">\n\t\t\t<div class=\"elementor-widget-wrap elementor-element-populated\">\n\t\t\t\t\t\t<div class=\"vamtam-has-theme-widget-styles elementor-element elementor-element-fc93681 elementor-hidden-tablet elementor-hidden-mobile elementor-widget elementor-widget-image\" data-id=\"fc93681\" data-element_type=\"widget\" data-widget_type=\"image.default\">\n\t\t\t\t<div class=\"elementor-widget-container\">\n\t\t\t\t\t\t\t\t\t<div class=\"elementor-image\">\n\t\t\t\t\t\t\t\t\t\t\t\t\t\t\t\t\t\t\t\t\t<img fetchpriority=\"high\" decoding=\"async\" width=\"1366\" height=\"966\" src=\"https:\/\/jquijano.com\/espana\/wp-content\/uploads\/2024\/04\/CONTRATO-DE-ARRENDAMIENTO-DE-PROPIEDAD.jpg\" class=\"attachment-full size-full wp-image-990081\" alt=\"\" srcset=\"https:\/\/jquijano.com\/espana\/wp-content\/uploads\/2024\/04\/CONTRATO-DE-ARRENDAMIENTO-DE-PROPIEDAD.jpg 1366w, https:\/\/jquijano.com\/espana\/wp-content\/uploads\/2024\/04\/CONTRATO-DE-ARRENDAMIENTO-DE-PROPIEDAD-300x212.jpg 300w, https:\/\/jquijano.com\/espana\/wp-content\/uploads\/2024\/04\/CONTRATO-DE-ARRENDAMIENTO-DE-PROPIEDAD-1024x724.jpg 1024w, https:\/\/jquijano.com\/espana\/wp-content\/uploads\/2024\/04\/CONTRATO-DE-ARRENDAMIENTO-DE-PROPIEDAD-768x543.jpg 768w\" sizes=\"(max-width: 1366px) 100vw, 1366px\" title=\"\">\t\t\t\t\t\t\t\t\t\t\t\t\t\t\t\t\t\t\t\t\t\t\t\t<\/div>\n\t\t\t\t\t\t\t\t<\/div>\n\t\t\t\t<\/div>\n\t\t\t\t<div class=\"elementor-element elementor-element-2d402f8 elementor-widget__width-auto elementor-widget elementor-widget-heading\" data-id=\"2d402f8\" data-element_type=\"widget\" data-settings=\"{&quot;_animation&quot;:&quot;none&quot;,&quot;_animation_tablet&quot;:&quot;none&quot;,&quot;_animation_delay&quot;:200}\" data-widget_type=\"heading.default\">\n\t\t\t\t<div class=\"elementor-widget-container\">\n\t\t\t\t\t<h2 class=\"elementor-heading-title elementor-size-default\">Contrato de Arrendamiento <\/h2>\t\t\t\t<\/div>\n\t\t\t\t<\/div>\n\t\t\t\t<section class=\"elementor-section elementor-inner-section elementor-element elementor-element-7bd7772 elementor-section-boxed elementor-section-height-default elementor-section-height-default\" data-id=\"7bd7772\" data-element_type=\"section\">\n\t\t\t\t\t\t<div class=\"elementor-container elementor-column-gap-no\">\n\t\t\t\t\t<div class=\"elementor-column elementor-col-100 elementor-inner-column elementor-element elementor-element-1606e3c\" data-id=\"1606e3c\" data-element_type=\"column\">\n\t\t\t<div class=\"elementor-widget-wrap elementor-element-populated\">\n\t\t\t\t\t\t<div class=\"elementor-element elementor-element-97cbc13 elementor-widget elementor-widget-text-editor\" data-id=\"97cbc13\" data-element_type=\"widget\" data-widget_type=\"text-editor.default\">\n\t\t\t\t<div class=\"elementor-widget-container\">\n\t\t\t\t\t\t\t\t\tAsesoramos a nuestros clientes con la elaboraci\u00f3n y revisi\u00f3n de todo tipo de contrato de arrendamiento y sus adendas, ya sea particular o para fines comerciales a fin de garantizar que los derechos de las partes en el contrato queden debidamente resguardados. En esta \u00e1rea de practica  tambi\u00e9n brindamos representaci\u00f3n judicial a fin de presentar procesos de lanzamiento con retenci\u00f3n de bienes muebles contra arrendatarios morosos y proceso de desahucio ante los tribunales civiles y los Jueces de Paz.  \t\t\t\t\t\t\t\t<\/div>\n\t\t\t\t<\/div>\n\t\t\t\t\t<\/div>\n\t\t<\/div>\n\t\t\t\t\t<\/div>\n\t\t<\/section>\n\t\t\t\t\t<\/div>\n\t\t<\/div>\n\t\t\t\t<div class=\"elementor-column elementor-col-50 elementor-top-column elementor-element elementor-element-77edd1f\" data-id=\"77edd1f\" data-element_type=\"column\">\n\t\t\t<div class=\"elementor-widget-wrap elementor-element-populated\">\n\t\t\t\t\t\t<section class=\"elementor-section elementor-inner-section elementor-element elementor-element-40d45b4 elementor-section-boxed elementor-section-height-default elementor-section-height-default\" data-id=\"40d45b4\" data-element_type=\"section\" data-settings=\"{&quot;background_background&quot;:&quot;classic&quot;}\">\n\t\t\t\t\t\t<div class=\"elementor-container elementor-column-gap-default\">\n\t\t\t\t\t<div class=\"elementor-column elementor-col-100 elementor-inner-column elementor-element elementor-element-85791b6\" data-id=\"85791b6\" data-element_type=\"column\">\n\t\t\t<div class=\"elementor-widget-wrap elementor-element-populated\">\n\t\t\t\t\t\t<div class=\"elementor-element elementor-element-a10ec4c elementor-widget elementor-widget-heading\" data-id=\"a10ec4c\" data-element_type=\"widget\" data-widget_type=\"heading.default\">\n\t\t\t\t<div class=\"elementor-widget-container\">\n\t\t\t\t\t<h3 class=\"elementor-heading-title elementor-size-default\">Consulte con nosotros<\/h3>\t\t\t\t<\/div>\n\t\t\t\t<\/div>\n\t\t\t\t<div class=\"elementor-element elementor-element-5ed9d6f elementor-widget-divider--view-line elementor-widget elementor-widget-divider\" data-id=\"5ed9d6f\" data-element_type=\"widget\" data-widget_type=\"divider.default\">\n\t\t\t\t<div class=\"elementor-widget-container\">\n\t\t\t\t\t\t\t<div class=\"elementor-divider\">\n\t\t\t<span class=\"elementor-divider-separator\">\n\t\t\t\t\t\t<\/span>\n\t\t<\/div>\n\t\t\t\t\t\t<\/div>\n\t\t\t\t<\/div>\n\t\t\t\t<div class=\"elementor-element elementor-element-c0a9302 elementor-widget elementor-widget-html\" data-id=\"c0a9302\" data-element_type=\"widget\" data-widget_type=\"html.default\">\n\t\t\t\t<div class=\"elementor-widget-container\">\n\t\t\t\t\t<script charset=\"utf-8\" type=\"text\/javascript\" src=\"\/\/js.hsforms.net\/forms\/embed\/v2.js\"><\/script>\n<script>\n  hbspt.forms.create({\n    region: \"na1\",\n    portalId: \"23533289\",\n    formId: \"766b90b3-4093-49f5-839a-c27edeca6ae1\"\n  });\n<\/script>\t\t\t\t<\/div>\n\t\t\t\t<\/div>\n\t\t\t\t\t<\/div>\n\t\t<\/div>\n\t\t\t\t\t<\/div>\n\t\t<\/section>\n\t\t\t\t\t<\/div>\n\t\t<\/div>\n\t\t\t\t\t<\/div>\n\t\t<\/section>\n\t\t\t\t<\/div>\n\t\t","protected":false},"excerpt":{"rendered":"<p>Contratos en Panam\u00e1 Contrato de Arrendamiento de Propiedad y Adendas Contrato de Arrendamiento Asesoramos a nuestros clientes con la elaboraci\u00f3n y revisi\u00f3n de todo tipo de contrato de arrendamiento y sus adendas, ya sea particular o para fines comerciales a fin de garantizar que los derechos de las partes en el contrato queden debidamente resguardados&#8230;.<\/p>\n","protected":false},"author":1,"featured_media":0,"parent":451,"menu_order":0,"comment_status":"closed","ping_status":"closed","template":"","meta":{"content-type":"","footnotes":""},"class_list":["post-6130","page","type-page","status-publish","hentry"],"_links":{"self":[{"href":"https:\/\/jquijano.com\/espana\/wp-json\/wp\/v2\/pages\/6130","targetHints":{"allow":["GET"]}}],"collection":[{"href":"https:\/\/jquijano.com\/espana\/wp-json\/wp\/v2\/pages"}],"about":[{"href":"https:\/\/jquijano.com\/espana\/wp-json\/wp\/v2\/types\/page"}],"author":[{"embeddable":true,"href":"https:\/\/jquijano.com\/espana\/wp-json\/wp\/v2\/users\/1"}],"replies":[{"embeddable":true,"href":"https:\/\/jquijano.com\/espana\/wp-json\/wp\/v2\/comments?post=6130"}],"version-history":[{"count":50,"href":"https:\/\/jquijano.com\/espana\/wp-json\/wp\/v2\/pages\/6130\/revisions"}],"predecessor-version":[{"id":994588,"href":"https:\/\/jquijano.com\/espana\/wp-json\/wp\/v2\/pages\/6130\/revisions\/994588"}],"up":[{"embeddable":true,"href":"https:\/\/jquijano.com\/espana\/wp-json\/wp\/v2\/pages\/451"}],"wp:attachment":[{"href":"https:\/\/jquijano.com\/espana\/wp-json\/wp\/v2\/media?parent=6130"}],"curies":[{"name":"wp","href":"https:\/\/api.w.org\/{rel}","templated":true}]}}