{"id":6142,"date":"2023-06-05T01:09:14","date_gmt":"2023-06-05T06:09:14","guid":{"rendered":"https:\/\/jquijano.com\/espa%C3%B1a\/?page_id=6142"},"modified":"2024-07-14T14:46:45","modified_gmt":"2024-07-14T19:46:45","slug":"elaboracion-de-reglamento-interno","status":"publish","type":"page","link":"https:\/\/jquijano.com\/espana\/derecho-laboral\/elaboracion-de-reglamento-interno\/","title":{"rendered":"Elaboraci\u00f3n de Reglamento Interno"},"content":{"rendered":"\t\t<div data-elementor-type=\"wp-page\" data-elementor-id=\"6142\" class=\"elementor elementor-6142\" data-elementor-post-type=\"page\">\n\t\t\t\t\t\t<section class=\"elementor-section elementor-top-section elementor-element elementor-element-3da80ae elementor-section-full_width elementor-section-content-middle elementor-section-stretched elementor-section-height-default elementor-section-height-default\" data-id=\"3da80ae\" data-element_type=\"section\" data-settings=\"{&quot;animation&quot;:&quot;none&quot;,&quot;stretch_section&quot;:&quot;section-stretched&quot;,&quot;background_background&quot;:&quot;classic&quot;}\">\n\t\t\t\t\t\t\t<div class=\"elementor-background-overlay\"><\/div>\n\t\t\t\t\t\t\t<div class=\"elementor-container elementor-column-gap-default\">\n\t\t\t\t\t<div class=\"elementor-column elementor-col-100 elementor-top-column elementor-element elementor-element-bc11a67\" data-id=\"bc11a67\" data-element_type=\"column\">\n\t\t\t<div class=\"elementor-widget-wrap elementor-element-populated\">\n\t\t\t\t\t\t<section class=\"elementor-section elementor-inner-section elementor-element elementor-element-6330f9c elementor-section-boxed elementor-section-height-default elementor-section-height-default\" data-id=\"6330f9c\" data-element_type=\"section\">\n\t\t\t\t\t\t<div class=\"elementor-container elementor-column-gap-default\">\n\t\t\t\t\t<div class=\"elementor-column elementor-col-50 elementor-inner-column elementor-element elementor-element-379e87d\" data-id=\"379e87d\" data-element_type=\"column\">\n\t\t\t<div class=\"elementor-widget-wrap elementor-element-populated\">\n\t\t\t\t\t\t<div class=\"elementor-element elementor-element-ff42755 elementor-widget elementor-widget-heading\" data-id=\"ff42755\" data-element_type=\"widget\" data-settings=\"{&quot;_animation&quot;:&quot;none&quot;}\" data-widget_type=\"heading.default\">\n\t\t\t\t<div class=\"elementor-widget-container\">\n\t\t\t\t\t<h3 class=\"elementor-heading-title elementor-size-default\">Derecho Laboral en Panam\u00e1<\/h3>\t\t\t\t<\/div>\n\t\t\t\t<\/div>\n\t\t\t\t<div class=\"elementor-element elementor-element-3228d33 elementor-widget__width-auto elementor-widget elementor-widget-heading\" data-id=\"3228d33\" data-element_type=\"widget\" data-settings=\"{&quot;_animation&quot;:&quot;none&quot;,&quot;_animation_tablet&quot;:&quot;none&quot;,&quot;_animation_delay&quot;:200}\" data-widget_type=\"heading.default\">\n\t\t\t\t<div class=\"elementor-widget-container\">\n\t\t\t\t\t<h1 class=\"elementor-heading-title elementor-size-default\">Reglamento Interno de trabajo<\/h1>\t\t\t\t<\/div>\n\t\t\t\t<\/div>\n\t\t\t\t\t<\/div>\n\t\t<\/div>\n\t\t\t\t<div class=\"elementor-column elementor-col-50 elementor-inner-column elementor-element elementor-element-97de400\" data-id=\"97de400\" data-element_type=\"column\">\n\t\t\t<div class=\"elementor-widget-wrap\">\n\t\t\t\t\t\t\t<\/div>\n\t\t<\/div>\n\t\t\t\t\t<\/div>\n\t\t<\/section>\n\t\t\t\t\t<\/div>\n\t\t<\/div>\n\t\t\t\t\t<\/div>\n\t\t<\/section>\n\t\t\t\t<section class=\"elementor-section elementor-top-section elementor-element elementor-element-915e708 elementor-section-boxed elementor-section-height-default elementor-section-height-default\" data-id=\"915e708\" data-element_type=\"section\">\n\t\t\t\t\t\t<div class=\"elementor-container elementor-column-gap-default\">\n\t\t\t\t\t<div class=\"elementor-column elementor-col-50 elementor-top-column elementor-element elementor-element-a439f41\" data-id=\"a439f41\" data-element_type=\"column\">\n\t\t\t<div class=\"elementor-widget-wrap elementor-element-populated\">\n\t\t\t\t\t\t<div class=\"vamtam-has-theme-widget-styles elementor-element elementor-element-7f47229 elementor-hidden-tablet elementor-hidden-mobile elementor-widget elementor-widget-image\" data-id=\"7f47229\" data-element_type=\"widget\" data-widget_type=\"image.default\">\n\t\t\t\t<div class=\"elementor-widget-container\">\n\t\t\t\t\t\t\t\t\t<div class=\"elementor-image\">\n\t\t\t\t\t\t\t\t\t\t\t\t\t\t\t\t\t\t\t\t\t<img fetchpriority=\"high\" decoding=\"async\" width=\"2560\" height=\"1707\" src=\"https:\/\/jquijano.com\/espana\/wp-content\/uploads\/2024\/04\/ELABORACION-DE-REGLAMENTO-INTERNO-scaled.jpg\" class=\"attachment-full size-full wp-image-989989\" alt=\"\" srcset=\"https:\/\/jquijano.com\/espana\/wp-content\/uploads\/2024\/04\/ELABORACION-DE-REGLAMENTO-INTERNO-scaled.jpg 2560w, https:\/\/jquijano.com\/espana\/wp-content\/uploads\/2024\/04\/ELABORACION-DE-REGLAMENTO-INTERNO-300x200.jpg 300w, https:\/\/jquijano.com\/espana\/wp-content\/uploads\/2024\/04\/ELABORACION-DE-REGLAMENTO-INTERNO-1024x683.jpg 1024w, https:\/\/jquijano.com\/espana\/wp-content\/uploads\/2024\/04\/ELABORACION-DE-REGLAMENTO-INTERNO-768x512.jpg 768w, https:\/\/jquijano.com\/espana\/wp-content\/uploads\/2024\/04\/ELABORACION-DE-REGLAMENTO-INTERNO-1536x1024.jpg 1536w, https:\/\/jquijano.com\/espana\/wp-content\/uploads\/2024\/04\/ELABORACION-DE-REGLAMENTO-INTERNO-2048x1365.jpg 2048w\" sizes=\"(max-width: 2560px) 100vw, 2560px\" title=\"\">\t\t\t\t\t\t\t\t\t\t\t\t\t\t\t\t\t\t\t\t\t\t\t\t<\/div>\n\t\t\t\t\t\t\t\t<\/div>\n\t\t\t\t<\/div>\n\t\t\t\t<div class=\"elementor-element elementor-element-fbf1fe4 elementor-widget elementor-widget-heading\" data-id=\"fbf1fe4\" data-element_type=\"widget\" data-settings=\"{&quot;_animation&quot;:&quot;none&quot;,&quot;_animation_tablet&quot;:&quot;none&quot;,&quot;_animation_delay&quot;:200}\" data-widget_type=\"heading.default\">\n\t\t\t\t<div class=\"elementor-widget-container\">\n\t\t\t\t\t<h2 class=\"elementor-heading-title elementor-size-default\">Servicio de Elaboraci\u00f3n de Reglamento Interno<\/h2>\t\t\t\t<\/div>\n\t\t\t\t<\/div>\n\t\t\t\t<div class=\"elementor-element elementor-element-f9ce564 elementor-widget elementor-widget-text-editor\" data-id=\"f9ce564\" data-element_type=\"widget\" data-widget_type=\"text-editor.default\">\n\t\t\t\t<div class=\"elementor-widget-container\">\n\t\t\t\t\t\t\t\t\tEl C\u00f3digo de Trabajo de Panam\u00e1 exige a todo empleador cuya fuerza laboral sea de 10 trabajadores o m\u00e1s la implementaci\u00f3n de un Reglamento Interno de Trabajo. Nuestro equipo de expertos en la materia se encuentra ampliamente capacitado para confeccionar, revisar y adecuar el proyecto de reglamento interno de tu empresa y su presentaci\u00f3n ante el Departamento de Reglamento Interno del Ministerio de Trabajo y Desarrollo Laboral. \t\t\t\t\t\t\t\t<\/div>\n\t\t\t\t<\/div>\n\t\t\t\t\t<\/div>\n\t\t<\/div>\n\t\t\t\t<div class=\"elementor-column elementor-col-50 elementor-top-column elementor-element elementor-element-8188bdf\" data-id=\"8188bdf\" data-element_type=\"column\">\n\t\t\t<div class=\"elementor-widget-wrap elementor-element-populated\">\n\t\t\t\t\t\t<section class=\"elementor-section elementor-inner-section elementor-element elementor-element-9cf98c9 elementor-section-boxed elementor-section-height-default elementor-section-height-default\" data-id=\"9cf98c9\" data-element_type=\"section\" data-settings=\"{&quot;background_background&quot;:&quot;classic&quot;}\">\n\t\t\t\t\t\t<div class=\"elementor-container elementor-column-gap-default\">\n\t\t\t\t\t<div class=\"elementor-column elementor-col-100 elementor-inner-column elementor-element elementor-element-dd8c4b8\" data-id=\"dd8c4b8\" data-element_type=\"column\">\n\t\t\t<div class=\"elementor-widget-wrap elementor-element-populated\">\n\t\t\t\t\t\t<div class=\"elementor-element elementor-element-b8eb99f elementor-widget elementor-widget-heading\" data-id=\"b8eb99f\" data-element_type=\"widget\" data-widget_type=\"heading.default\">\n\t\t\t\t<div class=\"elementor-widget-container\">\n\t\t\t\t\t<h3 class=\"elementor-heading-title elementor-size-default\">Consulte con nosotros<\/h3>\t\t\t\t<\/div>\n\t\t\t\t<\/div>\n\t\t\t\t<div class=\"elementor-element elementor-element-6504620 elementor-widget-divider--view-line elementor-widget elementor-widget-divider\" data-id=\"6504620\" data-element_type=\"widget\" data-widget_type=\"divider.default\">\n\t\t\t\t<div class=\"elementor-widget-container\">\n\t\t\t\t\t\t\t<div class=\"elementor-divider\">\n\t\t\t<span class=\"elementor-divider-separator\">\n\t\t\t\t\t\t<\/span>\n\t\t<\/div>\n\t\t\t\t\t\t<\/div>\n\t\t\t\t<\/div>\n\t\t\t\t<div class=\"elementor-element elementor-element-470722d elementor-widget elementor-widget-html\" data-id=\"470722d\" data-element_type=\"widget\" data-widget_type=\"html.default\">\n\t\t\t\t<div class=\"elementor-widget-container\">\n\t\t\t\t\t<script charset=\"utf-8\" type=\"text\/javascript\" src=\"\/\/js.hsforms.net\/forms\/embed\/v2.js\"><\/script>\n<script>\n  hbspt.forms.create({\n    region: \"na1\",\n    portalId: \"23533289\",\n    formId: \"766b90b3-4093-49f5-839a-c27edeca6ae1\"\n  });\n<\/script>\t\t\t\t<\/div>\n\t\t\t\t<\/div>\n\t\t\t\t\t<\/div>\n\t\t<\/div>\n\t\t\t\t\t<\/div>\n\t\t<\/section>\n\t\t\t\t\t<\/div>\n\t\t<\/div>\n\t\t\t\t\t<\/div>\n\t\t<\/section>\n\t\t\t\t<\/div>\n\t\t","protected":false},"excerpt":{"rendered":"<p>Derecho Laboral en Panam\u00e1 Reglamento Interno de trabajo Servicio de Elaboraci\u00f3n de Reglamento Interno El C\u00f3digo de Trabajo de Panam\u00e1 exige a todo empleador cuya fuerza laboral sea de 10 trabajadores o m\u00e1s la implementaci\u00f3n de un Reglamento Interno de Trabajo. Nuestro equipo de expertos en la materia se encuentra ampliamente capacitado para confeccionar, revisar&#8230;<\/p>\n","protected":false},"author":1,"featured_media":0,"parent":446,"menu_order":0,"comment_status":"closed","ping_status":"closed","template":"","meta":{"content-type":"","footnotes":""},"class_list":["post-6142","page","type-page","status-publish","hentry"],"_links":{"self":[{"href":"https:\/\/jquijano.com\/espana\/wp-json\/wp\/v2\/pages\/6142","targetHints":{"allow":["GET"]}}],"collection":[{"href":"https:\/\/jquijano.com\/espana\/wp-json\/wp\/v2\/pages"}],"about":[{"href":"https:\/\/jquijano.com\/espana\/wp-json\/wp\/v2\/types\/page"}],"author":[{"embeddable":true,"href":"https:\/\/jquijano.com\/espana\/wp-json\/wp\/v2\/users\/1"}],"replies":[{"embeddable":true,"href":"https:\/\/jquijano.com\/espana\/wp-json\/wp\/v2\/comments?post=6142"}],"version-history":[{"count":34,"href":"https:\/\/jquijano.com\/espana\/wp-json\/wp\/v2\/pages\/6142\/revisions"}],"predecessor-version":[{"id":994573,"href":"https:\/\/jquijano.com\/espana\/wp-json\/wp\/v2\/pages\/6142\/revisions\/994573"}],"up":[{"embeddable":true,"href":"https:\/\/jquijano.com\/espana\/wp-json\/wp\/v2\/pages\/446"}],"wp:attachment":[{"href":"https:\/\/jquijano.com\/espana\/wp-json\/wp\/v2\/media?parent=6142"}],"curies":[{"name":"wp","href":"https:\/\/api.w.org\/{rel}","templated":true}]}}