{"id":6150,"date":"2023-06-04T21:34:59","date_gmt":"2023-06-05T02:34:59","guid":{"rendered":"https:\/\/jquijano.com\/espa%C3%B1a\/?page_id=6150"},"modified":"2024-05-28T13:20:25","modified_gmt":"2024-05-28T18:20:25","slug":"renovacion-de-marcas","status":"publish","type":"page","link":"https:\/\/jquijano.com\/espana\/propiedad-intelectual\/renovacion-de-marcas\/","title":{"rendered":"Renovaci\u00f3n de Marcas"},"content":{"rendered":"\t\t<div data-elementor-type=\"wp-page\" data-elementor-id=\"6150\" class=\"elementor elementor-6150\" data-elementor-post-type=\"page\">\n\t\t\t\t\t\t<section class=\"elementor-section elementor-top-section elementor-element elementor-element-37047d6 elementor-section-full_width elementor-section-content-middle elementor-section-stretched elementor-section-height-default elementor-section-height-default\" data-id=\"37047d6\" data-element_type=\"section\" data-settings=\"{&quot;animation&quot;:&quot;none&quot;,&quot;stretch_section&quot;:&quot;section-stretched&quot;,&quot;background_background&quot;:&quot;classic&quot;}\">\n\t\t\t\t\t\t\t<div class=\"elementor-background-overlay\"><\/div>\n\t\t\t\t\t\t\t<div class=\"elementor-container elementor-column-gap-default\">\n\t\t\t\t\t<div class=\"elementor-column elementor-col-100 elementor-top-column elementor-element elementor-element-2f5bc07\" data-id=\"2f5bc07\" data-element_type=\"column\">\n\t\t\t<div class=\"elementor-widget-wrap elementor-element-populated\">\n\t\t\t\t\t\t<section class=\"elementor-section elementor-inner-section elementor-element elementor-element-8bfc812 elementor-section-boxed elementor-section-height-default elementor-section-height-default\" data-id=\"8bfc812\" data-element_type=\"section\">\n\t\t\t\t\t\t<div class=\"elementor-container elementor-column-gap-default\">\n\t\t\t\t\t<div class=\"elementor-column elementor-col-50 elementor-inner-column elementor-element elementor-element-5a7361f\" data-id=\"5a7361f\" data-element_type=\"column\">\n\t\t\t<div class=\"elementor-widget-wrap elementor-element-populated\">\n\t\t\t\t\t\t<div class=\"elementor-element elementor-element-df13e41 elementor-widget elementor-widget-heading\" data-id=\"df13e41\" data-element_type=\"widget\" data-settings=\"{&quot;_animation&quot;:&quot;none&quot;}\" data-widget_type=\"heading.default\">\n\t\t\t\t<div class=\"elementor-widget-container\">\n\t\t\t\t\t<h3 class=\"elementor-heading-title elementor-size-default\">Propiedad Intelectual en Panam\u00e1<\/h3>\t\t\t\t<\/div>\n\t\t\t\t<\/div>\n\t\t\t\t<div class=\"elementor-element elementor-element-0c8adc5 elementor-widget__width-auto elementor-widget elementor-widget-heading\" data-id=\"0c8adc5\" data-element_type=\"widget\" data-settings=\"{&quot;_animation&quot;:&quot;none&quot;,&quot;_animation_tablet&quot;:&quot;none&quot;,&quot;_animation_delay&quot;:200}\" data-widget_type=\"heading.default\">\n\t\t\t\t<div class=\"elementor-widget-container\">\n\t\t\t\t\t<h1 class=\"elementor-heading-title elementor-size-default\">Renovaci\u00f3n de Marcas\n<\/h1>\t\t\t\t<\/div>\n\t\t\t\t<\/div>\n\t\t\t\t\t<\/div>\n\t\t<\/div>\n\t\t\t\t<div class=\"elementor-column elementor-col-50 elementor-inner-column elementor-element elementor-element-6df83e8\" data-id=\"6df83e8\" data-element_type=\"column\">\n\t\t\t<div class=\"elementor-widget-wrap\">\n\t\t\t\t\t\t\t<\/div>\n\t\t<\/div>\n\t\t\t\t\t<\/div>\n\t\t<\/section>\n\t\t\t\t\t<\/div>\n\t\t<\/div>\n\t\t\t\t\t<\/div>\n\t\t<\/section>\n\t\t\t\t<section class=\"elementor-section elementor-top-section elementor-element elementor-element-29d4d43 elementor-section-boxed elementor-section-height-default elementor-section-height-default\" data-id=\"29d4d43\" data-element_type=\"section\">\n\t\t\t\t\t\t<div class=\"elementor-container elementor-column-gap-default\">\n\t\t\t\t\t<div class=\"elementor-column elementor-col-50 elementor-top-column elementor-element elementor-element-3889c2e\" data-id=\"3889c2e\" data-element_type=\"column\">\n\t\t\t<div class=\"elementor-widget-wrap elementor-element-populated\">\n\t\t\t\t\t\t<div class=\"vamtam-has-theme-widget-styles elementor-element elementor-element-e328ebe elementor-hidden-tablet elementor-hidden-mobile elementor-widget elementor-widget-image\" data-id=\"e328ebe\" data-element_type=\"widget\" data-widget_type=\"image.default\">\n\t\t\t\t<div class=\"elementor-widget-container\">\n\t\t\t\t\t\t\t\t\t<div class=\"elementor-image\">\n\t\t\t\t\t\t\t\t\t\t\t\t\t\t\t\t\t\t\t\t\t<img fetchpriority=\"high\" decoding=\"async\" width=\"2560\" height=\"2425\" src=\"https:\/\/jquijano.com\/espana\/wp-content\/uploads\/2024\/04\/RENOVACION-DE-MARCAS-scaled.jpg\" class=\"attachment-full size-full wp-image-990135\" alt=\"\" srcset=\"https:\/\/jquijano.com\/espana\/wp-content\/uploads\/2024\/04\/RENOVACION-DE-MARCAS-scaled.jpg 2560w, https:\/\/jquijano.com\/espana\/wp-content\/uploads\/2024\/04\/RENOVACION-DE-MARCAS-300x284.jpg 300w, https:\/\/jquijano.com\/espana\/wp-content\/uploads\/2024\/04\/RENOVACION-DE-MARCAS-1024x970.jpg 1024w, https:\/\/jquijano.com\/espana\/wp-content\/uploads\/2024\/04\/RENOVACION-DE-MARCAS-768x728.jpg 768w, https:\/\/jquijano.com\/espana\/wp-content\/uploads\/2024\/04\/RENOVACION-DE-MARCAS-1536x1455.jpg 1536w, https:\/\/jquijano.com\/espana\/wp-content\/uploads\/2024\/04\/RENOVACION-DE-MARCAS-2048x1940.jpg 2048w\" sizes=\"(max-width: 2560px) 100vw, 2560px\" title=\"\">\t\t\t\t\t\t\t\t\t\t\t\t\t\t\t\t\t\t\t\t\t\t\t\t<\/div>\n\t\t\t\t\t\t\t\t<\/div>\n\t\t\t\t<\/div>\n\t\t\t\t<div class=\"elementor-element elementor-element-7ab53b4 elementor-widget__width-auto elementor-widget elementor-widget-heading\" data-id=\"7ab53b4\" data-element_type=\"widget\" data-settings=\"{&quot;_animation&quot;:&quot;none&quot;,&quot;_animation_tablet&quot;:&quot;none&quot;,&quot;_animation_delay&quot;:200}\" data-widget_type=\"heading.default\">\n\t\t\t\t<div class=\"elementor-widget-container\">\n\t\t\t\t\t<h2 class=\"elementor-heading-title elementor-size-default\">Servicio de Renovaci\u00f3n de Marcas<\/h2>\t\t\t\t<\/div>\n\t\t\t\t<\/div>\n\t\t\t\t<section class=\"elementor-section elementor-inner-section elementor-element elementor-element-644bb26 elementor-section-boxed elementor-section-height-default elementor-section-height-default\" data-id=\"644bb26\" data-element_type=\"section\">\n\t\t\t\t\t\t<div class=\"elementor-container elementor-column-gap-no\">\n\t\t\t\t\t<div class=\"elementor-column elementor-col-100 elementor-inner-column elementor-element elementor-element-d259507\" data-id=\"d259507\" data-element_type=\"column\">\n\t\t\t<div class=\"elementor-widget-wrap elementor-element-populated\">\n\t\t\t\t\t\t<div class=\"elementor-element elementor-element-41190be elementor-widget elementor-widget-text-editor\" data-id=\"41190be\" data-element_type=\"widget\" data-widget_type=\"text-editor.default\">\n\t\t\t\t<div class=\"elementor-widget-container\">\n\t\t\t\t\t\t\t\t\t<p>El registro de una marca de producto o servicio tiene un t\u00e9rmino de 10 a\u00f1os. La renovaci\u00f3n del registro de una marca debe solicitarse dentro del t\u00e9rmino comprendido entre el a\u00f1o inmediatamente precedente y los seis meses subsiguientes a la fecha de vencimiento del registro<u> respectivo<\/u>. Vencido este t\u00e9rmino sin que se hubiese solicitado la renovaci\u00f3n, el registro caducar\u00e1 de pleno derecho.<\/p>\t\t\t\t\t\t\t\t<\/div>\n\t\t\t\t<\/div>\n\t\t\t\t<div class=\"elementor-element elementor-element-4b94b67 elementor-widget elementor-widget-text-editor\" data-id=\"4b94b67\" data-element_type=\"widget\" data-widget_type=\"text-editor.default\">\n\t\t\t\t<div class=\"elementor-widget-container\">\n\t\t\t\t\t\t\t\t\tPara solicitar la renovaci\u00f3n de tu marca deber\u00e1s remitirnos los siguientes documentos:\n<ul>\n \t<li>Poder Especial a favor de nuestra firma de abogados.<\/li><BR>\n \t<li>Informaci\u00f3n del solicitante de la marca: nombre, direcci\u00f3n, n\u00famero de tel\u00e9fono y correo electr\u00f3nico<\/li><BR>\n \t<li>Im\u00e1genes de la marca o su logotipo<\/li><BR>\n \t<li>Clase o Clases en la que desea registrarla<\/li><BR>\n \t<li>Si se ha reivindicado un derecho de prioridad, presentar la correspondiente copia de la solicitud prioritaria, con su traducci\u00f3n en caso de que no se encuentre en idioma espa\u00f1ol, estando dicho documento dispensado de toda legalizaci\u00f3n o autenticaci\u00f3n notarial o consular.<\/li><BR>\n \t<li>Declaraci\u00f3n de uso o intenci\u00f3n de uso de la marca<\/li>\n<\/ul>\nSi el registro de tu marca est\u00e1 por vencer te recomendamos solicitar su renovaci\u00f3n evitando as\u00ed que la competencia aproveche dicha oportunidad.\t\t\t\t\t\t\t\t<\/div>\n\t\t\t\t<\/div>\n\t\t\t\t\t<\/div>\n\t\t<\/div>\n\t\t\t\t\t<\/div>\n\t\t<\/section>\n\t\t\t\t\t<\/div>\n\t\t<\/div>\n\t\t\t\t<div class=\"elementor-column elementor-col-50 elementor-top-column elementor-element elementor-element-882b0c3\" data-id=\"882b0c3\" data-element_type=\"column\">\n\t\t\t<div class=\"elementor-widget-wrap elementor-element-populated\">\n\t\t\t\t\t\t<section class=\"elementor-section elementor-inner-section elementor-element elementor-element-a93fb6c elementor-section-boxed elementor-section-height-default elementor-section-height-default\" data-id=\"a93fb6c\" data-element_type=\"section\" data-settings=\"{&quot;background_background&quot;:&quot;classic&quot;}\">\n\t\t\t\t\t\t<div class=\"elementor-container elementor-column-gap-default\">\n\t\t\t\t\t<div class=\"elementor-column elementor-col-100 elementor-inner-column elementor-element elementor-element-6795028\" data-id=\"6795028\" data-element_type=\"column\">\n\t\t\t<div class=\"elementor-widget-wrap elementor-element-populated\">\n\t\t\t\t\t\t<div class=\"elementor-element elementor-element-e82d4e4 elementor-widget elementor-widget-heading\" data-id=\"e82d4e4\" data-element_type=\"widget\" data-widget_type=\"heading.default\">\n\t\t\t\t<div class=\"elementor-widget-container\">\n\t\t\t\t\t<h3 class=\"elementor-heading-title elementor-size-default\">Consulte con nosotros<\/h3>\t\t\t\t<\/div>\n\t\t\t\t<\/div>\n\t\t\t\t<div class=\"elementor-element elementor-element-f39b5ef elementor-widget-divider--view-line elementor-widget elementor-widget-divider\" data-id=\"f39b5ef\" data-element_type=\"widget\" data-widget_type=\"divider.default\">\n\t\t\t\t<div class=\"elementor-widget-container\">\n\t\t\t\t\t\t\t<div class=\"elementor-divider\">\n\t\t\t<span class=\"elementor-divider-separator\">\n\t\t\t\t\t\t<\/span>\n\t\t<\/div>\n\t\t\t\t\t\t<\/div>\n\t\t\t\t<\/div>\n\t\t\t\t<div class=\"elementor-element elementor-element-afff3d8 elementor-widget elementor-widget-html\" data-id=\"afff3d8\" data-element_type=\"widget\" data-widget_type=\"html.default\">\n\t\t\t\t<div class=\"elementor-widget-container\">\n\t\t\t\t\t<script charset=\"utf-8\" type=\"text\/javascript\" src=\"\/\/js.hsforms.net\/forms\/embed\/v2.js\"><\/script>\n<script>\n  hbspt.forms.create({\n    region: \"na1\",\n    portalId: \"23533289\",\n    formId: \"766b90b3-4093-49f5-839a-c27edeca6ae1\"\n  });\n<\/script>\t\t\t\t<\/div>\n\t\t\t\t<\/div>\n\t\t\t\t\t<\/div>\n\t\t<\/div>\n\t\t\t\t\t<\/div>\n\t\t<\/section>\n\t\t\t\t\t<\/div>\n\t\t<\/div>\n\t\t\t\t\t<\/div>\n\t\t<\/section>\n\t\t\t\t<\/div>\n\t\t","protected":false},"excerpt":{"rendered":"<p>Propiedad Intelectual en Panam\u00e1 Renovaci\u00f3n de Marcas Servicio de Renovaci\u00f3n de Marcas El registro de una marca de producto o servicio tiene un t\u00e9rmino de 10 a\u00f1os. La renovaci\u00f3n del registro de una marca debe solicitarse dentro del t\u00e9rmino comprendido entre el a\u00f1o inmediatamente precedente y los seis meses subsiguientes a la fecha de vencimiento&#8230;<\/p>\n","protected":false},"author":1,"featured_media":0,"parent":453,"menu_order":0,"comment_status":"closed","ping_status":"closed","template":"","meta":{"content-type":"","footnotes":""},"class_list":["post-6150","page","type-page","status-publish","hentry"],"_links":{"self":[{"href":"https:\/\/jquijano.com\/espana\/wp-json\/wp\/v2\/pages\/6150","targetHints":{"allow":["GET"]}}],"collection":[{"href":"https:\/\/jquijano.com\/espana\/wp-json\/wp\/v2\/pages"}],"about":[{"href":"https:\/\/jquijano.com\/espana\/wp-json\/wp\/v2\/types\/page"}],"author":[{"embeddable":true,"href":"https:\/\/jquijano.com\/espana\/wp-json\/wp\/v2\/users\/1"}],"replies":[{"embeddable":true,"href":"https:\/\/jquijano.com\/espana\/wp-json\/wp\/v2\/comments?post=6150"}],"version-history":[{"count":29,"href":"https:\/\/jquijano.com\/espana\/wp-json\/wp\/v2\/pages\/6150\/revisions"}],"predecessor-version":[{"id":993375,"href":"https:\/\/jquijano.com\/espana\/wp-json\/wp\/v2\/pages\/6150\/revisions\/993375"}],"up":[{"embeddable":true,"href":"https:\/\/jquijano.com\/espana\/wp-json\/wp\/v2\/pages\/453"}],"wp:attachment":[{"href":"https:\/\/jquijano.com\/espana\/wp-json\/wp\/v2\/media?parent=6150"}],"curies":[{"name":"wp","href":"https:\/\/api.w.org\/{rel}","templated":true}]}}