{"id":6156,"date":"2023-06-04T21:47:43","date_gmt":"2023-06-05T02:47:43","guid":{"rendered":"https:\/\/jquijano.com\/espa%C3%B1a\/?page_id=6156"},"modified":"2024-05-17T20:52:41","modified_gmt":"2024-05-18T01:52:41","slug":"registro-de-alimentos-y-bebidas","status":"publish","type":"page","link":"https:\/\/jquijano.com\/espana\/registro-sanitario\/registro-de-alimentos-y-bebidas\/","title":{"rendered":"Registro de Alimentos y Bebidas"},"content":{"rendered":"\t\t<div data-elementor-type=\"wp-page\" data-elementor-id=\"6156\" class=\"elementor elementor-6156\" data-elementor-post-type=\"page\">\n\t\t\t\t\t\t<section class=\"elementor-section elementor-top-section elementor-element elementor-element-fdf6100 elementor-section-full_width elementor-section-content-middle elementor-section-stretched elementor-section-height-default elementor-section-height-default\" data-id=\"fdf6100\" data-element_type=\"section\" data-settings=\"{&quot;animation&quot;:&quot;none&quot;,&quot;stretch_section&quot;:&quot;section-stretched&quot;,&quot;background_background&quot;:&quot;classic&quot;}\">\n\t\t\t\t\t\t\t<div class=\"elementor-background-overlay\"><\/div>\n\t\t\t\t\t\t\t<div class=\"elementor-container elementor-column-gap-default\">\n\t\t\t\t\t<div class=\"elementor-column elementor-col-100 elementor-top-column elementor-element elementor-element-68cc300\" data-id=\"68cc300\" data-element_type=\"column\">\n\t\t\t<div class=\"elementor-widget-wrap elementor-element-populated\">\n\t\t\t\t\t\t<section class=\"elementor-section elementor-inner-section elementor-element elementor-element-45fbe1a elementor-section-boxed elementor-section-height-default elementor-section-height-default\" data-id=\"45fbe1a\" data-element_type=\"section\">\n\t\t\t\t\t\t<div class=\"elementor-container elementor-column-gap-default\">\n\t\t\t\t\t<div class=\"elementor-column elementor-col-50 elementor-inner-column elementor-element elementor-element-57c61af\" data-id=\"57c61af\" data-element_type=\"column\">\n\t\t\t<div class=\"elementor-widget-wrap elementor-element-populated\">\n\t\t\t\t\t\t<div class=\"elementor-element elementor-element-0094702 elementor-widget elementor-widget-heading\" data-id=\"0094702\" data-element_type=\"widget\" data-settings=\"{&quot;_animation&quot;:&quot;none&quot;}\" data-widget_type=\"heading.default\">\n\t\t\t\t<div class=\"elementor-widget-container\">\n\t\t\t\t\t<h3 class=\"elementor-heading-title elementor-size-default\">Registro Sanitario en Panam\u00e1<\/h3>\t\t\t\t<\/div>\n\t\t\t\t<\/div>\n\t\t\t\t<div class=\"elementor-element elementor-element-39e9046 elementor-widget__width-auto elementor-widget elementor-widget-heading\" data-id=\"39e9046\" data-element_type=\"widget\" data-settings=\"{&quot;_animation&quot;:&quot;none&quot;,&quot;_animation_tablet&quot;:&quot;none&quot;,&quot;_animation_delay&quot;:200}\" data-widget_type=\"heading.default\">\n\t\t\t\t<div class=\"elementor-widget-container\">\n\t\t\t\t\t<h1 class=\"elementor-heading-title elementor-size-default\">Registro de Alimentos y Bebidas\n<\/h1>\t\t\t\t<\/div>\n\t\t\t\t<\/div>\n\t\t\t\t\t<\/div>\n\t\t<\/div>\n\t\t\t\t<div class=\"elementor-column elementor-col-50 elementor-inner-column elementor-element elementor-element-671f2ed\" data-id=\"671f2ed\" data-element_type=\"column\">\n\t\t\t<div class=\"elementor-widget-wrap\">\n\t\t\t\t\t\t\t<\/div>\n\t\t<\/div>\n\t\t\t\t\t<\/div>\n\t\t<\/section>\n\t\t\t\t\t<\/div>\n\t\t<\/div>\n\t\t\t\t\t<\/div>\n\t\t<\/section>\n\t\t\t\t<section class=\"elementor-section elementor-top-section elementor-element elementor-element-6b5dc36 elementor-section-boxed elementor-section-height-default elementor-section-height-default\" data-id=\"6b5dc36\" data-element_type=\"section\">\n\t\t\t\t\t\t<div class=\"elementor-container elementor-column-gap-default\">\n\t\t\t\t\t<div class=\"elementor-column elementor-col-50 elementor-top-column elementor-element elementor-element-99e3706\" data-id=\"99e3706\" data-element_type=\"column\">\n\t\t\t<div class=\"elementor-widget-wrap elementor-element-populated\">\n\t\t\t\t\t\t<div class=\"vamtam-has-theme-widget-styles elementor-element elementor-element-9d332cd elementor-hidden-tablet elementor-hidden-mobile elementor-widget elementor-widget-image\" data-id=\"9d332cd\" data-element_type=\"widget\" data-widget_type=\"image.default\">\n\t\t\t\t<div class=\"elementor-widget-container\">\n\t\t\t\t\t\t\t\t\t<div class=\"elementor-image\">\n\t\t\t\t\t\t\t\t\t\t\t\t\t\t\t\t\t\t\t\t\t<img fetchpriority=\"high\" decoding=\"async\" width=\"1024\" height=\"768\" src=\"https:\/\/jquijano.com\/espana\/wp-content\/uploads\/2024\/04\/REGISTRO-DE-ALIMENTOS-Y-BEBIDAS.jpg\" class=\"attachment-full size-full wp-image-990158\" alt=\"\" srcset=\"https:\/\/jquijano.com\/espana\/wp-content\/uploads\/2024\/04\/REGISTRO-DE-ALIMENTOS-Y-BEBIDAS.jpg 1024w, https:\/\/jquijano.com\/espana\/wp-content\/uploads\/2024\/04\/REGISTRO-DE-ALIMENTOS-Y-BEBIDAS-300x225.jpg 300w, https:\/\/jquijano.com\/espana\/wp-content\/uploads\/2024\/04\/REGISTRO-DE-ALIMENTOS-Y-BEBIDAS-768x576.jpg 768w\" sizes=\"(max-width: 1024px) 100vw, 1024px\" title=\"\">\t\t\t\t\t\t\t\t\t\t\t\t\t\t\t\t\t\t\t\t\t\t\t\t<\/div>\n\t\t\t\t\t\t\t\t<\/div>\n\t\t\t\t<\/div>\n\t\t\t\t<div class=\"elementor-element elementor-element-30c6cc6 elementor-widget__width-auto elementor-widget elementor-widget-heading\" data-id=\"30c6cc6\" data-element_type=\"widget\" data-settings=\"{&quot;_animation&quot;:&quot;none&quot;,&quot;_animation_tablet&quot;:&quot;none&quot;,&quot;_animation_delay&quot;:200}\" data-widget_type=\"heading.default\">\n\t\t\t\t<div class=\"elementor-widget-container\">\n\t\t\t\t\t<h2 class=\"elementor-heading-title elementor-size-default\">Servicio de Registro de Alimentos y Bebidas\n<\/h2>\t\t\t\t<\/div>\n\t\t\t\t<\/div>\n\t\t\t\t<div class=\"elementor-element elementor-element-f343825 elementor-widget elementor-widget-text-editor\" data-id=\"f343825\" data-element_type=\"widget\" data-widget_type=\"text-editor.default\">\n\t\t\t\t<div class=\"elementor-widget-container\">\n\t\t\t\t\t\t\t\t\tTodo producto de consumo humano que vaya a ser comercializado en Panam\u00e1 deber\u00e1 contar previamente con su registro sanitario tramitado y aprobado por la Autoridad de Protecci\u00f3n de Alimentos (APA) y el Departamento de Protecci\u00f3n de Alimentos (DEPA) del Ministerio de Salud de la Rep\u00fablica de Panam\u00e1, (MINSA).\n\nCon base en lo establecido en el Decreto Ejecutivo No. 125 del 29 de septiembre de 2021, que reglamenta la Ley 206 del 2021, que crea la Agencia Paname\u00f1a de Alimentos y deroga el Decreto Ley No. 11 del 2006, que crea la Autoridad Paname\u00f1a de Seguridad de Alimentos, los requisitos para solicitar Registro Sanitario de productos importados son:\n<ul>\n \t<li>Nombre y generales del solicitante.<\/li><br>\n \t<li>Nombre del Producto.<\/li><br>\n \t<li>Nombre y direcci\u00f3n completa del fabricante.<\/li><br>\n \t<li>Nombre y direcci\u00f3n de la planta.<\/li><br>\n \t<li>Pa\u00eds de origen del alimento o producto, as\u00ed como del pa\u00eds de procedencia, cuando el alimento preenvasado final sea importado desde terceros pa\u00edses.<\/li><br>\n \t<li>Descripci\u00f3n del producto.<\/li><br>\n \t<li>Certificado de libre venta (CLV) o equivalente, emitido en el pa\u00eds de origen del producto o en su defecto, en el pa\u00eds donde se comercialice, en el caso de productos importados.<\/li><br>\n \t<li>F\u00f3rmula cuali-cuantitativa del producto.<\/li><br>\n \t<li>Descripci\u00f3n del m\u00e9todo de fabricaci\u00f3n del producto.<\/li><br>\n \t<li>Informaci\u00f3n referente a la conservaci\u00f3n y estabilidad del producto.<\/li><br>\n \t<li>Copia digital o escaneada de la etiqueta original o arte id\u00e9ntico al original del alimento.<\/li><br>\n \t<li>Descripci\u00f3n del Sistema de lotificaci\u00f3n.<\/li><br>\n \t<li>Cualquier otro de car\u00e1cter t\u00e9cnico y cient\u00edfico que las autoridades competentes establezcan para preservar la inocuidad de los alimentos.<\/li><br>\n<\/ul>\nEs importante mencionar que el registro sanitario brinda en todo momento la seguridad y confianza que busca el consumidor al momento de adquirirlo en el mercado.\n<br>\nLa vigencia del registro sanitario de un alimento importado ser\u00e1 de siete (7) a\u00f1os, prorrogables por iguales per\u00edodos.\n<br><br>\nEn <strong>J. QUIJANO Abogados<\/strong> nos aseguramos de asesorar a nuestros clientes de manera profesional antes de iniciar su proceso de comercializaci\u00f3n en Panam\u00e1 garantiz\u00e1ndoles en todo momento que cumplen con toda la normativa en vigencia en materia sanitaria.\t\t\t\t\t\t\t\t<\/div>\n\t\t\t\t<\/div>\n\t\t\t\t\t<\/div>\n\t\t<\/div>\n\t\t\t\t<div class=\"elementor-column elementor-col-50 elementor-top-column elementor-element elementor-element-d53e032\" data-id=\"d53e032\" data-element_type=\"column\">\n\t\t\t<div class=\"elementor-widget-wrap elementor-element-populated\">\n\t\t\t\t\t\t<section class=\"elementor-section elementor-inner-section elementor-element elementor-element-99944b7 elementor-section-boxed elementor-section-height-default elementor-section-height-default\" data-id=\"99944b7\" data-element_type=\"section\" data-settings=\"{&quot;background_background&quot;:&quot;classic&quot;}\">\n\t\t\t\t\t\t<div class=\"elementor-container elementor-column-gap-default\">\n\t\t\t\t\t<div class=\"elementor-column elementor-col-100 elementor-inner-column elementor-element elementor-element-fc4cbf6\" data-id=\"fc4cbf6\" data-element_type=\"column\">\n\t\t\t<div class=\"elementor-widget-wrap elementor-element-populated\">\n\t\t\t\t\t\t<div class=\"elementor-element elementor-element-7aefea3 elementor-widget elementor-widget-heading\" data-id=\"7aefea3\" data-element_type=\"widget\" data-widget_type=\"heading.default\">\n\t\t\t\t<div class=\"elementor-widget-container\">\n\t\t\t\t\t<h3 class=\"elementor-heading-title elementor-size-default\">Consulte con nosotros<\/h3>\t\t\t\t<\/div>\n\t\t\t\t<\/div>\n\t\t\t\t<div class=\"elementor-element elementor-element-e7ba12c elementor-widget-divider--view-line elementor-widget elementor-widget-divider\" data-id=\"e7ba12c\" data-element_type=\"widget\" data-widget_type=\"divider.default\">\n\t\t\t\t<div class=\"elementor-widget-container\">\n\t\t\t\t\t\t\t<div class=\"elementor-divider\">\n\t\t\t<span class=\"elementor-divider-separator\">\n\t\t\t\t\t\t<\/span>\n\t\t<\/div>\n\t\t\t\t\t\t<\/div>\n\t\t\t\t<\/div>\n\t\t\t\t<div class=\"elementor-element elementor-element-c238d49 elementor-widget elementor-widget-html\" data-id=\"c238d49\" data-element_type=\"widget\" data-widget_type=\"html.default\">\n\t\t\t\t<div class=\"elementor-widget-container\">\n\t\t\t\t\t<script charset=\"utf-8\" type=\"text\/javascript\" src=\"\/\/js.hsforms.net\/forms\/embed\/v2.js\"><\/script>\n<script>\n  hbspt.forms.create({\n    region: \"na1\",\n    portalId: \"23533289\",\n    formId: \"766b90b3-4093-49f5-839a-c27edeca6ae1\"\n  });\n<\/script>\t\t\t\t<\/div>\n\t\t\t\t<\/div>\n\t\t\t\t\t<\/div>\n\t\t<\/div>\n\t\t\t\t\t<\/div>\n\t\t<\/section>\n\t\t\t\t\t<\/div>\n\t\t<\/div>\n\t\t\t\t\t<\/div>\n\t\t<\/section>\n\t\t\t\t<\/div>\n\t\t","protected":false},"excerpt":{"rendered":"<p>Registro Sanitario en Panam\u00e1 Registro de Alimentos y Bebidas Servicio de Registro de Alimentos y Bebidas Todo producto de consumo humano que vaya a ser comercializado en Panam\u00e1 deber\u00e1 contar previamente con su registro sanitario tramitado y aprobado por la Autoridad de Protecci\u00f3n de Alimentos (APA) y el Departamento de Protecci\u00f3n de Alimentos (DEPA) del&#8230;<\/p>\n","protected":false},"author":1,"featured_media":0,"parent":474,"menu_order":0,"comment_status":"closed","ping_status":"closed","template":"","meta":{"content-type":"","footnotes":""},"class_list":["post-6156","page","type-page","status-publish","hentry"],"_links":{"self":[{"href":"https:\/\/jquijano.com\/espana\/wp-json\/wp\/v2\/pages\/6156","targetHints":{"allow":["GET"]}}],"collection":[{"href":"https:\/\/jquijano.com\/espana\/wp-json\/wp\/v2\/pages"}],"about":[{"href":"https:\/\/jquijano.com\/espana\/wp-json\/wp\/v2\/types\/page"}],"author":[{"embeddable":true,"href":"https:\/\/jquijano.com\/espana\/wp-json\/wp\/v2\/users\/1"}],"replies":[{"embeddable":true,"href":"https:\/\/jquijano.com\/espana\/wp-json\/wp\/v2\/comments?post=6156"}],"version-history":[{"count":24,"href":"https:\/\/jquijano.com\/espana\/wp-json\/wp\/v2\/pages\/6156\/revisions"}],"predecessor-version":[{"id":992723,"href":"https:\/\/jquijano.com\/espana\/wp-json\/wp\/v2\/pages\/6156\/revisions\/992723"}],"up":[{"embeddable":true,"href":"https:\/\/jquijano.com\/espana\/wp-json\/wp\/v2\/pages\/474"}],"wp:attachment":[{"href":"https:\/\/jquijano.com\/espana\/wp-json\/wp\/v2\/media?parent=6156"}],"curies":[{"name":"wp","href":"https:\/\/api.w.org\/{rel}","templated":true}]}}