{"id":6158,"date":"2023-06-04T21:50:27","date_gmt":"2023-06-05T02:50:27","guid":{"rendered":"https:\/\/jquijano.com\/espa%C3%B1a\/?page_id=6158"},"modified":"2024-05-17T20:52:53","modified_gmt":"2024-05-18T01:52:53","slug":"registro-de-productos-farmaceuticos","status":"publish","type":"page","link":"https:\/\/jquijano.com\/espana\/registro-sanitario\/registro-de-productos-farmaceuticos\/","title":{"rendered":"Registro de Productos Farmac\u00e9uticos"},"content":{"rendered":"\t\t<div data-elementor-type=\"wp-page\" data-elementor-id=\"6158\" class=\"elementor elementor-6158\" data-elementor-post-type=\"page\">\n\t\t\t\t\t\t<section class=\"elementor-section elementor-top-section elementor-element elementor-element-4a574c7 elementor-section-full_width elementor-section-content-middle elementor-section-stretched elementor-section-height-default elementor-section-height-default\" data-id=\"4a574c7\" data-element_type=\"section\" data-settings=\"{&quot;animation&quot;:&quot;none&quot;,&quot;stretch_section&quot;:&quot;section-stretched&quot;,&quot;background_background&quot;:&quot;classic&quot;}\">\n\t\t\t\t\t\t\t<div class=\"elementor-background-overlay\"><\/div>\n\t\t\t\t\t\t\t<div class=\"elementor-container elementor-column-gap-default\">\n\t\t\t\t\t<div class=\"elementor-column elementor-col-100 elementor-top-column elementor-element elementor-element-af03a78\" data-id=\"af03a78\" data-element_type=\"column\">\n\t\t\t<div class=\"elementor-widget-wrap elementor-element-populated\">\n\t\t\t\t\t\t<section class=\"elementor-section elementor-inner-section elementor-element elementor-element-de09ea7 elementor-section-boxed elementor-section-height-default elementor-section-height-default\" data-id=\"de09ea7\" data-element_type=\"section\">\n\t\t\t\t\t\t<div class=\"elementor-container elementor-column-gap-default\">\n\t\t\t\t\t<div class=\"elementor-column elementor-col-50 elementor-inner-column elementor-element elementor-element-556f404\" data-id=\"556f404\" data-element_type=\"column\">\n\t\t\t<div class=\"elementor-widget-wrap elementor-element-populated\">\n\t\t\t\t\t\t<div class=\"elementor-element elementor-element-4e00678 elementor-widget elementor-widget-heading\" data-id=\"4e00678\" data-element_type=\"widget\" data-settings=\"{&quot;_animation&quot;:&quot;none&quot;}\" data-widget_type=\"heading.default\">\n\t\t\t\t<div class=\"elementor-widget-container\">\n\t\t\t\t\t<h3 class=\"elementor-heading-title elementor-size-default\">Registro Sanitario en Panam\u00e1<\/h3>\t\t\t\t<\/div>\n\t\t\t\t<\/div>\n\t\t\t\t<div class=\"elementor-element elementor-element-6fd903d elementor-widget__width-auto elementor-widget elementor-widget-heading\" data-id=\"6fd903d\" data-element_type=\"widget\" data-settings=\"{&quot;_animation&quot;:&quot;none&quot;,&quot;_animation_tablet&quot;:&quot;none&quot;,&quot;_animation_delay&quot;:200}\" data-widget_type=\"heading.default\">\n\t\t\t\t<div class=\"elementor-widget-container\">\n\t\t\t\t\t<h1 class=\"elementor-heading-title elementor-size-default\">Registro de Productos Farmac\u00e9uticos\n<\/h1>\t\t\t\t<\/div>\n\t\t\t\t<\/div>\n\t\t\t\t\t<\/div>\n\t\t<\/div>\n\t\t\t\t<div class=\"elementor-column elementor-col-50 elementor-inner-column elementor-element elementor-element-2a42b4f\" data-id=\"2a42b4f\" data-element_type=\"column\">\n\t\t\t<div class=\"elementor-widget-wrap\">\n\t\t\t\t\t\t\t<\/div>\n\t\t<\/div>\n\t\t\t\t\t<\/div>\n\t\t<\/section>\n\t\t\t\t\t<\/div>\n\t\t<\/div>\n\t\t\t\t\t<\/div>\n\t\t<\/section>\n\t\t\t\t<section class=\"elementor-section elementor-top-section elementor-element elementor-element-85d4561 elementor-section-boxed elementor-section-height-default elementor-section-height-default\" data-id=\"85d4561\" data-element_type=\"section\">\n\t\t\t\t\t\t<div class=\"elementor-container elementor-column-gap-default\">\n\t\t\t\t\t<div class=\"elementor-column elementor-col-50 elementor-top-column elementor-element elementor-element-e8d929a\" data-id=\"e8d929a\" data-element_type=\"column\">\n\t\t\t<div class=\"elementor-widget-wrap elementor-element-populated\">\n\t\t\t\t\t\t<div class=\"vamtam-has-theme-widget-styles elementor-element elementor-element-17e88cf elementor-hidden-tablet elementor-hidden-mobile elementor-widget elementor-widget-image\" data-id=\"17e88cf\" data-element_type=\"widget\" data-widget_type=\"image.default\">\n\t\t\t\t<div class=\"elementor-widget-container\">\n\t\t\t\t\t\t\t\t\t<div class=\"elementor-image\">\n\t\t\t\t\t\t\t\t\t\t\t\t\t\t\t\t\t\t\t\t\t<img fetchpriority=\"high\" decoding=\"async\" width=\"1728\" height=\"800\" src=\"https:\/\/jquijano.com\/espana\/wp-content\/uploads\/2024\/04\/REGISTRO-DE-PRODUCTOS-FARMACEUTICOS.jpg\" class=\"attachment-full size-full wp-image-990169\" alt=\"\" srcset=\"https:\/\/jquijano.com\/espana\/wp-content\/uploads\/2024\/04\/REGISTRO-DE-PRODUCTOS-FARMACEUTICOS.jpg 1728w, https:\/\/jquijano.com\/espana\/wp-content\/uploads\/2024\/04\/REGISTRO-DE-PRODUCTOS-FARMACEUTICOS-300x139.jpg 300w, https:\/\/jquijano.com\/espana\/wp-content\/uploads\/2024\/04\/REGISTRO-DE-PRODUCTOS-FARMACEUTICOS-1024x474.jpg 1024w, https:\/\/jquijano.com\/espana\/wp-content\/uploads\/2024\/04\/REGISTRO-DE-PRODUCTOS-FARMACEUTICOS-768x356.jpg 768w, https:\/\/jquijano.com\/espana\/wp-content\/uploads\/2024\/04\/REGISTRO-DE-PRODUCTOS-FARMACEUTICOS-1536x711.jpg 1536w\" sizes=\"(max-width: 1728px) 100vw, 1728px\" title=\"\">\t\t\t\t\t\t\t\t\t\t\t\t\t\t\t\t\t\t\t\t\t\t\t\t<\/div>\n\t\t\t\t\t\t\t\t<\/div>\n\t\t\t\t<\/div>\n\t\t\t\t<div class=\"elementor-element elementor-element-1b38afc elementor-widget__width-auto elementor-widget elementor-widget-heading\" data-id=\"1b38afc\" data-element_type=\"widget\" data-settings=\"{&quot;_animation&quot;:&quot;none&quot;,&quot;_animation_tablet&quot;:&quot;none&quot;,&quot;_animation_delay&quot;:200}\" data-widget_type=\"heading.default\">\n\t\t\t\t<div class=\"elementor-widget-container\">\n\t\t\t\t\t<h2 class=\"elementor-heading-title elementor-size-default\">Servicios de Registro de Productos Farmac\u00e9uticos\n<\/h2>\t\t\t\t<\/div>\n\t\t\t\t<\/div>\n\t\t\t\t<div class=\"elementor-element elementor-element-14e3700 elementor-widget elementor-widget-text-editor\" data-id=\"14e3700\" data-element_type=\"widget\" data-widget_type=\"text-editor.default\">\n\t\t\t\t<div class=\"elementor-widget-container\">\n\t\t\t\t\t\t\t\t\t<p>Para importar, distribuir y comercializar un medicamento o producto farmac\u00e9utico en Panam\u00e1 es estrictamente necesario solicitar su registro previo ante la Direcci\u00f3n Nacional de Farmacias y Drogas del Ministerio de Salud. Una vez aprobado el registro sanitario se podr\u00e1 autorizar el ingreso de este a Panam\u00e1 cumpliendo as\u00ed con las regulaciones sanitarias en vigencia.<\/p><p>Es importante se\u00f1alar que si la solicitud del Registro Sanitario de Medicamentos se hace a trav\u00e9s del tr\u00e1mite regular ante el Ministerio de Salud de Panam\u00e1, (MINSA), se le realizar\u00e1 un an\u00e1lisis qu\u00edmico a trav\u00e9s del Instituto Especializado de An\u00e1lisis (I.E.A.), esto con el fin de analizar previo a la comercializaci\u00f3n, que los productos cumplan con los est\u00e1ndares de calidad establecidos en las normas sanitarias.<\/p><p>Si se presenta la solicitud de Registro Sanitario de Medicamentos a trav\u00e9s del tr\u00e1mite abreviado, siempre y cuando el producto aplique y cumpla con los requisitos, no se tendr\u00eda que realizar dicho an\u00e1lisis.<\/p><p>En ambos casos el registro sanitario debe contar con el refrendo de un regente farmac\u00e9utico y el refrendo del Colegio Nacional de Farmac\u00e9uticos.<\/p><p>Los requisitos para Registro Sanitario de Medicamentos, est\u00e1n regulados bajo el Decreto Ejecutivo 13 del 1 de marzo de 2023, que reglamenta la Ley 1 de 10 de enero de 2001, sobre Medicamentos y otros productos para la Salud Humana.<\/p><p>Toda documentaci\u00f3n que se presente, para la obtenci\u00f3n del Registro Sanitario debe estar en espa\u00f1ol o debidamente traducida por un traductor p\u00fablico autorizado. En cuanto a los estudios cl\u00ednicos, se aceptar\u00e1n en el idioma ingl\u00e9s y su resumen debe ser presentado obligatoriamente en espa\u00f1ol.<\/p><p>La vigencia de Registro Sanitario para Medicamentos es de 5 a\u00f1os.<\/p><p>Nuestra firma de abogados cuenta con un equipo de profesionales especializados en la materia a fin de brindarles el soporte y la asesor\u00eda requerida durante todo el proceso de registro sanitario.<\/p>\t\t\t\t\t\t\t\t<\/div>\n\t\t\t\t<\/div>\n\t\t\t\t\t<\/div>\n\t\t<\/div>\n\t\t\t\t<div class=\"elementor-column elementor-col-50 elementor-top-column elementor-element elementor-element-e37212d\" data-id=\"e37212d\" data-element_type=\"column\">\n\t\t\t<div class=\"elementor-widget-wrap elementor-element-populated\">\n\t\t\t\t\t\t<section class=\"elementor-section elementor-inner-section elementor-element elementor-element-79a5800 elementor-section-boxed elementor-section-height-default elementor-section-height-default\" data-id=\"79a5800\" data-element_type=\"section\" data-settings=\"{&quot;background_background&quot;:&quot;classic&quot;}\">\n\t\t\t\t\t\t<div class=\"elementor-container elementor-column-gap-default\">\n\t\t\t\t\t<div class=\"elementor-column elementor-col-100 elementor-inner-column elementor-element elementor-element-40920fb\" data-id=\"40920fb\" data-element_type=\"column\">\n\t\t\t<div class=\"elementor-widget-wrap elementor-element-populated\">\n\t\t\t\t\t\t<div class=\"elementor-element elementor-element-2707963 elementor-widget elementor-widget-heading\" data-id=\"2707963\" data-element_type=\"widget\" data-widget_type=\"heading.default\">\n\t\t\t\t<div class=\"elementor-widget-container\">\n\t\t\t\t\t<h3 class=\"elementor-heading-title elementor-size-default\">Consulte con nosotros<\/h3>\t\t\t\t<\/div>\n\t\t\t\t<\/div>\n\t\t\t\t<div class=\"elementor-element elementor-element-d1aa9f6 elementor-widget-divider--view-line elementor-widget elementor-widget-divider\" data-id=\"d1aa9f6\" data-element_type=\"widget\" data-widget_type=\"divider.default\">\n\t\t\t\t<div class=\"elementor-widget-container\">\n\t\t\t\t\t\t\t<div class=\"elementor-divider\">\n\t\t\t<span class=\"elementor-divider-separator\">\n\t\t\t\t\t\t<\/span>\n\t\t<\/div>\n\t\t\t\t\t\t<\/div>\n\t\t\t\t<\/div>\n\t\t\t\t<div class=\"elementor-element elementor-element-167c7ba elementor-widget elementor-widget-html\" data-id=\"167c7ba\" data-element_type=\"widget\" data-widget_type=\"html.default\">\n\t\t\t\t<div class=\"elementor-widget-container\">\n\t\t\t\t\t<script charset=\"utf-8\" type=\"text\/javascript\" src=\"\/\/js.hsforms.net\/forms\/embed\/v2.js\"><\/script>\n<script>\n  hbspt.forms.create({\n    region: \"na1\",\n    portalId: \"23533289\",\n    formId: \"766b90b3-4093-49f5-839a-c27edeca6ae1\"\n  });\n<\/script>\t\t\t\t<\/div>\n\t\t\t\t<\/div>\n\t\t\t\t\t<\/div>\n\t\t<\/div>\n\t\t\t\t\t<\/div>\n\t\t<\/section>\n\t\t\t\t\t<\/div>\n\t\t<\/div>\n\t\t\t\t\t<\/div>\n\t\t<\/section>\n\t\t\t\t<\/div>\n\t\t","protected":false},"excerpt":{"rendered":"<p>Registro Sanitario en Panam\u00e1 Registro de Productos Farmac\u00e9uticos Servicios de Registro de Productos Farmac\u00e9uticos Para importar, distribuir y comercializar un medicamento o producto farmac\u00e9utico en Panam\u00e1 es estrictamente necesario solicitar su registro previo ante la Direcci\u00f3n Nacional de Farmacias y Drogas del Ministerio de Salud. Una vez aprobado el registro sanitario se podr\u00e1 autorizar el&#8230;<\/p>\n","protected":false},"author":1,"featured_media":0,"parent":474,"menu_order":0,"comment_status":"closed","ping_status":"closed","template":"","meta":{"content-type":"","footnotes":""},"class_list":["post-6158","page","type-page","status-publish","hentry"],"_links":{"self":[{"href":"https:\/\/jquijano.com\/espana\/wp-json\/wp\/v2\/pages\/6158","targetHints":{"allow":["GET"]}}],"collection":[{"href":"https:\/\/jquijano.com\/espana\/wp-json\/wp\/v2\/pages"}],"about":[{"href":"https:\/\/jquijano.com\/espana\/wp-json\/wp\/v2\/types\/page"}],"author":[{"embeddable":true,"href":"https:\/\/jquijano.com\/espana\/wp-json\/wp\/v2\/users\/1"}],"replies":[{"embeddable":true,"href":"https:\/\/jquijano.com\/espana\/wp-json\/wp\/v2\/comments?post=6158"}],"version-history":[{"count":33,"href":"https:\/\/jquijano.com\/espana\/wp-json\/wp\/v2\/pages\/6158\/revisions"}],"predecessor-version":[{"id":992726,"href":"https:\/\/jquijano.com\/espana\/wp-json\/wp\/v2\/pages\/6158\/revisions\/992726"}],"up":[{"embeddable":true,"href":"https:\/\/jquijano.com\/espana\/wp-json\/wp\/v2\/pages\/474"}],"wp:attachment":[{"href":"https:\/\/jquijano.com\/espana\/wp-json\/wp\/v2\/media?parent=6158"}],"curies":[{"name":"wp","href":"https:\/\/api.w.org\/{rel}","templated":true}]}}