{"id":6175,"date":"2023-06-08T10:34:16","date_gmt":"2023-06-08T15:34:16","guid":{"rendered":"https:\/\/jquijano.com\/espa%C3%B1a\/?page_id=6175"},"modified":"2024-05-17T20:55:58","modified_gmt":"2024-05-18T01:55:58","slug":"demandas-ordinarias","status":"publish","type":"page","link":"https:\/\/jquijano.com\/espana\/litigio-y-resolucion-de-disputas\/demandas-ordinarias\/","title":{"rendered":"Demandas Ordinarias"},"content":{"rendered":"\t\t<div data-elementor-type=\"wp-page\" data-elementor-id=\"6175\" class=\"elementor elementor-6175\" data-elementor-post-type=\"page\">\n\t\t\t\t\t\t<section class=\"elementor-section elementor-top-section elementor-element elementor-element-2e0652d elementor-section-full_width elementor-section-content-middle elementor-section-stretched elementor-section-height-default elementor-section-height-default\" data-id=\"2e0652d\" data-element_type=\"section\" data-settings=\"{&quot;animation&quot;:&quot;none&quot;,&quot;stretch_section&quot;:&quot;section-stretched&quot;,&quot;background_background&quot;:&quot;classic&quot;}\">\n\t\t\t\t\t\t\t<div class=\"elementor-background-overlay\"><\/div>\n\t\t\t\t\t\t\t<div class=\"elementor-container elementor-column-gap-default\">\n\t\t\t\t\t<div class=\"elementor-column elementor-col-100 elementor-top-column elementor-element elementor-element-3f6a5a2\" data-id=\"3f6a5a2\" data-element_type=\"column\">\n\t\t\t<div class=\"elementor-widget-wrap elementor-element-populated\">\n\t\t\t\t\t\t<section class=\"elementor-section elementor-inner-section elementor-element elementor-element-2977607 elementor-section-boxed elementor-section-height-default elementor-section-height-default\" data-id=\"2977607\" data-element_type=\"section\">\n\t\t\t\t\t\t<div class=\"elementor-container elementor-column-gap-default\">\n\t\t\t\t\t<div class=\"elementor-column elementor-col-50 elementor-inner-column elementor-element elementor-element-5f07a89\" data-id=\"5f07a89\" data-element_type=\"column\">\n\t\t\t<div class=\"elementor-widget-wrap elementor-element-populated\">\n\t\t\t\t\t\t<div class=\"elementor-element elementor-element-5491551 elementor-widget elementor-widget-heading\" data-id=\"5491551\" data-element_type=\"widget\" data-settings=\"{&quot;_animation&quot;:&quot;none&quot;}\" data-widget_type=\"heading.default\">\n\t\t\t\t<div class=\"elementor-widget-container\">\n\t\t\t\t\t<h3 class=\"elementor-heading-title elementor-size-default\">Disputas y Resoluci\u00f3n de Conflictos<\/h3>\t\t\t\t<\/div>\n\t\t\t\t<\/div>\n\t\t\t\t<div class=\"elementor-element elementor-element-73b1431 elementor-widget__width-auto elementor-widget elementor-widget-heading\" data-id=\"73b1431\" data-element_type=\"widget\" data-settings=\"{&quot;_animation&quot;:&quot;none&quot;,&quot;_animation_tablet&quot;:&quot;none&quot;,&quot;_animation_delay&quot;:200}\" data-widget_type=\"heading.default\">\n\t\t\t\t<div class=\"elementor-widget-container\">\n\t\t\t\t\t<h1 class=\"elementor-heading-title elementor-size-default\">Demandas Ordinarias\n<\/h1>\t\t\t\t<\/div>\n\t\t\t\t<\/div>\n\t\t\t\t\t<\/div>\n\t\t<\/div>\n\t\t\t\t<div class=\"elementor-column elementor-col-50 elementor-inner-column elementor-element elementor-element-c0efd77\" data-id=\"c0efd77\" data-element_type=\"column\">\n\t\t\t<div class=\"elementor-widget-wrap\">\n\t\t\t\t\t\t\t<\/div>\n\t\t<\/div>\n\t\t\t\t\t<\/div>\n\t\t<\/section>\n\t\t\t\t\t<\/div>\n\t\t<\/div>\n\t\t\t\t\t<\/div>\n\t\t<\/section>\n\t\t\t\t<section class=\"elementor-section elementor-top-section elementor-element elementor-element-b4203dd elementor-section-boxed elementor-section-height-default elementor-section-height-default\" data-id=\"b4203dd\" data-element_type=\"section\">\n\t\t\t\t\t\t<div class=\"elementor-container elementor-column-gap-default\">\n\t\t\t\t\t<div class=\"elementor-column elementor-col-50 elementor-top-column elementor-element elementor-element-617759e\" data-id=\"617759e\" data-element_type=\"column\">\n\t\t\t<div class=\"elementor-widget-wrap elementor-element-populated\">\n\t\t\t\t\t\t<div class=\"vamtam-has-theme-widget-styles elementor-element elementor-element-18b2c99 elementor-hidden-tablet elementor-hidden-mobile elementor-widget elementor-widget-image\" data-id=\"18b2c99\" data-element_type=\"widget\" data-widget_type=\"image.default\">\n\t\t\t\t<div class=\"elementor-widget-container\">\n\t\t\t\t\t\t\t\t\t<div class=\"elementor-image\">\n\t\t\t\t\t\t\t\t\t\t\t\t\t\t\t\t\t\t\t\t\t<img fetchpriority=\"high\" decoding=\"async\" width=\"2560\" height=\"1706\" src=\"https:\/\/jquijano.com\/espana\/wp-content\/uploads\/2024\/04\/DEMANDAS-ORDINARIAS-scaled.jpg\" class=\"attachment-full size-full wp-image-990020\" alt=\"\" srcset=\"https:\/\/jquijano.com\/espana\/wp-content\/uploads\/2024\/04\/DEMANDAS-ORDINARIAS-scaled.jpg 2560w, https:\/\/jquijano.com\/espana\/wp-content\/uploads\/2024\/04\/DEMANDAS-ORDINARIAS-300x200.jpg 300w, https:\/\/jquijano.com\/espana\/wp-content\/uploads\/2024\/04\/DEMANDAS-ORDINARIAS-1024x683.jpg 1024w, https:\/\/jquijano.com\/espana\/wp-content\/uploads\/2024\/04\/DEMANDAS-ORDINARIAS-768x512.jpg 768w, https:\/\/jquijano.com\/espana\/wp-content\/uploads\/2024\/04\/DEMANDAS-ORDINARIAS-1536x1024.jpg 1536w, https:\/\/jquijano.com\/espana\/wp-content\/uploads\/2024\/04\/DEMANDAS-ORDINARIAS-2048x1365.jpg 2048w\" sizes=\"(max-width: 2560px) 100vw, 2560px\" title=\"\">\t\t\t\t\t\t\t\t\t\t\t\t\t\t\t\t\t\t\t\t\t\t\t\t<\/div>\n\t\t\t\t\t\t\t\t<\/div>\n\t\t\t\t<\/div>\n\t\t\t\t<div class=\"elementor-element elementor-element-96ca7fd elementor-widget__width-auto elementor-widget elementor-widget-heading\" data-id=\"96ca7fd\" data-element_type=\"widget\" data-settings=\"{&quot;_animation&quot;:&quot;none&quot;,&quot;_animation_tablet&quot;:&quot;none&quot;,&quot;_animation_delay&quot;:200}\" data-widget_type=\"heading.default\">\n\t\t\t\t<div class=\"elementor-widget-container\">\n\t\t\t\t\t<h2 class=\"elementor-heading-title elementor-size-default\">Demandas Ordinarias en Panam\u00e1\n<\/h2>\t\t\t\t<\/div>\n\t\t\t\t<\/div>\n\t\t\t\t<section class=\"elementor-section elementor-inner-section elementor-element elementor-element-763a3df elementor-section-boxed elementor-section-height-default elementor-section-height-default\" data-id=\"763a3df\" data-element_type=\"section\" data-settings=\"{&quot;background_background&quot;:&quot;classic&quot;}\">\n\t\t\t\t\t\t<div class=\"elementor-container elementor-column-gap-default\">\n\t\t\t\t\t<div class=\"elementor-column elementor-col-100 elementor-inner-column elementor-element elementor-element-8f15b8d\" data-id=\"8f15b8d\" data-element_type=\"column\">\n\t\t\t<div class=\"elementor-widget-wrap elementor-element-populated\">\n\t\t\t\t\t\t<div class=\"elementor-element elementor-element-cba3ae6 elementor-widget elementor-widget-heading\" data-id=\"cba3ae6\" data-element_type=\"widget\" data-widget_type=\"heading.default\">\n\t\t\t\t<div class=\"elementor-widget-container\">\n\t\t\t\t\t<h2 class=\"elementor-heading-title elementor-size-default\">Brindamos representaci\u00f3n judicial a las partes demandantes o demandadas dentro de Procesos Ordinarios de Menor y Mayor Cuant\u00eda en los Juzgados Civiles y Tribunales de Justicia de Panam\u00e1, sobre todo en las siguientes causas a fin de obtener el reconocimiento de derechos: \n<\/h2>\t\t\t\t<\/div>\n\t\t\t\t<\/div>\n\t\t\t\t\t<\/div>\n\t\t<\/div>\n\t\t\t\t\t<\/div>\n\t\t<\/section>\n\t\t\t\t<section class=\"elementor-section elementor-inner-section elementor-element elementor-element-1a04a8b elementor-section-boxed elementor-section-height-default elementor-section-height-default\" data-id=\"1a04a8b\" data-element_type=\"section\">\n\t\t\t\t\t\t<div class=\"elementor-container elementor-column-gap-no\">\n\t\t\t\t\t<div class=\"elementor-column elementor-col-100 elementor-inner-column elementor-element elementor-element-3db673d\" data-id=\"3db673d\" data-element_type=\"column\">\n\t\t\t<div class=\"elementor-widget-wrap elementor-element-populated\">\n\t\t\t\t\t\t<div class=\"elementor-element elementor-element-f7d9aba elementor-widget elementor-widget-text-editor\" data-id=\"f7d9aba\" data-element_type=\"widget\" data-widget_type=\"text-editor.default\">\n\t\t\t\t<div class=\"elementor-widget-container\">\n\t\t\t\t\t\t\t\t\t<ul>\n \t<li>Por Incumplimiento de Contrato e Indemnizaci\u00f3n.<\/li><br>\n \t<li>Declarativo por prescripci\u00f3n adquisitiva de dominio.<\/li><br>\n \t<li>Indemnizaci\u00f3n por responsabilidad contractual o extracontractual.<\/li><br>\n \t<li>Derivado de hecho punible por sentencia ejecutoriada.<\/li><br>\n \t<li>Por incumplimiento de un contrato de seguro.<\/li><br>\n \t<li>De Indemnizaci\u00f3n por da\u00f1os y perjuicios derivado de sentencia penal ejecutoriada.<\/li><br>\n \t<li>Por responsabilidad extracontractual derivada de culpa o negligencia<\/li><br>\n<\/ul>\t\t\t\t\t\t\t\t<\/div>\n\t\t\t\t<\/div>\n\t\t\t\t\t<\/div>\n\t\t<\/div>\n\t\t\t\t\t<\/div>\n\t\t<\/section>\n\t\t\t\t\t<\/div>\n\t\t<\/div>\n\t\t\t\t<div class=\"elementor-column elementor-col-50 elementor-top-column elementor-element elementor-element-f1f1ea7\" data-id=\"f1f1ea7\" data-element_type=\"column\">\n\t\t\t<div class=\"elementor-widget-wrap elementor-element-populated\">\n\t\t\t\t\t\t<section class=\"elementor-section elementor-inner-section elementor-element elementor-element-2351f44 elementor-section-boxed elementor-section-height-default elementor-section-height-default\" data-id=\"2351f44\" data-element_type=\"section\" data-settings=\"{&quot;background_background&quot;:&quot;classic&quot;}\">\n\t\t\t\t\t\t<div class=\"elementor-container elementor-column-gap-default\">\n\t\t\t\t\t<div class=\"elementor-column elementor-col-100 elementor-inner-column elementor-element elementor-element-58ccb11\" data-id=\"58ccb11\" data-element_type=\"column\">\n\t\t\t<div class=\"elementor-widget-wrap elementor-element-populated\">\n\t\t\t\t\t\t<div class=\"elementor-element elementor-element-9f6d3fc elementor-widget elementor-widget-heading\" data-id=\"9f6d3fc\" data-element_type=\"widget\" data-widget_type=\"heading.default\">\n\t\t\t\t<div class=\"elementor-widget-container\">\n\t\t\t\t\t<h3 class=\"elementor-heading-title elementor-size-default\">Consulte con nosotros<\/h3>\t\t\t\t<\/div>\n\t\t\t\t<\/div>\n\t\t\t\t<div class=\"elementor-element elementor-element-73f0c16 elementor-widget-divider--view-line elementor-widget elementor-widget-divider\" data-id=\"73f0c16\" data-element_type=\"widget\" data-widget_type=\"divider.default\">\n\t\t\t\t<div class=\"elementor-widget-container\">\n\t\t\t\t\t\t\t<div class=\"elementor-divider\">\n\t\t\t<span class=\"elementor-divider-separator\">\n\t\t\t\t\t\t<\/span>\n\t\t<\/div>\n\t\t\t\t\t\t<\/div>\n\t\t\t\t<\/div>\n\t\t\t\t<div class=\"elementor-element elementor-element-56c5ec0 elementor-widget elementor-widget-html\" data-id=\"56c5ec0\" data-element_type=\"widget\" data-widget_type=\"html.default\">\n\t\t\t\t<div class=\"elementor-widget-container\">\n\t\t\t\t\t<script charset=\"utf-8\" type=\"text\/javascript\" src=\"\/\/js.hsforms.net\/forms\/embed\/v2.js\"><\/script>\n<script>\n  hbspt.forms.create({\n    region: \"na1\",\n    portalId: \"23533289\",\n    formId: \"766b90b3-4093-49f5-839a-c27edeca6ae1\"\n  });\n<\/script>\t\t\t\t<\/div>\n\t\t\t\t<\/div>\n\t\t\t\t\t<\/div>\n\t\t<\/div>\n\t\t\t\t\t<\/div>\n\t\t<\/section>\n\t\t\t\t\t<\/div>\n\t\t<\/div>\n\t\t\t\t\t<\/div>\n\t\t<\/section>\n\t\t\t\t<\/div>\n\t\t","protected":false},"excerpt":{"rendered":"<p>Disputas y Resoluci\u00f3n de Conflictos Demandas Ordinarias Demandas Ordinarias en Panam\u00e1 Brindamos representaci\u00f3n judicial a las partes demandantes o demandadas dentro de Procesos Ordinarios de Menor y Mayor Cuant\u00eda en los Juzgados Civiles y Tribunales de Justicia de Panam\u00e1, sobre todo en las siguientes causas a fin de obtener el reconocimiento de derechos: Por Incumplimiento&#8230;<\/p>\n","protected":false},"author":1,"featured_media":0,"parent":478,"menu_order":0,"comment_status":"closed","ping_status":"closed","template":"","meta":{"content-type":"","footnotes":""},"class_list":["post-6175","page","type-page","status-publish","hentry"],"_links":{"self":[{"href":"https:\/\/jquijano.com\/espana\/wp-json\/wp\/v2\/pages\/6175","targetHints":{"allow":["GET"]}}],"collection":[{"href":"https:\/\/jquijano.com\/espana\/wp-json\/wp\/v2\/pages"}],"about":[{"href":"https:\/\/jquijano.com\/espana\/wp-json\/wp\/v2\/types\/page"}],"author":[{"embeddable":true,"href":"https:\/\/jquijano.com\/espana\/wp-json\/wp\/v2\/users\/1"}],"replies":[{"embeddable":true,"href":"https:\/\/jquijano.com\/espana\/wp-json\/wp\/v2\/comments?post=6175"}],"version-history":[{"count":25,"href":"https:\/\/jquijano.com\/espana\/wp-json\/wp\/v2\/pages\/6175\/revisions"}],"predecessor-version":[{"id":992741,"href":"https:\/\/jquijano.com\/espana\/wp-json\/wp\/v2\/pages\/6175\/revisions\/992741"}],"up":[{"embeddable":true,"href":"https:\/\/jquijano.com\/espana\/wp-json\/wp\/v2\/pages\/478"}],"wp:attachment":[{"href":"https:\/\/jquijano.com\/espana\/wp-json\/wp\/v2\/media?parent=6175"}],"curies":[{"name":"wp","href":"https:\/\/api.w.org\/{rel}","templated":true}]}}