{"id":6264,"date":"2023-06-11T14:16:35","date_gmt":"2023-06-11T19:16:35","guid":{"rendered":"https:\/\/jquijano.com\/espa%C3%B1a\/?page_id=6264"},"modified":"2024-05-28T13:14:27","modified_gmt":"2024-05-28T18:14:27","slug":"registro-de-fertilizantes","status":"publish","type":"page","link":"https:\/\/jquijano.com\/espana\/registro-sanitario\/registro-de-fertilizantes\/","title":{"rendered":"Registro de Fertilizantes"},"content":{"rendered":"\t\t<div data-elementor-type=\"wp-page\" data-elementor-id=\"6264\" class=\"elementor elementor-6264\" data-elementor-post-type=\"page\">\n\t\t\t\t\t\t<section class=\"elementor-section elementor-top-section elementor-element elementor-element-c904271 elementor-section-full_width elementor-section-content-middle elementor-section-stretched elementor-section-height-default elementor-section-height-default\" data-id=\"c904271\" data-element_type=\"section\" data-settings=\"{&quot;animation&quot;:&quot;none&quot;,&quot;stretch_section&quot;:&quot;section-stretched&quot;,&quot;background_background&quot;:&quot;classic&quot;}\">\n\t\t\t\t\t\t\t<div class=\"elementor-background-overlay\"><\/div>\n\t\t\t\t\t\t\t<div class=\"elementor-container elementor-column-gap-default\">\n\t\t\t\t\t<div class=\"elementor-column elementor-col-100 elementor-top-column elementor-element elementor-element-e10f372\" data-id=\"e10f372\" data-element_type=\"column\">\n\t\t\t<div class=\"elementor-widget-wrap elementor-element-populated\">\n\t\t\t\t\t\t<section class=\"elementor-section elementor-inner-section elementor-element elementor-element-ab803f0 elementor-section-boxed elementor-section-height-default elementor-section-height-default\" data-id=\"ab803f0\" data-element_type=\"section\">\n\t\t\t\t\t\t<div class=\"elementor-container elementor-column-gap-default\">\n\t\t\t\t\t<div class=\"elementor-column elementor-col-50 elementor-inner-column elementor-element elementor-element-edd7594\" data-id=\"edd7594\" data-element_type=\"column\">\n\t\t\t<div class=\"elementor-widget-wrap elementor-element-populated\">\n\t\t\t\t\t\t<div class=\"elementor-element elementor-element-d6d1372 elementor-widget elementor-widget-heading\" data-id=\"d6d1372\" data-element_type=\"widget\" data-settings=\"{&quot;_animation&quot;:&quot;none&quot;}\" data-widget_type=\"heading.default\">\n\t\t\t\t<div class=\"elementor-widget-container\">\n\t\t\t\t\t<h3 class=\"elementor-heading-title elementor-size-default\">Registro Sanitario en Panam\u00e1<\/h3>\t\t\t\t<\/div>\n\t\t\t\t<\/div>\n\t\t\t\t<div class=\"elementor-element elementor-element-bd68a50 elementor-widget__width-auto elementor-widget elementor-widget-heading\" data-id=\"bd68a50\" data-element_type=\"widget\" data-settings=\"{&quot;_animation&quot;:&quot;none&quot;,&quot;_animation_tablet&quot;:&quot;none&quot;,&quot;_animation_delay&quot;:200}\" data-widget_type=\"heading.default\">\n\t\t\t\t<div class=\"elementor-widget-container\">\n\t\t\t\t\t<h1 class=\"elementor-heading-title elementor-size-default\">Registro de Fertilizantes\n<\/h1>\t\t\t\t<\/div>\n\t\t\t\t<\/div>\n\t\t\t\t\t<\/div>\n\t\t<\/div>\n\t\t\t\t<div class=\"elementor-column elementor-col-50 elementor-inner-column elementor-element elementor-element-023849e\" data-id=\"023849e\" data-element_type=\"column\">\n\t\t\t<div class=\"elementor-widget-wrap\">\n\t\t\t\t\t\t\t<\/div>\n\t\t<\/div>\n\t\t\t\t\t<\/div>\n\t\t<\/section>\n\t\t\t\t\t<\/div>\n\t\t<\/div>\n\t\t\t\t\t<\/div>\n\t\t<\/section>\n\t\t\t\t<section class=\"elementor-section elementor-top-section elementor-element elementor-element-794a26e elementor-section-boxed elementor-section-height-default elementor-section-height-default\" data-id=\"794a26e\" data-element_type=\"section\">\n\t\t\t\t\t\t<div class=\"elementor-container elementor-column-gap-default\">\n\t\t\t\t\t<div class=\"elementor-column elementor-col-50 elementor-top-column elementor-element elementor-element-1874d92\" data-id=\"1874d92\" data-element_type=\"column\">\n\t\t\t<div class=\"elementor-widget-wrap elementor-element-populated\">\n\t\t\t\t\t\t<div class=\"vamtam-has-theme-widget-styles elementor-element elementor-element-0b84b2d elementor-hidden-tablet elementor-hidden-mobile elementor-widget elementor-widget-image\" data-id=\"0b84b2d\" data-element_type=\"widget\" data-widget_type=\"image.default\">\n\t\t\t\t<div class=\"elementor-widget-container\">\n\t\t\t\t\t\t\t\t\t<div class=\"elementor-image\">\n\t\t\t\t\t\t\t\t\t\t\t\t\t\t\t\t\t\t\t\t\t<img fetchpriority=\"high\" decoding=\"async\" width=\"1280\" height=\"720\" src=\"https:\/\/jquijano.com\/espana\/wp-content\/uploads\/2024\/04\/REGISTRO-DE-FERTILIZANTES.jpg\" class=\"attachment-full size-full wp-image-990178\" alt=\"\" srcset=\"https:\/\/jquijano.com\/espana\/wp-content\/uploads\/2024\/04\/REGISTRO-DE-FERTILIZANTES.jpg 1280w, https:\/\/jquijano.com\/espana\/wp-content\/uploads\/2024\/04\/REGISTRO-DE-FERTILIZANTES-300x169.jpg 300w, https:\/\/jquijano.com\/espana\/wp-content\/uploads\/2024\/04\/REGISTRO-DE-FERTILIZANTES-1024x576.jpg 1024w, https:\/\/jquijano.com\/espana\/wp-content\/uploads\/2024\/04\/REGISTRO-DE-FERTILIZANTES-768x432.jpg 768w\" sizes=\"(max-width: 1280px) 100vw, 1280px\" title=\"\">\t\t\t\t\t\t\t\t\t\t\t\t\t\t\t\t\t\t\t\t\t\t\t\t<\/div>\n\t\t\t\t\t\t\t\t<\/div>\n\t\t\t\t<\/div>\n\t\t\t\t<div class=\"elementor-element elementor-element-f2fae9c elementor-widget__width-auto elementor-widget elementor-widget-heading\" data-id=\"f2fae9c\" data-element_type=\"widget\" data-settings=\"{&quot;_animation&quot;:&quot;none&quot;,&quot;_animation_tablet&quot;:&quot;none&quot;,&quot;_animation_delay&quot;:200}\" data-widget_type=\"heading.default\">\n\t\t\t\t<div class=\"elementor-widget-container\">\n\t\t\t\t\t<h2 class=\"elementor-heading-title elementor-size-default\">Servicio de Registro de Fertilizantes <\/h2>\t\t\t\t<\/div>\n\t\t\t\t<\/div>\n\t\t\t\t<div class=\"elementor-element elementor-element-ba58357 elementor-widget elementor-widget-text-editor\" data-id=\"ba58357\" data-element_type=\"widget\" data-widget_type=\"text-editor.default\">\n\t\t\t\t<div class=\"elementor-widget-container\">\n\t\t\t\t\t\t\t\t\tDentro de esta \u00e1rea de pr\u00e1ctica asesoramos y asistimos a nuestros clientes en los permisos de importaci\u00f3n y registro de todo tipo de fertilizantes, plaguicidas qu\u00edmicos, aditivos e insumos fitosanitarios ante la Direcci\u00f3n de Sanidad Vegetal del Ministerio de Desarrollo Agropecuario en Panam\u00e1.\n\nEs importante mencionar que para que el registro sea aprobado el solicitante deber\u00e1 cumplir con todos los requisitos t\u00e9cnicos y comerciales descritos en la normativa vigente.\n\nCon base en lo anterior, dichas solicitudes de registros deben ser presentadas al Departamento de Sanidad Vegetal del Ministerio de Desarrollo Agropecuario de la Rep\u00fablica de Panam\u00e1, cumpliendo con los requisitos se\u00f1alados a continuaci\u00f3n:\n<ul>\n \t<li>Poder Especial a favor de Asesor T\u00e9cnico Fitosanitario y persona registrante del producto ante la autoridad competente debidamente autenticado por Notario.<\/li><br>\n \t<li>Certificado de Registro o Libre Venta en original del pa\u00eds de origen, debidamente autenticado o apostillado.<\/li><br>\n \t<li>Certificado de Composici\u00f3n por cada producto y sus componentes activos<\/li><br>\n \t<li>Certificado de an\u00e1lisis donde se indique las concentraciones del fertilizante por macro y micronutrientes en p\/p si es s\u00f3lido o p\/v si es l\u00edquido. En original y firmado.<\/li><br>\n \t<li>Certificado de an\u00e1lisis del producto.<\/li><br>\n \t<li>Dos (2) etiquetas del producto a registrar.<\/li><br>\n \t<li>Ficha t\u00e9cnica de cada producto a registrar.<\/li><br>\n \t<li>Panfletos del producto por cada producto a registrar.<\/li><br>\n<\/ul>\nEl Registro de Fertilizante tiene un per\u00edodo de vigencia de diez (10) a\u00f1os.\n<br><br>\nEl tiempo de duraci\u00f3n para obtener dicho registro puede oscilar entre 2 a 3 meses.\t\t\t\t\t\t\t\t<\/div>\n\t\t\t\t<\/div>\n\t\t\t\t\t<\/div>\n\t\t<\/div>\n\t\t\t\t<div class=\"elementor-column elementor-col-50 elementor-top-column elementor-element elementor-element-e698ec9\" data-id=\"e698ec9\" data-element_type=\"column\">\n\t\t\t<div class=\"elementor-widget-wrap elementor-element-populated\">\n\t\t\t\t\t\t<section class=\"elementor-section elementor-inner-section elementor-element elementor-element-f3b5d75 elementor-section-boxed elementor-section-height-default elementor-section-height-default\" data-id=\"f3b5d75\" data-element_type=\"section\" data-settings=\"{&quot;background_background&quot;:&quot;classic&quot;}\">\n\t\t\t\t\t\t<div class=\"elementor-container elementor-column-gap-default\">\n\t\t\t\t\t<div class=\"elementor-column elementor-col-100 elementor-inner-column elementor-element elementor-element-858f832\" data-id=\"858f832\" data-element_type=\"column\">\n\t\t\t<div class=\"elementor-widget-wrap elementor-element-populated\">\n\t\t\t\t\t\t<div class=\"elementor-element elementor-element-ce579d7 elementor-widget elementor-widget-heading\" data-id=\"ce579d7\" data-element_type=\"widget\" data-widget_type=\"heading.default\">\n\t\t\t\t<div class=\"elementor-widget-container\">\n\t\t\t\t\t<h3 class=\"elementor-heading-title elementor-size-default\">Consulte con nosotros<\/h3>\t\t\t\t<\/div>\n\t\t\t\t<\/div>\n\t\t\t\t<div class=\"elementor-element elementor-element-a153ebd elementor-widget-divider--view-line elementor-widget elementor-widget-divider\" data-id=\"a153ebd\" data-element_type=\"widget\" data-widget_type=\"divider.default\">\n\t\t\t\t<div class=\"elementor-widget-container\">\n\t\t\t\t\t\t\t<div class=\"elementor-divider\">\n\t\t\t<span class=\"elementor-divider-separator\">\n\t\t\t\t\t\t<\/span>\n\t\t<\/div>\n\t\t\t\t\t\t<\/div>\n\t\t\t\t<\/div>\n\t\t\t\t<div class=\"elementor-element elementor-element-1545df0 elementor-widget elementor-widget-html\" data-id=\"1545df0\" data-element_type=\"widget\" data-widget_type=\"html.default\">\n\t\t\t\t<div class=\"elementor-widget-container\">\n\t\t\t\t\t<script charset=\"utf-8\" type=\"text\/javascript\" src=\"\/\/js.hsforms.net\/forms\/embed\/v2.js\"><\/script>\n<script>\n  hbspt.forms.create({\n    region: \"na1\",\n    portalId: \"23533289\",\n    formId: \"766b90b3-4093-49f5-839a-c27edeca6ae1\"\n  });\n<\/script>\t\t\t\t<\/div>\n\t\t\t\t<\/div>\n\t\t\t\t\t<\/div>\n\t\t<\/div>\n\t\t\t\t\t<\/div>\n\t\t<\/section>\n\t\t\t\t<section class=\"elementor-section elementor-inner-section elementor-element elementor-element-6b804f5 elementor-section-boxed elementor-section-height-default elementor-section-height-default\" data-id=\"6b804f5\" data-element_type=\"section\" data-settings=\"{&quot;background_background&quot;:&quot;classic&quot;}\">\n\t\t\t\t\t\t<div class=\"elementor-container elementor-column-gap-default\">\n\t\t\t\t\t<div class=\"elementor-column elementor-col-100 elementor-inner-column elementor-element elementor-element-e67f402\" data-id=\"e67f402\" data-element_type=\"column\">\n\t\t\t<div class=\"elementor-widget-wrap elementor-element-populated\">\n\t\t\t\t\t\t<div class=\"elementor-element elementor-element-0c14eb0 elementor-widget elementor-widget-heading\" data-id=\"0c14eb0\" data-element_type=\"widget\" data-widget_type=\"heading.default\">\n\t\t\t\t<div class=\"elementor-widget-container\">\n\t\t\t\t\t<h3 class=\"elementor-heading-title elementor-size-default\">Otros Servicios <\/h3>\t\t\t\t<\/div>\n\t\t\t\t<\/div>\n\t\t\t\t<div class=\"elementor-element elementor-element-bc5572a elementor-widget-divider--view-line elementor-widget elementor-widget-divider\" data-id=\"bc5572a\" data-element_type=\"widget\" data-widget_type=\"divider.default\">\n\t\t\t\t<div class=\"elementor-widget-container\">\n\t\t\t\t\t\t\t<div class=\"elementor-divider\">\n\t\t\t<span class=\"elementor-divider-separator\">\n\t\t\t\t\t\t<\/span>\n\t\t<\/div>\n\t\t\t\t\t\t<\/div>\n\t\t\t\t<\/div>\n\t\t\t\t<div class=\"elementor-element elementor-element-464cc9e elementor-position-left elementor-vertical-align-middle elementor-position-left elementor-vertical-align-middle elementor-widget elementor-widget-image-box\" data-id=\"464cc9e\" data-element_type=\"widget\" data-widget_type=\"image-box.default\">\n\t\t\t\t<div class=\"elementor-widget-container\">\n\t\t\t\t\t<div class=\"elementor-image-box-wrapper\"><figure class=\"elementor-image-box-img\"><a href=\"https:\/\/jquijano.com\/espana\/derecho-corporativo\/\" tabindex=\"-1\"><img decoding=\"async\" width=\"600\" height=\"600\" src=\"https:\/\/jquijano.com\/espana\/wp-content\/uploads\/2024\/03\/ICONOS-en-dorado-1.png\" class=\"attachment-full size-full wp-image-989124\" alt=\"\" title=\"\" srcset=\"https:\/\/jquijano.com\/espana\/wp-content\/uploads\/2024\/03\/ICONOS-en-dorado-1.png 600w, https:\/\/jquijano.com\/espana\/wp-content\/uploads\/2024\/03\/ICONOS-en-dorado-1-300x300.png 300w, https:\/\/jquijano.com\/espana\/wp-content\/uploads\/2024\/03\/ICONOS-en-dorado-1-150x150.png 150w\" sizes=\"(max-width: 600px) 100vw, 600px\" \/><\/a><\/figure><div class=\"elementor-image-box-content\"><h3 class=\"elementor-image-box-title\"><a href=\"https:\/\/jquijano.com\/espana\/derecho-corporativo\/\">Derecho Corporativo<\/a><\/h3><\/div><\/div>\t\t\t\t<\/div>\n\t\t\t\t<\/div>\n\t\t\t\t<div class=\"elementor-element elementor-element-97042cd elementor-position-left elementor-vertical-align-middle elementor-widget elementor-widget-image-box\" data-id=\"97042cd\" data-element_type=\"widget\" data-widget_type=\"image-box.default\">\n\t\t\t\t<div class=\"elementor-widget-container\">\n\t\t\t\t\t<div class=\"elementor-image-box-wrapper\"><figure class=\"elementor-image-box-img\"><a href=\"https:\/\/jquijano.com\/espana\/derecho-tributario\/\" tabindex=\"-1\"><img decoding=\"async\" width=\"600\" height=\"600\" src=\"https:\/\/jquijano.com\/espana\/wp-content\/uploads\/2024\/03\/ICONOS-en-dorado2-1.png\" class=\"attachment-full size-full wp-image-989126\" alt=\"\" title=\"\" srcset=\"https:\/\/jquijano.com\/espana\/wp-content\/uploads\/2024\/03\/ICONOS-en-dorado2-1.png 600w, https:\/\/jquijano.com\/espana\/wp-content\/uploads\/2024\/03\/ICONOS-en-dorado2-1-300x300.png 300w, https:\/\/jquijano.com\/espana\/wp-content\/uploads\/2024\/03\/ICONOS-en-dorado2-1-150x150.png 150w\" sizes=\"(max-width: 600px) 100vw, 600px\" \/><\/a><\/figure><div class=\"elementor-image-box-content\"><h3 class=\"elementor-image-box-title\"><a href=\"https:\/\/jquijano.com\/espana\/derecho-tributario\/\">Derecho Tributario<\/a><\/h3><\/div><\/div>\t\t\t\t<\/div>\n\t\t\t\t<\/div>\n\t\t\t\t<div class=\"elementor-element elementor-element-564e070 elementor-position-left elementor-vertical-align-middle elementor-widget elementor-widget-image-box\" data-id=\"564e070\" data-element_type=\"widget\" data-widget_type=\"image-box.default\">\n\t\t\t\t<div class=\"elementor-widget-container\">\n\t\t\t\t\t<div class=\"elementor-image-box-wrapper\"><figure class=\"elementor-image-box-img\"><a href=\"https:\/\/jquijano.com\/espana\/derecho-migratorio\/\" tabindex=\"-1\"><img loading=\"lazy\" decoding=\"async\" width=\"600\" height=\"600\" src=\"https:\/\/jquijano.com\/espana\/wp-content\/uploads\/2024\/03\/ICONOS-en-dorado5-1.png\" class=\"attachment-full size-full wp-image-989129\" alt=\"\" title=\"\" srcset=\"https:\/\/jquijano.com\/espana\/wp-content\/uploads\/2024\/03\/ICONOS-en-dorado5-1.png 600w, https:\/\/jquijano.com\/espana\/wp-content\/uploads\/2024\/03\/ICONOS-en-dorado5-1-300x300.png 300w, https:\/\/jquijano.com\/espana\/wp-content\/uploads\/2024\/03\/ICONOS-en-dorado5-1-150x150.png 150w\" sizes=\"(max-width: 600px) 100vw, 600px\" \/><\/a><\/figure><div class=\"elementor-image-box-content\"><h3 class=\"elementor-image-box-title\"><a href=\"https:\/\/jquijano.com\/espana\/derecho-migratorio\/\">Derecho Migratorio<\/a><\/h3><\/div><\/div>\t\t\t\t<\/div>\n\t\t\t\t<\/div>\n\t\t\t\t<div class=\"elementor-element elementor-element-8cb7729 elementor-position-left elementor-vertical-align-middle elementor-widget elementor-widget-image-box\" data-id=\"8cb7729\" data-element_type=\"widget\" data-widget_type=\"image-box.default\">\n\t\t\t\t<div class=\"elementor-widget-container\">\n\t\t\t\t\t<div class=\"elementor-image-box-wrapper\"><figure class=\"elementor-image-box-img\"><a href=\"https:\/\/jquijano.com\/espana\/derecho-maritimo\/\" tabindex=\"-1\"><img loading=\"lazy\" decoding=\"async\" width=\"600\" height=\"600\" src=\"https:\/\/jquijano.com\/espana\/wp-content\/uploads\/2024\/03\/ICONOS-en-dorado4-1.png\" class=\"attachment-full size-full wp-image-989128\" alt=\"\" title=\"\" srcset=\"https:\/\/jquijano.com\/espana\/wp-content\/uploads\/2024\/03\/ICONOS-en-dorado4-1.png 600w, https:\/\/jquijano.com\/espana\/wp-content\/uploads\/2024\/03\/ICONOS-en-dorado4-1-300x300.png 300w, https:\/\/jquijano.com\/espana\/wp-content\/uploads\/2024\/03\/ICONOS-en-dorado4-1-150x150.png 150w\" sizes=\"(max-width: 600px) 100vw, 600px\" \/><\/a><\/figure><div class=\"elementor-image-box-content\"><h3 class=\"elementor-image-box-title\"><a href=\"https:\/\/jquijano.com\/espana\/derecho-maritimo\/\">Derecho Mar\u00edtimo <\/a><\/h3><\/div><\/div>\t\t\t\t<\/div>\n\t\t\t\t<\/div>\n\t\t\t\t<div class=\"elementor-element elementor-element-7fdef74 elementor-position-left elementor-vertical-align-middle elementor-widget elementor-widget-image-box\" data-id=\"7fdef74\" data-element_type=\"widget\" data-widget_type=\"image-box.default\">\n\t\t\t\t<div class=\"elementor-widget-container\">\n\t\t\t\t\t<div class=\"elementor-image-box-wrapper\"><figure class=\"elementor-image-box-img\"><a href=\"https:\/\/jquijano.com\/espana\/derecho-laboral\/\" tabindex=\"-1\"><img loading=\"lazy\" decoding=\"async\" width=\"600\" height=\"600\" src=\"https:\/\/jquijano.com\/espana\/wp-content\/uploads\/2024\/03\/ICONOS-en-dorado3-1.png\" class=\"attachment-full size-full wp-image-989127\" alt=\"\" title=\"\" srcset=\"https:\/\/jquijano.com\/espana\/wp-content\/uploads\/2024\/03\/ICONOS-en-dorado3-1.png 600w, https:\/\/jquijano.com\/espana\/wp-content\/uploads\/2024\/03\/ICONOS-en-dorado3-1-300x300.png 300w, https:\/\/jquijano.com\/espana\/wp-content\/uploads\/2024\/03\/ICONOS-en-dorado3-1-150x150.png 150w\" sizes=\"(max-width: 600px) 100vw, 600px\" \/><\/a><\/figure><div class=\"elementor-image-box-content\"><h3 class=\"elementor-image-box-title\"><a href=\"https:\/\/jquijano.com\/espana\/derecho-laboral\/\">Derecho Laboral<\/a><\/h3><\/div><\/div>\t\t\t\t<\/div>\n\t\t\t\t<\/div>\n\t\t\t\t<div class=\"elementor-element elementor-element-d2a76a4 elementor-position-left elementor-vertical-align-middle elementor-widget elementor-widget-image-box\" data-id=\"d2a76a4\" data-element_type=\"widget\" data-widget_type=\"image-box.default\">\n\t\t\t\t<div class=\"elementor-widget-container\">\n\t\t\t\t\t<div class=\"elementor-image-box-wrapper\"><figure class=\"elementor-image-box-img\"><a href=\"https:\/\/jquijano.com\/espana\/propiedad-intelectual\/\" tabindex=\"-1\"><img loading=\"lazy\" decoding=\"async\" width=\"600\" height=\"600\" src=\"https:\/\/jquijano.com\/espana\/wp-content\/uploads\/2024\/03\/ICONOS-en-dorado7-1.png\" class=\"attachment-full size-full wp-image-989131\" alt=\"\" title=\"\" srcset=\"https:\/\/jquijano.com\/espana\/wp-content\/uploads\/2024\/03\/ICONOS-en-dorado7-1.png 600w, https:\/\/jquijano.com\/espana\/wp-content\/uploads\/2024\/03\/ICONOS-en-dorado7-1-300x300.png 300w, https:\/\/jquijano.com\/espana\/wp-content\/uploads\/2024\/03\/ICONOS-en-dorado7-1-150x150.png 150w\" sizes=\"(max-width: 600px) 100vw, 600px\" \/><\/a><\/figure><div class=\"elementor-image-box-content\"><h3 class=\"elementor-image-box-title\"><a href=\"https:\/\/jquijano.com\/espana\/propiedad-intelectual\/\">Propiedad Intelectual<\/a><\/h3><\/div><\/div>\t\t\t\t<\/div>\n\t\t\t\t<\/div>\n\t\t\t\t<div class=\"elementor-element elementor-element-26ce7f1 elementor-position-left elementor-vertical-align-middle elementor-widget elementor-widget-image-box\" data-id=\"26ce7f1\" data-element_type=\"widget\" data-widget_type=\"image-box.default\">\n\t\t\t\t<div class=\"elementor-widget-container\">\n\t\t\t\t\t<div class=\"elementor-image-box-wrapper\"><figure class=\"elementor-image-box-img\"><a href=\"https:\/\/jquijano.com\/espana\/bienes-raices\/\" tabindex=\"-1\"><img loading=\"lazy\" decoding=\"async\" width=\"600\" height=\"600\" src=\"https:\/\/jquijano.com\/espana\/wp-content\/uploads\/2024\/03\/ICONOS-en-dorado6-1.png\" class=\"attachment-full size-full wp-image-989130\" alt=\"\" title=\"\" srcset=\"https:\/\/jquijano.com\/espana\/wp-content\/uploads\/2024\/03\/ICONOS-en-dorado6-1.png 600w, https:\/\/jquijano.com\/espana\/wp-content\/uploads\/2024\/03\/ICONOS-en-dorado6-1-300x300.png 300w, https:\/\/jquijano.com\/espana\/wp-content\/uploads\/2024\/03\/ICONOS-en-dorado6-1-150x150.png 150w\" sizes=\"(max-width: 600px) 100vw, 600px\" \/><\/a><\/figure><div class=\"elementor-image-box-content\"><h3 class=\"elementor-image-box-title\"><a href=\"https:\/\/jquijano.com\/espana\/bienes-raices\/\">Bienes Ra\u00edces <\/a><\/h3><\/div><\/div>\t\t\t\t<\/div>\n\t\t\t\t<\/div>\n\t\t\t\t<div class=\"elementor-element elementor-element-d8c1185 elementor-position-left elementor-vertical-align-middle elementor-widget elementor-widget-image-box\" data-id=\"d8c1185\" data-element_type=\"widget\" data-widget_type=\"image-box.default\">\n\t\t\t\t<div class=\"elementor-widget-container\">\n\t\t\t\t\t<div class=\"elementor-image-box-wrapper\"><figure class=\"elementor-image-box-img\"><a href=\"https:\/\/jquijano.com\/espana\/litigio-y-resolucion-de-disputas\/\" tabindex=\"-1\"><img loading=\"lazy\" decoding=\"async\" width=\"600\" height=\"600\" src=\"https:\/\/jquijano.com\/espana\/wp-content\/uploads\/2024\/03\/ICONOS-en-dorado9-1.png\" class=\"attachment-full size-full wp-image-989133\" alt=\"\" title=\"\" srcset=\"https:\/\/jquijano.com\/espana\/wp-content\/uploads\/2024\/03\/ICONOS-en-dorado9-1.png 600w, https:\/\/jquijano.com\/espana\/wp-content\/uploads\/2024\/03\/ICONOS-en-dorado9-1-300x300.png 300w, https:\/\/jquijano.com\/espana\/wp-content\/uploads\/2024\/03\/ICONOS-en-dorado9-1-150x150.png 150w\" sizes=\"(max-width: 600px) 100vw, 600px\" \/><\/a><\/figure><div class=\"elementor-image-box-content\"><h3 class=\"elementor-image-box-title\"><a href=\"https:\/\/jquijano.com\/espana\/litigio-y-resolucion-de-disputas\/\">Litigio y Resoluci\u00f3n de Disputas <\/a><\/h3><\/div><\/div>\t\t\t\t<\/div>\n\t\t\t\t<\/div>\n\t\t\t\t<div class=\"elementor-element elementor-element-670fa73 elementor-position-left elementor-vertical-align-middle elementor-position-top elementor-widget elementor-widget-image-box\" data-id=\"670fa73\" data-element_type=\"widget\" data-widget_type=\"image-box.default\">\n\t\t\t\t<div class=\"elementor-widget-container\">\n\t\t\t\t\t<div class=\"elementor-image-box-wrapper\"><figure class=\"elementor-image-box-img\"><a href=\"https:\/\/jquijano.com\/espana\/registro-sanitario\/\" tabindex=\"-1\"><img loading=\"lazy\" decoding=\"async\" width=\"600\" height=\"600\" src=\"https:\/\/jquijano.com\/espana\/wp-content\/uploads\/2024\/03\/ICONOS-en-dorado8-1.png\" class=\"attachment-full size-full wp-image-989132\" alt=\"\" title=\"\" srcset=\"https:\/\/jquijano.com\/espana\/wp-content\/uploads\/2024\/03\/ICONOS-en-dorado8-1.png 600w, https:\/\/jquijano.com\/espana\/wp-content\/uploads\/2024\/03\/ICONOS-en-dorado8-1-300x300.png 300w, https:\/\/jquijano.com\/espana\/wp-content\/uploads\/2024\/03\/ICONOS-en-dorado8-1-150x150.png 150w\" sizes=\"(max-width: 600px) 100vw, 600px\" \/><\/a><\/figure><div class=\"elementor-image-box-content\"><h3 class=\"elementor-image-box-title\"><a href=\"https:\/\/jquijano.com\/espana\/registro-sanitario\/\">Registro Sanitario <\/a><\/h3><\/div><\/div>\t\t\t\t<\/div>\n\t\t\t\t<\/div>\n\t\t\t\t\t<\/div>\n\t\t<\/div>\n\t\t\t\t\t<\/div>\n\t\t<\/section>\n\t\t\t\t\t<\/div>\n\t\t<\/div>\n\t\t\t\t\t<\/div>\n\t\t<\/section>\n\t\t\t\t<\/div>\n\t\t","protected":false},"excerpt":{"rendered":"<p>Registro Sanitario en Panam\u00e1 Registro de Fertilizantes Servicio de Registro de Fertilizantes Dentro de esta \u00e1rea de pr\u00e1ctica asesoramos y asistimos a nuestros clientes en los permisos de importaci\u00f3n y registro de todo tipo de fertilizantes, plaguicidas qu\u00edmicos, aditivos e insumos fitosanitarios ante la Direcci\u00f3n de Sanidad Vegetal del Ministerio de Desarrollo Agropecuario en Panam\u00e1&#8230;.<\/p>\n","protected":false},"author":1,"featured_media":0,"parent":474,"menu_order":0,"comment_status":"closed","ping_status":"closed","template":"","meta":{"content-type":"","footnotes":""},"class_list":["post-6264","page","type-page","status-publish","hentry"],"_links":{"self":[{"href":"https:\/\/jquijano.com\/espana\/wp-json\/wp\/v2\/pages\/6264","targetHints":{"allow":["GET"]}}],"collection":[{"href":"https:\/\/jquijano.com\/espana\/wp-json\/wp\/v2\/pages"}],"about":[{"href":"https:\/\/jquijano.com\/espana\/wp-json\/wp\/v2\/types\/page"}],"author":[{"embeddable":true,"href":"https:\/\/jquijano.com\/espana\/wp-json\/wp\/v2\/users\/1"}],"replies":[{"embeddable":true,"href":"https:\/\/jquijano.com\/espana\/wp-json\/wp\/v2\/comments?post=6264"}],"version-history":[{"count":31,"href":"https:\/\/jquijano.com\/espana\/wp-json\/wp\/v2\/pages\/6264\/revisions"}],"predecessor-version":[{"id":993365,"href":"https:\/\/jquijano.com\/espana\/wp-json\/wp\/v2\/pages\/6264\/revisions\/993365"}],"up":[{"embeddable":true,"href":"https:\/\/jquijano.com\/espana\/wp-json\/wp\/v2\/pages\/474"}],"wp:attachment":[{"href":"https:\/\/jquijano.com\/espana\/wp-json\/wp\/v2\/media?parent=6264"}],"curies":[{"name":"wp","href":"https:\/\/api.w.org\/{rel}","templated":true}]}}