{"id":994312,"date":"2024-07-01T12:40:18","date_gmt":"2024-07-01T17:40:18","guid":{"rendered":"https:\/\/jquijano.com\/espa%C3%B1a\/?page_id=994312"},"modified":"2025-03-06T14:51:06","modified_gmt":"2025-03-06T19:51:06","slug":"la-sociedad-anonima-vs-la-sociedad-de-responsabilidad-limitada-en-panama","status":"publish","type":"page","link":"https:\/\/jquijano.com\/espana\/la-sociedad-anonima-vs-la-sociedad-de-responsabilidad-limitada-en-panama\/","title":{"rendered":"Sociedad an\u00f3nima (S.A.) vs Sociedad de Responsabilidad Limitada (S. DE RL.) en Panam\u00e1"},"content":{"rendered":"\t\t<div data-elementor-type=\"wp-page\" data-elementor-id=\"994312\" class=\"elementor elementor-994312\" data-elementor-post-type=\"page\">\n\t\t\t\t\t\t<section class=\"elementor-section elementor-top-section elementor-element elementor-element-c7df71d elementor-section-full_width elementor-section-content-middle elementor-section-stretched elementor-section-height-default elementor-section-height-default\" data-id=\"c7df71d\" data-element_type=\"section\" data-settings=\"{&quot;animation&quot;:&quot;none&quot;,&quot;stretch_section&quot;:&quot;section-stretched&quot;,&quot;background_background&quot;:&quot;classic&quot;}\">\n\t\t\t\t\t\t\t<div class=\"elementor-background-overlay\"><\/div>\n\t\t\t\t\t\t\t<div class=\"elementor-container elementor-column-gap-default\">\n\t\t\t\t\t<div class=\"elementor-column elementor-col-100 elementor-top-column elementor-element elementor-element-a4a6395\" data-id=\"a4a6395\" data-element_type=\"column\">\n\t\t\t<div class=\"elementor-widget-wrap elementor-element-populated\">\n\t\t\t\t\t\t<section class=\"elementor-section elementor-inner-section elementor-element elementor-element-bf5847b elementor-section-boxed elementor-section-height-default elementor-section-height-default\" data-id=\"bf5847b\" data-element_type=\"section\">\n\t\t\t\t\t\t<div class=\"elementor-container elementor-column-gap-default\">\n\t\t\t\t\t<div class=\"elementor-column elementor-col-50 elementor-inner-column elementor-element elementor-element-c75b4db\" data-id=\"c75b4db\" data-element_type=\"column\">\n\t\t\t<div class=\"elementor-widget-wrap elementor-element-populated\">\n\t\t\t\t\t\t<div class=\"elementor-element elementor-element-85d1d3f elementor-widget elementor-widget-heading\" data-id=\"85d1d3f\" data-element_type=\"widget\" data-settings=\"{&quot;_animation&quot;:&quot;none&quot;}\" data-widget_type=\"heading.default\">\n\t\t\t\t<div class=\"elementor-widget-container\">\n\t\t\t\t\t<h3 class=\"elementor-heading-title elementor-size-default\">Sociedades en Panam\u00e1<\/h3>\t\t\t\t<\/div>\n\t\t\t\t<\/div>\n\t\t\t\t<div class=\"elementor-element elementor-element-90d397a elementor-widget__width-auto elementor-widget elementor-widget-heading\" data-id=\"90d397a\" data-element_type=\"widget\" data-settings=\"{&quot;_animation&quot;:&quot;none&quot;,&quot;_animation_tablet&quot;:&quot;none&quot;,&quot;_animation_delay&quot;:200}\" data-widget_type=\"heading.default\">\n\t\t\t\t<div class=\"elementor-widget-container\">\n\t\t\t\t\t<h1 class=\"elementor-heading-title elementor-size-default\">Sociedad an\u00f3nima (S.A.) vs Sociedad de Responsabilidad Limitada (S. DE RL.) en Panam\u00e1<\/h1>\t\t\t\t<\/div>\n\t\t\t\t<\/div>\n\t\t\t\t\t<\/div>\n\t\t<\/div>\n\t\t\t\t<div class=\"elementor-column elementor-col-50 elementor-inner-column elementor-element elementor-element-06145ec\" data-id=\"06145ec\" data-element_type=\"column\">\n\t\t\t<div class=\"elementor-widget-wrap\">\n\t\t\t\t\t\t\t<\/div>\n\t\t<\/div>\n\t\t\t\t\t<\/div>\n\t\t<\/section>\n\t\t\t\t\t<\/div>\n\t\t<\/div>\n\t\t\t\t\t<\/div>\n\t\t<\/section>\n\t\t\t\t<section class=\"elementor-section elementor-top-section elementor-element elementor-element-5d7c7d8 elementor-section-boxed elementor-section-height-default elementor-section-height-default\" data-id=\"5d7c7d8\" data-element_type=\"section\">\n\t\t\t\t\t\t<div class=\"elementor-container elementor-column-gap-default\">\n\t\t\t\t\t<div class=\"elementor-column elementor-col-50 elementor-top-column elementor-element elementor-element-c21986f\" data-id=\"c21986f\" data-element_type=\"column\">\n\t\t\t<div class=\"elementor-widget-wrap elementor-element-populated\">\n\t\t\t\t\t\t<div class=\"elementor-element elementor-element-b794791 elementor-widget__width-auto elementor-widget elementor-widget-heading\" data-id=\"b794791\" data-element_type=\"widget\" data-settings=\"{&quot;_animation&quot;:&quot;none&quot;,&quot;_animation_tablet&quot;:&quot;none&quot;,&quot;_animation_delay&quot;:200}\" data-widget_type=\"heading.default\">\n\t\t\t\t<div class=\"elementor-widget-container\">\n\t\t\t\t\t<h2 class=\"elementor-heading-title elementor-size-default\">Sociedad an\u00f3nima  vs Sociedad de Responsabilidad Limitada <\/h2>\t\t\t\t<\/div>\n\t\t\t\t<\/div>\n\t\t\t\t<section class=\"elementor-section elementor-inner-section elementor-element elementor-element-59ef716 elementor-section-boxed elementor-section-height-default elementor-section-height-default\" data-id=\"59ef716\" data-element_type=\"section\">\n\t\t\t\t\t\t<div class=\"elementor-container elementor-column-gap-no\">\n\t\t\t\t\t<div class=\"elementor-column elementor-col-100 elementor-inner-column elementor-element elementor-element-db6e164\" data-id=\"db6e164\" data-element_type=\"column\">\n\t\t\t<div class=\"elementor-widget-wrap elementor-element-populated\">\n\t\t\t\t\t\t<div class=\"elementor-element elementor-element-45967ae elementor-widget elementor-widget-shortcode\" data-id=\"45967ae\" data-element_type=\"widget\" data-widget_type=\"shortcode.default\">\n\t\t\t\t<div class=\"elementor-widget-container\">\n\t\t\t\t\t\t\t<div class=\"elementor-shortcode\"><div id=\"footable_parent_8842\"\n         class=\" footable_parent ninja_table_wrapper loading_ninja_table wp_table_data_press_parent semantic_ui \">\n                <table data-ninja_table_instance=\"ninja_table_instance_0\" data-footable_id=\"8842\" data-filter-delay=\"1000\" aria-label=\"LA SOCIEDAD AN\u00d3NIMA VS LA SOCIEDAD DE RESPONSABILIDAD LIMITADA EN PANAM\u00c1\"            id=\"footable_8842\"\n           data-unique_identifier=\"ninja_table_unique_id_1024655135_8842\"\n           class=\" foo-table ninja_footable foo_table_8842 ninja_table_unique_id_1024655135_8842 ui table  nt_type_ajax_table fixed selectable celled  footable-paging-right ninja_table_search_disabled\">\n                <colgroup>\n                            <col class=\"ninja_column_0 \">\n                            <col class=\"ninja_column_1 \">\n                    <\/colgroup>\n            <\/table>\n    \n    \n    \n<\/div>\n<\/div>\n\t\t\t\t\t\t<\/div>\n\t\t\t\t<\/div>\n\t\t\t\t\t<\/div>\n\t\t<\/div>\n\t\t\t\t\t<\/div>\n\t\t<\/section>\n\t\t\t\t\t<\/div>\n\t\t<\/div>\n\t\t\t\t<div class=\"elementor-column elementor-col-50 elementor-top-column elementor-element elementor-element-5a83920\" data-id=\"5a83920\" data-element_type=\"column\">\n\t\t\t<div class=\"elementor-widget-wrap elementor-element-populated\">\n\t\t\t\t\t\t<section class=\"elementor-section elementor-inner-section elementor-element elementor-element-dc76ef3 elementor-section-boxed elementor-section-height-default elementor-section-height-default\" data-id=\"dc76ef3\" data-element_type=\"section\" data-settings=\"{&quot;background_background&quot;:&quot;classic&quot;}\">\n\t\t\t\t\t\t<div class=\"elementor-container elementor-column-gap-default\">\n\t\t\t\t\t<div class=\"elementor-column elementor-col-100 elementor-inner-column elementor-element elementor-element-1508bb2\" data-id=\"1508bb2\" data-element_type=\"column\">\n\t\t\t<div class=\"elementor-widget-wrap elementor-element-populated\">\n\t\t\t\t\t\t<div class=\"elementor-element elementor-element-390e7fe elementor-widget elementor-widget-heading\" data-id=\"390e7fe\" data-element_type=\"widget\" data-widget_type=\"heading.default\">\n\t\t\t\t<div class=\"elementor-widget-container\">\n\t\t\t\t\t<h3 class=\"elementor-heading-title elementor-size-default\">Consulte con nosotros<\/h3>\t\t\t\t<\/div>\n\t\t\t\t<\/div>\n\t\t\t\t<div class=\"elementor-element elementor-element-fd20e5a elementor-widget-divider--view-line elementor-widget elementor-widget-divider\" data-id=\"fd20e5a\" data-element_type=\"widget\" data-widget_type=\"divider.default\">\n\t\t\t\t<div class=\"elementor-widget-container\">\n\t\t\t\t\t\t\t<div class=\"elementor-divider\">\n\t\t\t<span class=\"elementor-divider-separator\">\n\t\t\t\t\t\t<\/span>\n\t\t<\/div>\n\t\t\t\t\t\t<\/div>\n\t\t\t\t<\/div>\n\t\t\t\t<div class=\"elementor-element elementor-element-d82537e elementor-widget elementor-widget-html\" data-id=\"d82537e\" data-element_type=\"widget\" data-widget_type=\"html.default\">\n\t\t\t\t<div class=\"elementor-widget-container\">\n\t\t\t\t\t<script charset=\"utf-8\" type=\"text\/javascript\" src=\"\/\/js.hsforms.net\/forms\/embed\/v2.js\"><\/script>\n<script>\n  hbspt.forms.create({\n    region: \"na1\",\n    portalId: \"23533289\",\n    formId: \"766b90b3-4093-49f5-839a-c27edeca6ae1\"\n  });\n<\/script>\t\t\t\t<\/div>\n\t\t\t\t<\/div>\n\t\t\t\t\t<\/div>\n\t\t<\/div>\n\t\t\t\t\t<\/div>\n\t\t<\/section>\n\t\t\t\t\t<\/div>\n\t\t<\/div>\n\t\t\t\t\t<\/div>\n\t\t<\/section>\n\t\t\t\t<\/div>\n\t\t","protected":false},"excerpt":{"rendered":"<p>Sociedades en Panam\u00e1 Sociedad an\u00f3nima (S.A.) vs Sociedad de Responsabilidad Limitada (S. DE RL.) en Panam\u00e1 Sociedad an\u00f3nima vs Sociedad de Responsabilidad Limitada Consulte con nosotros<\/p>\n","protected":false},"author":1,"featured_media":0,"parent":0,"menu_order":0,"comment_status":"closed","ping_status":"closed","template":"","meta":{"content-type":"","footnotes":""},"class_list":["post-994312","page","type-page","status-publish","hentry"],"_links":{"self":[{"href":"https:\/\/jquijano.com\/espana\/wp-json\/wp\/v2\/pages\/994312","targetHints":{"allow":["GET"]}}],"collection":[{"href":"https:\/\/jquijano.com\/espana\/wp-json\/wp\/v2\/pages"}],"about":[{"href":"https:\/\/jquijano.com\/espana\/wp-json\/wp\/v2\/types\/page"}],"author":[{"embeddable":true,"href":"https:\/\/jquijano.com\/espana\/wp-json\/wp\/v2\/users\/1"}],"replies":[{"embeddable":true,"href":"https:\/\/jquijano.com\/espana\/wp-json\/wp\/v2\/comments?post=994312"}],"version-history":[{"count":8,"href":"https:\/\/jquijano.com\/espana\/wp-json\/wp\/v2\/pages\/994312\/revisions"}],"predecessor-version":[{"id":995053,"href":"https:\/\/jquijano.com\/espana\/wp-json\/wp\/v2\/pages\/994312\/revisions\/995053"}],"wp:attachment":[{"href":"https:\/\/jquijano.com\/espana\/wp-json\/wp\/v2\/media?parent=994312"}],"curies":[{"name":"wp","href":"https:\/\/api.w.org\/{rel}","templated":true}]}}