{"id":994913,"date":"2025-02-06T14:57:06","date_gmt":"2025-02-06T19:57:06","guid":{"rendered":"https:\/\/jquijano.com\/espa%C3%B1a\/?page_id=994913"},"modified":"2025-02-06T14:58:58","modified_gmt":"2025-02-06T19:58:58","slug":"revision-fiscal","status":"publish","type":"page","link":"https:\/\/jquijano.com\/espana\/derecho-tributario\/revision-fiscal\/","title":{"rendered":"Revisi\u00f3n Fiscal"},"content":{"rendered":"\t\t<div data-elementor-type=\"wp-page\" data-elementor-id=\"994913\" class=\"elementor elementor-994913\" data-elementor-post-type=\"page\">\n\t\t\t\t\t\t<section class=\"elementor-section elementor-top-section elementor-element elementor-element-016da3e elementor-section-full_width elementor-section-content-middle elementor-section-stretched elementor-section-height-default elementor-section-height-default\" data-id=\"016da3e\" data-element_type=\"section\" data-settings=\"{&quot;animation&quot;:&quot;none&quot;,&quot;stretch_section&quot;:&quot;section-stretched&quot;,&quot;background_background&quot;:&quot;classic&quot;}\">\n\t\t\t\t\t\t\t<div class=\"elementor-background-overlay\"><\/div>\n\t\t\t\t\t\t\t<div class=\"elementor-container elementor-column-gap-default\">\n\t\t\t\t\t<div class=\"elementor-column elementor-col-100 elementor-top-column elementor-element elementor-element-e583762\" data-id=\"e583762\" data-element_type=\"column\">\n\t\t\t<div class=\"elementor-widget-wrap elementor-element-populated\">\n\t\t\t\t\t\t<section class=\"elementor-section elementor-inner-section elementor-element elementor-element-5cf1b77 elementor-section-boxed elementor-section-height-default elementor-section-height-default\" data-id=\"5cf1b77\" data-element_type=\"section\">\n\t\t\t\t\t\t<div class=\"elementor-container elementor-column-gap-default\">\n\t\t\t\t\t<div class=\"elementor-column elementor-col-50 elementor-inner-column elementor-element elementor-element-ad4b762\" data-id=\"ad4b762\" data-element_type=\"column\">\n\t\t\t<div class=\"elementor-widget-wrap elementor-element-populated\">\n\t\t\t\t\t\t<div class=\"elementor-element elementor-element-1fd487d elementor-widget elementor-widget-heading\" data-id=\"1fd487d\" data-element_type=\"widget\" data-settings=\"{&quot;_animation&quot;:&quot;none&quot;}\" data-widget_type=\"heading.default\">\n\t\t\t\t<div class=\"elementor-widget-container\">\n\t\t\t\t\t<h2 class=\"elementor-heading-title elementor-size-default\">Derecho Tributario <\/h2>\t\t\t\t<\/div>\n\t\t\t\t<\/div>\n\t\t\t\t<div class=\"elementor-element elementor-element-87fe367 elementor-widget__width-auto elementor-widget elementor-widget-heading\" data-id=\"87fe367\" data-element_type=\"widget\" data-settings=\"{&quot;_animation&quot;:&quot;none&quot;,&quot;_animation_tablet&quot;:&quot;none&quot;,&quot;_animation_delay&quot;:200}\" data-widget_type=\"heading.default\">\n\t\t\t\t<div class=\"elementor-widget-container\">\n\t\t\t\t\t<h1 class=\"elementor-heading-title elementor-size-default\">Revisi\u00f3n Fiscal<\/h1>\t\t\t\t<\/div>\n\t\t\t\t<\/div>\n\t\t\t\t\t<\/div>\n\t\t<\/div>\n\t\t\t\t<div class=\"elementor-column elementor-col-50 elementor-inner-column elementor-element elementor-element-7a1c776\" data-id=\"7a1c776\" data-element_type=\"column\">\n\t\t\t<div class=\"elementor-widget-wrap\">\n\t\t\t\t\t\t\t<\/div>\n\t\t<\/div>\n\t\t\t\t\t<\/div>\n\t\t<\/section>\n\t\t\t\t\t<\/div>\n\t\t<\/div>\n\t\t\t\t\t<\/div>\n\t\t<\/section>\n\t\t\t\t<section class=\"elementor-section elementor-top-section elementor-element elementor-element-24cde7e elementor-section-boxed elementor-section-height-default elementor-section-height-default\" data-id=\"24cde7e\" data-element_type=\"section\">\n\t\t\t\t\t\t<div class=\"elementor-container elementor-column-gap-default\">\n\t\t\t\t\t<div class=\"elementor-column elementor-col-50 elementor-top-column elementor-element elementor-element-8e811e2\" data-id=\"8e811e2\" data-element_type=\"column\">\n\t\t\t<div class=\"elementor-widget-wrap elementor-element-populated\">\n\t\t\t\t\t\t<div class=\"vamtam-has-theme-widget-styles elementor-element elementor-element-f43a80b elementor-hidden-tablet elementor-hidden-mobile elementor-widget elementor-widget-image\" data-id=\"f43a80b\" data-element_type=\"widget\" data-widget_type=\"image.default\">\n\t\t\t\t<div class=\"elementor-widget-container\">\n\t\t\t\t\t\t\t\t\t<div class=\"elementor-image\">\n\t\t\t\t\t\t\t\t\t\t\t\t\t\t\t\t\t\t\t\t\t<img fetchpriority=\"high\" decoding=\"async\" width=\"2560\" height=\"1707\" src=\"https:\/\/jquijano.com\/espana\/wp-content\/uploads\/2025\/02\/two-businessmen-are-reviewing-the-earnings-summary-2025-01-16-22-34-16-utc-scaled.jpg\" class=\"attachment-full size-full wp-image-994915\" alt=\"\" srcset=\"https:\/\/jquijano.com\/espana\/wp-content\/uploads\/2025\/02\/two-businessmen-are-reviewing-the-earnings-summary-2025-01-16-22-34-16-utc-scaled.jpg 2560w, https:\/\/jquijano.com\/espana\/wp-content\/uploads\/2025\/02\/two-businessmen-are-reviewing-the-earnings-summary-2025-01-16-22-34-16-utc-300x200.jpg 300w, https:\/\/jquijano.com\/espana\/wp-content\/uploads\/2025\/02\/two-businessmen-are-reviewing-the-earnings-summary-2025-01-16-22-34-16-utc-1024x683.jpg 1024w, https:\/\/jquijano.com\/espana\/wp-content\/uploads\/2025\/02\/two-businessmen-are-reviewing-the-earnings-summary-2025-01-16-22-34-16-utc-768x512.jpg 768w, https:\/\/jquijano.com\/espana\/wp-content\/uploads\/2025\/02\/two-businessmen-are-reviewing-the-earnings-summary-2025-01-16-22-34-16-utc-1536x1024.jpg 1536w, https:\/\/jquijano.com\/espana\/wp-content\/uploads\/2025\/02\/two-businessmen-are-reviewing-the-earnings-summary-2025-01-16-22-34-16-utc-2048x1365.jpg 2048w\" sizes=\"(max-width: 2560px) 100vw, 2560px\" title=\"\">\t\t\t\t\t\t\t\t\t\t\t\t\t\t\t\t\t\t\t\t\t\t\t\t<\/div>\n\t\t\t\t\t\t\t\t<\/div>\n\t\t\t\t<\/div>\n\t\t\t\t<div class=\"elementor-element elementor-element-6f21ae2 elementor-widget__width-auto elementor-widget elementor-widget-heading\" data-id=\"6f21ae2\" data-element_type=\"widget\" data-settings=\"{&quot;_animation&quot;:&quot;none&quot;,&quot;_animation_tablet&quot;:&quot;none&quot;,&quot;_animation_delay&quot;:200}\" data-widget_type=\"heading.default\">\n\t\t\t\t<div class=\"elementor-widget-container\">\n\t\t\t\t\t<h2 class=\"elementor-heading-title elementor-size-default\">Servicio de Revisi\u00f3n Fiscal en Panam\u00e1<\/h2>\t\t\t\t<\/div>\n\t\t\t\t<\/div>\n\t\t\t\t<section class=\"elementor-section elementor-inner-section elementor-element elementor-element-1ac4f70 elementor-section-boxed elementor-section-height-default elementor-section-height-default\" data-id=\"1ac4f70\" data-element_type=\"section\">\n\t\t\t\t\t\t<div class=\"elementor-container elementor-column-gap-no\">\n\t\t\t\t\t<div class=\"elementor-column elementor-col-100 elementor-inner-column elementor-element elementor-element-949fd3c\" data-id=\"949fd3c\" data-element_type=\"column\">\n\t\t\t<div class=\"elementor-widget-wrap elementor-element-populated\">\n\t\t\t\t\t\t<div class=\"elementor-element elementor-element-63210fd elementor-widget elementor-widget-text-editor\" data-id=\"63210fd\" data-element_type=\"widget\" data-widget_type=\"text-editor.default\">\n\t\t\t\t<div class=\"elementor-widget-container\">\n\t\t\t\t\t\t\t\t\t<p>A fin de cumplir con las obligaciones tributarias, en espec\u00edfico, con la entrega de determinada informaci\u00f3n y valores que debe declarar todo contribuyente ante la Direcci\u00f3n General de Ingresos (DGI), nuestra firma de abogados cuenta con un equipo de profesionales contables que podr\u00e1n asesorar de manera precisa reduciendo as\u00ed su carga impositiva.<\/p>\t\t\t\t\t\t\t\t<\/div>\n\t\t\t\t<\/div>\n\t\t\t\t<div class=\"elementor-element elementor-element-10356dc elementor-widget elementor-widget-text-editor\" data-id=\"10356dc\" data-element_type=\"widget\" data-widget_type=\"text-editor.default\">\n\t\t\t\t<div class=\"elementor-widget-container\">\n\t\t\t\t\t\t\t\t\t<p>La revisi\u00f3n fiscal que lleva a cabo nuestro equipo tributario abarca lo siguiente:<\/p><ul><li>Identifica errores en la contabilidad, estados financieros y registros contables que respaldan las declaraciones de renta<\/li><li>Se\u00f1ala beneficios fiscales que pueden aprovecharse para mejorar las ganancias<\/li><li>Verificaci\u00f3n de retenciones fiscales a impuestos sobre la renta<\/li><li>Evaluaci\u00f3n de ingresos percibidos y su deducci\u00f3n de gastos<\/li><li>Cumplimiento de obligaciones tributarias de presentaci\u00f3n de declaraciones de renta y registros contables<\/li><\/ul>\t\t\t\t\t\t\t\t<\/div>\n\t\t\t\t<\/div>\n\t\t\t\t\t<\/div>\n\t\t<\/div>\n\t\t\t\t\t<\/div>\n\t\t<\/section>\n\t\t\t\t\t<\/div>\n\t\t<\/div>\n\t\t\t\t<div class=\"elementor-column elementor-col-50 elementor-top-column elementor-element elementor-element-35ecaa7\" data-id=\"35ecaa7\" data-element_type=\"column\">\n\t\t\t<div class=\"elementor-widget-wrap elementor-element-populated\">\n\t\t\t\t\t\t<section class=\"elementor-section elementor-inner-section elementor-element elementor-element-bc5a272 elementor-section-boxed elementor-section-height-default elementor-section-height-default\" data-id=\"bc5a272\" data-element_type=\"section\" data-settings=\"{&quot;background_background&quot;:&quot;classic&quot;}\">\n\t\t\t\t\t\t<div class=\"elementor-container elementor-column-gap-default\">\n\t\t\t\t\t<div class=\"elementor-column elementor-col-100 elementor-inner-column elementor-element elementor-element-be133e6\" data-id=\"be133e6\" data-element_type=\"column\">\n\t\t\t<div class=\"elementor-widget-wrap elementor-element-populated\">\n\t\t\t\t\t\t<div class=\"elementor-element elementor-element-79f674f elementor-widget elementor-widget-heading\" data-id=\"79f674f\" data-element_type=\"widget\" data-widget_type=\"heading.default\">\n\t\t\t\t<div class=\"elementor-widget-container\">\n\t\t\t\t\t<h3 class=\"elementor-heading-title elementor-size-default\">Consulte con nosotros<\/h3>\t\t\t\t<\/div>\n\t\t\t\t<\/div>\n\t\t\t\t<div class=\"elementor-element elementor-element-130821a elementor-widget-divider--view-line elementor-widget elementor-widget-divider\" data-id=\"130821a\" data-element_type=\"widget\" data-widget_type=\"divider.default\">\n\t\t\t\t<div class=\"elementor-widget-container\">\n\t\t\t\t\t\t\t<div class=\"elementor-divider\">\n\t\t\t<span class=\"elementor-divider-separator\">\n\t\t\t\t\t\t<\/span>\n\t\t<\/div>\n\t\t\t\t\t\t<\/div>\n\t\t\t\t<\/div>\n\t\t\t\t<div class=\"elementor-element elementor-element-7288bde elementor-widget elementor-widget-html\" data-id=\"7288bde\" data-element_type=\"widget\" data-widget_type=\"html.default\">\n\t\t\t\t<div class=\"elementor-widget-container\">\n\t\t\t\t\t<script charset=\"utf-8\" type=\"text\/javascript\" src=\"\/\/js.hsforms.net\/forms\/embed\/v2.js\"><\/script>\n<script>\n  hbspt.forms.create({\n    region: \"na1\",\n    portalId: \"23533289\",\n    formId: \"766b90b3-4093-49f5-839a-c27edeca6ae1\"\n  });\n<\/script>\t\t\t\t<\/div>\n\t\t\t\t<\/div>\n\t\t\t\t\t<\/div>\n\t\t<\/div>\n\t\t\t\t\t<\/div>\n\t\t<\/section>\n\t\t\t\t\t<\/div>\n\t\t<\/div>\n\t\t\t\t\t<\/div>\n\t\t<\/section>\n\t\t\t\t<\/div>\n\t\t","protected":false},"excerpt":{"rendered":"<p>Derecho Tributario Revisi\u00f3n Fiscal Servicio de Revisi\u00f3n Fiscal en Panam\u00e1 A fin de cumplir con las obligaciones tributarias, en espec\u00edfico, con la entrega de determinada informaci\u00f3n y valores que debe declarar todo contribuyente ante la Direcci\u00f3n General de Ingresos (DGI), nuestra firma de abogados cuenta con un equipo de profesionales contables que podr\u00e1n asesorar de&#8230;<\/p>\n","protected":false},"author":1,"featured_media":0,"parent":444,"menu_order":0,"comment_status":"closed","ping_status":"closed","template":"","meta":{"content-type":"","footnotes":""},"class_list":["post-994913","page","type-page","status-publish","hentry"],"_links":{"self":[{"href":"https:\/\/jquijano.com\/espana\/wp-json\/wp\/v2\/pages\/994913","targetHints":{"allow":["GET"]}}],"collection":[{"href":"https:\/\/jquijano.com\/espana\/wp-json\/wp\/v2\/pages"}],"about":[{"href":"https:\/\/jquijano.com\/espana\/wp-json\/wp\/v2\/types\/page"}],"author":[{"embeddable":true,"href":"https:\/\/jquijano.com\/espana\/wp-json\/wp\/v2\/users\/1"}],"replies":[{"embeddable":true,"href":"https:\/\/jquijano.com\/espana\/wp-json\/wp\/v2\/comments?post=994913"}],"version-history":[{"count":9,"href":"https:\/\/jquijano.com\/espana\/wp-json\/wp\/v2\/pages\/994913\/revisions"}],"predecessor-version":[{"id":994923,"href":"https:\/\/jquijano.com\/espana\/wp-json\/wp\/v2\/pages\/994913\/revisions\/994923"}],"up":[{"embeddable":true,"href":"https:\/\/jquijano.com\/espana\/wp-json\/wp\/v2\/pages\/444"}],"wp:attachment":[{"href":"https:\/\/jquijano.com\/espana\/wp-json\/wp\/v2\/media?parent=994913"}],"curies":[{"name":"wp","href":"https:\/\/api.w.org\/{rel}","templated":true}]}}