{"id":994948,"date":"2025-02-06T17:10:51","date_gmt":"2025-02-06T22:10:51","guid":{"rendered":"https:\/\/jquijano.com\/espa%C3%B1a\/?page_id=994948"},"modified":"2025-02-06T21:31:17","modified_gmt":"2025-02-07T02:31:17","slug":"incentivos-fiscales-en-area-economica-especial-panama-pacifico-zonas-francas-y-sede-de-empresas-multinacionales","status":"publish","type":"page","link":"https:\/\/jquijano.com\/espana\/derecho-tributario\/incentivos-fiscales-en-area-economica-especial-panama-pacifico-zonas-francas-y-sede-de-empresas-multinacionales\/","title":{"rendered":"Incentivos fiscales en \u00c1rea Econ\u00f3mica Especial Panama Pac\u00edfico, Zonas Francas y Sede de Empresas Multinacionales"},"content":{"rendered":"\t\t<div data-elementor-type=\"wp-page\" data-elementor-id=\"994948\" class=\"elementor elementor-994948\" data-elementor-post-type=\"page\">\n\t\t\t\t\t\t<section class=\"elementor-section elementor-top-section elementor-element elementor-element-92989ab elementor-section-full_width elementor-section-content-middle elementor-section-stretched elementor-section-height-default elementor-section-height-default\" data-id=\"92989ab\" data-element_type=\"section\" data-settings=\"{&quot;animation&quot;:&quot;none&quot;,&quot;stretch_section&quot;:&quot;section-stretched&quot;,&quot;background_background&quot;:&quot;classic&quot;}\">\n\t\t\t\t\t\t\t<div class=\"elementor-background-overlay\"><\/div>\n\t\t\t\t\t\t\t<div class=\"elementor-container elementor-column-gap-default\">\n\t\t\t\t\t<div class=\"elementor-column elementor-col-100 elementor-top-column elementor-element elementor-element-a73d9c6\" data-id=\"a73d9c6\" data-element_type=\"column\">\n\t\t\t<div class=\"elementor-widget-wrap elementor-element-populated\">\n\t\t\t\t\t\t<section class=\"elementor-section elementor-inner-section elementor-element elementor-element-8fa91d7 elementor-section-boxed elementor-section-height-default elementor-section-height-default\" data-id=\"8fa91d7\" data-element_type=\"section\">\n\t\t\t\t\t\t<div class=\"elementor-container elementor-column-gap-default\">\n\t\t\t\t\t<div class=\"elementor-column elementor-col-50 elementor-inner-column elementor-element elementor-element-a84ebf0\" data-id=\"a84ebf0\" data-element_type=\"column\">\n\t\t\t<div class=\"elementor-widget-wrap elementor-element-populated\">\n\t\t\t\t\t\t<div class=\"elementor-element elementor-element-19ae667 elementor-widget elementor-widget-heading\" data-id=\"19ae667\" data-element_type=\"widget\" data-settings=\"{&quot;_animation&quot;:&quot;none&quot;}\" data-widget_type=\"heading.default\">\n\t\t\t\t<div class=\"elementor-widget-container\">\n\t\t\t\t\t<h3 class=\"elementor-heading-title elementor-size-default\">Derecho Tributario <\/h3>\t\t\t\t<\/div>\n\t\t\t\t<\/div>\n\t\t\t\t<div class=\"elementor-element elementor-element-e5f89ff elementor-widget__width-auto elementor-widget elementor-widget-heading\" data-id=\"e5f89ff\" data-element_type=\"widget\" data-settings=\"{&quot;_animation&quot;:&quot;none&quot;,&quot;_animation_tablet&quot;:&quot;none&quot;,&quot;_animation_delay&quot;:200}\" data-widget_type=\"heading.default\">\n\t\t\t\t<div class=\"elementor-widget-container\">\n\t\t\t\t\t<h1 class=\"elementor-heading-title elementor-size-default\">Incentivos fiscales en Zonas Francas<\/h1>\t\t\t\t<\/div>\n\t\t\t\t<\/div>\n\t\t\t\t\t<\/div>\n\t\t<\/div>\n\t\t\t\t<div class=\"elementor-column elementor-col-50 elementor-inner-column elementor-element elementor-element-c762d0f\" data-id=\"c762d0f\" data-element_type=\"column\">\n\t\t\t<div class=\"elementor-widget-wrap\">\n\t\t\t\t\t\t\t<\/div>\n\t\t<\/div>\n\t\t\t\t\t<\/div>\n\t\t<\/section>\n\t\t\t\t\t<\/div>\n\t\t<\/div>\n\t\t\t\t\t<\/div>\n\t\t<\/section>\n\t\t\t\t<section class=\"elementor-section elementor-top-section elementor-element elementor-element-2273688 elementor-section-boxed elementor-section-height-default elementor-section-height-default\" data-id=\"2273688\" data-element_type=\"section\">\n\t\t\t\t\t\t<div class=\"elementor-container elementor-column-gap-default\">\n\t\t\t\t\t<div class=\"elementor-column elementor-col-50 elementor-top-column elementor-element elementor-element-eec6933\" data-id=\"eec6933\" data-element_type=\"column\">\n\t\t\t<div class=\"elementor-widget-wrap elementor-element-populated\">\n\t\t\t\t\t\t<div class=\"vamtam-has-theme-widget-styles elementor-element elementor-element-dc07462 elementor-hidden-tablet elementor-hidden-mobile elementor-widget elementor-widget-image\" data-id=\"dc07462\" data-element_type=\"widget\" data-widget_type=\"image.default\">\n\t\t\t\t<div class=\"elementor-widget-container\">\n\t\t\t\t\t\t\t\t\t<div class=\"elementor-image\">\n\t\t\t\t\t\t\t\t\t\t\t\t\t\t\t\t\t\t\t\t\t<img fetchpriority=\"high\" decoding=\"async\" width=\"2560\" height=\"1706\" src=\"https:\/\/jquijano.com\/espana\/wp-content\/uploads\/2025\/02\/top-view-of-dollars-scattered-on-the-desk-nobody-2023-11-27-05-03-23-utc-scaled.jpg\" class=\"attachment-full size-full wp-image-994937\" alt=\"\" srcset=\"https:\/\/jquijano.com\/espana\/wp-content\/uploads\/2025\/02\/top-view-of-dollars-scattered-on-the-desk-nobody-2023-11-27-05-03-23-utc-scaled.jpg 2560w, https:\/\/jquijano.com\/espana\/wp-content\/uploads\/2025\/02\/top-view-of-dollars-scattered-on-the-desk-nobody-2023-11-27-05-03-23-utc-300x200.jpg 300w, https:\/\/jquijano.com\/espana\/wp-content\/uploads\/2025\/02\/top-view-of-dollars-scattered-on-the-desk-nobody-2023-11-27-05-03-23-utc-1024x683.jpg 1024w, https:\/\/jquijano.com\/espana\/wp-content\/uploads\/2025\/02\/top-view-of-dollars-scattered-on-the-desk-nobody-2023-11-27-05-03-23-utc-768x512.jpg 768w, https:\/\/jquijano.com\/espana\/wp-content\/uploads\/2025\/02\/top-view-of-dollars-scattered-on-the-desk-nobody-2023-11-27-05-03-23-utc-1536x1024.jpg 1536w, https:\/\/jquijano.com\/espana\/wp-content\/uploads\/2025\/02\/top-view-of-dollars-scattered-on-the-desk-nobody-2023-11-27-05-03-23-utc-2048x1365.jpg 2048w\" sizes=\"(max-width: 2560px) 100vw, 2560px\" title=\"\">\t\t\t\t\t\t\t\t\t\t\t\t\t\t\t\t\t\t\t\t\t\t\t\t<\/div>\n\t\t\t\t\t\t\t\t<\/div>\n\t\t\t\t<\/div>\n\t\t\t\t<div class=\"elementor-element elementor-element-c1bb8de elementor-widget__width-auto elementor-widget elementor-widget-heading\" data-id=\"c1bb8de\" data-element_type=\"widget\" data-settings=\"{&quot;_animation&quot;:&quot;none&quot;,&quot;_animation_tablet&quot;:&quot;none&quot;,&quot;_animation_delay&quot;:200}\" data-widget_type=\"heading.default\">\n\t\t\t\t<div class=\"elementor-widget-container\">\n\t\t\t\t\t<h2 class=\"elementor-heading-title elementor-size-default\">Incentivos fiscales en Panam\u00e1<\/h2>\t\t\t\t<\/div>\n\t\t\t\t<\/div>\n\t\t\t\t<div class=\"elementor-element elementor-element-e632f3a elementor-widget elementor-widget-text-editor\" data-id=\"e632f3a\" data-element_type=\"widget\" data-widget_type=\"text-editor.default\">\n\t\t\t\t<div class=\"elementor-widget-container\">\n\t\t\t\t\t\t\t\t\t<p>Dentro de nuestra pr\u00e1ctica en materia tributaria asesoramos a empresas que desean establecerse dentro de los distintos reg\u00edmenes fiscales especiales que ofrece la legislaci\u00f3n de Panam\u00e1 y as\u00ed aprovechar la amplia gama de incentivos fiscales, incluyendo los siguientes:<\/p><ul><li>Exoneraci\u00f3n de impuestos sobre la renta con la excepci\u00f3n de las empresas inscritas como Sede de Empresas Multinacionales que pagan el 5%<\/li><li>Exoneraci\u00f3n de Aranceles de Importaci\u00f3n de producto, mercanc\u00eda, equipo o bienes<\/li><li>Exoneraci\u00f3n de Impuesto de Transferencia de Bienes Muebles (ITBMS)<\/li><li>Exoneraci\u00f3n de Aviso de Operaci\u00f3n o Licencia Comercial<\/li><li>Exoneraci\u00f3n de impuestos de exportaci\u00f3n y\/o rexportaci\u00f3n de cualquier tipo de producto, mercanc\u00eda, equipos o bienes<\/li><li>Exoneraci\u00f3n de impuesto complementario<\/li><li>Exoneraci\u00f3n de impuesto, tasa, tarifa, arancel o cargo al movimiento de hidrocarburos<\/li><li>Exoneraci\u00f3n de Impuesto de inmuebles sobre terrenos y mejoras<\/li><li>Exoneraci\u00f3n de impuestos sobre ingresos offshore, es decir, provenientes de renta extranjera<\/li><li>Exoneraci\u00f3n de uso de equipos fiscales<\/li><\/ul>\t\t\t\t\t\t\t\t<\/div>\n\t\t\t\t<\/div>\n\t\t\t\t\t<\/div>\n\t\t<\/div>\n\t\t\t\t<div class=\"elementor-column elementor-col-50 elementor-top-column elementor-element elementor-element-03d9d93\" data-id=\"03d9d93\" data-element_type=\"column\">\n\t\t\t<div class=\"elementor-widget-wrap elementor-element-populated\">\n\t\t\t\t\t\t<section class=\"elementor-section elementor-inner-section elementor-element elementor-element-485b115 elementor-section-boxed elementor-section-height-default elementor-section-height-default\" data-id=\"485b115\" data-element_type=\"section\" data-settings=\"{&quot;background_background&quot;:&quot;classic&quot;}\">\n\t\t\t\t\t\t<div class=\"elementor-container elementor-column-gap-default\">\n\t\t\t\t\t<div class=\"elementor-column elementor-col-100 elementor-inner-column elementor-element elementor-element-486ba00\" data-id=\"486ba00\" data-element_type=\"column\">\n\t\t\t<div class=\"elementor-widget-wrap elementor-element-populated\">\n\t\t\t\t\t\t<div class=\"elementor-element elementor-element-3523946 elementor-widget elementor-widget-heading\" data-id=\"3523946\" data-element_type=\"widget\" data-widget_type=\"heading.default\">\n\t\t\t\t<div class=\"elementor-widget-container\">\n\t\t\t\t\t<h3 class=\"elementor-heading-title elementor-size-default\">Consulte con nosotros<\/h3>\t\t\t\t<\/div>\n\t\t\t\t<\/div>\n\t\t\t\t<div class=\"elementor-element elementor-element-8f9f21e elementor-widget-divider--view-line elementor-widget elementor-widget-divider\" data-id=\"8f9f21e\" data-element_type=\"widget\" data-widget_type=\"divider.default\">\n\t\t\t\t<div class=\"elementor-widget-container\">\n\t\t\t\t\t\t\t<div class=\"elementor-divider\">\n\t\t\t<span class=\"elementor-divider-separator\">\n\t\t\t\t\t\t<\/span>\n\t\t<\/div>\n\t\t\t\t\t\t<\/div>\n\t\t\t\t<\/div>\n\t\t\t\t<div class=\"elementor-element elementor-element-26b1260 elementor-widget elementor-widget-html\" data-id=\"26b1260\" data-element_type=\"widget\" data-widget_type=\"html.default\">\n\t\t\t\t<div class=\"elementor-widget-container\">\n\t\t\t\t\t<script charset=\"utf-8\" type=\"text\/javascript\" src=\"\/\/js.hsforms.net\/forms\/embed\/v2.js\"><\/script>\n<script>\n  hbspt.forms.create({\n    region: \"na1\",\n    portalId: \"23533289\",\n    formId: \"766b90b3-4093-49f5-839a-c27edeca6ae1\"\n  });\n<\/script>\t\t\t\t<\/div>\n\t\t\t\t<\/div>\n\t\t\t\t\t<\/div>\n\t\t<\/div>\n\t\t\t\t\t<\/div>\n\t\t<\/section>\n\t\t\t\t\t<\/div>\n\t\t<\/div>\n\t\t\t\t\t<\/div>\n\t\t<\/section>\n\t\t\t\t<\/div>\n\t\t","protected":false},"excerpt":{"rendered":"<p>Derecho Tributario Incentivos fiscales en Zonas Francas Incentivos fiscales en Panam\u00e1 Dentro de nuestra pr\u00e1ctica en materia tributaria asesoramos a empresas que desean establecerse dentro de los distintos reg\u00edmenes fiscales especiales que ofrece la legislaci\u00f3n de Panam\u00e1 y as\u00ed aprovechar la amplia gama de incentivos fiscales, incluyendo los siguientes: Exoneraci\u00f3n de impuestos sobre la renta&#8230;<\/p>\n","protected":false},"author":1,"featured_media":0,"parent":444,"menu_order":0,"comment_status":"closed","ping_status":"closed","template":"","meta":{"content-type":"","footnotes":""},"class_list":["post-994948","page","type-page","status-publish","hentry"],"_links":{"self":[{"href":"https:\/\/jquijano.com\/espana\/wp-json\/wp\/v2\/pages\/994948","targetHints":{"allow":["GET"]}}],"collection":[{"href":"https:\/\/jquijano.com\/espana\/wp-json\/wp\/v2\/pages"}],"about":[{"href":"https:\/\/jquijano.com\/espana\/wp-json\/wp\/v2\/types\/page"}],"author":[{"embeddable":true,"href":"https:\/\/jquijano.com\/espana\/wp-json\/wp\/v2\/users\/1"}],"replies":[{"embeddable":true,"href":"https:\/\/jquijano.com\/espana\/wp-json\/wp\/v2\/comments?post=994948"}],"version-history":[{"count":8,"href":"https:\/\/jquijano.com\/espana\/wp-json\/wp\/v2\/pages\/994948\/revisions"}],"predecessor-version":[{"id":994979,"href":"https:\/\/jquijano.com\/espana\/wp-json\/wp\/v2\/pages\/994948\/revisions\/994979"}],"up":[{"embeddable":true,"href":"https:\/\/jquijano.com\/espana\/wp-json\/wp\/v2\/pages\/444"}],"wp:attachment":[{"href":"https:\/\/jquijano.com\/espana\/wp-json\/wp\/v2\/media?parent=994948"}],"curies":[{"name":"wp","href":"https:\/\/api.w.org\/{rel}","templated":true}]}}